{"id":6431,"date":"2025-03-20T02:38:52","date_gmt":"2025-03-20T02:38:52","guid":{"rendered":"https:\/\/www.ceramicbasin.com\/?post_type=product&#038;p=6431"},"modified":"2025-03-20T02:38:55","modified_gmt":"2025-03-20T02:38:55","slug":"semi-recessed-basins-wholesale-2","status":"publish","type":"product","link":"https:\/\/www.ceramicbasin.com\/de\/produkt\/semi-recessed-basins-wholesale-2\/","title":{"rendered":"Factory Supply Semi Recessed Basins Gro\u00dfhandel &amp; Customization"},"content":{"rendered":"<div class=\"wp-block-columns is-layout-flex wp-container-core-columns-is-layout-9d6595d7 wp-block-columns-is-layout-flex\">\n<div class=\"wp-block-column is-layout-flow wp-block-column-is-layout-flow\">\n<h2 class=\"wp-block-heading\">Premium Semi Recessed Basins Gro\u00dfhandel Merkmale:<\/h2>\n\n\n\n<ul class=\"wp-block-list\">\n<li><strong>Direktverkauf ab Werk:\u00a0<\/strong>HanYu's halb eingelassene Waschbecken Gro\u00dfhandel sind direkt von der Fabrik verkauft, ohne Preisunterschied in der Zwischenh\u00e4ndler und Kauf in gro\u00dfen Bad Waschbecken gew\u00e4hrleistet Ihnen den Kauf von qualitativ hochwertigen Bad Waschbecken in gro\u00dfen Mengen zu den niedrigsten Preis.<\/li>\n\n\n\n<li><strong>Hochwertiges keramisches Material:\u00a0<\/strong>HanYu's Gro\u00dfhandel Badezimmer Gef\u00e4\u00df Waschbecken sind aus hochwertigen keramischen Rohstoffen, Hochtemperatur gebrannt, solide Textur und glatte Oberfl\u00e4che, und kann verhindern, dass Schmutz an ihm haften.<\/li>\n\n\n\n<li><strong>Vielf\u00e4ltige Auswahl:\u00a0<\/strong>Wir haben verschiedene Stile, Gr\u00f6\u00dfen und Farben von halb versenkten Waschbecken im Gro\u00dfhandel, um Ihre Bed\u00fcrfnisse zu erf\u00fcllen, die mit verschiedenen Badezimmerstilen kompatibel sind und leicht in jeden Dekorationsplan integriert werden k\u00f6nnen.<\/li>\n\n\n\n<li><strong>Rabatt bei Gro\u00dfeinkauf:\u00a0<\/strong>Wir bieten Mengenrabatte f\u00fcr Gro\u00dfhandel Gef\u00e4\u00df Waschbecken f\u00fcr Bad Beh\u00e4lter f\u00fcr kommerzielle Geb\u00e4ude Anforderungen, oder Gro\u00dfhandel Wohn-Dekoration.<\/li>\n<\/ul>\n<\/div>\n\n\n\n<div class=\"wp-block-column is-layout-flow wp-block-column-is-layout-flow\">\n<figure class=\"wp-block-image size-full\"><img fetchpriority=\"high\" decoding=\"async\" width=\"1348\" height=\"1348\" src=\"https:\/\/www.ceramicbasin.com\/wp-content\/uploads\/2025\/03\/Factory-Supply-Ceramic-Vanity-Sinks-For-Bathroom-Semi-recessed-Basin-5.webp\" alt=\"Factory Supply Semi Recessed Basins Gro\u00dfhandel &amp; Customization-1\" class=\"wp-image-6436\" srcset=\"https:\/\/www.ceramicbasin.com\/wp-content\/uploads\/2025\/03\/Factory-Supply-Ceramic-Vanity-Sinks-For-Bathroom-Semi-recessed-Basin-5.webp 1348w, https:\/\/www.ceramicbasin.com\/wp-content\/uploads\/2025\/03\/Factory-Supply-Ceramic-Vanity-Sinks-For-Bathroom-Semi-recessed-Basin-5-300x300.webp 300w, https:\/\/www.ceramicbasin.com\/wp-content\/uploads\/2025\/03\/Factory-Supply-Ceramic-Vanity-Sinks-For-Bathroom-Semi-recessed-Basin-5-150x150.webp 150w, https:\/\/www.ceramicbasin.com\/wp-content\/uploads\/2025\/03\/Factory-Supply-Ceramic-Vanity-Sinks-For-Bathroom-Semi-recessed-Basin-5-768x768.webp 768w, https:\/\/www.ceramicbasin.com\/wp-content\/uploads\/2025\/03\/Factory-Supply-Ceramic-Vanity-Sinks-For-Bathroom-Semi-recessed-Basin-5-12x12.webp 12w, https:\/\/www.ceramicbasin.com\/wp-content\/uploads\/2025\/03\/Factory-Supply-Ceramic-Vanity-Sinks-For-Bathroom-Semi-recessed-Basin-5-285x285.webp 285w, https:\/\/www.ceramicbasin.com\/wp-content\/uploads\/2025\/03\/Factory-Supply-Ceramic-Vanity-Sinks-For-Bathroom-Semi-recessed-Basin-5-270x270.webp 270w, https:\/\/www.ceramicbasin.com\/wp-content\/uploads\/2025\/03\/Factory-Supply-Ceramic-Vanity-Sinks-For-Bathroom-Semi-recessed-Basin-5-540x540.webp 540w, https:\/\/www.ceramicbasin.com\/wp-content\/uploads\/2025\/03\/Factory-Supply-Ceramic-Vanity-Sinks-For-Bathroom-Semi-recessed-Basin-5-660x660.webp 660w\" sizes=\"(max-width: 1348px) 100vw, 1348px\" \/><\/figure>\n<\/div>\n<\/div>","protected":false},"excerpt":{"rendered":"<p>Willkommen im Gro\u00dfhandel Bad Gef\u00e4\u00df Waschbecken zu kaufen. Unsere halb versenkten Waschbecken Gro\u00dfhandel zeichnen sich durch exquisites Design und hochwertige keramische Materialien, so dass sie eine ideale Wahl f\u00fcr Bad Dekoration. Die stromlinienf\u00f6rmige Erscheinung Design und abgerundeten Rand Behandlung zeigen au\u00dfergew\u00f6hnliche k\u00fcnstlerische Sch\u00f6nheit. Bulk-Eink\u00e4ufe k\u00f6nnen eine bessere Kosteneffizienz genie\u00dfen.<\/p>\n<table style=\"border-collapse: collapse; width: 358.52pt;\" border=\"0\" width=\"478\" cellspacing=\"0\" cellpadding=\"0\">\n<tbody>\n<tr style=\"height: 17.25pt;\">\n<td class=\"et3\" style=\"height: 17.25pt; width: 125.00pt;\" width=\"166\" height=\"23\">Hersteller<\/td>\n<td class=\"et3\" style=\"width: 234.15pt;\" width=\"312\">HanYu<\/td>\n<\/tr>\n<tr style=\"height: 17.25pt;\">\n<td class=\"et3\" style=\"height: 17.25pt;\" height=\"23\">Modell Nr.<\/td>\n<td class=\"et4\">HY-8229A<\/td>\n<\/tr>\n<tr style=\"height: 17.25pt;\">\n<td class=\"et3\" style=\"height: 17.25pt;\" height=\"23\">Typ<\/td>\n<td class=\"et5\" style=\"width: 234.15pt;\" width=\"312\">Halbversenkte Sp\u00fclen<\/td>\n<\/tr>\n<tr style=\"height: 18.00pt;\">\n<td class=\"et3\" style=\"height: 18.00pt;\" height=\"24\">Form<\/td>\n<td class=\"et3\">Rectanglue Form<\/td>\n<\/tr>\n<tr style=\"height: 34.50pt;\">\n<td class=\"et4\" style=\"height: 34.50pt;\" height=\"46\">Farbe<\/td>\n<td class=\"et5\" style=\"width: 234.15pt;\" width=\"312\">schwarz\/wei\u00df\/blau\/grau\/rosa\/gr\u00fcn\/braun\/khaki<\/td>\n<\/tr>\n<tr style=\"height: 18.00pt;\">\n<td class=\"et3\" style=\"height: 18.00pt;\" height=\"24\">Dimension<\/td>\n<td class=\"et5\" style=\"width: 234.15pt;\" width=\"312\">50.5*42*13<\/td>\n<\/tr>\n<tr style=\"height: 17.25pt;\">\n<td class=\"et3\" style=\"height: 17.25pt;\" height=\"23\">N.W \/SET<\/td>\n<td class=\"et3\">13.5KGS\/PCS<\/td>\n<\/tr>\n<tr style=\"height: 17.25pt;\">\n<td class=\"et3\" style=\"height: 17.25pt;\" height=\"23\">MOQ<\/td>\n<td class=\"et3\">20St\u00fcck<\/td>\n<\/tr>\n<tr style=\"height: 17.25pt;\">\n<td class=\"et3\" style=\"height: 17.25pt;\" height=\"23\">Benutzerdefinierte Option<\/td>\n<td class=\"et3\">Farbe\/Muster\/Gr\u00f6\u00dfe\/Logo\/Verpackung<\/td>\n<\/tr>\n<\/tbody>\n<\/table>","protected":false},"featured_media":6435,"comment_status":"closed","ping_status":"closed","template":"","meta":{"_acf_changed":false},"product_brand":[],"product_cat":[58],"product_tag":[],"class_list":{"0":"post-6431","1":"product","2":"type-product","3":"status-publish","4":"has-post-thumbnail","6":"product_cat-wholesale-semi-recessed-sinks","8":"first","9":"instock","10":"shipping-taxable","11":"product-type-simple"},"acf":[],"_links":{"self":[{"href":"https:\/\/www.ceramicbasin.com\/de\/wp-json\/wp\/v2\/product\/6431","targetHints":{"allow":["GET"]}}],"collection":[{"href":"https:\/\/www.ceramicbasin.com\/de\/wp-json\/wp\/v2\/product"}],"about":[{"href":"https:\/\/www.ceramicbasin.com\/de\/wp-json\/wp\/v2\/types\/product"}],"replies":[{"embeddable":true,"href":"https:\/\/www.ceramicbasin.com\/de\/wp-json\/wp\/v2\/comments?post=6431"}],"wp:featuredmedia":[{"embeddable":true,"href":"https:\/\/www.ceramicbasin.com\/de\/wp-json\/wp\/v2\/media\/6435"}],"wp:attachment":[{"href":"https:\/\/www.ceramicbasin.com\/de\/wp-json\/wp\/v2\/media?parent=6431"}],"wp:term":[{"taxonomy":"product_brand","embeddable":true,"href":"https:\/\/www.ceramicbasin.com\/de\/wp-json\/wp\/v2\/product_brand?post=6431"},{"taxonomy":"product_cat","embeddable":true,"href":"https:\/\/www.ceramicbasin.com\/de\/wp-json\/wp\/v2\/product_cat?post=6431"},{"taxonomy":"product_tag","embeddable":true,"href":"https:\/\/www.ceramicbasin.com\/de\/wp-json\/wp\/v2\/product_tag?post=6431"}],"curies":[{"name":"wp","href":"https:\/\/api.w.org\/{rel}","templated":true}]}}