{"id":6437,"date":"2025-03-20T02:28:48","date_gmt":"2025-03-20T02:28:48","guid":{"rendered":"https:\/\/www.ceramicbasin.com\/?post_type=product&#038;p=6437"},"modified":"2025-03-20T02:28:50","modified_gmt":"2025-03-20T02:28:50","slug":"semi-recessed-basin-wholesale","status":"publish","type":"product","link":"https:\/\/www.ceramicbasin.com\/de\/produkt\/semi-recessed-basin-wholesale\/","title":{"rendered":"Quadratisches halbversenktes Waschbecken Gro\u00dfhandel, gl\u00e4nzend wei\u00dfes Waschbecken im Badezimmer"},"content":{"rendered":"<div class=\"wp-block-columns is-layout-flex wp-container-core-columns-is-layout-9d6595d7 wp-block-columns-is-layout-flex\">\n<div class=\"wp-block-column is-layout-flow wp-block-column-is-layout-flow\">\n<h2 class=\"wp-block-heading\">Premium Semi Recessed Basin Gro\u00dfhandel Merkmale:<\/h2>\n\n\n\n<ul class=\"wp-block-list\">\n<li><strong>Vielf\u00e4ltig anpassbar:<\/strong>\u00a0Verschiedene Gr\u00f6\u00dfen und Farben sind f\u00fcr unsere halb versenkten Waschbecken Gro\u00dfhandel, die auf die Bed\u00fcrfnisse der Badezimmer Dekoration in verschiedenen Stilen anpassen k\u00f6nnen. Ob es ein moderner minimalistischer Stil oder ein k\u00fcnstlerischer Stil Bad ist, kann dieses Waschbecken perfekt integriert werden.<\/li>\n\n\n\n<li><strong>Hochwertige Keramiken: <\/strong>Die Hochtemperatursinterung ausgew\u00e4hlter keramischer Rohstoffe verleiht unseren Porzellan-Toilettenbecken aus dem Gro\u00dfhandel eine felsenfeste Konstruktion, eine sanfte Gl\u00e4tte auf der Oberfl\u00e4che, eine einfache Reinigung und eine neuwertige Lebensdauer.<\/li>\n\n\n\n<li><strong>Modisches Design:\u00a0<\/strong>Diese halb versenkte Waschbecken Gro\u00dfhandel ist sch\u00f6n und nimmt eine neue modische Design, kombiniert moderne \u00c4sthetik mit praktischen Funktionen, um eine einzigartige visuelle Wirkung auf das Bad hinzuzuf\u00fcgen.<\/li>\n\n\n\n<li><strong>G\u00fcnstiger Preis: <\/strong>HanYu bietet einen sehr erschwinglichen Gro\u00dfhandelspreis f\u00fcr Porzellanwaschbecken, der es Ihnen erm\u00f6glicht, hochwertige Keramikbecken zu erleben und gleichzeitig die Kosten in einem vern\u00fcnftigen Rahmen zu halten.<\/li>\n<\/ul>\n<\/div>\n\n\n\n<div class=\"wp-block-column is-layout-flow wp-block-column-is-layout-flow\">\n<figure class=\"wp-block-image size-full\"><img fetchpriority=\"high\" decoding=\"async\" width=\"1232\" height=\"1232\" src=\"https:\/\/www.ceramicbasin.com\/wp-content\/uploads\/2025\/03\/Square-Ceramic-Washbasin-Semi-Recessed-Sinks-5.webp\" alt=\"Semi Recessed Basin Gro\u00dfhandel, Wei\u00dfes Quadratisches Badezimmer Waschbecken-1\" class=\"wp-image-6447\" srcset=\"https:\/\/www.ceramicbasin.com\/wp-content\/uploads\/2025\/03\/Square-Ceramic-Washbasin-Semi-Recessed-Sinks-5.webp 1232w, https:\/\/www.ceramicbasin.com\/wp-content\/uploads\/2025\/03\/Square-Ceramic-Washbasin-Semi-Recessed-Sinks-5-300x300.webp 300w, https:\/\/www.ceramicbasin.com\/wp-content\/uploads\/2025\/03\/Square-Ceramic-Washbasin-Semi-Recessed-Sinks-5-150x150.webp 150w, https:\/\/www.ceramicbasin.com\/wp-content\/uploads\/2025\/03\/Square-Ceramic-Washbasin-Semi-Recessed-Sinks-5-768x768.webp 768w, https:\/\/www.ceramicbasin.com\/wp-content\/uploads\/2025\/03\/Square-Ceramic-Washbasin-Semi-Recessed-Sinks-5-12x12.webp 12w, https:\/\/www.ceramicbasin.com\/wp-content\/uploads\/2025\/03\/Square-Ceramic-Washbasin-Semi-Recessed-Sinks-5-285x285.webp 285w, https:\/\/www.ceramicbasin.com\/wp-content\/uploads\/2025\/03\/Square-Ceramic-Washbasin-Semi-Recessed-Sinks-5-270x270.webp 270w, https:\/\/www.ceramicbasin.com\/wp-content\/uploads\/2025\/03\/Square-Ceramic-Washbasin-Semi-Recessed-Sinks-5-540x540.webp 540w, https:\/\/www.ceramicbasin.com\/wp-content\/uploads\/2025\/03\/Square-Ceramic-Washbasin-Semi-Recessed-Sinks-5-660x660.webp 660w\" sizes=\"(max-width: 1232px) 100vw, 1232px\" \/><\/figure>\n<\/div>\n<\/div>","protected":false},"excerpt":{"rendered":"<p>Willkommen zu kaufen Porzellan Bad Waschbecken. Wir haben eine gro\u00dfe Menge von halb versenkten Becken Gro\u00dfhandel Inventar Vorbereitung, schnellen Lieferservice, um die dringenden Projektanforderungen zu erf\u00fcllen. Wir bieten auch ma\u00dfgeschneiderte Dienstleistungen, so dass Sie die Produktdetails entsprechend den Projektanforderungen anpassen k\u00f6nnen, um eine perfekte \u00dcbereinstimmung im Design zu erreichen.<\/p>\n<table style=\"border-collapse: collapse; width: 358.52pt;\" border=\"0\" width=\"478\" cellspacing=\"0\" cellpadding=\"0\">\n<tbody>\n<tr style=\"height: 17.25pt;\">\n<td class=\"et3\" style=\"height: 17.25pt; width: 125.00pt;\" width=\"166\" height=\"23\">Hersteller<\/td>\n<td class=\"et3\" style=\"width: 234.15pt;\" width=\"312\">HanYu<\/td>\n<\/tr>\n<tr style=\"height: 17.25pt;\">\n<td class=\"et3\" style=\"height: 17.25pt;\" height=\"23\">Modell Nr.<\/td>\n<td class=\"et4\">HY-8229B<\/td>\n<\/tr>\n<tr style=\"height: 17.25pt;\">\n<td class=\"et3\" style=\"height: 17.25pt;\" height=\"23\">Typ<\/td>\n<td class=\"et5\" style=\"width: 234.15pt;\" width=\"312\">Halbversenkte Sp\u00fclen<\/td>\n<\/tr>\n<tr style=\"height: 18.00pt;\">\n<td class=\"et3\" style=\"height: 18.00pt;\" height=\"24\">Form<\/td>\n<td class=\"et3\">Rectanglue Form<\/td>\n<\/tr>\n<tr style=\"height: 34.50pt;\">\n<td class=\"et4\" style=\"height: 34.50pt;\" height=\"46\">Farbe<\/td>\n<td class=\"et5\" style=\"width: 234.15pt;\" width=\"312\">schwarz\/wei\u00df\/blau\/grau\/rosa\/gr\u00fcn\/braun\/khaki<\/td>\n<\/tr>\n<tr style=\"height: 18.00pt;\">\n<td class=\"et3\" style=\"height: 18.00pt;\" height=\"24\">Dimension<\/td>\n<td class=\"et5\" style=\"width: 234.15pt;\" width=\"312\">61*43*13<\/td>\n<\/tr>\n<tr style=\"height: 17.25pt;\">\n<td class=\"et3\" style=\"height: 17.25pt;\" height=\"23\">N.W \/SET<\/td>\n<td class=\"et3\">15KGS\/PCS<\/td>\n<\/tr>\n<tr style=\"height: 17.25pt;\">\n<td class=\"et3\" style=\"height: 17.25pt;\" height=\"23\">MOQ<\/td>\n<td class=\"et3\">20St\u00fcck<\/td>\n<\/tr>\n<tr style=\"height: 17.25pt;\">\n<td class=\"et3\" style=\"height: 17.25pt;\" height=\"23\">Benutzerdefinierte Option<\/td>\n<td class=\"et3\">Farbe\/Muster\/Gr\u00f6\u00dfe\/Logo\/Verpackung<\/td>\n<\/tr>\n<\/tbody>\n<\/table>","protected":false},"featured_media":6446,"comment_status":"closed","ping_status":"closed","template":"","meta":{"_acf_changed":false},"product_brand":[],"product_cat":[58],"product_tag":[],"class_list":{"0":"post-6437","1":"product","2":"type-product","3":"status-publish","4":"has-post-thumbnail","6":"product_cat-wholesale-semi-recessed-sinks","8":"first","9":"instock","10":"shipping-taxable","11":"product-type-simple"},"acf":[],"_links":{"self":[{"href":"https:\/\/www.ceramicbasin.com\/de\/wp-json\/wp\/v2\/product\/6437","targetHints":{"allow":["GET"]}}],"collection":[{"href":"https:\/\/www.ceramicbasin.com\/de\/wp-json\/wp\/v2\/product"}],"about":[{"href":"https:\/\/www.ceramicbasin.com\/de\/wp-json\/wp\/v2\/types\/product"}],"replies":[{"embeddable":true,"href":"https:\/\/www.ceramicbasin.com\/de\/wp-json\/wp\/v2\/comments?post=6437"}],"wp:featuredmedia":[{"embeddable":true,"href":"https:\/\/www.ceramicbasin.com\/de\/wp-json\/wp\/v2\/media\/6446"}],"wp:attachment":[{"href":"https:\/\/www.ceramicbasin.com\/de\/wp-json\/wp\/v2\/media?parent=6437"}],"wp:term":[{"taxonomy":"product_brand","embeddable":true,"href":"https:\/\/www.ceramicbasin.com\/de\/wp-json\/wp\/v2\/product_brand?post=6437"},{"taxonomy":"product_cat","embeddable":true,"href":"https:\/\/www.ceramicbasin.com\/de\/wp-json\/wp\/v2\/product_cat?post=6437"},{"taxonomy":"product_tag","embeddable":true,"href":"https:\/\/www.ceramicbasin.com\/de\/wp-json\/wp\/v2\/product_tag?post=6437"}],"curies":[{"name":"wp","href":"https:\/\/api.w.org\/{rel}","templated":true}]}}