{"id":6504,"date":"2025-04-03T10:00:49","date_gmt":"2025-04-03T10:00:49","guid":{"rendered":"https:\/\/www.ceramicbasin.com\/?post_type=product&#038;p=6504"},"modified":"2025-11-05T06:05:23","modified_gmt":"2025-11-05T06:05:23","slug":"wall-hung-ceramic-sink-wholesale","status":"publish","type":"product","link":"https:\/\/www.ceramicbasin.com\/de\/produkt\/wall-hung-ceramic-sink-wholesale\/","title":{"rendered":"Wandh\u00e4ngende keramische Waschbecken Gro\u00dfhandel, gro\u00dfe Gr\u00f6\u00dfe integrierte Becken"},"content":{"rendered":"<div class=\"wp-block-columns is-layout-flex wp-container-core-columns-is-layout-9d6595d7 wp-block-columns-is-layout-flex\">\n<div class=\"wp-block-column is-layout-flow wp-block-column-is-layout-flow\">\n<h2 class=\"wp-block-heading\">Premium Wall Hung Keramik Waschbecken Gro\u00dfhandel Merkmale:<\/h2>\n\n\n\n<ul class=\"wp-block-list\">\n<li><strong>Moderne und schlichte \u00c4sthetik:<\/strong> Dieses wandh\u00e4ngende Keramikwaschbecken im Gro\u00dfhandel f\u00fcgt sich problemlos in viele verschiedene Badezimmerstile ein, ohne dass es den Anschein erweckt, als w\u00fcrde es etwas von der Gesamtausstattung des Raums wegnehmen.<\/li>\n\n\n\n<li><strong>Praktische Ablagefl\u00e4che:<\/strong>\u00a0Diese benutzerdefinierten wandmontierten Waschbecken sind mit einer funktionalen Ablagefl\u00e4che ausgestattet, um g\u00e4ngige Artikel wie Handdesinfektionsmittel und Zahnb\u00fcrstenhalter in Reichweite zu halten und mehr Funktionalit\u00e4t zu bieten, so dass auch B\u00e4der mit weniger Platz sauber und organisiert gehalten werden k\u00f6nnen, um den Nutzern ein bequemeres Nutzungserlebnis zu bieten.<\/li>\n\n\n\n<li><strong>Wandmontierte Installation:<\/strong> Unsere ma\u00dfgefertigten Wandwaschbecken sind nicht nur platzsparend, sondern erleichtern auch die Reinigung des darunter liegenden Fu\u00dfbodens, so dass das Bad immer blitzblank ist und einen k\u00fchlen Platz bietet.<\/li>\n\n\n\n<li><strong>Kosteneinsparungen beim Gro\u00dfeinkauf:<\/strong> Als Gro\u00dfh\u00e4ndler f\u00fcr wandh\u00e4ngende Keramikwaschbecken kann HanYu Ihnen g\u00fcnstige Preise f\u00fcr den Kauf von Badezimmerwaschbecken anbieten, um Ihnen zu helfen, die Dekorationskosten effektiv zu kontrollieren, ohne die Qualit\u00e4t zu beeintr\u00e4chtigen.<\/li>\n<\/ul>\n<\/div>\n\n\n\n<div class=\"wp-block-column is-layout-flow wp-block-column-is-layout-flow\">\n<figure class=\"wp-block-image size-full\"><img fetchpriority=\"high\" decoding=\"async\" width=\"760\" height=\"943\" src=\"https:\/\/www.ceramicbasin.com\/wp-content\/uploads\/2025\/03\/Ceramic-wall-hung-basinbig-size-wall-hung-sinks-6.webp\" alt=\"Wandh\u00e4ngende Keramiksp\u00fcle-Gro\u00dfhandel-Gro\u00dfformat-Sonderanfertigung-Wandh\u00e4ngende-Sp\u00fclen-1\" class=\"wp-image-6503\" srcset=\"https:\/\/www.ceramicbasin.com\/wp-content\/uploads\/2025\/03\/Ceramic-wall-hung-basinbig-size-wall-hung-sinks-6.webp 760w, https:\/\/www.ceramicbasin.com\/wp-content\/uploads\/2025\/03\/Ceramic-wall-hung-basinbig-size-wall-hung-sinks-6-242x300.webp 242w, https:\/\/www.ceramicbasin.com\/wp-content\/uploads\/2025\/03\/Ceramic-wall-hung-basinbig-size-wall-hung-sinks-6-10x12.webp 10w, https:\/\/www.ceramicbasin.com\/wp-content\/uploads\/2025\/03\/Ceramic-wall-hung-basinbig-size-wall-hung-sinks-6-285x354.webp 285w, https:\/\/www.ceramicbasin.com\/wp-content\/uploads\/2025\/03\/Ceramic-wall-hung-basinbig-size-wall-hung-sinks-6-532x660.webp 532w, https:\/\/www.ceramicbasin.com\/wp-content\/uploads\/2025\/03\/Ceramic-wall-hung-basinbig-size-wall-hung-sinks-6-121x150.webp 121w\" sizes=\"(max-width: 760px) 100vw, 760px\" \/><\/figure>\n<\/div>\n<\/div>","protected":false},"excerpt":{"rendered":"<p>Willkommen zu bestellen benutzerdefinierte Wand montiert Waschbecken. Diese Wand h\u00e4ngenden Keramik Waschbecken Gro\u00dfhandel ist mit einer Lagerung Arbeitsplatte, die allt\u00e4gliche Dinge wie Hand-Desinfektionsmittel und Zahnb\u00fcrste Becher zu erh\u00f6hen Praktikabilit\u00e4t halten kann konzipiert. Als Gro\u00dfhandel Keramik Waschbecken Hersteller, kann HanYu Sie mit wettbewerbsf\u00e4higen Preisen f\u00fcr den Kauf Bad Waschbecken bieten.<\/p>\n<table style=\"border-collapse: collapse; width: 358.52pt;\" border=\"0\" width=\"478\" cellspacing=\"0\" cellpadding=\"0\">\n<tbody>\n<tr style=\"height: 17.25pt;\">\n<td class=\"et3\" style=\"height: 17.25pt; width: 125.00pt;\" width=\"166\" height=\"23\">Hersteller<\/td>\n<td class=\"et3\" style=\"width: 234.15pt;\" width=\"312\">HanYu<\/td>\n<\/tr>\n<tr style=\"height: 17.25pt;\">\n<td class=\"et3\" style=\"height: 17.25pt;\" height=\"23\">Modell Nr.<\/td>\n<td class=\"et4\">HY-454<\/td>\n<\/tr>\n<tr style=\"height: 17.25pt;\">\n<td class=\"et3\" style=\"height: 17.25pt;\" height=\"23\">Typ<\/td>\n<td class=\"et5\" style=\"width: 234.15pt;\" width=\"312\">Wandh\u00e4ngende Waschbecken<\/td>\n<\/tr>\n<tr style=\"height: 18.00pt;\">\n<td class=\"et3\" style=\"height: 18.00pt;\" height=\"24\">Form<\/td>\n<td class=\"et3\">Rectanglue Form<\/td>\n<\/tr>\n<tr style=\"height: 34.50pt;\">\n<td class=\"et4\" style=\"height: 34.50pt;\" height=\"46\">Farbe<\/td>\n<td class=\"et5\" style=\"width: 234.15pt;\" width=\"312\">schwarz\/wei\u00df\/blau\/grau\/rosa\/gr\u00fcn\/braun\/khaki<\/td>\n<\/tr>\n<tr style=\"height: 18.00pt;\">\n<td class=\"et3\" style=\"height: 18.00pt;\" height=\"24\">Dimension<\/td>\n<td class=\"et5\" style=\"width: 234.15pt;\" width=\"312\">75*45*13<\/td>\n<\/tr>\n<tr style=\"height: 17.25pt;\">\n<td class=\"et3\" style=\"height: 17.25pt;\" height=\"23\">N.W \/SET<\/td>\n<td class=\"et3\">15KGS\/PCS<\/td>\n<\/tr>\n<tr style=\"height: 17.25pt;\">\n<td class=\"et3\" style=\"height: 17.25pt;\" height=\"23\">MOQ<\/td>\n<td class=\"et3\">20St\u00fcck<\/td>\n<\/tr>\n<tr style=\"height: 17.25pt;\">\n<td class=\"et3\" style=\"height: 17.25pt;\" height=\"23\">Benutzerdefinierte Option<\/td>\n<td class=\"et3\">Farbe\/Muster\/Gr\u00f6\u00dfe\/Logo\/Verpackung<\/td>\n<\/tr>\n<\/tbody>\n<\/table>","protected":false},"featured_media":6499,"comment_status":"closed","ping_status":"closed","template":"","meta":{"_acf_changed":false},"product_brand":[],"product_cat":[57],"product_tag":[],"class_list":{"0":"post-6504","1":"product","2":"type-product","3":"status-publish","4":"has-post-thumbnail","6":"product_cat-wholesale-wall-mounted-sinks","8":"first","9":"instock","10":"shipping-taxable","11":"product-type-simple"},"acf":[],"_links":{"self":[{"href":"https:\/\/www.ceramicbasin.com\/de\/wp-json\/wp\/v2\/product\/6504","targetHints":{"allow":["GET"]}}],"collection":[{"href":"https:\/\/www.ceramicbasin.com\/de\/wp-json\/wp\/v2\/product"}],"about":[{"href":"https:\/\/www.ceramicbasin.com\/de\/wp-json\/wp\/v2\/types\/product"}],"replies":[{"embeddable":true,"href":"https:\/\/www.ceramicbasin.com\/de\/wp-json\/wp\/v2\/comments?post=6504"}],"wp:featuredmedia":[{"embeddable":true,"href":"https:\/\/www.ceramicbasin.com\/de\/wp-json\/wp\/v2\/media\/6499"}],"wp:attachment":[{"href":"https:\/\/www.ceramicbasin.com\/de\/wp-json\/wp\/v2\/media?parent=6504"}],"wp:term":[{"taxonomy":"product_brand","embeddable":true,"href":"https:\/\/www.ceramicbasin.com\/de\/wp-json\/wp\/v2\/product_brand?post=6504"},{"taxonomy":"product_cat","embeddable":true,"href":"https:\/\/www.ceramicbasin.com\/de\/wp-json\/wp\/v2\/product_cat?post=6504"},{"taxonomy":"product_tag","embeddable":true,"href":"https:\/\/www.ceramicbasin.com\/de\/wp-json\/wp\/v2\/product_tag?post=6504"}],"curies":[{"name":"wp","href":"https:\/\/api.w.org\/{rel}","templated":true}]}}