{"id":6506,"date":"2025-04-03T09:04:17","date_gmt":"2025-04-03T09:04:17","guid":{"rendered":"https:\/\/www.ceramicbasin.com\/?post_type=product&#038;p=6506"},"modified":"2025-04-03T09:04:20","modified_gmt":"2025-04-03T09:04:20","slug":"custom-wall-hung-basins","status":"publish","type":"product","link":"https:\/\/www.ceramicbasin.com\/de\/produkt\/custom-wall-hung-basins\/","title":{"rendered":"Rechteckige Form benutzerdefinierte Wall Hung Becken, kleine keramische Waschbecken Gro\u00dfhandel"},"content":{"rendered":"<div class=\"wp-block-columns is-layout-flex wp-container-core-columns-is-layout-9d6595d7 wp-block-columns-is-layout-flex\">\n<div class=\"wp-block-column is-layout-flow wp-block-column-is-layout-flow\">\n<h2 class=\"wp-block-heading\">Premium Custom Wall Hung Basins Merkmale:<\/h2>\n\n\n\n<ul class=\"wp-block-list\">\n<li><strong>Hochwertiges keramisches Material:\u00a0<\/strong>Unsere kleinen Keramiksp\u00fclen im Gro\u00dfhandel werden aus guten keramischen Rohstoffen hergestellt und bei hohen Temperaturen gebrannt, um das Produkt stark, gleichm\u00e4\u00dfig, leicht zu reinigen und zu pflegen zu machen und eine lang anhaltende Sch\u00f6nheit zu erhalten.<\/li>\n\n\n\n<li><strong>Wandmontierte Installation:\u00a0<\/strong>Unsere kleinen keramischen Waschbecken im Gro\u00dfhandel werden an der Wand montiert, was nicht nur platzsparend ist, sondern auch die Reinigung des Bodens erleichtert, um die Sauberkeit und ein modernes Aussehen des Badezimmers zu erhalten.<\/li>\n\n\n\n<li><strong>Leicht zu reinigende Glasurbehandlung:\u00a0<\/strong>Die Oberfl\u00e4che dieses ma\u00dfgeschneiderten, wandh\u00e4ngenden Waschbeckens ist mit einer speziellen, leicht zu reinigenden Glasur versehen. Sie ist zart und glatt, so dass Flecken nur schwer haften bleiben und sie leicht zu reinigen ist.<\/li>\n\n\n\n<li><strong>Rabatt bei Gro\u00dfeinkauf:<\/strong>\u00a0Als professioneller Hersteller und Lieferant von Keramikwaschbecken bieten wir sehr wettbewerbsf\u00e4hige Preise f\u00fcr ma\u00dfgeschneiderte wandh\u00e4ngende Waschbecken, die sich ideal f\u00fcr gro\u00dfe Dekorationsprojekte wie Hotels, Wohnungen, B\u00fcros usw. eignen.<\/li>\n<\/ul>\n<\/div>\n\n\n\n<div class=\"wp-block-column is-layout-flow wp-block-column-is-layout-flow\">\n<figure class=\"wp-block-image size-full\"><img fetchpriority=\"high\" decoding=\"async\" width=\"613\" height=\"845\" src=\"https:\/\/www.ceramicbasin.com\/wp-content\/uploads\/2025\/03\/Rectanglue-shape-wall-hung-basinsmall-size-ceramic-sinks.-1.webp\" alt=\"rechteckige-form-wandh\u00e4ngende-waschbecken-kleine-keramik-sp\u00fclen-grosshandel-1\" class=\"wp-image-6488\" srcset=\"https:\/\/www.ceramicbasin.com\/wp-content\/uploads\/2025\/03\/Rectanglue-shape-wall-hung-basinsmall-size-ceramic-sinks.-1.webp 613w, https:\/\/www.ceramicbasin.com\/wp-content\/uploads\/2025\/03\/Rectanglue-shape-wall-hung-basinsmall-size-ceramic-sinks.-1-218x300.webp 218w, https:\/\/www.ceramicbasin.com\/wp-content\/uploads\/2025\/03\/Rectanglue-shape-wall-hung-basinsmall-size-ceramic-sinks.-1-9x12.webp 9w, https:\/\/www.ceramicbasin.com\/wp-content\/uploads\/2025\/03\/Rectanglue-shape-wall-hung-basinsmall-size-ceramic-sinks.-1-285x393.webp 285w, https:\/\/www.ceramicbasin.com\/wp-content\/uploads\/2025\/03\/Rectanglue-shape-wall-hung-basinsmall-size-ceramic-sinks.-1-479x660.webp 479w, https:\/\/www.ceramicbasin.com\/wp-content\/uploads\/2025\/03\/Rectanglue-shape-wall-hung-basinsmall-size-ceramic-sinks.-1-109x150.webp 109w\" sizes=\"(max-width: 613px) 100vw, 613px\" \/><\/figure>\n<\/div>\n<\/div>","protected":false},"excerpt":{"rendered":"<p>Willkommen zum Kauf unserer benutzerdefinierten wandh\u00e4ngenden Waschbecken. Unsere kleinen Keramik Waschbecken Gro\u00dfhandel sind an der Wand installiert, die Platz sparen wird, sondern erleichtert auch die Reinigung des Bodens, um Sauberkeit und Modernit\u00e4t im Bad zu verbessern.<\/p>\n<table style=\"border-collapse: collapse; width: 358.52pt;\" border=\"0\" width=\"478\" cellspacing=\"0\" cellpadding=\"0\">\n<tbody>\n<tr style=\"height: 17.25pt;\">\n<td class=\"et3\" style=\"height: 17.25pt; width: 125.00pt;\" width=\"166\" height=\"23\">Hersteller<\/td>\n<td class=\"et3\" style=\"width: 234.15pt;\" width=\"312\">HanYu<\/td>\n<\/tr>\n<tr style=\"height: 17.25pt;\">\n<td class=\"et3\" style=\"height: 17.25pt;\" height=\"23\">Modell Nr.<\/td>\n<td class=\"et4\">HY-3073<\/td>\n<\/tr>\n<tr style=\"height: 17.25pt;\">\n<td class=\"et3\" style=\"height: 17.25pt;\" height=\"23\">Typ<\/td>\n<td class=\"et5\" style=\"width: 234.15pt;\" width=\"312\">Wandh\u00e4ngende Waschbecken<\/td>\n<\/tr>\n<tr style=\"height: 18.00pt;\">\n<td class=\"et3\" style=\"height: 18.00pt;\" height=\"24\">Form<\/td>\n<td class=\"et3\">Rectanglue Form<\/td>\n<\/tr>\n<tr style=\"height: 34.50pt;\">\n<td class=\"et4\" style=\"height: 34.50pt;\" height=\"46\">Farbe<\/td>\n<td class=\"et5\" style=\"width: 234.15pt;\" width=\"312\">schwarz\/wei\u00df\/blau\/grau\/rosa\/gr\u00fcn\/braun\/khaki<\/td>\n<\/tr>\n<tr style=\"height: 18.00pt;\">\n<td class=\"et3\" style=\"height: 18.00pt;\" height=\"24\">Dimension<\/td>\n<td class=\"et5\" style=\"width: 234.15pt;\" width=\"312\">41*22.5*10<\/td>\n<\/tr>\n<tr style=\"height: 17.25pt;\">\n<td class=\"et3\" style=\"height: 17.25pt;\" height=\"23\">N.W \/SET<\/td>\n<td class=\"et3\">4KGS\/PCS<\/td>\n<\/tr>\n<tr style=\"height: 17.25pt;\">\n<td class=\"et3\" style=\"height: 17.25pt;\" height=\"23\">MOQ<\/td>\n<td class=\"et3\">20St\u00fcck<\/td>\n<\/tr>\n<tr style=\"height: 17.25pt;\">\n<td class=\"et3\" style=\"height: 17.25pt;\" height=\"23\">Benutzerdefinierte Option<\/td>\n<td class=\"et3\">Farbe\/Muster\/Gr\u00f6\u00dfe\/Logo\/Verpackung<\/td>\n<\/tr>\n<\/tbody>\n<\/table>","protected":false},"featured_media":6491,"comment_status":"closed","ping_status":"closed","template":"","meta":{"_acf_changed":false},"product_brand":[],"product_cat":[57,56],"product_tag":[],"class_list":{"0":"post-6506","1":"product","2":"type-product","3":"status-publish","4":"has-post-thumbnail","6":"product_cat-wholesale-wall-mounted-sinks","7":"product_cat-wholesale-small-bathroom-sinks","9":"first","10":"instock","11":"shipping-taxable","12":"product-type-simple"},"acf":[],"_links":{"self":[{"href":"https:\/\/www.ceramicbasin.com\/de\/wp-json\/wp\/v2\/product\/6506","targetHints":{"allow":["GET"]}}],"collection":[{"href":"https:\/\/www.ceramicbasin.com\/de\/wp-json\/wp\/v2\/product"}],"about":[{"href":"https:\/\/www.ceramicbasin.com\/de\/wp-json\/wp\/v2\/types\/product"}],"replies":[{"embeddable":true,"href":"https:\/\/www.ceramicbasin.com\/de\/wp-json\/wp\/v2\/comments?post=6506"}],"wp:featuredmedia":[{"embeddable":true,"href":"https:\/\/www.ceramicbasin.com\/de\/wp-json\/wp\/v2\/media\/6491"}],"wp:attachment":[{"href":"https:\/\/www.ceramicbasin.com\/de\/wp-json\/wp\/v2\/media?parent=6506"}],"wp:term":[{"taxonomy":"product_brand","embeddable":true,"href":"https:\/\/www.ceramicbasin.com\/de\/wp-json\/wp\/v2\/product_brand?post=6506"},{"taxonomy":"product_cat","embeddable":true,"href":"https:\/\/www.ceramicbasin.com\/de\/wp-json\/wp\/v2\/product_cat?post=6506"},{"taxonomy":"product_tag","embeddable":true,"href":"https:\/\/www.ceramicbasin.com\/de\/wp-json\/wp\/v2\/product_tag?post=6506"}],"curies":[{"name":"wp","href":"https:\/\/api.w.org\/{rel}","templated":true}]}}