{"id":6521,"date":"2025-04-03T03:13:02","date_gmt":"2025-04-03T03:13:02","guid":{"rendered":"https:\/\/www.ceramicbasin.com\/?post_type=product&#038;p=6521"},"modified":"2025-11-05T06:13:56","modified_gmt":"2025-11-05T06:13:56","slug":"drop-in-wash-basin-wholesale","status":"publish","type":"product","link":"https:\/\/www.ceramicbasin.com\/de\/produkt\/drop-in-wash-basin-wholesale\/","title":{"rendered":"Langlebige Drop In Waschbecken Gro\u00dfhandel, benutzerdefinierte keramische Waschbecken"},"content":{"rendered":"<div class=\"wp-block-columns is-layout-flex wp-container-core-columns-is-layout-9d6595d7 wp-block-columns-is-layout-flex\">\n<div class=\"wp-block-column is-layout-flow wp-block-column-is-layout-flow\">\n<h2 class=\"wp-block-heading\">Premium Drop In Waschbecken Gro\u00dfhandel Merkmale:<\/h2>\n\n\n\n<ul class=\"wp-block-list\">\n<li><strong>Personalisierte Entscheidungen: <\/strong>Das rechteckige Waschbecken im Gro\u00dfhandel ist in verschiedenen Farben, Oberfl\u00e4chenbehandlungen und kundenspezifischen Verpackungen erh\u00e4ltlich, so dass Sie das Produkt entsprechend Ihrer eigenen Marke und den Marktanforderungen anpassen k\u00f6nnen.<\/li>\n\n\n\n<li><strong>Hochwertiges Keramikmaterial, langlebig und pflegeleicht:<\/strong> Diese ma\u00dfgefertigten Waschbecken werden aus hochwertigen keramischen Rohstoffen hergestellt und bei hohen Temperaturen gebrannt. Die Oberfl\u00e4che ist glatt und hart, resistent gegen Kratzer und Risse. Die Glasur besitzt eine hervorragende Anti-Fouling-Wirkung; Kalk und Flecken bleiben kaum haften.<\/li>\n\n\n\n<li><strong>Eingebettetes Installationsdesign, vereinfachter Bauprozess:<\/strong> Die einzigartige, eingebettete Installationsmethode spart nicht nur Platz auf der Arbeitsplatte, sondern gew\u00e4hrleistet auch die Stabilit\u00e4t und Zweckm\u00e4\u00dfigkeit dieser ma\u00dfgeschneiderten Waschbecken. Die einfache Struktur und die leichte Bedienung reduzieren die Schwierigkeiten bei der Installation erheblich und machen es zu einer idealen Wahl f\u00fcr die Heimdekoration und f\u00fcr kommerzielle Projekte.<\/li>\n\n\n\n<li><strong>Rabatt bei Gro\u00dfeinkauf:<\/strong>\u00a0Wir bieten Gro\u00dfhandelsrabatte f\u00fcr Drop-in-Waschbecken im Gro\u00dfhandel, um die Bed\u00fcrfnisse von kommerziellen Projekten oder gro\u00df angelegten Wohndekorationen zu erf\u00fcllen.<\/li>\n<\/ul>\n<\/div>\n\n\n\n<div class=\"wp-block-column is-layout-flow wp-block-column-is-layout-flow\">\n<figure class=\"wp-block-image size-full\"><img fetchpriority=\"high\" decoding=\"async\" width=\"800\" height=\"800\" src=\"https:\/\/www.ceramicbasin.com\/wp-content\/uploads\/2025\/04\/custom-made-drop-in-sinks\uff0cWholesale-Commercial-Drop-In-Sinks\uff0cwholesale-sink-suppliers6.webp\" alt=\"hot-selling-rechteckiges-einfallendes-waschbecken-gro\u00dfhandel-haltbares-kundenspezifisches-waschbecken-1\" class=\"wp-image-6527\" srcset=\"https:\/\/www.ceramicbasin.com\/wp-content\/uploads\/2025\/04\/custom-made-drop-in-sinks\uff0cWholesale-Commercial-Drop-In-Sinks\uff0cwholesale-sink-suppliers6.webp 800w, https:\/\/www.ceramicbasin.com\/wp-content\/uploads\/2025\/04\/custom-made-drop-in-sinks\uff0cWholesale-Commercial-Drop-In-Sinks\uff0cwholesale-sink-suppliers6-300x300.webp 300w, https:\/\/www.ceramicbasin.com\/wp-content\/uploads\/2025\/04\/custom-made-drop-in-sinks\uff0cWholesale-Commercial-Drop-In-Sinks\uff0cwholesale-sink-suppliers6-150x150.webp 150w, https:\/\/www.ceramicbasin.com\/wp-content\/uploads\/2025\/04\/custom-made-drop-in-sinks\uff0cWholesale-Commercial-Drop-In-Sinks\uff0cwholesale-sink-suppliers6-768x768.webp 768w, https:\/\/www.ceramicbasin.com\/wp-content\/uploads\/2025\/04\/custom-made-drop-in-sinks\uff0cWholesale-Commercial-Drop-In-Sinks\uff0cwholesale-sink-suppliers6-12x12.webp 12w, https:\/\/www.ceramicbasin.com\/wp-content\/uploads\/2025\/04\/custom-made-drop-in-sinks\uff0cWholesale-Commercial-Drop-In-Sinks\uff0cwholesale-sink-suppliers6-285x285.webp 285w, https:\/\/www.ceramicbasin.com\/wp-content\/uploads\/2025\/04\/custom-made-drop-in-sinks\uff0cWholesale-Commercial-Drop-In-Sinks\uff0cwholesale-sink-suppliers6-270x270.webp 270w, https:\/\/www.ceramicbasin.com\/wp-content\/uploads\/2025\/04\/custom-made-drop-in-sinks\uff0cWholesale-Commercial-Drop-In-Sinks\uff0cwholesale-sink-suppliers6-540x540.webp 540w, https:\/\/www.ceramicbasin.com\/wp-content\/uploads\/2025\/04\/custom-made-drop-in-sinks\uff0cWholesale-Commercial-Drop-In-Sinks\uff0cwholesale-sink-suppliers6-660x660.webp 660w\" sizes=\"(max-width: 800px) 100vw, 800px\" \/><\/figure>\n<\/div>\n<\/div>","protected":false},"excerpt":{"rendered":"<p>Willkommen zum Kauf HanYu benutzerdefinierte Waschbecken. Der rechteckige Tropfen in Waschbecken Gro\u00dfhandel ist in einer Vielzahl von Farben, Oberfl\u00e4chenstrukturen, und Verpackung kann angepasst werden, so dass Sie das Produkt als pro Ihre eigene Marke und Marktnachfrage zu produzieren. Die Glasur verf\u00fcgt \u00fcber eine bessere Antifouling-Funktion; Flecken und Kalk bleiben nicht so leicht haften. Wischen Sie es einfach ab, damit es wie neu aussieht, und die t\u00e4gliche Reinigung wird einfacher und problemloser.<\/p>\n<table style=\"border-collapse: collapse; width: 311.02pt;\" border=\"0\" width=\"311\" cellspacing=\"0\" cellpadding=\"0\">\n<tbody>\n<tr style=\"height: 17.60pt;\">\n<td class=\"et3\" style=\"height: 17.60pt; width: 108.35pt;\" width=\"108\" height=\"17\">Hersteller<\/td>\n<td class=\"et3\" style=\"width: 202.95pt;\" width=\"202\">HanYu<\/td>\n<\/tr>\n<tr style=\"height: 17.60pt;\">\n<td class=\"et3\" style=\"height: 17.60pt;\" height=\"17\">Modell Nr.<\/td>\n<td class=\"et4\">HY-5403<\/td>\n<\/tr>\n<tr style=\"height: 18.00pt;\">\n<td class=\"et3\" style=\"height: 18.00pt;\" height=\"18\">Typ<\/td>\n<td class=\"et5\" style=\"width: 202.95pt;\" width=\"202\">Drop-In-Becken<\/td>\n<\/tr>\n<tr style=\"height: 17.60pt;\">\n<td class=\"et3\" style=\"height: 17.60pt;\" height=\"17\">Form<\/td>\n<td class=\"et3\">Rechteckige Form<\/td>\n<\/tr>\n<tr style=\"height: 18.00pt;\">\n<td class=\"et4\" style=\"height: 18.00pt;\" height=\"18\">Farbe<\/td>\n<td class=\"et5\" style=\"width: 202.95pt;\" width=\"202\">Wei\u00df<\/td>\n<\/tr>\n<tr style=\"height: 18.00pt;\">\n<td class=\"et3\" style=\"height: 18.00pt;\" height=\"18\">Dimension<\/td>\n<td class=\"et5\" style=\"width: 202.95pt;\" width=\"202\">61*47*21<\/td>\n<\/tr>\n<tr style=\"height: 17.60pt;\">\n<td class=\"et3\" style=\"height: 17.60pt;\" height=\"17\">N.W \/SET<\/td>\n<td class=\"et3\">\u00a018KGS\/PCS<\/td>\n<\/tr>\n<tr style=\"height: 17.60pt;\">\n<td class=\"et3\" style=\"height: 17.60pt;\" height=\"17\">MOQ<\/td>\n<td class=\"et3\">20St\u00fcck<\/td>\n<\/tr>\n<tr style=\"height: 17.60pt;\">\n<td class=\"et3\" style=\"height: 17.60pt;\" height=\"17\">Benutzerdefinierte Option<\/td>\n<td class=\"et3\">Farbe\/Muster\/Gr\u00f6\u00dfe\/Logo\/Verpackung<\/td>\n<\/tr>\n<\/tbody>\n<\/table>","protected":false},"featured_media":6525,"comment_status":"closed","ping_status":"closed","template":"","meta":{"_acf_changed":false},"product_brand":[],"product_cat":[51],"product_tag":[],"class_list":{"0":"post-6521","1":"product","2":"type-product","3":"status-publish","4":"has-post-thumbnail","6":"product_cat-wholesale-drop-in-sinks","8":"first","9":"instock","10":"shipping-taxable","11":"product-type-simple"},"acf":[],"_links":{"self":[{"href":"https:\/\/www.ceramicbasin.com\/de\/wp-json\/wp\/v2\/product\/6521","targetHints":{"allow":["GET"]}}],"collection":[{"href":"https:\/\/www.ceramicbasin.com\/de\/wp-json\/wp\/v2\/product"}],"about":[{"href":"https:\/\/www.ceramicbasin.com\/de\/wp-json\/wp\/v2\/types\/product"}],"replies":[{"embeddable":true,"href":"https:\/\/www.ceramicbasin.com\/de\/wp-json\/wp\/v2\/comments?post=6521"}],"wp:featuredmedia":[{"embeddable":true,"href":"https:\/\/www.ceramicbasin.com\/de\/wp-json\/wp\/v2\/media\/6525"}],"wp:attachment":[{"href":"https:\/\/www.ceramicbasin.com\/de\/wp-json\/wp\/v2\/media?parent=6521"}],"wp:term":[{"taxonomy":"product_brand","embeddable":true,"href":"https:\/\/www.ceramicbasin.com\/de\/wp-json\/wp\/v2\/product_brand?post=6521"},{"taxonomy":"product_cat","embeddable":true,"href":"https:\/\/www.ceramicbasin.com\/de\/wp-json\/wp\/v2\/product_cat?post=6521"},{"taxonomy":"product_tag","embeddable":true,"href":"https:\/\/www.ceramicbasin.com\/de\/wp-json\/wp\/v2\/product_tag?post=6521"}],"curies":[{"name":"wp","href":"https:\/\/api.w.org\/{rel}","templated":true}]}}