{"id":6529,"date":"2025-04-03T06:22:55","date_gmt":"2025-04-03T06:22:55","guid":{"rendered":"https:\/\/www.ceramicbasin.com\/?post_type=product&#038;p=6529"},"modified":"2025-11-05T06:11:05","modified_gmt":"2025-11-05T06:11:05","slug":"custom-drop-in-sink","status":"publish","type":"product","link":"https:\/\/www.ceramicbasin.com\/de\/produkt\/custom-drop-in-sink\/","title":{"rendered":"Bulk benutzerdefinierte Drop in Waschbecken, rechteckige Waschbecken Gro\u00dfhandel"},"content":{"rendered":"<div class=\"wp-block-columns is-layout-flex wp-container-core-columns-is-layout-9d6595d7 wp-block-columns-is-layout-flex\">\n<div class=\"wp-block-column is-layout-flow wp-block-column-is-layout-flow\">\n<h2 class=\"wp-block-heading\">Premium Custom Drop In Sp\u00fcle Merkmale:<\/h2>\n\n\n\n<ul class=\"wp-block-list\">\n<li><strong>Hei\u00dfer Verkauf:<\/strong> Dieses keramische Waschbecken im Gro\u00dfhandel wird vom Markt wegen seiner Langlebigkeit, der einheitlichen Farbe, der einfachen Reinigung und Pflege und der hohen Kostenleistung gut angenommen.<\/li>\n\n\n\n<li><strong>Hochwertiges Keramikmaterial, langlebig und leicht zu reinigen:<\/strong> Diese ma\u00dfgeschneiderten Einbausp\u00fclen werden aus hochwertigen keramischen Rohstoffen hergestellt und bei hohen Temperaturen gebrannt. Die Oberfl\u00e4che ist fest und glatt, kratzfest und nicht leicht zu brechen. Die Glasur hat eine hervorragende Anti-Fouling-Wirkung; Flecken und Kalk haften nicht so leicht an ihr. Durch einfaches Abwischen bleibt sie so sauber wie neu, was die t\u00e4gliche Reinigung erleichtert und erleichtert.<\/li>\n\n\n\n<li><strong>Breiter Anwendungsbereich:<\/strong> Das Streben der Menschen nach immer h\u00f6herer Lebensqualit\u00e4t sowie nach immer besserem Service an \u00f6ffentlichen Orten. Waschbecken Produkte sind nicht mehr nur geeignet f\u00fcr ihr Badezimmer, unsere Marmor Waschbecken Gro\u00dfhandel ist auch geeignet f\u00fcr Hochgeschwindigkeits-Bahnh\u00f6fe, U-Bahn-Stationen, sowie Einkaufszentren, Restaurant B\u00e4der, Krankenh\u00e4user und anderen Orten.<\/li>\n\n\n\n<li><strong>Direkter Lieferservice ab Werk, kosteng\u00fcnstig und Unterst\u00fctzung bei der Anpassung an Kundenw\u00fcnsche:<\/strong> Diese benutzerdefinierten Drop-in-Waschbecken werden direkt von professionellen Herstellern von keramischen Waschbecken f\u00fcr Badezimmer bereitgestellt, so dass die mittleren Verbindungen mit der Wettbewerbsf\u00e4higkeit in den Marktpreisen reduziert werden. Wir k\u00f6nnen diversifizierte benutzerdefinierte Dienstleistungen nach den Bed\u00fcrfnissen der Kunden, ob Gr\u00f6\u00dfe oder Farbe oder detailliertes Design, und wir k\u00f6nnen immer die Bed\u00fcrfnisse der verschiedenen M\u00e4rkte und Projekte zu erf\u00fcllen.<\/li>\n<\/ul>\n<\/div>\n\n\n\n<div class=\"wp-block-column is-layout-flow wp-block-column-is-layout-flow\">\n<figure class=\"wp-block-image size-full\"><img fetchpriority=\"high\" decoding=\"async\" width=\"800\" height=\"800\" src=\"https:\/\/www.ceramicbasin.com\/wp-content\/uploads\/2025\/04\/bathroom-sink-factory\uff0cwholesale-wash-basin\uff0cDrop-In-Sinks-Wholesale6.webp\" alt=\"Custom-Drop-In-Sp\u00fclbecken-Rechteckig-Keramik-Waschbecken-Gro\u00dfhandel-1\" class=\"wp-image-6535\" srcset=\"https:\/\/www.ceramicbasin.com\/wp-content\/uploads\/2025\/04\/bathroom-sink-factory\uff0cwholesale-wash-basin\uff0cDrop-In-Sinks-Wholesale6.webp 800w, https:\/\/www.ceramicbasin.com\/wp-content\/uploads\/2025\/04\/bathroom-sink-factory\uff0cwholesale-wash-basin\uff0cDrop-In-Sinks-Wholesale6-300x300.webp 300w, https:\/\/www.ceramicbasin.com\/wp-content\/uploads\/2025\/04\/bathroom-sink-factory\uff0cwholesale-wash-basin\uff0cDrop-In-Sinks-Wholesale6-150x150.webp 150w, https:\/\/www.ceramicbasin.com\/wp-content\/uploads\/2025\/04\/bathroom-sink-factory\uff0cwholesale-wash-basin\uff0cDrop-In-Sinks-Wholesale6-768x768.webp 768w, https:\/\/www.ceramicbasin.com\/wp-content\/uploads\/2025\/04\/bathroom-sink-factory\uff0cwholesale-wash-basin\uff0cDrop-In-Sinks-Wholesale6-12x12.webp 12w, https:\/\/www.ceramicbasin.com\/wp-content\/uploads\/2025\/04\/bathroom-sink-factory\uff0cwholesale-wash-basin\uff0cDrop-In-Sinks-Wholesale6-285x285.webp 285w, https:\/\/www.ceramicbasin.com\/wp-content\/uploads\/2025\/04\/bathroom-sink-factory\uff0cwholesale-wash-basin\uff0cDrop-In-Sinks-Wholesale6-270x270.webp 270w, https:\/\/www.ceramicbasin.com\/wp-content\/uploads\/2025\/04\/bathroom-sink-factory\uff0cwholesale-wash-basin\uff0cDrop-In-Sinks-Wholesale6-540x540.webp 540w, https:\/\/www.ceramicbasin.com\/wp-content\/uploads\/2025\/04\/bathroom-sink-factory\uff0cwholesale-wash-basin\uff0cDrop-In-Sinks-Wholesale6-660x660.webp 660w\" sizes=\"(max-width: 800px) 100vw, 800px\" \/><\/figure>\n<\/div>\n<\/div>","protected":false},"excerpt":{"rendered":"<p>Willkommen in unserem Keramik Waschbecken Gro\u00dfhandel zu kaufen. Diese benutzerdefinierte Drop in Waschbecken sind nicht mehr nur geeignet f\u00fcr ihr eigenes Bad, unsere Marmor Waschbecken Gro\u00dfhandel ist auch geeignet f\u00fcr Hochgeschwindigkeits-Bahnh\u00f6fe, U-Bahn-Stationen, sowie Einkaufszentren, Restaurant B\u00e4der, Krankenh\u00e4user und andere Orte. Erh\u00e4ltlich in verschiedenen Farben, Oberfl\u00e4chen und anpassbaren Verpackungen, die es Ihnen erm\u00f6glichen, das Produkt auf Ihre spezifischen Marken- und Marktanforderungen zuzuschneiden.<\/p>\n<table style=\"border-collapse: collapse; width: 311.02pt;\" border=\"0\" width=\"311\" cellspacing=\"0\" cellpadding=\"0\">\n<tbody>\n<tr style=\"height: 17.60pt;\">\n<td class=\"et3\" style=\"height: 17.60pt; width: 108.35pt;\" width=\"108\" height=\"17\">Hersteller<\/td>\n<td class=\"et3\" style=\"width: 202.95pt;\" width=\"202\">HanYu<\/td>\n<\/tr>\n<tr style=\"height: 17.60pt;\">\n<td class=\"et3\" style=\"height: 17.60pt;\" height=\"17\">Modell Nr.<\/td>\n<td class=\"et4\">HY-8066<\/td>\n<\/tr>\n<tr style=\"height: 18.00pt;\">\n<td class=\"et3\" style=\"height: 18.00pt;\" height=\"18\">Typ<\/td>\n<td class=\"et5\" style=\"width: 202.95pt;\" width=\"202\">Drop-In-Becken<\/td>\n<\/tr>\n<tr style=\"height: 17.60pt;\">\n<td class=\"et3\" style=\"height: 17.60pt;\" height=\"17\">Form<\/td>\n<td class=\"et3\">Rechteckige Form<\/td>\n<\/tr>\n<tr style=\"height: 18.00pt;\">\n<td class=\"et4\" style=\"height: 18.00pt;\" height=\"18\">Farbe<\/td>\n<td class=\"et5\" style=\"width: 202.95pt;\" width=\"202\">Wei\u00df<\/td>\n<\/tr>\n<tr style=\"height: 18.00pt;\">\n<td class=\"et3\" style=\"height: 18.00pt;\" height=\"18\">Dimension<\/td>\n<td class=\"et5\" style=\"width: 202.95pt;\" width=\"202\">40.5*30.5*13<\/td>\n<\/tr>\n<tr style=\"height: 17.60pt;\">\n<td class=\"et3\" style=\"height: 17.60pt;\" height=\"17\">N.W \/SET<\/td>\n<td class=\"et3\">12 KGS\/PCS<\/td>\n<\/tr>\n<tr style=\"height: 17.60pt;\">\n<td class=\"et3\" style=\"height: 17.60pt;\" height=\"17\">MOQ<\/td>\n<td class=\"et3\">20St\u00fcck<\/td>\n<\/tr>\n<tr style=\"height: 17.60pt;\">\n<td class=\"et3\" style=\"height: 17.60pt;\" height=\"17\">Benutzerdefinierte Option<\/td>\n<td class=\"et3\">Farbe\/Muster\/Gr\u00f6\u00dfe\/Logo\/Verpackung<\/td>\n<\/tr>\n<\/tbody>\n<\/table>","protected":false},"featured_media":6530,"comment_status":"closed","ping_status":"closed","template":"","meta":{"_acf_changed":false},"product_brand":[],"product_cat":[51],"product_tag":[],"class_list":{"0":"post-6529","1":"product","2":"type-product","3":"status-publish","4":"has-post-thumbnail","6":"product_cat-wholesale-drop-in-sinks","8":"first","9":"instock","10":"shipping-taxable","11":"product-type-simple"},"acf":[],"_links":{"self":[{"href":"https:\/\/www.ceramicbasin.com\/de\/wp-json\/wp\/v2\/product\/6529","targetHints":{"allow":["GET"]}}],"collection":[{"href":"https:\/\/www.ceramicbasin.com\/de\/wp-json\/wp\/v2\/product"}],"about":[{"href":"https:\/\/www.ceramicbasin.com\/de\/wp-json\/wp\/v2\/types\/product"}],"replies":[{"embeddable":true,"href":"https:\/\/www.ceramicbasin.com\/de\/wp-json\/wp\/v2\/comments?post=6529"}],"wp:featuredmedia":[{"embeddable":true,"href":"https:\/\/www.ceramicbasin.com\/de\/wp-json\/wp\/v2\/media\/6530"}],"wp:attachment":[{"href":"https:\/\/www.ceramicbasin.com\/de\/wp-json\/wp\/v2\/media?parent=6529"}],"wp:term":[{"taxonomy":"product_brand","embeddable":true,"href":"https:\/\/www.ceramicbasin.com\/de\/wp-json\/wp\/v2\/product_brand?post=6529"},{"taxonomy":"product_cat","embeddable":true,"href":"https:\/\/www.ceramicbasin.com\/de\/wp-json\/wp\/v2\/product_cat?post=6529"},{"taxonomy":"product_tag","embeddable":true,"href":"https:\/\/www.ceramicbasin.com\/de\/wp-json\/wp\/v2\/product_tag?post=6529"}],"curies":[{"name":"wp","href":"https:\/\/api.w.org\/{rel}","templated":true}]}}