{"id":6536,"date":"2025-04-03T06:46:48","date_gmt":"2025-04-03T06:46:48","guid":{"rendered":"https:\/\/www.ceramicbasin.com\/?post_type=product&#038;p=6536"},"modified":"2025-11-05T06:08:32","modified_gmt":"2025-11-05T06:08:32","slug":"custom-bath-vanity-top","status":"publish","type":"product","link":"https:\/\/www.ceramicbasin.com\/de\/produkt\/custom-bath-vanity-top\/","title":{"rendered":"Benutzerdefinierte Bad Eitelkeit oben montiert blau matt Waschbecken Gro\u00dfhandel"},"content":{"rendered":"<div class=\"wp-block-columns is-layout-flex wp-container-core-columns-is-layout-9d6595d7 wp-block-columns-is-layout-flex\">\n<div class=\"wp-block-column is-layout-flow wp-block-column-is-layout-flow\">\n<h2 class=\"wp-block-heading\">Premium Custom Bath Vanity Top Mounted Basins Merkmale:<\/h2>\n\n\n\n<ul class=\"wp-block-list\">\n<li><strong>Frisches Minzblau, das eine gem\u00fctliche Atmosph\u00e4re schafft:<\/strong> Dieses ma\u00dfgefertigte Waschtischbecken hat eine zarte mintblaue, matte Glasur, die einen frischen und nat\u00fcrlichen visuellen Effekt hat und dem kommerziellen Badezimmer einen Hauch von Eleganz verleiht. Es schafft eine entspannende und komfortable Atmosph\u00e4re und eignet sich f\u00fcr moderne, nordische und minimalistische Inneneinrichtungen.<\/li>\n\n\n\n<li><strong>Matte Textur, zur\u00fcckhaltend und hochwertig:<\/strong> Dieses ma\u00dfgeschneiderte Waschbecken verwendet eine einzigartige matte Glasur, die sich zart und warm anf\u00fchlt, das Licht nicht reflektiert, Fingerabdr\u00fccke und Wasserflecken wirksam reduziert und die Sauberkeit und Sch\u00f6nheit f\u00fcr eine lange Zeit aufrechterh\u00e4lt.<\/li>\n\n\n\n<li><strong>Oben montierte Ausf\u00fchrung: <\/strong>Das matte Waschbecken in loser Sch\u00fcttung ist stabil und zuverl\u00e4ssig, was nicht nur Platz spart, sondern dem Bad auch ein modernes Flair verleiht und sich an verschiedene Einrichtungsstile anpasst.<\/li>\n\n\n\n<li><strong>Farbenfroh:<\/strong> Die Marmorfarbe basiert auf einem gew\u00f6hnlichen hellwei\u00dfen Becken, das sch\u00f6n und haltbar ist. Wir bieten mehr als 100 Farben und Muster zur Auswahl, und alle matten Waschbecken in gro\u00dfen Mengen k\u00f6nnen in Farbe und Textur angepasst werden.<\/li>\n<\/ul>\n<\/div>\n\n\n\n<div class=\"wp-block-column is-layout-flow wp-block-column-is-layout-flow\">\n<figure class=\"wp-block-image size-full\"><img fetchpriority=\"high\" decoding=\"async\" width=\"800\" height=\"800\" src=\"https:\/\/www.ceramicbasin.com\/wp-content\/uploads\/2025\/04\/Matte-Basin-Wholesale\uff0cMatte-Vessel-Sink-\uff0ccustom-ceramic-vessel-sinks6.webp\" alt=\"ma\u00dfgefertigtes-badewannenaufsatz-hotel-rund-luxus-glasiertes-blaues-mattes-becken-im-kasten-1\" class=\"wp-image-6542\" srcset=\"https:\/\/www.ceramicbasin.com\/wp-content\/uploads\/2025\/04\/Matte-Basin-Wholesale\uff0cMatte-Vessel-Sink-\uff0ccustom-ceramic-vessel-sinks6.webp 800w, https:\/\/www.ceramicbasin.com\/wp-content\/uploads\/2025\/04\/Matte-Basin-Wholesale\uff0cMatte-Vessel-Sink-\uff0ccustom-ceramic-vessel-sinks6-300x300.webp 300w, https:\/\/www.ceramicbasin.com\/wp-content\/uploads\/2025\/04\/Matte-Basin-Wholesale\uff0cMatte-Vessel-Sink-\uff0ccustom-ceramic-vessel-sinks6-150x150.webp 150w, https:\/\/www.ceramicbasin.com\/wp-content\/uploads\/2025\/04\/Matte-Basin-Wholesale\uff0cMatte-Vessel-Sink-\uff0ccustom-ceramic-vessel-sinks6-768x768.webp 768w, https:\/\/www.ceramicbasin.com\/wp-content\/uploads\/2025\/04\/Matte-Basin-Wholesale\uff0cMatte-Vessel-Sink-\uff0ccustom-ceramic-vessel-sinks6-12x12.webp 12w, https:\/\/www.ceramicbasin.com\/wp-content\/uploads\/2025\/04\/Matte-Basin-Wholesale\uff0cMatte-Vessel-Sink-\uff0ccustom-ceramic-vessel-sinks6-285x285.webp 285w, https:\/\/www.ceramicbasin.com\/wp-content\/uploads\/2025\/04\/Matte-Basin-Wholesale\uff0cMatte-Vessel-Sink-\uff0ccustom-ceramic-vessel-sinks6-270x270.webp 270w, https:\/\/www.ceramicbasin.com\/wp-content\/uploads\/2025\/04\/Matte-Basin-Wholesale\uff0cMatte-Vessel-Sink-\uff0ccustom-ceramic-vessel-sinks6-540x540.webp 540w, https:\/\/www.ceramicbasin.com\/wp-content\/uploads\/2025\/04\/Matte-Basin-Wholesale\uff0cMatte-Vessel-Sink-\uff0ccustom-ceramic-vessel-sinks6-660x660.webp 660w\" sizes=\"(max-width: 800px) 100vw, 800px\" \/><\/figure>\n<\/div>\n<\/div>","protected":false},"excerpt":{"rendered":"<p>Willkommen bei ma\u00dfgeschneiderten Bad Waschtischplatten. Unsere blaue matte Becken in der Masse ist frisch und elegant, geeignet f\u00fcr moderne kommerzielle R\u00e4ume. Die Oberfl\u00e4che dieses Gro\u00dfhandels kommerziellen Toilette Waschbecken nimmt spezielle easy-to-clean Glasur Technologie, die glatt und zart ist; Flecken sind nicht leicht zu haften und sind leicht zu reinigen.<\/p>\n<table style=\"border-collapse: collapse; width: 311.02pt;\" border=\"0\" width=\"311\" cellspacing=\"0\" cellpadding=\"0\">\n<tbody>\n<tr style=\"height: 17.60pt;\">\n<td class=\"et3\" style=\"height: 17.60pt; width: 108.35pt;\" width=\"108\" height=\"17\">Hersteller<\/td>\n<td class=\"et3\" style=\"width: 202.95pt;\" width=\"202\">HanYu<\/td>\n<\/tr>\n<tr style=\"height: 17.60pt;\">\n<td class=\"et3\" style=\"height: 17.60pt;\" height=\"17\">Modell Nr.<\/td>\n<td class=\"et4\">HY-8069PB1<\/td>\n<\/tr>\n<tr style=\"height: 17.60pt;\">\n<td class=\"et3\" style=\"height: 17.60pt;\" height=\"17\">Typ<\/td>\n<td class=\"et3\">CounterTop-Becken<\/td>\n<\/tr>\n<tr style=\"height: 17.60pt;\">\n<td class=\"et3\" style=\"height: 17.60pt;\" height=\"17\">Form<\/td>\n<td class=\"et3\">Runde Form<\/td>\n<\/tr>\n<tr style=\"height: 17.60pt;\">\n<td class=\"et4\" style=\"height: 17.60pt;\" height=\"17\">Farbe<\/td>\n<td class=\"et3\">Blau<\/td>\n<\/tr>\n<tr style=\"height: 18.00pt;\">\n<td class=\"et3\" style=\"height: 18.00pt;\" height=\"18\">Dimension\u00a0<\/td>\n<td class=\"et5\" style=\"width: 202.95pt;\" width=\"202\">41.5*41.5*13.5<\/td>\n<\/tr>\n<tr style=\"height: 17.60pt;\">\n<td class=\"et3\" style=\"height: 17.60pt;\" height=\"17\">N.W \/SET<\/td>\n<td class=\"et3\">8KGS\/PCS<\/td>\n<\/tr>\n<tr style=\"height: 17.60pt;\">\n<td class=\"et3\" style=\"height: 17.60pt;\" height=\"17\">MOQ<\/td>\n<td class=\"et3\">20St\u00fcck<\/td>\n<\/tr>\n<tr style=\"height: 17.60pt;\">\n<td class=\"et3\" style=\"height: 17.60pt;\" height=\"17\">Benutzerdefinierte Option<\/td>\n<td class=\"et3\">Farbe\/Muster\/Gr\u00f6\u00dfe\/Logo\/Verpackung-<\/td>\n<\/tr>\n<\/tbody>\n<\/table>","protected":false},"featured_media":6540,"comment_status":"closed","ping_status":"closed","template":"","meta":{"_acf_changed":false},"product_brand":[],"product_cat":[50,55],"product_tag":[],"class_list":{"0":"post-6536","1":"product","2":"type-product","3":"status-publish","4":"has-post-thumbnail","6":"product_cat-wholesale-countertop-sinks","7":"product_cat-wholesale-matte-sinks","9":"first","10":"instock","11":"shipping-taxable","12":"product-type-simple"},"acf":[],"_links":{"self":[{"href":"https:\/\/www.ceramicbasin.com\/de\/wp-json\/wp\/v2\/product\/6536","targetHints":{"allow":["GET"]}}],"collection":[{"href":"https:\/\/www.ceramicbasin.com\/de\/wp-json\/wp\/v2\/product"}],"about":[{"href":"https:\/\/www.ceramicbasin.com\/de\/wp-json\/wp\/v2\/types\/product"}],"replies":[{"embeddable":true,"href":"https:\/\/www.ceramicbasin.com\/de\/wp-json\/wp\/v2\/comments?post=6536"}],"wp:featuredmedia":[{"embeddable":true,"href":"https:\/\/www.ceramicbasin.com\/de\/wp-json\/wp\/v2\/media\/6540"}],"wp:attachment":[{"href":"https:\/\/www.ceramicbasin.com\/de\/wp-json\/wp\/v2\/media?parent=6536"}],"wp:term":[{"taxonomy":"product_brand","embeddable":true,"href":"https:\/\/www.ceramicbasin.com\/de\/wp-json\/wp\/v2\/product_brand?post=6536"},{"taxonomy":"product_cat","embeddable":true,"href":"https:\/\/www.ceramicbasin.com\/de\/wp-json\/wp\/v2\/product_cat?post=6536"},{"taxonomy":"product_tag","embeddable":true,"href":"https:\/\/www.ceramicbasin.com\/de\/wp-json\/wp\/v2\/product_tag?post=6536"}],"curies":[{"name":"wp","href":"https:\/\/api.w.org\/{rel}","templated":true}]}}