{"id":6612,"date":"2025-04-18T07:28:19","date_gmt":"2025-04-18T07:28:19","guid":{"rendered":"https:\/\/www.ceramicbasin.com\/?post_type=product&#038;p=6612"},"modified":"2025-11-05T03:39:09","modified_gmt":"2025-11-05T03:39:09","slug":"custom-sink-countertops","status":"publish","type":"product","link":"https:\/\/www.ceramicbasin.com\/de\/produkt\/custom-sink-countertops\/","title":{"rendered":"Benutzerdefinierte Sp\u00fcle Arbeitsplatten Becken Gro\u00dfhandel mit OEM-Druck"},"content":{"rendered":"<div class=\"wp-block-columns is-layout-flex wp-container-core-columns-is-layout-9d6595d7 wp-block-columns-is-layout-flex\">\n<div class=\"wp-block-column is-layout-flow wp-block-column-is-layout-flow\">\n<h2 class=\"wp-block-heading\">Premium Custom Sink Countertops Merkmale:<\/h2>\n\n\n\n<ul class=\"wp-block-list\">\n<li><strong>Einzigartige Wassertransfertechnologie zur Erzeugung einer hochwertigen schwarzen Textur: <\/strong>Unsere ma\u00dfgefertigten Sp\u00fcltischplatten verwenden eine hochmoderne Wassertransfertechnik, und die Oberfl\u00e4che des Keramikbeckens zeichnet sich durch einen intensiven und mehrschichtigen schwarzen Glanz, eine feine und gleichm\u00e4\u00dfige Struktur und Gl\u00e4tte aus.<\/li>\n\n\n\n<li><strong>Elegantes ovales Design, geeignet f\u00fcr eine Vielzahl von Raumstilen:<\/strong> Dieses matte Kunstwaschbecken in loser Sch\u00fcttung hat ein klassisches ovales Design mit sanften und feinen Linien, das sowohl modern als auch k\u00fcnstlerisch ist. Egal ob moderner, schlichter Stil, industrieller Stil oder luxuri\u00f6ser Retro-Stil, dieses Keramikbecken l\u00e4sst sich leicht integrieren.<\/li>\n\n\n\n<li><strong>Hochwertiges Keramikmaterial, langlebig und leicht zu reinigen: <\/strong>F\u00fcr die Herstellung dieser ma\u00dfgefertigten Sp\u00fcltischplatten werden hochwertige Keramikrohstoffe verwendet, die bei hohen Temperaturen gebrannt werden. Der Beckenk\u00f6rper ist hart und widerstandsf\u00e4hig, schmutzabweisend und kratzfest. Die Oberfl\u00e4che ist sanft und glatt, und es ist schwer, Wasserflecken und Schmutz zu hinterlassen. Durch einfaches Abwischen bei der t\u00e4glichen Reinigung kann der Glanz wiederhergestellt werden.<\/li>\n\n\n\n<li><strong>Unterst\u00fctzen Sie ma\u00dfgeschneiderte Dienste, die auf Ihre pers\u00f6nlichen Bed\u00fcrfnisse zugeschnitten sind: <\/strong>Wir bieten eine vollst\u00e4ndige Palette von ma\u00dfgeschneiderten Dienstleistungen f\u00fcr Kunst matt Becken in der Masse. Kunden k\u00f6nnen Gr\u00f6\u00dfe, Farbe und Muster nach ihren Bed\u00fcrfnissen w\u00e4hlen, um ein einzigartiges Bad Kunst zu schaffen.<\/li>\n<\/ul>\n<\/div>\n\n\n\n<div class=\"wp-block-column is-layout-flow wp-block-column-is-layout-flow\">\n<figure class=\"wp-block-image size-full\"><img fetchpriority=\"high\" decoding=\"async\" width=\"916\" height=\"1211\" src=\"https:\/\/www.ceramicbasin.com\/wp-content\/uploads\/2025\/04\/Water-Transfer-Printing-Ceramic-Hand-Wash-Basin-6.jpg\" alt=\"sch\u00f6ne-benutzerdefinierte-Sp\u00fclbecken-Arbeitsplatten-Wassertransferdruck-1\" class=\"wp-image-6613\" srcset=\"https:\/\/www.ceramicbasin.com\/wp-content\/uploads\/2025\/04\/Water-Transfer-Printing-Ceramic-Hand-Wash-Basin-6.jpg 916w, https:\/\/www.ceramicbasin.com\/wp-content\/uploads\/2025\/04\/Water-Transfer-Printing-Ceramic-Hand-Wash-Basin-6-227x300.jpg 227w, https:\/\/www.ceramicbasin.com\/wp-content\/uploads\/2025\/04\/Water-Transfer-Printing-Ceramic-Hand-Wash-Basin-6-768x1015.jpg 768w, https:\/\/www.ceramicbasin.com\/wp-content\/uploads\/2025\/04\/Water-Transfer-Printing-Ceramic-Hand-Wash-Basin-6-9x12.jpg 9w, https:\/\/www.ceramicbasin.com\/wp-content\/uploads\/2025\/04\/Water-Transfer-Printing-Ceramic-Hand-Wash-Basin-6-285x377.jpg 285w, https:\/\/www.ceramicbasin.com\/wp-content\/uploads\/2025\/04\/Water-Transfer-Printing-Ceramic-Hand-Wash-Basin-6-499x660.jpg 499w, https:\/\/www.ceramicbasin.com\/wp-content\/uploads\/2025\/04\/Water-Transfer-Printing-Ceramic-Hand-Wash-Basin-6-113x150.jpg 113w\" sizes=\"(max-width: 916px) 100vw, 916px\" \/><\/figure>\n<\/div>\n<\/div>\n\n\n\n<p><\/p>","protected":false},"excerpt":{"rendered":"<p>Willkommen zu kaufen benutzerdefinierte Waschbecken Arbeitsplatten. Dieses schwarze, ovale, matte Kunstwaschbecken in loser Sch\u00fcttung nutzt die fortschrittliche Wassertransferdrucktechnologie und pr\u00e4sentiert eine tiefe und elegante schwarze Textur mit einer glatten ovalen Form, die f\u00fcr eine Vielzahl von Raumstilen geeignet ist.<\/p>\n<table style=\"border-collapse: collapse; width: 311.02pt;\" border=\"0\" width=\"311\" cellspacing=\"0\" cellpadding=\"0\">\n<tbody>\n<tr style=\"height: 17.60pt;\">\n<td class=\"et3\" style=\"height: 17.60pt; width: 108.35pt;\" width=\"108\" height=\"17\">Hersteller<\/td>\n<td class=\"et3\" style=\"width: 202.95pt;\" width=\"202\">HanYu<\/td>\n<\/tr>\n<tr style=\"height: 17.60pt;\">\n<td class=\"et3\" style=\"height: 17.60pt;\" height=\"17\">Modell Nr.<\/td>\n<td class=\"et4\">HY-8024D114<\/td>\n<\/tr>\n<tr style=\"height: 17.60pt;\">\n<td class=\"et3\" style=\"height: 17.60pt;\" height=\"17\">Typ<\/td>\n<td class=\"et3\">Aufsatzbecken<\/td>\n<\/tr>\n<tr style=\"height: 17.60pt;\">\n<td class=\"et3\" style=\"height: 17.60pt;\" height=\"17\">Form\u00a0\u00a0<\/td>\n<td class=\"et2\">Rechteckige Form<\/td>\n<\/tr>\n<tr style=\"height: 17.60pt;\">\n<td class=\"et4\" style=\"height: 17.60pt;\" height=\"17\">Farbe<\/td>\n<td class=\"et3\">Schwarz<\/td>\n<\/tr>\n<tr style=\"height: 18.00pt;\">\n<td class=\"et3\" style=\"height: 18.00pt;\" height=\"18\">Dimension<\/td>\n<td class=\"et5\" style=\"width: 202.95pt;\" width=\"202\">50*38.5*13<\/td>\n<\/tr>\n<tr style=\"height: 17.60pt;\">\n<td class=\"et3\" style=\"height: 17.60pt;\" height=\"17\">N.W \/SET<\/td>\n<td class=\"et3\">12KGS\/PCS<\/td>\n<\/tr>\n<tr style=\"height: 17.60pt;\">\n<td class=\"et3\" style=\"height: 17.60pt;\" height=\"17\">MOQ<\/td>\n<td class=\"et3\">20St\u00fcck<\/td>\n<\/tr>\n<tr style=\"height: 17.60pt;\">\n<td class=\"et3\" style=\"height: 17.60pt;\" height=\"17\">Benutzerdefinierte Option<\/td>\n<td class=\"et3\">Farbe\/Muster\/Gr\u00f6\u00dfe\/Logo\/Verpackung<\/td>\n<\/tr>\n<\/tbody>\n<\/table>","protected":false},"featured_media":6614,"comment_status":"closed","ping_status":"closed","template":"","meta":{"_acf_changed":false},"product_brand":[],"product_cat":[50,54],"product_tag":[],"class_list":{"0":"post-6612","1":"product","2":"type-product","3":"status-publish","4":"has-post-thumbnail","6":"product_cat-wholesale-countertop-sinks","7":"product_cat-wholesale-marble-sinks","9":"first","10":"instock","11":"shipping-taxable","12":"product-type-simple"},"acf":[],"_links":{"self":[{"href":"https:\/\/www.ceramicbasin.com\/de\/wp-json\/wp\/v2\/product\/6612","targetHints":{"allow":["GET"]}}],"collection":[{"href":"https:\/\/www.ceramicbasin.com\/de\/wp-json\/wp\/v2\/product"}],"about":[{"href":"https:\/\/www.ceramicbasin.com\/de\/wp-json\/wp\/v2\/types\/product"}],"replies":[{"embeddable":true,"href":"https:\/\/www.ceramicbasin.com\/de\/wp-json\/wp\/v2\/comments?post=6612"}],"wp:featuredmedia":[{"embeddable":true,"href":"https:\/\/www.ceramicbasin.com\/de\/wp-json\/wp\/v2\/media\/6614"}],"wp:attachment":[{"href":"https:\/\/www.ceramicbasin.com\/de\/wp-json\/wp\/v2\/media?parent=6612"}],"wp:term":[{"taxonomy":"product_brand","embeddable":true,"href":"https:\/\/www.ceramicbasin.com\/de\/wp-json\/wp\/v2\/product_brand?post=6612"},{"taxonomy":"product_cat","embeddable":true,"href":"https:\/\/www.ceramicbasin.com\/de\/wp-json\/wp\/v2\/product_cat?post=6612"},{"taxonomy":"product_tag","embeddable":true,"href":"https:\/\/www.ceramicbasin.com\/de\/wp-json\/wp\/v2\/product_tag?post=6612"}],"curies":[{"name":"wp","href":"https:\/\/api.w.org\/{rel}","templated":true}]}}