{"id":6666,"date":"2025-04-25T03:51:45","date_gmt":"2025-04-25T03:51:45","guid":{"rendered":"https:\/\/www.ceramicbasin.com\/?post_type=product&#038;p=6666"},"modified":"2025-09-26T07:22:45","modified_gmt":"2025-09-26T07:22:45","slug":"manufactured-home-bathroom-sinks","status":"publish","type":"product","link":"https:\/\/www.ceramicbasin.com\/de\/produkt\/manufactured-home-bathroom-sinks\/","title":{"rendered":"Hergestelltes Haus Badezimmer Waschbecken, Gro\u00dfhandel Farbe Waschbecken"},"content":{"rendered":"<div class=\"wp-block-columns is-layout-flex wp-container-core-columns-is-layout-9d6595d7 wp-block-columns-is-layout-flex\">\n<div class=\"wp-block-column is-layout-flow wp-block-column-is-layout-flow\">\n<h2 class=\"wp-block-heading\">Premium Manufactured Home Badezimmer Waschbecken Merkmale:<\/h2>\n\n\n\n<ul class=\"wp-block-list\">\n<li><strong>Realistisches Marmormuster:&nbsp;<\/strong>Diese hei\u00df begehrten marmorfarbenen Waschbecken f\u00fcr den Hausgebrauch verwenden eine fortschrittliche Wasser\u00fcbertragungstechnologie, um die nat\u00fcrliche Textur und Farbe des Marmors genau nachzubilden, was dem Becken einen besonderen optischen Reiz verleiht.<\/li>\n\n\n\n<li><strong>Antifouling und leicht zu reinigen:<\/strong> Die Oberfl\u00e4che unserer Farbwaschbecken f\u00fcr den Gro\u00dfhandel ist dicht und glatt, so dass Wasser oder Schmutz nur schwer eindringen k\u00f6nnen, was ein weiterer Grund daf\u00fcr ist, dass das Keramikwaschbecken leicht zu reinigen ist. In der Regel m\u00fcssen Sie es nur mit einem normalen Reinigungsmittel abwischen, um das Waschbecken sauber und gl\u00e4nzend zu machen und die Benutzung zu erleichtern.<\/li>\n\n\n\n<li><strong>Hochwertige Materialien:<\/strong> Unsere marmorfarbenen Waschbecken werden aus hochwertigen keramischen Materialien hergestellt, um eine stabile Struktur, eine glatte, leicht zu reinigende Oberfl\u00e4che und dauerhafte Sch\u00f6nheit des Beckens zu gew\u00e4hrleisten.<\/li>\n\n\n\n<li><strong>Anpassbare Optionen:<\/strong> Unsere Farbwaschbecken f\u00fcr den Gro\u00dfhandel sind in verschiedenen Farben erh\u00e4ltlich, haben verschiedene Oberfl\u00e4chenbehandlungen und sind individuell verpackt, damit das Produkt zu Ihrer Marke und Ihren M\u00e4rkten passt.<\/li>\n<\/ul>\n<\/div>\n\n\n\n<div class=\"wp-block-column is-layout-flow wp-block-column-is-layout-flow\">\n<figure class=\"wp-block-image size-full\"><img fetchpriority=\"high\" decoding=\"async\" width=\"714\" height=\"1005\" src=\"https:\/\/www.ceramicbasin.com\/wp-content\/uploads\/2025\/04\/Hot-sale-wash-basin-supplier-marble-color-hand-washing-basin-5.webp\" alt=\"Hergestellt Home Badezimmer Waschbecken, Gro\u00dfhandel Farbe Basins-1\" class=\"wp-image-6659\" srcset=\"https:\/\/www.ceramicbasin.com\/wp-content\/uploads\/2025\/04\/Hot-sale-wash-basin-supplier-marble-color-hand-washing-basin-5.webp 714w, https:\/\/www.ceramicbasin.com\/wp-content\/uploads\/2025\/04\/Hot-sale-wash-basin-supplier-marble-color-hand-washing-basin-5-213x300.webp 213w, https:\/\/www.ceramicbasin.com\/wp-content\/uploads\/2025\/04\/Hot-sale-wash-basin-supplier-marble-color-hand-washing-basin-5-9x12.webp 9w, https:\/\/www.ceramicbasin.com\/wp-content\/uploads\/2025\/04\/Hot-sale-wash-basin-supplier-marble-color-hand-washing-basin-5-285x401.webp 285w, https:\/\/www.ceramicbasin.com\/wp-content\/uploads\/2025\/04\/Hot-sale-wash-basin-supplier-marble-color-hand-washing-basin-5-469x660.webp 469w, https:\/\/www.ceramicbasin.com\/wp-content\/uploads\/2025\/04\/Hot-sale-wash-basin-supplier-marble-color-hand-washing-basin-5-107x150.webp 107w\" sizes=\"(max-width: 714px) 100vw, 714px\" \/><\/figure>\n<\/div>\n<\/div>","protected":false},"excerpt":{"rendered":"<p>Wir begr\u00fc\u00dfen Sie zum Gro\u00dfhandel Farbe Waschbecken kaufen. Unsere meistverkauften Marmor Farbe hergestellt Haus Bad Waschbecken nutzen Wasser-Transfer-Technologie, um perfekt zu duplizieren die nat\u00fcrliche Textur und Farbe von echtem Marmor, um einen einzigartigen visuellen Nervenkitzel in Ihrem Becken zu schaffen.<\/p>\n<table style=\"border-collapse: collapse; width: 358.52pt;\" border=\"0\" width=\"478\" cellspacing=\"0\" cellpadding=\"0\">\n<tbody>\n<tr style=\"height: 17.25pt;\">\n<td class=\"et3\" style=\"height: 17.25pt; width: 125.00pt;\" width=\"166\" height=\"23\">Hersteller<\/td>\n<td class=\"et3\" style=\"width: 234.15pt;\" width=\"312\">HanYu<\/td>\n<\/tr>\n<tr style=\"height: 17.25pt;\">\n<td class=\"et3\" style=\"height: 17.25pt;\" height=\"23\">Modell Nr.<\/td>\n<td class=\"et4\">HY-8064-55D103<\/td>\n<\/tr>\n<tr style=\"height: 17.25pt;\">\n<td class=\"et3\" style=\"height: 17.25pt;\" height=\"23\">Typ<\/td>\n<td class=\"et5\" style=\"width: 234.15pt;\" width=\"312\">Marmorsp\u00fclen<\/td>\n<\/tr>\n<tr style=\"height: 18.00pt;\">\n<td class=\"et3\" style=\"height: 18.00pt;\" height=\"24\">Form<\/td>\n<td class=\"et3\">Rectanglue Form<\/td>\n<\/tr>\n<tr style=\"height: 34.50pt;\">\n<td class=\"et4\" style=\"height: 34.50pt;\" height=\"46\">Farbe<\/td>\n<td class=\"et5\" style=\"width: 234.15pt;\" width=\"312\">schwarz\/wei\u00df\/blau\/grau\/rosa\/gr\u00fcn\/braun\/khaki<\/td>\n<\/tr>\n<tr style=\"height: 18.00pt;\">\n<td class=\"et3\" style=\"height: 18.00pt;\" height=\"24\">Dimension<\/td>\n<td class=\"et5\" style=\"width: 234.15pt;\" width=\"312\">55*38*11<\/td>\n<\/tr>\n<tr style=\"height: 17.25pt;\">\n<td class=\"et3\" style=\"height: 17.25pt;\" height=\"23\">N.W \/SET<\/td>\n<td class=\"et3\">9KGS\/PCS<\/td>\n<\/tr>\n<tr style=\"height: 17.25pt;\">\n<td class=\"et3\" style=\"height: 17.25pt;\" height=\"23\">MOQ<\/td>\n<td class=\"et3\">20St\u00fcck<\/td>\n<\/tr>\n<tr style=\"height: 17.25pt;\">\n<td class=\"et3\" style=\"height: 17.25pt;\" height=\"23\">Benutzerdefinierte Option<\/td>\n<td class=\"et3\">Farbe\/Muster\/Gr\u00f6\u00dfe\/Logo\/Verpackung<\/td>\n<\/tr>\n<\/tbody>\n<\/table>","protected":false},"featured_media":6655,"comment_status":"closed","ping_status":"closed","template":"","meta":{"_acf_changed":false},"product_brand":[],"product_cat":[54,50],"product_tag":[],"class_list":{"0":"post-6666","1":"product","2":"type-product","3":"status-publish","4":"has-post-thumbnail","6":"product_cat-wholesale-marble-sinks","7":"product_cat-wholesale-countertop-sinks","9":"first","10":"instock","11":"shipping-taxable","12":"product-type-simple"},"acf":[],"_links":{"self":[{"href":"https:\/\/www.ceramicbasin.com\/de\/wp-json\/wp\/v2\/product\/6666","targetHints":{"allow":["GET"]}}],"collection":[{"href":"https:\/\/www.ceramicbasin.com\/de\/wp-json\/wp\/v2\/product"}],"about":[{"href":"https:\/\/www.ceramicbasin.com\/de\/wp-json\/wp\/v2\/types\/product"}],"replies":[{"embeddable":true,"href":"https:\/\/www.ceramicbasin.com\/de\/wp-json\/wp\/v2\/comments?post=6666"}],"wp:featuredmedia":[{"embeddable":true,"href":"https:\/\/www.ceramicbasin.com\/de\/wp-json\/wp\/v2\/media\/6655"}],"wp:attachment":[{"href":"https:\/\/www.ceramicbasin.com\/de\/wp-json\/wp\/v2\/media?parent=6666"}],"wp:term":[{"taxonomy":"product_brand","embeddable":true,"href":"https:\/\/www.ceramicbasin.com\/de\/wp-json\/wp\/v2\/product_brand?post=6666"},{"taxonomy":"product_cat","embeddable":true,"href":"https:\/\/www.ceramicbasin.com\/de\/wp-json\/wp\/v2\/product_cat?post=6666"},{"taxonomy":"product_tag","embeddable":true,"href":"https:\/\/www.ceramicbasin.com\/de\/wp-json\/wp\/v2\/product_tag?post=6666"}],"curies":[{"name":"wp","href":"https:\/\/api.w.org\/{rel}","templated":true}]}}