{"id":6667,"date":"2025-04-25T03:37:04","date_gmt":"2025-04-25T03:37:04","guid":{"rendered":"https:\/\/www.ceramicbasin.com\/?post_type=product&#038;p=6667"},"modified":"2025-04-25T03:37:07","modified_gmt":"2025-04-25T03:37:07","slug":"custom-made-vessel-sink","status":"publish","type":"product","link":"https:\/\/www.ceramicbasin.com\/de\/produkt\/custom-made-vessel-sink\/","title":{"rendered":"Marmor Farbe benutzerdefinierte Gef\u00e4\u00df Waschbecken, Gro\u00dfhandel Eitelkeit Waschbecken"},"content":{"rendered":"<div class=\"wp-block-columns is-layout-flex wp-container-core-columns-is-layout-9d6595d7 wp-block-columns-is-layout-flex\">\n<div class=\"wp-block-column is-layout-flow wp-block-column-is-layout-flow\">\n<h2 class=\"wp-block-heading\">Premium Custom Made Vessel Sink Features:<\/h2>\n\n\n\n<ul class=\"wp-block-list\">\n<li><strong>Nachahmung der Textur von Naturstein:<\/strong>\u00a0Unsere ma\u00dfgeschneiderten Gro\u00dfhandelssp\u00fclbecken nutzen die Wasser\u00fcbertragungstechnologie, um die nat\u00fcrliche Textur und Farbe des Marmors genau zu reproduzieren, so dass jedes Becken eine einzigartige Steinsch\u00f6nheit aufweist.<\/li>\n\n\n\n<li><strong>Antifouling und leicht zu reinigen:<\/strong>\u00a0Diese Gro\u00dfhandelswaschbecken sind glatt und dicht auf der Oberfl\u00e4che. Daher ist es nicht leicht, viel Wasser oder Schmutz zu absorbieren, was auch der Grund ist, warum die Keramiksp\u00fcle im t\u00e4glichen Gebrauch leicht zu reinigen ist. Normalerweise m\u00fcssen Sie nur sanft mit gew\u00f6hnlichem Reinigungsmittel abwischen, um das Waschbecken sauber und hell zu halten und Ihren Komfort bei der Verwendung zu erleichtern.<\/li>\n\n\n\n<li><strong>Wassertransferdruckverfahren:\u00a0<\/strong>Mit der neuesten Wasser-Transferdruck-Technologie, diese Gro\u00dfhandel benutzerdefinierte Gef\u00e4\u00df Waschbecken verwendet die neueste Wasser-Transferdruck-Technologie, um sicherzustellen, dass die Oberfl\u00e4che Muster jedes Waschbecken ist zart und gleichm\u00e4\u00dfig und zeigt eine schlanke Textur-Effekt, bietet neue k\u00fcnstlerische Gef\u00fchle f\u00fcr das Bad.<\/li>\n\n\n\n<li><strong>Kostenoptimierung:<\/strong>\u00a0Unsere Gro\u00dfhandelswaschbecken werden direkt von unserer Fabrik verkauft, so dass Sie in den Genuss hochwertiger Produkte kommen und gleichzeitig das Projektbudget einhalten und die Kosteneffizienz maximieren k\u00f6nnen.<\/li>\n<\/ul>\n<\/div>\n\n\n\n<div class=\"wp-block-column is-layout-flow wp-block-column-is-layout-flow\">\n<figure class=\"wp-block-image size-full\"><img fetchpriority=\"high\" decoding=\"async\" width=\"800\" height=\"1061\" src=\"https:\/\/www.ceramicbasin.com\/wp-content\/uploads\/2025\/04\/Ceramic-Basin-Manufacturer-Marble-color-washbasin-sinks-5.webp\" alt=\"Marmor Farbe benutzerdefinierte Gef\u00e4\u00df Waschbecken, Gro\u00dfhandel Eitelkeit Waschbecken-1\" class=\"wp-image-6654\" srcset=\"https:\/\/www.ceramicbasin.com\/wp-content\/uploads\/2025\/04\/Ceramic-Basin-Manufacturer-Marble-color-washbasin-sinks-5.webp 800w, https:\/\/www.ceramicbasin.com\/wp-content\/uploads\/2025\/04\/Ceramic-Basin-Manufacturer-Marble-color-washbasin-sinks-5-226x300.webp 226w, https:\/\/www.ceramicbasin.com\/wp-content\/uploads\/2025\/04\/Ceramic-Basin-Manufacturer-Marble-color-washbasin-sinks-5-768x1019.webp 768w, https:\/\/www.ceramicbasin.com\/wp-content\/uploads\/2025\/04\/Ceramic-Basin-Manufacturer-Marble-color-washbasin-sinks-5-9x12.webp 9w, https:\/\/www.ceramicbasin.com\/wp-content\/uploads\/2025\/04\/Ceramic-Basin-Manufacturer-Marble-color-washbasin-sinks-5-285x378.webp 285w, https:\/\/www.ceramicbasin.com\/wp-content\/uploads\/2025\/04\/Ceramic-Basin-Manufacturer-Marble-color-washbasin-sinks-5-498x660.webp 498w, https:\/\/www.ceramicbasin.com\/wp-content\/uploads\/2025\/04\/Ceramic-Basin-Manufacturer-Marble-color-washbasin-sinks-5-113x150.webp 113w\" sizes=\"(max-width: 800px) 100vw, 800px\" \/><\/figure>\n<\/div>\n<\/div>","protected":false},"excerpt":{"rendered":"<p>Willkommen auf ma\u00dfgeschneiderte Gef\u00e4\u00df Waschbecken kaufen. Unsere Marmor Farbe Gro\u00dfhandel Eitelkeit Waschbecken verwenden Wasser-Transfer-Technologie, um genau zu reproduzieren die nat\u00fcrliche Textur und Farbe des Marmors, so dass jedes Becken zeigt eine einzigartige Stein Sch\u00f6nheit. Normalerweise m\u00fcssen Sie nur sanft mit gew\u00f6hnlichem Reinigungsmittel abwischen, um das Waschbecken sauber und hell zu halten, um Ihren Komfort bei der Verwendung zu erleichtern.<\/p>\n<table style=\"border-collapse: collapse; width: 358.52pt;\" border=\"0\" width=\"478\" cellspacing=\"0\" cellpadding=\"0\">\n<tbody>\n<tr style=\"height: 17.25pt;\">\n<td class=\"et3\" style=\"height: 17.25pt; width: 125.00pt;\" width=\"166\" height=\"23\">Hersteller<\/td>\n<td class=\"et3\" style=\"width: 234.15pt;\" width=\"312\">HanYu<\/td>\n<\/tr>\n<tr style=\"height: 17.25pt;\">\n<td class=\"et3\" style=\"height: 17.25pt;\" height=\"23\">Modell Nr.<\/td>\n<td class=\"et4\">HY-8064-55D104<\/td>\n<\/tr>\n<tr style=\"height: 17.25pt;\">\n<td class=\"et3\" style=\"height: 17.25pt;\" height=\"23\">Typ<\/td>\n<td class=\"et5\" style=\"width: 234.15pt;\" width=\"312\">Marmorsp\u00fclen<\/td>\n<\/tr>\n<tr style=\"height: 18.00pt;\">\n<td class=\"et3\" style=\"height: 18.00pt;\" height=\"24\">Form<\/td>\n<td class=\"et3\">Rectanglue Form<\/td>\n<\/tr>\n<tr style=\"height: 34.50pt;\">\n<td class=\"et4\" style=\"height: 34.50pt;\" height=\"46\">Farbe<\/td>\n<td class=\"et5\" style=\"width: 234.15pt;\" width=\"312\">schwarz\/wei\u00df\/blau\/grau\/rosa\/gr\u00fcn\/braun\/khaki<\/td>\n<\/tr>\n<tr style=\"height: 18.00pt;\">\n<td class=\"et3\" style=\"height: 18.00pt;\" height=\"24\">Dimension<\/td>\n<td class=\"et5\" style=\"width: 234.15pt;\" width=\"312\">55*38*11<\/td>\n<\/tr>\n<tr style=\"height: 17.25pt;\">\n<td class=\"et3\" style=\"height: 17.25pt;\" height=\"23\">N.W \/SET<\/td>\n<td class=\"et3\">9KGS\/PCS<\/td>\n<\/tr>\n<tr style=\"height: 17.25pt;\">\n<td class=\"et3\" style=\"height: 17.25pt;\" height=\"23\">MOQ<\/td>\n<td class=\"et3\">20St\u00fcck<\/td>\n<\/tr>\n<tr style=\"height: 17.25pt;\">\n<td class=\"et3\" style=\"height: 17.25pt;\" height=\"23\">Benutzerdefinierte Option<\/td>\n<td class=\"et3\">Farbe\/Muster\/Gr\u00f6\u00dfe\/Logo\/Verpackung<\/td>\n<\/tr>\n<\/tbody>\n<\/table>","protected":false},"featured_media":6653,"comment_status":"closed","ping_status":"closed","template":"","meta":{"_acf_changed":false},"product_brand":[],"product_cat":[54,50],"product_tag":[],"class_list":{"0":"post-6667","1":"product","2":"type-product","3":"status-publish","4":"has-post-thumbnail","6":"product_cat-wholesale-marble-sinks","7":"product_cat-wholesale-countertop-sinks","9":"first","10":"instock","11":"shipping-taxable","12":"product-type-simple"},"acf":[],"_links":{"self":[{"href":"https:\/\/www.ceramicbasin.com\/de\/wp-json\/wp\/v2\/product\/6667","targetHints":{"allow":["GET"]}}],"collection":[{"href":"https:\/\/www.ceramicbasin.com\/de\/wp-json\/wp\/v2\/product"}],"about":[{"href":"https:\/\/www.ceramicbasin.com\/de\/wp-json\/wp\/v2\/types\/product"}],"replies":[{"embeddable":true,"href":"https:\/\/www.ceramicbasin.com\/de\/wp-json\/wp\/v2\/comments?post=6667"}],"wp:featuredmedia":[{"embeddable":true,"href":"https:\/\/www.ceramicbasin.com\/de\/wp-json\/wp\/v2\/media\/6653"}],"wp:attachment":[{"href":"https:\/\/www.ceramicbasin.com\/de\/wp-json\/wp\/v2\/media?parent=6667"}],"wp:term":[{"taxonomy":"product_brand","embeddable":true,"href":"https:\/\/www.ceramicbasin.com\/de\/wp-json\/wp\/v2\/product_brand?post=6667"},{"taxonomy":"product_cat","embeddable":true,"href":"https:\/\/www.ceramicbasin.com\/de\/wp-json\/wp\/v2\/product_cat?post=6667"},{"taxonomy":"product_tag","embeddable":true,"href":"https:\/\/www.ceramicbasin.com\/de\/wp-json\/wp\/v2\/product_tag?post=6667"}],"curies":[{"name":"wp","href":"https:\/\/api.w.org\/{rel}","templated":true}]}}