{"id":6668,"date":"2025-04-25T03:28:12","date_gmt":"2025-04-25T03:28:12","guid":{"rendered":"https:\/\/www.ceramicbasin.com\/?post_type=product&#038;p=6668"},"modified":"2025-04-25T03:28:14","modified_gmt":"2025-04-25T03:28:14","slug":"wholesale-counter-top-basin","status":"publish","type":"product","link":"https:\/\/www.ceramicbasin.com\/de\/produkt\/wholesale-counter-top-basin\/","title":{"rendered":"Gro\u00dfhandel Z\u00e4hler oben Waschbecken, moderne benutzerdefinierte Badezimmer Waschbecken"},"content":{"rendered":"<div class=\"wp-block-columns is-layout-flex wp-container-core-columns-is-layout-9d6595d7 wp-block-columns-is-layout-flex\">\n<div class=\"wp-block-column is-layout-flow wp-block-column-is-layout-flow\">\n<h2 class=\"wp-block-heading\">Premium-Gro\u00dfhandel Counter-Top-Becken Features:<\/h2>\n\n\n\n<ul class=\"wp-block-list\">\n<li><strong>Anpassbare Optionen:\u00a0<\/strong>Unsere Gro\u00dfhandelsbecken sind in verschiedenen Farben und Oberfl\u00e4chenausf\u00fchrungen erh\u00e4ltlich und k\u00f6nnen individuell verpackt werden, so dass Sie das Produkt an Ihre spezifischen Marken- und Marktanforderungen anpassen k\u00f6nnen.<\/li>\n\n\n\n<li><strong>Farbenfroh:\u00a0<\/strong>Die Farbe unserer ma\u00dfgefertigten Waschbecken wird durch die Wassertransfermethode aus einem normalen, strahlend wei\u00dfen Becken hergestellt und ist \u00e4u\u00dferst h\u00fcbsch und haltbar. Wir haben mehr als 100 Farben und Muster zur Verf\u00fcgung f\u00fcr Sie zu w\u00e4hlen. Und alle Waschbecken Gro\u00dfhandel Designs k\u00f6nnen mit Farbe und Textur angepasst werden.<\/li>\n\n\n\n<li><strong>Langlebig:\u00a0<\/strong>F\u00fcr unsere Gro\u00dfhandelsbecken werden hochwertige keramische Materialien verwendet, die eine hohe Korrosions- und Verschlei\u00dfbest\u00e4ndigkeit sowie eine lange Lebensdauer gew\u00e4hrleisten.<\/li>\n\n\n\n<li><strong>Innovatives Design:\u00a0<\/strong>Das einzigartige Design dieses individuellen Waschbeckens sieht nicht nur atemberaubend aus, sondern l\u00e4sst sich auch harmonisch mit verschiedenen Arten von Badezimmerdekorationen kombinieren, was den Stil des Ortes deutlich erh\u00f6ht.<\/li>\n<\/ul>\n<\/div>\n\n\n\n<div class=\"wp-block-column is-layout-flow wp-block-column-is-layout-flow\">\n<figure class=\"wp-block-image size-full is-resized\"><img fetchpriority=\"high\" decoding=\"async\" width=\"800\" height=\"1142\" src=\"https:\/\/www.ceramicbasin.com\/wp-content\/uploads\/2025\/04\/Countertop-basin-wholesale-price-marble-design-wash-basin-with-tap-hole-5.webp\" alt=\"Gro\u00dfhandel Z\u00e4hler oben Waschbecken, moderne benutzerdefinierte Badezimmer Waschbecken-1\" class=\"wp-image-6649\" style=\"width:348px;height:auto\" srcset=\"https:\/\/www.ceramicbasin.com\/wp-content\/uploads\/2025\/04\/Countertop-basin-wholesale-price-marble-design-wash-basin-with-tap-hole-5.webp 800w, https:\/\/www.ceramicbasin.com\/wp-content\/uploads\/2025\/04\/Countertop-basin-wholesale-price-marble-design-wash-basin-with-tap-hole-5-210x300.webp 210w, https:\/\/www.ceramicbasin.com\/wp-content\/uploads\/2025\/04\/Countertop-basin-wholesale-price-marble-design-wash-basin-with-tap-hole-5-768x1096.webp 768w, https:\/\/www.ceramicbasin.com\/wp-content\/uploads\/2025\/04\/Countertop-basin-wholesale-price-marble-design-wash-basin-with-tap-hole-5-8x12.webp 8w, https:\/\/www.ceramicbasin.com\/wp-content\/uploads\/2025\/04\/Countertop-basin-wholesale-price-marble-design-wash-basin-with-tap-hole-5-285x407.webp 285w, https:\/\/www.ceramicbasin.com\/wp-content\/uploads\/2025\/04\/Countertop-basin-wholesale-price-marble-design-wash-basin-with-tap-hole-5-462x660.webp 462w, https:\/\/www.ceramicbasin.com\/wp-content\/uploads\/2025\/04\/Countertop-basin-wholesale-price-marble-design-wash-basin-with-tap-hole-5-105x150.webp 105w\" sizes=\"(max-width: 800px) 100vw, 800px\" \/><\/figure>\n<\/div>\n<\/div>","protected":false},"excerpt":{"rendered":"<p>Willkommen auf benutzerdefinierte Bad Waschbecken in der Masse. Unsere Gro\u00dfhandel Z\u00e4hler oben Waschbecken sind in verschiedenen Farben erh\u00e4ltlich, wir haben mehr als 100 Farben und Muster zur Auswahl. Und alle Waschbecken Gro\u00dfhandel Modelle k\u00f6nnen in Farbe und Textur angepasst werden.<\/p>\n<table style=\"border-collapse: collapse; width: 358.52pt;\" border=\"0\" width=\"478\" cellspacing=\"0\" cellpadding=\"0\">\n<tbody>\n<tr style=\"height: 17.25pt;\">\n<td class=\"et3\" style=\"height: 17.25pt; width: 125.00pt;\" width=\"166\" height=\"23\">Hersteller<\/td>\n<td class=\"et3\" style=\"width: 234.15pt;\" width=\"312\">HanYu<\/td>\n<\/tr>\n<tr style=\"height: 17.25pt;\">\n<td class=\"et3\" style=\"height: 17.25pt;\" height=\"23\">Modell Nr.<\/td>\n<td class=\"et4\">HY-8065-55D112<\/td>\n<\/tr>\n<tr style=\"height: 17.25pt;\">\n<td class=\"et3\" style=\"height: 17.25pt;\" height=\"23\">Typ<\/td>\n<td class=\"et5\" style=\"width: 234.15pt;\" width=\"312\">Marmorsp\u00fclen<\/td>\n<\/tr>\n<tr style=\"height: 18.00pt;\">\n<td class=\"et3\" style=\"height: 18.00pt;\" height=\"24\">Form<\/td>\n<td class=\"et3\">Rectanglue Form<\/td>\n<\/tr>\n<tr style=\"height: 34.50pt;\">\n<td class=\"et4\" style=\"height: 34.50pt;\" height=\"46\">Farbe<\/td>\n<td class=\"et5\" style=\"width: 234.15pt;\" width=\"312\">schwarz\/wei\u00df\/blau\/grau\/rosa\/gr\u00fcn\/braun\/khaki<\/td>\n<\/tr>\n<tr style=\"height: 18.00pt;\">\n<td class=\"et3\" style=\"height: 18.00pt;\" height=\"24\">Dimension<\/td>\n<td class=\"et5\" style=\"width: 234.15pt;\" width=\"312\">55*45*11<\/td>\n<\/tr>\n<tr style=\"height: 17.25pt;\">\n<td class=\"et3\" style=\"height: 17.25pt;\" height=\"23\">N.W \/SET<\/td>\n<td class=\"et3\">10KGS\/PCS<\/td>\n<\/tr>\n<tr style=\"height: 17.25pt;\">\n<td class=\"et3\" style=\"height: 17.25pt;\" height=\"23\">MOQ<\/td>\n<td class=\"et3\">20St\u00fcck<\/td>\n<\/tr>\n<tr style=\"height: 17.25pt;\">\n<td class=\"et3\" style=\"height: 17.25pt;\" height=\"23\">Benutzerdefinierte Option<\/td>\n<td class=\"et3\">Farbe\/Muster\/Gr\u00f6\u00dfe\/Logo\/Verpackung<\/td>\n<\/tr>\n<\/tbody>\n<\/table>","protected":false},"featured_media":6648,"comment_status":"closed","ping_status":"closed","template":"","meta":{"_acf_changed":false},"product_brand":[],"product_cat":[50,55],"product_tag":[],"class_list":{"0":"post-6668","1":"product","2":"type-product","3":"status-publish","4":"has-post-thumbnail","6":"product_cat-wholesale-countertop-sinks","7":"product_cat-wholesale-matte-sinks","9":"first","10":"instock","11":"shipping-taxable","12":"product-type-simple"},"acf":[],"_links":{"self":[{"href":"https:\/\/www.ceramicbasin.com\/de\/wp-json\/wp\/v2\/product\/6668","targetHints":{"allow":["GET"]}}],"collection":[{"href":"https:\/\/www.ceramicbasin.com\/de\/wp-json\/wp\/v2\/product"}],"about":[{"href":"https:\/\/www.ceramicbasin.com\/de\/wp-json\/wp\/v2\/types\/product"}],"replies":[{"embeddable":true,"href":"https:\/\/www.ceramicbasin.com\/de\/wp-json\/wp\/v2\/comments?post=6668"}],"wp:featuredmedia":[{"embeddable":true,"href":"https:\/\/www.ceramicbasin.com\/de\/wp-json\/wp\/v2\/media\/6648"}],"wp:attachment":[{"href":"https:\/\/www.ceramicbasin.com\/de\/wp-json\/wp\/v2\/media?parent=6668"}],"wp:term":[{"taxonomy":"product_brand","embeddable":true,"href":"https:\/\/www.ceramicbasin.com\/de\/wp-json\/wp\/v2\/product_brand?post=6668"},{"taxonomy":"product_cat","embeddable":true,"href":"https:\/\/www.ceramicbasin.com\/de\/wp-json\/wp\/v2\/product_cat?post=6668"},{"taxonomy":"product_tag","embeddable":true,"href":"https:\/\/www.ceramicbasin.com\/de\/wp-json\/wp\/v2\/product_tag?post=6668"}],"curies":[{"name":"wp","href":"https:\/\/api.w.org\/{rel}","templated":true}]}}