{"id":6696,"date":"2025-05-02T09:07:49","date_gmt":"2025-05-02T09:07:49","guid":{"rendered":"https:\/\/www.ceramicbasin.com\/?post_type=product&#038;p=6696"},"modified":"2025-09-26T07:17:17","modified_gmt":"2025-09-26T07:17:17","slug":"bathroom-countertops-custom","status":"publish","type":"product","link":"https:\/\/www.ceramicbasin.com\/de\/produkt\/bathroom-countertops-custom\/","title":{"rendered":"Wei\u00dfe ovale Badezimmer-Arbeitsplatten Custom, Waschbecken Gro\u00dfhandel"},"content":{"rendered":"<div class=\"wp-block-columns is-layout-flex wp-container-core-columns-is-layout-9d6595d7 wp-block-columns-is-layout-flex\">\n<div class=\"wp-block-column is-layout-flow wp-block-column-is-layout-flow\">\n<h2 class=\"wp-block-heading\">Premium-Badezimmer-Arbeitsplatten Benutzerdefinierte Merkmale:<\/h2>\n\n\n\n<ul class=\"wp-block-list\">\n<li><strong>Einfache Installation:<\/strong> Die f\u00fcr die Aufbaumontage konzipierten Waschbecken aus dem Gro\u00dfhandel sind einfach zu installieren und bieten eine problemlose L\u00f6sung sowohl f\u00fcr Neubauten als auch f\u00fcr Badrenovierungen.<\/li>\n\n\n\n<li><strong>Weich und zart:<\/strong> Unsere ma\u00dfgefertigten Badezimmer-Arbeitsplatten haben eine glatte und empfindliche Oberfl\u00e4che, die leicht zu reinigen ist und den Abnutzungen und Flecken des t\u00e4glichen Gebrauchs standh\u00e4lt, so dass sie lange Zeit wie neu aussehen.<\/li>\n\n\n\n<li><strong>Schnelle Lieferung:\u00a0<\/strong>Als Lieferant von Keramikwaschbecken verf\u00fcgen wir \u00fcber eine reaktionsschnelle Lieferkette, die Bestellungen schnell bearbeiten und eine rechtzeitige Lieferung von goldfarbenen Keramikwaschbecken im Gro\u00dfhandel gew\u00e4hrleisten kann.<\/li>\n\n\n\n<li><strong>Gro\u00dfe Produktionskapazit\u00e4t: <\/strong>Unser gro\u00dfes Lager enth\u00e4lt verschiedene Arten von Gro\u00dfhandel Bad Arbeitsplatten benutzerdefinierte. W\u00e4hlen Sie die Elemente, die auf die Produktion sind, haben wir genug wei\u00dfe Becken, Marmor Farbe Becken zu machen, w\u00fcrde die Versandzeit viel k\u00fcrzer sein.<\/li>\n<\/ul>\n<\/div>\n\n\n\n<div class=\"wp-block-column is-layout-flow wp-block-column-is-layout-flow\">\n<figure class=\"wp-block-image size-full\"><img fetchpriority=\"high\" decoding=\"async\" width=\"800\" height=\"800\" src=\"https:\/\/www.ceramicbasin.com\/wp-content\/uploads\/2025\/05\/counter-top-bathroom-sinks\uff0cvanity-basin-\uff0cwhite-ceramic-sink6.png\" alt=\"\" class=\"wp-image-6702\" srcset=\"https:\/\/www.ceramicbasin.com\/wp-content\/uploads\/2025\/05\/counter-top-bathroom-sinks\uff0cvanity-basin-\uff0cwhite-ceramic-sink6.png 800w, https:\/\/www.ceramicbasin.com\/wp-content\/uploads\/2025\/05\/counter-top-bathroom-sinks\uff0cvanity-basin-\uff0cwhite-ceramic-sink6-300x300.png 300w, https:\/\/www.ceramicbasin.com\/wp-content\/uploads\/2025\/05\/counter-top-bathroom-sinks\uff0cvanity-basin-\uff0cwhite-ceramic-sink6-150x150.png 150w, https:\/\/www.ceramicbasin.com\/wp-content\/uploads\/2025\/05\/counter-top-bathroom-sinks\uff0cvanity-basin-\uff0cwhite-ceramic-sink6-768x768.png 768w, https:\/\/www.ceramicbasin.com\/wp-content\/uploads\/2025\/05\/counter-top-bathroom-sinks\uff0cvanity-basin-\uff0cwhite-ceramic-sink6-12x12.png 12w, https:\/\/www.ceramicbasin.com\/wp-content\/uploads\/2025\/05\/counter-top-bathroom-sinks\uff0cvanity-basin-\uff0cwhite-ceramic-sink6-285x285.png 285w, https:\/\/www.ceramicbasin.com\/wp-content\/uploads\/2025\/05\/counter-top-bathroom-sinks\uff0cvanity-basin-\uff0cwhite-ceramic-sink6-270x270.png 270w, https:\/\/www.ceramicbasin.com\/wp-content\/uploads\/2025\/05\/counter-top-bathroom-sinks\uff0cvanity-basin-\uff0cwhite-ceramic-sink6-540x540.png 540w, https:\/\/www.ceramicbasin.com\/wp-content\/uploads\/2025\/05\/counter-top-bathroom-sinks\uff0cvanity-basin-\uff0cwhite-ceramic-sink6-660x660.png 660w\" sizes=\"(max-width: 800px) 100vw, 800px\" \/><\/figure>\n<\/div>\n<\/div>\n\n\n\n<p><\/p>","protected":false},"excerpt":{"rendered":"<p>Willkommen in unserem Bad Arbeitsplatten benutzerdefinierte kaufen. Diese gro\u00dfen Lagerh\u00e4user enthalten verschiedene Arten von Waschbecken Gro\u00dfhandel. W\u00e4hlen Sie die Elemente, die auf die Produktion sind, haben wir genug wei\u00dfe Becken, Marmor Farbe Becken zu machen, w\u00fcrde die Versandzeit viel k\u00fcrzer sein.<\/p>\n<table style=\"border-collapse: collapse; width: 358.52pt;\" border=\"0\" width=\"478\" cellspacing=\"0\" cellpadding=\"0\">\n<tbody>\n<tr style=\"height: 17.25pt;\">\n<td class=\"et3\" style=\"height: 17.25pt; width: 125.00pt;\" width=\"166\" height=\"23\">Hersteller<\/td>\n<td class=\"et3\" style=\"width: 234.15pt;\" width=\"312\">HanYu<\/td>\n<\/tr>\n<tr style=\"height: 17.25pt;\">\n<td class=\"et3\" style=\"height: 17.25pt;\" height=\"23\">Modell Nr.<\/td>\n<td class=\"et4\">HY-8206A<\/td>\n<\/tr>\n<tr style=\"height: 17.25pt;\">\n<td class=\"et3\" style=\"height: 17.25pt;\" height=\"23\">Typ<\/td>\n<td class=\"et5\" style=\"width: 234.15pt;\" width=\"312\">Arbeitsplatten-Sp\u00fclbecken<\/td>\n<\/tr>\n<tr style=\"height: 18.00pt;\">\n<td class=\"et3\" style=\"height: 18.00pt;\" height=\"24\">Form<\/td>\n<td class=\"et3\">Ovale Form<\/td>\n<\/tr>\n<tr style=\"height: 34.50pt;\">\n<td class=\"et4\" style=\"height: 34.50pt;\" height=\"46\">Farbe<\/td>\n<td class=\"et5\" style=\"width: 234.15pt;\" width=\"312\">schwarz\/wei\u00df\/blau\/grau\/rosa\/gr\u00fcn\/braun\/khaki<\/td>\n<\/tr>\n<tr style=\"height: 18.00pt;\">\n<td class=\"et3\" style=\"height: 18.00pt;\" height=\"24\">Dimension<\/td>\n<td class=\"et5\" style=\"width: 234.15pt;\" width=\"312\">61*34.5*13<\/td>\n<\/tr>\n<tr style=\"height: 17.25pt;\">\n<td class=\"et3\" style=\"height: 17.25pt;\" height=\"23\">N.W \/SET<\/td>\n<td class=\"et3\">15KGS\/PCS<\/td>\n<\/tr>\n<tr style=\"height: 17.25pt;\">\n<td class=\"et3\" style=\"height: 17.25pt;\" height=\"23\">MOQ<\/td>\n<td class=\"et3\">20St\u00fcck<\/td>\n<\/tr>\n<tr style=\"height: 17.25pt;\">\n<td class=\"et3\" style=\"height: 17.25pt;\" height=\"23\">Benutzerdefinierte Option<\/td>\n<td class=\"et3\">Farbe\/Muster\/Gr\u00f6\u00dfe\/Logo\/Verpackung<\/td>\n<\/tr>\n<\/tbody>\n<\/table>","protected":false},"featured_media":6700,"comment_status":"closed","ping_status":"closed","template":"","meta":{"_acf_changed":false},"product_brand":[],"product_cat":[50],"product_tag":[],"class_list":{"0":"post-6696","1":"product","2":"type-product","3":"status-publish","4":"has-post-thumbnail","6":"product_cat-wholesale-countertop-sinks","8":"first","9":"instock","10":"shipping-taxable","11":"product-type-simple"},"acf":[],"_links":{"self":[{"href":"https:\/\/www.ceramicbasin.com\/de\/wp-json\/wp\/v2\/product\/6696","targetHints":{"allow":["GET"]}}],"collection":[{"href":"https:\/\/www.ceramicbasin.com\/de\/wp-json\/wp\/v2\/product"}],"about":[{"href":"https:\/\/www.ceramicbasin.com\/de\/wp-json\/wp\/v2\/types\/product"}],"replies":[{"embeddable":true,"href":"https:\/\/www.ceramicbasin.com\/de\/wp-json\/wp\/v2\/comments?post=6696"}],"wp:featuredmedia":[{"embeddable":true,"href":"https:\/\/www.ceramicbasin.com\/de\/wp-json\/wp\/v2\/media\/6700"}],"wp:attachment":[{"href":"https:\/\/www.ceramicbasin.com\/de\/wp-json\/wp\/v2\/media?parent=6696"}],"wp:term":[{"taxonomy":"product_brand","embeddable":true,"href":"https:\/\/www.ceramicbasin.com\/de\/wp-json\/wp\/v2\/product_brand?post=6696"},{"taxonomy":"product_cat","embeddable":true,"href":"https:\/\/www.ceramicbasin.com\/de\/wp-json\/wp\/v2\/product_cat?post=6696"},{"taxonomy":"product_tag","embeddable":true,"href":"https:\/\/www.ceramicbasin.com\/de\/wp-json\/wp\/v2\/product_tag?post=6696"}],"curies":[{"name":"wp","href":"https:\/\/api.w.org\/{rel}","templated":true}]}}