{"id":6703,"date":"2025-05-02T09:33:54","date_gmt":"2025-05-02T09:33:54","guid":{"rendered":"https:\/\/www.ceramicbasin.com\/?post_type=product&#038;p=6703"},"modified":"2025-11-05T03:34:16","modified_gmt":"2025-11-05T03:34:16","slug":"custom-porcelain-bathroom-sinks","status":"publish","type":"product","link":"https:\/\/www.ceramicbasin.com\/de\/produkt\/custom-porcelain-bathroom-sinks\/","title":{"rendered":"Benutzerdefinierte Porzellan Bad Waschbecken, Arbeitsplatte Waschbecken Gro\u00dfhandel"},"content":{"rendered":"<div class=\"wp-block-columns is-layout-flex wp-container-core-columns-is-layout-9d6595d7 wp-block-columns-is-layout-flex\">\n<div class=\"wp-block-column is-layout-flow wp-block-column-is-layout-flow\">\n<h2 class=\"wp-block-heading\">Premium Custom Porzellan Badezimmer Waschbecken Merkmale:<\/h2>\n\n\n\n<ul class=\"wp-block-list\">\n<li><strong>Leicht zu reinigende Glasurbehandlung:\u00a0<\/strong>Die Oberfl\u00e4che dieser Arbeitsplatten-Sp\u00fclbecken in loser Sch\u00fcttung ist mit einer speziellen, leicht zu reinigenden Glasur versehen, die glatt und empfindlich ist, so dass Flecken nicht so leicht anhaften und leicht zu reinigen sind.<\/li>\n\n\n\n<li><strong>Hei\u00dfer Verkauf: <\/strong>Diese ma\u00dfgefertigten Porzellanwaschbecken werden vom Markt gut angenommen, weil sie langlebig sind, eine einheitliche Farbe haben, leicht zu reinigen und zu pflegen sind und ein gutes Preis-Leistungs-Verh\u00e4ltnis bieten.<\/li>\n\n\n\n<li><strong>Elegantes Design: <\/strong>Unsere Aufsatzwaschbecken in loser Sch\u00fcttung verleihen jedem Badezimmer Eleganz und Modernit\u00e4t und sind ein stilvoller Blickfang.<\/li>\n\n\n\n<li><strong>Kosteng\u00fcnstig:<\/strong>\u00a0Wir bieten g\u00fcnstigere Preise f\u00fcr kundenspezifische Porzellan-Waschbecken f\u00fcr das Badezimmer an, d.h. hohe Qualit\u00e4t, aber immer noch zu einem vern\u00fcnftigen Preis, damit Sie bei gro\u00dfen Projekten Kosten sparen k\u00f6nnen.<\/li>\n<\/ul>\n<\/div>\n\n\n\n<div class=\"wp-block-column is-layout-flow wp-block-column-is-layout-flow\">\n<figure class=\"wp-block-image size-full\"><img fetchpriority=\"high\" decoding=\"async\" width=\"800\" height=\"800\" src=\"https:\/\/www.ceramicbasin.com\/wp-content\/uploads\/2025\/05\/vessel-sinks-bathroom\uff0cwashroom-sink\uff0cbathroom-sink-above-counter6.png\" alt=\"hot-sale-benutzerdefinierte-porzellan-badezimmer-waschbecken-wei\u00df-oval-form-aufsatzwaschbecken-im-bulk-1\" class=\"wp-image-6709\" srcset=\"https:\/\/www.ceramicbasin.com\/wp-content\/uploads\/2025\/05\/vessel-sinks-bathroom\uff0cwashroom-sink\uff0cbathroom-sink-above-counter6.png 800w, https:\/\/www.ceramicbasin.com\/wp-content\/uploads\/2025\/05\/vessel-sinks-bathroom\uff0cwashroom-sink\uff0cbathroom-sink-above-counter6-300x300.png 300w, https:\/\/www.ceramicbasin.com\/wp-content\/uploads\/2025\/05\/vessel-sinks-bathroom\uff0cwashroom-sink\uff0cbathroom-sink-above-counter6-150x150.png 150w, https:\/\/www.ceramicbasin.com\/wp-content\/uploads\/2025\/05\/vessel-sinks-bathroom\uff0cwashroom-sink\uff0cbathroom-sink-above-counter6-768x768.png 768w, https:\/\/www.ceramicbasin.com\/wp-content\/uploads\/2025\/05\/vessel-sinks-bathroom\uff0cwashroom-sink\uff0cbathroom-sink-above-counter6-12x12.png 12w, https:\/\/www.ceramicbasin.com\/wp-content\/uploads\/2025\/05\/vessel-sinks-bathroom\uff0cwashroom-sink\uff0cbathroom-sink-above-counter6-285x285.png 285w, https:\/\/www.ceramicbasin.com\/wp-content\/uploads\/2025\/05\/vessel-sinks-bathroom\uff0cwashroom-sink\uff0cbathroom-sink-above-counter6-270x270.png 270w, https:\/\/www.ceramicbasin.com\/wp-content\/uploads\/2025\/05\/vessel-sinks-bathroom\uff0cwashroom-sink\uff0cbathroom-sink-above-counter6-540x540.png 540w, https:\/\/www.ceramicbasin.com\/wp-content\/uploads\/2025\/05\/vessel-sinks-bathroom\uff0cwashroom-sink\uff0cbathroom-sink-above-counter6-660x660.png 660w\" sizes=\"(max-width: 800px) 100vw, 800px\" \/><\/figure>\n<\/div>\n<\/div>\n\n\n\n<p><\/p>","protected":false},"excerpt":{"rendered":"<p>Willkommen zum Kauf unserer Waschbecken in gro\u00dfen Mengen. Diese benutzerdefinierte Porzellan Bad Waschbecken sind auf dem Markt sehr beliebt, weil sie langlebig sind, haben eine stabile Farbe, sind leicht zu reinigen und zu pflegen, und bieten ein gutes Preis-Leistungs-Verh\u00e4ltnis. Als Anbieter von Keramikwaschbecken verf\u00fcgen wir \u00fcber eine reaktionsschnelle Lieferkette, die Bestellungen schnell bearbeiten und Goldfinish-Waschbecken im Gro\u00dfhandel p\u00fcnktlich versenden kann.<\/p>\n<table style=\"border-collapse: collapse; width: 358.52pt;\" border=\"0\" width=\"478\" cellspacing=\"0\" cellpadding=\"0\">\n<tbody>\n<tr style=\"height: 17.25pt;\">\n<td class=\"et3\" style=\"height: 17.25pt; width: 125.00pt;\" width=\"166\" height=\"23\">Hersteller<\/td>\n<td class=\"et3\" style=\"width: 234.15pt;\" width=\"312\">HanYu<\/td>\n<\/tr>\n<tr style=\"height: 17.25pt;\">\n<td class=\"et3\" style=\"height: 17.25pt;\" height=\"23\">Modell Nr.<\/td>\n<td class=\"et4\">HY-8246<\/td>\n<\/tr>\n<tr style=\"height: 17.25pt;\">\n<td class=\"et3\" style=\"height: 17.25pt;\" height=\"23\">Typ<\/td>\n<td class=\"et5\" style=\"width: 234.15pt;\" width=\"312\">Arbeitsplatten-Sp\u00fclbecken<\/td>\n<\/tr>\n<tr style=\"height: 18.00pt;\">\n<td class=\"et3\" style=\"height: 18.00pt;\" height=\"24\">Form<\/td>\n<td class=\"et3\">Ovale Form<\/td>\n<\/tr>\n<tr style=\"height: 34.50pt;\">\n<td class=\"et4\" style=\"height: 34.50pt;\" height=\"46\">Farbe<\/td>\n<td class=\"et5\" style=\"width: 234.15pt;\" width=\"312\">schwarz\/wei\u00df\/blau\/grau\/rosa\/gr\u00fcn\/braun\/khaki<\/td>\n<\/tr>\n<tr style=\"height: 18.00pt;\">\n<td class=\"et3\" style=\"height: 18.00pt;\" height=\"24\">Dimension<\/td>\n<td class=\"et5\" style=\"width: 234.15pt;\" width=\"312\">51*39*20<\/td>\n<\/tr>\n<tr style=\"height: 17.25pt;\">\n<td class=\"et3\" style=\"height: 17.25pt;\" height=\"23\">N.W \/SET<\/td>\n<td class=\"et3\">12KGS\/PCS<\/td>\n<\/tr>\n<tr style=\"height: 17.25pt;\">\n<td class=\"et3\" style=\"height: 17.25pt;\" height=\"23\">MOQ<\/td>\n<td class=\"et3\">20St\u00fcck<\/td>\n<\/tr>\n<tr style=\"height: 17.25pt;\">\n<td class=\"et3\" style=\"height: 17.25pt;\" height=\"23\">Benutzerdefinierte Option<\/td>\n<td class=\"et3\">Farbe\/Muster\/Gr\u00f6\u00dfe\/Logo\/Verpackung<\/td>\n<\/tr>\n<\/tbody>\n<\/table>","protected":false},"featured_media":6707,"comment_status":"closed","ping_status":"closed","template":"","meta":{"_acf_changed":false},"product_brand":[],"product_cat":[50],"product_tag":[],"class_list":{"0":"post-6703","1":"product","2":"type-product","3":"status-publish","4":"has-post-thumbnail","6":"product_cat-wholesale-countertop-sinks","8":"first","9":"instock","10":"shipping-taxable","11":"product-type-simple"},"acf":[],"_links":{"self":[{"href":"https:\/\/www.ceramicbasin.com\/de\/wp-json\/wp\/v2\/product\/6703","targetHints":{"allow":["GET"]}}],"collection":[{"href":"https:\/\/www.ceramicbasin.com\/de\/wp-json\/wp\/v2\/product"}],"about":[{"href":"https:\/\/www.ceramicbasin.com\/de\/wp-json\/wp\/v2\/types\/product"}],"replies":[{"embeddable":true,"href":"https:\/\/www.ceramicbasin.com\/de\/wp-json\/wp\/v2\/comments?post=6703"}],"wp:featuredmedia":[{"embeddable":true,"href":"https:\/\/www.ceramicbasin.com\/de\/wp-json\/wp\/v2\/media\/6707"}],"wp:attachment":[{"href":"https:\/\/www.ceramicbasin.com\/de\/wp-json\/wp\/v2\/media?parent=6703"}],"wp:term":[{"taxonomy":"product_brand","embeddable":true,"href":"https:\/\/www.ceramicbasin.com\/de\/wp-json\/wp\/v2\/product_brand?post=6703"},{"taxonomy":"product_cat","embeddable":true,"href":"https:\/\/www.ceramicbasin.com\/de\/wp-json\/wp\/v2\/product_cat?post=6703"},{"taxonomy":"product_tag","embeddable":true,"href":"https:\/\/www.ceramicbasin.com\/de\/wp-json\/wp\/v2\/product_tag?post=6703"}],"curies":[{"name":"wp","href":"https:\/\/api.w.org\/{rel}","templated":true}]}}