{"id":6742,"date":"2025-05-09T09:53:19","date_gmt":"2025-05-09T09:53:19","guid":{"rendered":"https:\/\/www.ceramicbasin.com\/?post_type=product&#038;p=6742"},"modified":"2025-05-09T09:53:22","modified_gmt":"2025-05-09T09:53:22","slug":"wholesale-ceramic-sink","status":"publish","type":"product","link":"https:\/\/www.ceramicbasin.com\/de\/produkt\/wholesale-ceramic-sink\/","title":{"rendered":"Silber geb\u00fcrstet Gro\u00dfhandel keramische Waschbecken, Counter Vessel Sinks"},"content":{"rendered":"<div class=\"wp-block-columns is-layout-flex wp-container-core-columns-is-layout-9d6595d7 wp-block-columns-is-layout-flex\">\n<div class=\"wp-block-column is-layout-flow wp-block-column-is-layout-flow\">\n<h2 class=\"wp-block-heading\">Premium Silber Gro\u00dfhandel keramischen Waschbecken Features:<\/h2>\n\n\n\n<ul class=\"wp-block-list\">\n<li><strong>Geb\u00fcrstetes Silber, hochwertige Textur: <\/strong>Die Oberfl\u00e4che dieses Keramikwaschbeckens aus dem Gro\u00dfhandel ist mit einem geb\u00fcrsteten Metalleffekt behandelt und hat einen neuen silbergrauen Glanz, der den modernen Stil sehr gut zur Geltung bringt und f\u00fcr luxuri\u00f6se Badezimmer geeignet ist.<\/li>\n\n\n\n<li><strong>Keramisches Material, schmutzabweisend und leicht zu reinigen: <\/strong>Unsere Gef\u00e4\u00dfsp\u00fclen f\u00fcr den Gro\u00dfhandel bestehen aus bei hoher Temperatur gebrannter Keramik mit einer dichten und gleichm\u00e4\u00dfigen Oberfl\u00e4che, die nicht schmutzempfindlich ist und sich t\u00e4glich leicht reinigen l\u00e4sst.<\/li>\n\n\n\n<li><strong>Arbeitsplatten-Design, einfache Installation: <\/strong>Das Aufsatzbecken dieses Gro\u00dfhandels-Keramikwaschbeckens hat eine einfache Struktur und eine flexible Installation, die f\u00fcr eine Vielzahl von Badezimmer-Arbeitsplatten und Raumaufteilungen geeignet ist.<\/li>\n\n\n\n<li><strong>Es sind verschiedene Gr\u00f6\u00dfen erh\u00e4ltlich, die eine individuelle Anpassung unterst\u00fctzen: <\/strong>Wir bieten Gro\u00dfhandel Gef\u00e4\u00df Waschbecken mit verschiedenen Spezifikationen und Gr\u00f6\u00dfen, um Projektanforderungen zu erf\u00fcllen, und kann durch OEM \/ ODM nach Kundenwunsch angepasst werden.<\/li>\n<\/ul>\n<\/div>\n\n\n\n<div class=\"wp-block-column is-layout-flow wp-block-column-is-layout-flow\">\n<figure class=\"wp-block-image size-full\"><img fetchpriority=\"high\" decoding=\"async\" width=\"1024\" height=\"1024\" src=\"https:\/\/www.ceramicbasin.com\/wp-content\/uploads\/2025\/05\/Electroplated-Silver-Brushed-Hand-Washbasin-Sink-Supplier-5.webp\" alt=\"Silber geb\u00fcrstet Gro\u00dfhandel Keramik Waschbecken, Counter Vessel Sinks-1\" class=\"wp-image-6747\" srcset=\"https:\/\/www.ceramicbasin.com\/wp-content\/uploads\/2025\/05\/Electroplated-Silver-Brushed-Hand-Washbasin-Sink-Supplier-5.webp 1024w, https:\/\/www.ceramicbasin.com\/wp-content\/uploads\/2025\/05\/Electroplated-Silver-Brushed-Hand-Washbasin-Sink-Supplier-5-300x300.webp 300w, https:\/\/www.ceramicbasin.com\/wp-content\/uploads\/2025\/05\/Electroplated-Silver-Brushed-Hand-Washbasin-Sink-Supplier-5-150x150.webp 150w, https:\/\/www.ceramicbasin.com\/wp-content\/uploads\/2025\/05\/Electroplated-Silver-Brushed-Hand-Washbasin-Sink-Supplier-5-768x768.webp 768w, https:\/\/www.ceramicbasin.com\/wp-content\/uploads\/2025\/05\/Electroplated-Silver-Brushed-Hand-Washbasin-Sink-Supplier-5-12x12.webp 12w, https:\/\/www.ceramicbasin.com\/wp-content\/uploads\/2025\/05\/Electroplated-Silver-Brushed-Hand-Washbasin-Sink-Supplier-5-285x285.webp 285w, https:\/\/www.ceramicbasin.com\/wp-content\/uploads\/2025\/05\/Electroplated-Silver-Brushed-Hand-Washbasin-Sink-Supplier-5-270x270.webp 270w, https:\/\/www.ceramicbasin.com\/wp-content\/uploads\/2025\/05\/Electroplated-Silver-Brushed-Hand-Washbasin-Sink-Supplier-5-540x540.webp 540w, https:\/\/www.ceramicbasin.com\/wp-content\/uploads\/2025\/05\/Electroplated-Silver-Brushed-Hand-Washbasin-Sink-Supplier-5-660x660.webp 660w\" sizes=\"(max-width: 1024px) 100vw, 1024px\" \/><\/figure>\n<\/div>\n<\/div>","protected":false},"excerpt":{"rendered":"<p>Willkommen im Gro\u00dfhandel Gef\u00e4\u00df Waschbecken zu kaufen. Diese Silber geb\u00fcrstet Gro\u00dfhandel Keramik Waschbecken f\u00fcgt exquisite Sch\u00f6nheit, um das Bad Raum mit seinem modernen Design und High-End-geb\u00fcrstet Textur. Das Material ist langlebig und leicht zu pflegen, geeignet f\u00fcr Gro\u00dfeink\u00e4ufe von verschiedenen kommerziellen und Haushaltsprojekte.<\/p>\n<table style=\"border-collapse: collapse; width: 311.02pt;\" border=\"0\" width=\"311\" cellspacing=\"0\" cellpadding=\"0\">\n<tbody>\n<tr style=\"height: 17.60pt;\">\n<td class=\"et3\" style=\"height: 17.60pt; width: 108.35pt;\" width=\"108\" height=\"17\">Hersteller<\/td>\n<td class=\"et3\" style=\"width: 202.95pt;\" width=\"202\">HanYu<\/td>\n<\/tr>\n<tr style=\"height: 17.60pt;\">\n<td class=\"et3\" style=\"height: 17.60pt;\" height=\"17\">Modell Nr.<\/td>\n<td class=\"et4\">HY-8020SS<\/td>\n<\/tr>\n<tr style=\"height: 36.00pt;\">\n<td class=\"et3\" style=\"height: 36.00pt;\" height=\"36\">Typ<\/td>\n<td class=\"et5\" style=\"width: 202.95pt;\" width=\"202\">Galvanisiertes Becken, Aufsatzbecken<\/td>\n<\/tr>\n<tr style=\"height: 17.60pt;\">\n<td class=\"et3\" style=\"height: 17.60pt;\" height=\"17\">Form<\/td>\n<td class=\"et3\">Quadratische Form<\/td>\n<\/tr>\n<tr style=\"height: 18.00pt;\">\n<td class=\"et4\" style=\"height: 18.00pt;\" height=\"18\">Farbe<\/td>\n<td class=\"et5\" style=\"width: 202.95pt;\" width=\"202\">Wei\u00df + Silber geb\u00fcrstet<\/td>\n<\/tr>\n<tr style=\"height: 18.00pt;\">\n<td class=\"et3\" style=\"height: 18.00pt;\" height=\"18\">Dimension<\/td>\n<td class=\"et5\" style=\"width: 202.95pt;\" width=\"202\">42*42*14<\/td>\n<\/tr>\n<tr style=\"height: 17.60pt;\">\n<td class=\"et3\" style=\"height: 17.60pt;\" height=\"17\">N.W \/SET<\/td>\n<td class=\"et3\">8KGS\/PCS<\/td>\n<\/tr>\n<tr style=\"height: 17.60pt;\">\n<td class=\"et3\" style=\"height: 17.60pt;\" height=\"17\">MOQ<\/td>\n<td class=\"et3\">20St\u00fcck<\/td>\n<\/tr>\n<tr style=\"height: 17.60pt;\">\n<td class=\"et3\" style=\"height: 17.60pt;\" height=\"17\">Benutzerdefinierte Option<\/td>\n<td class=\"et3\">Farbe\/Muster\/Gr\u00f6\u00dfe\/Logo\/Verpackung<\/td>\n<\/tr>\n<\/tbody>\n<\/table>","protected":false},"featured_media":6746,"comment_status":"closed","ping_status":"closed","template":"","meta":{"_acf_changed":false},"product_brand":[],"product_cat":[50,53],"product_tag":[],"class_list":{"0":"post-6742","1":"product","2":"type-product","3":"status-publish","4":"has-post-thumbnail","6":"product_cat-wholesale-countertop-sinks","7":"product_cat-electroplated-bathroom-sinks","9":"first","10":"instock","11":"shipping-taxable","12":"product-type-simple"},"acf":[],"_links":{"self":[{"href":"https:\/\/www.ceramicbasin.com\/de\/wp-json\/wp\/v2\/product\/6742","targetHints":{"allow":["GET"]}}],"collection":[{"href":"https:\/\/www.ceramicbasin.com\/de\/wp-json\/wp\/v2\/product"}],"about":[{"href":"https:\/\/www.ceramicbasin.com\/de\/wp-json\/wp\/v2\/types\/product"}],"replies":[{"embeddable":true,"href":"https:\/\/www.ceramicbasin.com\/de\/wp-json\/wp\/v2\/comments?post=6742"}],"wp:featuredmedia":[{"embeddable":true,"href":"https:\/\/www.ceramicbasin.com\/de\/wp-json\/wp\/v2\/media\/6746"}],"wp:attachment":[{"href":"https:\/\/www.ceramicbasin.com\/de\/wp-json\/wp\/v2\/media?parent=6742"}],"wp:term":[{"taxonomy":"product_brand","embeddable":true,"href":"https:\/\/www.ceramicbasin.com\/de\/wp-json\/wp\/v2\/product_brand?post=6742"},{"taxonomy":"product_cat","embeddable":true,"href":"https:\/\/www.ceramicbasin.com\/de\/wp-json\/wp\/v2\/product_cat?post=6742"},{"taxonomy":"product_tag","embeddable":true,"href":"https:\/\/www.ceramicbasin.com\/de\/wp-json\/wp\/v2\/product_tag?post=6742"}],"curies":[{"name":"wp","href":"https:\/\/api.w.org\/{rel}","templated":true}]}}