{"id":6749,"date":"2025-05-09T10:10:29","date_gmt":"2025-05-09T10:10:29","guid":{"rendered":"https:\/\/www.ceramicbasin.com\/?post_type=product&#038;p=6749"},"modified":"2025-05-09T10:10:31","modified_gmt":"2025-05-09T10:10:31","slug":"wholesale-ceramic-vessel-sinks","status":"publish","type":"product","link":"https:\/\/www.ceramicbasin.com\/de\/produkt\/wholesale-ceramic-vessel-sinks\/","title":{"rendered":"Gold Gro\u00dfhandel keramische Gef\u00e4\u00df Waschbecken, benutzerdefinierte quadratische Becken"},"content":{"rendered":"<div class=\"wp-block-columns is-layout-flex wp-container-core-columns-is-layout-9d6595d7 wp-block-columns-is-layout-flex\">\n<div class=\"wp-block-column is-layout-flow wp-block-column-is-layout-flow\">\n<h2 class=\"wp-block-heading\">Premium Gold Gro\u00dfhandel keramische Gef\u00e4\u00df Waschbecken Eigenschaften:<\/h2>\n\n\n\n<ul class=\"wp-block-list\">\n<li><strong>Goldene Hochglanzglasur, optischer Luxus: <\/strong>Die Oberfl\u00e4che dieser Gro\u00dfhandels-Keramikwaschbecken ist mit goldener Hochtemperaturglasur oder Galvanik behandelt und hat einen starken Glanz, der das hochwertige und einzigartige Temperament des Badezimmers zeigt.<\/li>\n\n\n\n<li><strong>Quadratisches Design, saubere Linien: <\/strong>Dieses ma\u00dfgefertigte Keramikbecken hat eine moderne und schlichte quadratische Form, eine stabile Struktur, passt zu einer Vielzahl von Arbeitsplatten und Einrichtungsstilen und ist sowohl sch\u00f6n als auch praktisch.<\/li>\n\n\n\n<li><strong>Unterst\u00fctzung der Anpassung an pers\u00f6nliche Bed\u00fcrfnisse: <\/strong>Unser Gro\u00dfhandel Keramik Gef\u00e4\u00df Waschbecken bieten ma\u00dfgeschneiderte Dienstleistungen wie Gr\u00f6\u00dfe, Farbe und Logo, geeignet f\u00fcr die Projektierung, Markenanpassung, kommerziellen Gro\u00dfhandel und andere Zwecke.<\/li>\n\n\n\n<li><strong>Keramisches Material, verschlei\u00dffest und leicht zu reinigen: <\/strong>Unsere ma\u00dfgefertigten Keramikbecken bestehen aus hochwertiger, bei hoher Temperatur gebrannter Keramik mit einer dichten und glatten Glasur, die nicht leicht verschmutzt, kratzfest und verschlei\u00dffest ist und sich leicht pflegen l\u00e4sst.<\/li>\n<\/ul>\n<\/div>\n\n\n\n<div class=\"wp-block-column is-layout-flow wp-block-column-is-layout-flow\">\n<figure class=\"wp-block-image size-full\"><img fetchpriority=\"high\" decoding=\"async\" width=\"1024\" height=\"1024\" src=\"https:\/\/www.ceramicbasin.com\/wp-content\/uploads\/2025\/05\/Countertop-White-Basin-With-Gold-Decoration-Hand-Washing-Basin-Wholesale-5.webp\" alt=\"Gold Gro\u00dfhandel keramische Gef\u00e4\u00df Waschbecken, benutzerdefinierte quadratische Becken-1\" class=\"wp-image-6754\" srcset=\"https:\/\/www.ceramicbasin.com\/wp-content\/uploads\/2025\/05\/Countertop-White-Basin-With-Gold-Decoration-Hand-Washing-Basin-Wholesale-5.webp 1024w, https:\/\/www.ceramicbasin.com\/wp-content\/uploads\/2025\/05\/Countertop-White-Basin-With-Gold-Decoration-Hand-Washing-Basin-Wholesale-5-300x300.webp 300w, https:\/\/www.ceramicbasin.com\/wp-content\/uploads\/2025\/05\/Countertop-White-Basin-With-Gold-Decoration-Hand-Washing-Basin-Wholesale-5-150x150.webp 150w, https:\/\/www.ceramicbasin.com\/wp-content\/uploads\/2025\/05\/Countertop-White-Basin-With-Gold-Decoration-Hand-Washing-Basin-Wholesale-5-768x768.webp 768w, https:\/\/www.ceramicbasin.com\/wp-content\/uploads\/2025\/05\/Countertop-White-Basin-With-Gold-Decoration-Hand-Washing-Basin-Wholesale-5-12x12.webp 12w, https:\/\/www.ceramicbasin.com\/wp-content\/uploads\/2025\/05\/Countertop-White-Basin-With-Gold-Decoration-Hand-Washing-Basin-Wholesale-5-285x285.webp 285w, https:\/\/www.ceramicbasin.com\/wp-content\/uploads\/2025\/05\/Countertop-White-Basin-With-Gold-Decoration-Hand-Washing-Basin-Wholesale-5-270x270.webp 270w, https:\/\/www.ceramicbasin.com\/wp-content\/uploads\/2025\/05\/Countertop-White-Basin-With-Gold-Decoration-Hand-Washing-Basin-Wholesale-5-540x540.webp 540w, https:\/\/www.ceramicbasin.com\/wp-content\/uploads\/2025\/05\/Countertop-White-Basin-With-Gold-Decoration-Hand-Washing-Basin-Wholesale-5-660x660.webp 660w\" sizes=\"(max-width: 1024px) 100vw, 1024px\" \/><\/figure>\n<\/div>\n<\/div>","protected":false},"excerpt":{"rendered":"<p>Willkommen im Gro\u00dfhandel Keramik Gef\u00e4\u00df Waschbecken zu kaufen. Dieses goldene quadratische benutzerdefinierte Keramikbecken, mit seiner einfachen Form und luxuri\u00f6sen goldenen Glasur, schafft einen einzigartigen Raum im Bad, geeignet f\u00fcr High-End-Anpassung und gro\u00dfe Eink\u00e4ufe.<\/p>\n<table style=\"border-collapse: collapse; width: 311.02pt;\" border=\"0\" width=\"311\" cellspacing=\"0\" cellpadding=\"0\">\n<tbody>\n<tr style=\"height: 17.60pt;\">\n<td class=\"et3\" style=\"height: 17.60pt; width: 108.35pt;\" width=\"108\" height=\"17\">Hersteller<\/td>\n<td class=\"et3\" style=\"width: 202.95pt;\" width=\"202\">HanYu<\/td>\n<\/tr>\n<tr style=\"height: 17.60pt;\">\n<td class=\"et3\" style=\"height: 17.60pt;\" height=\"17\">Modell Nr.<\/td>\n<td class=\"et4\">HY-8025RGY<\/td>\n<\/tr>\n<tr style=\"height: 36.00pt;\">\n<td class=\"et3\" style=\"height: 36.00pt;\" height=\"36\">Typ<\/td>\n<td class=\"et5\" style=\"width: 202.95pt;\" width=\"202\">Galvanisiertes Becken, Aufsatzbecken<\/td>\n<\/tr>\n<tr style=\"height: 17.60pt;\">\n<td class=\"et3\" style=\"height: 17.60pt;\" height=\"17\">Form<\/td>\n<td class=\"et3\">Quadratische Form<\/td>\n<\/tr>\n<tr style=\"height: 18.00pt;\">\n<td class=\"et4\" style=\"height: 18.00pt;\" height=\"18\">Farbe<\/td>\n<td class=\"et5\" style=\"width: 202.95pt;\" width=\"202\">Wei\u00df + Gold Dekoration<\/td>\n<\/tr>\n<tr style=\"height: 18.00pt;\">\n<td class=\"et3\" style=\"height: 18.00pt;\" height=\"18\">Dimension<\/td>\n<td class=\"et5\" style=\"width: 202.95pt;\" width=\"202\">39.5*39.5*14<\/td>\n<\/tr>\n<tr style=\"height: 17.60pt;\">\n<td class=\"et3\" style=\"height: 17.60pt;\" height=\"17\">N.W \/SET<\/td>\n<td class=\"et3\">7KGS\/PCS<\/td>\n<\/tr>\n<tr style=\"height: 17.60pt;\">\n<td class=\"et3\" style=\"height: 17.60pt;\" height=\"17\">MOQ<\/td>\n<td class=\"et3\">20St\u00fcck<\/td>\n<\/tr>\n<tr style=\"height: 17.60pt;\">\n<td class=\"et3\" style=\"height: 17.60pt;\" height=\"17\">Benutzerdefinierte Option<\/td>\n<td class=\"et3\">Farbe\/Muster\/Gr\u00f6\u00dfe\/Logo\/Verpackung<\/td>\n<\/tr>\n<\/tbody>\n<\/table>","protected":false},"featured_media":6750,"comment_status":"closed","ping_status":"closed","template":"","meta":{"_acf_changed":false},"product_brand":[],"product_cat":[50,53],"product_tag":[],"class_list":{"0":"post-6749","1":"product","2":"type-product","3":"status-publish","4":"has-post-thumbnail","6":"product_cat-wholesale-countertop-sinks","7":"product_cat-electroplated-bathroom-sinks","9":"first","10":"instock","11":"shipping-taxable","12":"product-type-simple"},"acf":[],"_links":{"self":[{"href":"https:\/\/www.ceramicbasin.com\/de\/wp-json\/wp\/v2\/product\/6749","targetHints":{"allow":["GET"]}}],"collection":[{"href":"https:\/\/www.ceramicbasin.com\/de\/wp-json\/wp\/v2\/product"}],"about":[{"href":"https:\/\/www.ceramicbasin.com\/de\/wp-json\/wp\/v2\/types\/product"}],"replies":[{"embeddable":true,"href":"https:\/\/www.ceramicbasin.com\/de\/wp-json\/wp\/v2\/comments?post=6749"}],"wp:featuredmedia":[{"embeddable":true,"href":"https:\/\/www.ceramicbasin.com\/de\/wp-json\/wp\/v2\/media\/6750"}],"wp:attachment":[{"href":"https:\/\/www.ceramicbasin.com\/de\/wp-json\/wp\/v2\/media?parent=6749"}],"wp:term":[{"taxonomy":"product_brand","embeddable":true,"href":"https:\/\/www.ceramicbasin.com\/de\/wp-json\/wp\/v2\/product_brand?post=6749"},{"taxonomy":"product_cat","embeddable":true,"href":"https:\/\/www.ceramicbasin.com\/de\/wp-json\/wp\/v2\/product_cat?post=6749"},{"taxonomy":"product_tag","embeddable":true,"href":"https:\/\/www.ceramicbasin.com\/de\/wp-json\/wp\/v2\/product_tag?post=6749"}],"curies":[{"name":"wp","href":"https:\/\/api.w.org\/{rel}","templated":true}]}}