{"id":6755,"date":"2025-05-09T10:04:08","date_gmt":"2025-05-09T10:04:08","guid":{"rendered":"https:\/\/www.ceramicbasin.com\/?post_type=product&#038;p=6755"},"modified":"2025-05-09T10:04:12","modified_gmt":"2025-05-09T10:04:12","slug":"custom-made-porcelain-sink","status":"publish","type":"product","link":"https:\/\/www.ceramicbasin.com\/de\/produkt\/custom-made-porcelain-sink\/","title":{"rendered":"Rose Gold Custom Made Porzellan Waschbecken, Gro\u00dfhandel Waschbecken"},"content":{"rendered":"<div class=\"wp-block-columns is-layout-flex wp-container-core-columns-is-layout-9d6595d7 wp-block-columns-is-layout-flex\">\n<div class=\"wp-block-column is-layout-flow wp-block-column-is-layout-flow\">\n<h2 class=\"wp-block-heading\">Premium Rose Gold Ma\u00dfgefertigtes Porzellanwaschbecken <strong>Merkmale:<\/strong><\/h2>\n\n\n\n<ul class=\"wp-block-list\">\n<li><strong>Ros\u00e9goldfarbene Glasur, voller High-End-Feeling:<\/strong> Die Oberfl\u00e4che dieses ma\u00dfgefertigten Porzellanwaschbeckens ist mit Ros\u00e9gold galvanisiert oder glasiert. Die Farbe ist warm und elegant und verleiht dem Badezimmer eine modische und exquisite Atmosph\u00e4re.<\/li>\n\n\n\n<li><strong>Unterst\u00fctzung von Anpassungen an unterschiedliche Bed\u00fcrfnisse: <\/strong>Wir bieten ma\u00dfgeschneiderte Dienstleistungen wie Gr\u00f6\u00dfe, Form, Farbe, Logo usw. f\u00fcr Gro\u00dfhandelswaschbecken, die sich f\u00fcr Markenkooperationen, technische Projekte und personalisierte Beschaffung eignen.<\/li>\n\n\n\n<li><strong>Hochtemperatur-Keramikbrand, langlebig und schmutzabweisend: <\/strong>F\u00fcr dieses ma\u00dfgefertigte Porzellanwaschbecken werden hochwertige keramische Rohstoffe verwendet, die bei hohen Temperaturen gebrannt werden. Die dichte und glatte Glasur ist nicht leicht zu verschmutzen und l\u00e4sst sich t\u00e4glich leicht reinigen.<\/li>\n\n\n\n<li><strong>Geeignet f\u00fcr eine Vielzahl von Raumstilen: <\/strong>Diese Gro\u00dfhandelswaschbecken haben ein minimalistisches und stromlinienf\u00f6rmiges Aussehen, das sich f\u00fcr den modernen, leichten Luxusstil und verschiedene Dekorationsbereiche wie Boutique-Hotels und Gesch\u00e4ftsr\u00e4ume eignet.<\/li>\n<\/ul>\n<\/div>\n\n\n\n<div class=\"wp-block-column is-layout-flow wp-block-column-is-layout-flow\">\n<figure class=\"wp-block-image size-full\"><img fetchpriority=\"high\" decoding=\"async\" width=\"1024\" height=\"1024\" src=\"https:\/\/www.ceramicbasin.com\/wp-content\/uploads\/2025\/05\/Round-Shape-Rose-Gold-Color-Wholesale-Countertop-Sinks-5.webp\" alt=\"Rose Gold Custom Made Porzellan Waschbecken, Gro\u00dfhandel Waschbecken-1\" class=\"wp-image-6760\" srcset=\"https:\/\/www.ceramicbasin.com\/wp-content\/uploads\/2025\/05\/Round-Shape-Rose-Gold-Color-Wholesale-Countertop-Sinks-5.webp 1024w, https:\/\/www.ceramicbasin.com\/wp-content\/uploads\/2025\/05\/Round-Shape-Rose-Gold-Color-Wholesale-Countertop-Sinks-5-300x300.webp 300w, https:\/\/www.ceramicbasin.com\/wp-content\/uploads\/2025\/05\/Round-Shape-Rose-Gold-Color-Wholesale-Countertop-Sinks-5-150x150.webp 150w, https:\/\/www.ceramicbasin.com\/wp-content\/uploads\/2025\/05\/Round-Shape-Rose-Gold-Color-Wholesale-Countertop-Sinks-5-768x768.webp 768w, https:\/\/www.ceramicbasin.com\/wp-content\/uploads\/2025\/05\/Round-Shape-Rose-Gold-Color-Wholesale-Countertop-Sinks-5-12x12.webp 12w, https:\/\/www.ceramicbasin.com\/wp-content\/uploads\/2025\/05\/Round-Shape-Rose-Gold-Color-Wholesale-Countertop-Sinks-5-285x285.webp 285w, https:\/\/www.ceramicbasin.com\/wp-content\/uploads\/2025\/05\/Round-Shape-Rose-Gold-Color-Wholesale-Countertop-Sinks-5-270x270.webp 270w, https:\/\/www.ceramicbasin.com\/wp-content\/uploads\/2025\/05\/Round-Shape-Rose-Gold-Color-Wholesale-Countertop-Sinks-5-540x540.webp 540w, https:\/\/www.ceramicbasin.com\/wp-content\/uploads\/2025\/05\/Round-Shape-Rose-Gold-Color-Wholesale-Countertop-Sinks-5-660x660.webp 660w\" sizes=\"(max-width: 1024px) 100vw, 1024px\" \/><\/figure>\n<\/div>\n<\/div>\n\n\n\n<p><\/p>","protected":false},"excerpt":{"rendered":"<p>Willkommen zum Kauf von ma\u00dfgeschneiderten Porzellanwaschbecken. Unsere Rose Gold Keramik Gro\u00dfhandel Waschbecken kombinieren einzigartige Farben mit modernen Formen zu zeigen, High-End-Textur, unterst\u00fctzen mehrere Anpassungen, und sind die bevorzugten Produkte f\u00fcr beide Sch\u00f6nheit und Zweckm\u00e4\u00dfigkeit des Badezimmers Raum.<\/p>\n<table style=\"border-collapse: collapse; width: 311.02pt;\" border=\"0\" width=\"311\" cellspacing=\"0\" cellpadding=\"0\">\n<tbody>\n<tr style=\"height: 17.60pt;\">\n<td class=\"et3\" style=\"height: 17.60pt; width: 108.35pt;\" width=\"108\" height=\"17\">Hersteller<\/td>\n<td class=\"et3\" style=\"width: 202.95pt;\" width=\"202\">HanYu<\/td>\n<\/tr>\n<tr style=\"height: 17.60pt;\">\n<td class=\"et3\" style=\"height: 17.60pt;\" height=\"17\">Modell Nr.<\/td>\n<td class=\"et4\">HY-8070RGS<\/td>\n<\/tr>\n<tr style=\"height: 36.00pt;\">\n<td class=\"et3\" style=\"height: 36.00pt;\" height=\"36\">Typ<\/td>\n<td class=\"et5\" style=\"width: 202.95pt;\" width=\"202\">Galvanisiertes Becken, Aufsatzbecken<\/td>\n<\/tr>\n<tr style=\"height: 17.60pt;\">\n<td class=\"et3\" style=\"height: 17.60pt;\" height=\"17\">Form<\/td>\n<td class=\"et3\">Runde Form<\/td>\n<\/tr>\n<tr style=\"height: 18.00pt;\">\n<td class=\"et4\" style=\"height: 18.00pt;\" height=\"18\">Farbe<\/td>\n<td class=\"et5\" style=\"width: 202.95pt;\" width=\"202\">Wei\u00df + Gold geb\u00fcrstet<\/td>\n<\/tr>\n<tr style=\"height: 18.00pt;\">\n<td class=\"et3\" style=\"height: 18.00pt;\" height=\"18\">Dimension<\/td>\n<td class=\"et5\" style=\"width: 202.95pt;\" width=\"202\">36*36*12<\/td>\n<\/tr>\n<tr style=\"height: 17.60pt;\">\n<td class=\"et3\" style=\"height: 17.60pt;\" height=\"17\">N.W \/SET<\/td>\n<td class=\"et3\">7KGS\/PCS<\/td>\n<\/tr>\n<tr style=\"height: 17.60pt;\">\n<td class=\"et3\" style=\"height: 17.60pt;\" height=\"17\">MOQ<\/td>\n<td class=\"et3\">20St\u00fcck<\/td>\n<\/tr>\n<tr style=\"height: 17.60pt;\">\n<td class=\"et3\" style=\"height: 17.60pt;\" height=\"17\">Benutzerdefinierte Option<\/td>\n<td class=\"et3\">Farbe\/Muster\/Gr\u00f6\u00dfe\/Logo\/Verpackung<\/td>\n<\/tr>\n<\/tbody>\n<\/table>","protected":false},"featured_media":6759,"comment_status":"closed","ping_status":"closed","template":"","meta":{"_acf_changed":false},"product_brand":[],"product_cat":[50,53],"product_tag":[],"class_list":{"0":"post-6755","1":"product","2":"type-product","3":"status-publish","4":"has-post-thumbnail","6":"product_cat-wholesale-countertop-sinks","7":"product_cat-electroplated-bathroom-sinks","9":"first","10":"instock","11":"shipping-taxable","12":"product-type-simple"},"acf":[],"_links":{"self":[{"href":"https:\/\/www.ceramicbasin.com\/de\/wp-json\/wp\/v2\/product\/6755","targetHints":{"allow":["GET"]}}],"collection":[{"href":"https:\/\/www.ceramicbasin.com\/de\/wp-json\/wp\/v2\/product"}],"about":[{"href":"https:\/\/www.ceramicbasin.com\/de\/wp-json\/wp\/v2\/types\/product"}],"replies":[{"embeddable":true,"href":"https:\/\/www.ceramicbasin.com\/de\/wp-json\/wp\/v2\/comments?post=6755"}],"wp:featuredmedia":[{"embeddable":true,"href":"https:\/\/www.ceramicbasin.com\/de\/wp-json\/wp\/v2\/media\/6759"}],"wp:attachment":[{"href":"https:\/\/www.ceramicbasin.com\/de\/wp-json\/wp\/v2\/media?parent=6755"}],"wp:term":[{"taxonomy":"product_brand","embeddable":true,"href":"https:\/\/www.ceramicbasin.com\/de\/wp-json\/wp\/v2\/product_brand?post=6755"},{"taxonomy":"product_cat","embeddable":true,"href":"https:\/\/www.ceramicbasin.com\/de\/wp-json\/wp\/v2\/product_cat?post=6755"},{"taxonomy":"product_tag","embeddable":true,"href":"https:\/\/www.ceramicbasin.com\/de\/wp-json\/wp\/v2\/product_tag?post=6755"}],"curies":[{"name":"wp","href":"https:\/\/api.w.org\/{rel}","templated":true}]}}