{"id":6761,"date":"2025-05-09T09:59:04","date_gmt":"2025-05-09T09:59:04","guid":{"rendered":"https:\/\/www.ceramicbasin.com\/?post_type=product&#038;p=6761"},"modified":"2025-05-09T09:59:07","modified_gmt":"2025-05-09T09:59:07","slug":"wholesale-porcelain-basins","status":"publish","type":"product","link":"https:\/\/www.ceramicbasin.com\/de\/produkt\/wholesale-porcelain-basins\/","title":{"rendered":"Gold geb\u00fcrstet Gro\u00dfhandel Porzellan Waschbecken, Runde Gef\u00e4\u00df Waschbecken"},"content":{"rendered":"<div class=\"wp-block-columns is-layout-flex wp-container-core-columns-is-layout-9d6595d7 wp-block-columns-is-layout-flex\">\n<div class=\"wp-block-column is-layout-flow wp-block-column-is-layout-flow\">\n<h2 class=\"wp-block-heading\">Premium Gold geb\u00fcrstet Gro\u00dfhandel Porzellan Waschbecken Merkmale:<\/h2>\n\n\n\n<ul class=\"wp-block-list\">\n<li><strong>Gold und Schwarz geb\u00fcrstetes Kunsthandwerk unterstreicht die luxuri\u00f6se Textur:<\/strong> Gold und Schwarz geb\u00fcrstetes Kunsthandwerk breitet sich \u00fcber die Oberfl\u00e4che dieser Gro\u00dfhandels-Porzellanwaschbecken aus, die eine starke visuelle Wirkung haben und einen modernen High-End-Badstil schaffen.<\/li>\n\n\n\n<li><strong>Hochwertiges Porzellan, robust und langlebig: <\/strong>Unsere Gold-Gro\u00dfhandel Gef\u00e4\u00df Waschbecken sind aus Hochtemperatur gebrannt Porzellan Ton, mit einer dichten und glatten Glasur, nicht leicht zu verschmutzen, kratzfest und verschlei\u00dffest, und langlebig.<\/li>\n\n\n\n<li><strong>Runde Form, weich und glatt: <\/strong>Die runden Designlinien dieser Gro\u00dfhandelsporzellanbecken sind glatt, entsprechen den menschlichen Nutzungsgewohnheiten und passen zu einer Vielzahl von Arbeitsplatten und Dekorationsstilen.<\/li>\n\n\n\n<li><strong>Unterst\u00fctzung mehrerer Gr\u00f6\u00dfen und kundenspezifischer Dienste: <\/strong>Wir bieten eine Vielzahl von Durchmessern und Tiefen f\u00fcr Gef\u00e4\u00dfsp\u00fclen im Gro\u00dfhandel an und k\u00f6nnen Farben, Logos usw. je nach Kundenwunsch anpassen, um individuelle technische und Markenanforderungen zu erf\u00fcllen.<\/li>\n<\/ul>\n<\/div>\n\n\n\n<div class=\"wp-block-column is-layout-flow wp-block-column-is-layout-flow\">\n<figure class=\"wp-block-image size-full\"><img fetchpriority=\"high\" decoding=\"async\" width=\"1024\" height=\"1024\" src=\"https:\/\/www.ceramicbasin.com\/wp-content\/uploads\/2025\/05\/Round-Shape-Gold-And-Grey-Brushed-Hand-Washing-Ceramic-Basin-5.webp\" alt=\"Gold geb\u00fcrstet Gro\u00dfhandel Porzellan Waschbecken, Runde Gef\u00e4\u00df Waschbecken-1\" class=\"wp-image-6766\" srcset=\"https:\/\/www.ceramicbasin.com\/wp-content\/uploads\/2025\/05\/Round-Shape-Gold-And-Grey-Brushed-Hand-Washing-Ceramic-Basin-5.webp 1024w, https:\/\/www.ceramicbasin.com\/wp-content\/uploads\/2025\/05\/Round-Shape-Gold-And-Grey-Brushed-Hand-Washing-Ceramic-Basin-5-300x300.webp 300w, https:\/\/www.ceramicbasin.com\/wp-content\/uploads\/2025\/05\/Round-Shape-Gold-And-Grey-Brushed-Hand-Washing-Ceramic-Basin-5-150x150.webp 150w, https:\/\/www.ceramicbasin.com\/wp-content\/uploads\/2025\/05\/Round-Shape-Gold-And-Grey-Brushed-Hand-Washing-Ceramic-Basin-5-768x768.webp 768w, https:\/\/www.ceramicbasin.com\/wp-content\/uploads\/2025\/05\/Round-Shape-Gold-And-Grey-Brushed-Hand-Washing-Ceramic-Basin-5-12x12.webp 12w, https:\/\/www.ceramicbasin.com\/wp-content\/uploads\/2025\/05\/Round-Shape-Gold-And-Grey-Brushed-Hand-Washing-Ceramic-Basin-5-285x285.webp 285w, https:\/\/www.ceramicbasin.com\/wp-content\/uploads\/2025\/05\/Round-Shape-Gold-And-Grey-Brushed-Hand-Washing-Ceramic-Basin-5-270x270.webp 270w, https:\/\/www.ceramicbasin.com\/wp-content\/uploads\/2025\/05\/Round-Shape-Gold-And-Grey-Brushed-Hand-Washing-Ceramic-Basin-5-540x540.webp 540w, https:\/\/www.ceramicbasin.com\/wp-content\/uploads\/2025\/05\/Round-Shape-Gold-And-Grey-Brushed-Hand-Washing-Ceramic-Basin-5-660x660.webp 660w\" sizes=\"(max-width: 1024px) 100vw, 1024px\" \/><\/figure>\n<\/div>\n<\/div>","protected":false},"excerpt":{"rendered":"<p>Willkommen im Gro\u00dfhandel Porzellan Waschbecken zu kaufen. Diese Gold und Schwarz geb\u00fcrstet rund Gro\u00dfhandel Gef\u00e4\u00df Waschbecken kombiniert luxuri\u00f6se Farben und moderne Formen. Es ist sowohl designbewusst als auch praktisch und langlebig, geeignet f\u00fcr High-End-Wohn- und Gesch\u00e4ftsr\u00e4ume Badezimmer.<\/p>\n<table style=\"border-collapse: collapse; width: 311.02pt;\" border=\"0\" width=\"311\" cellspacing=\"0\" cellpadding=\"0\">\n<tbody>\n<tr style=\"height: 17.60pt;\">\n<td class=\"et3\" style=\"height: 17.60pt; width: 108.35pt;\" width=\"108\" height=\"17\">Hersteller<\/td>\n<td class=\"et3\" style=\"width: 202.95pt;\" width=\"202\">HanYu<\/td>\n<\/tr>\n<tr style=\"height: 17.60pt;\">\n<td class=\"et3\" style=\"height: 17.60pt;\" height=\"17\">Modell Nr.<\/td>\n<td class=\"et4\">HY-8253BG<\/td>\n<\/tr>\n<tr style=\"height: 36.00pt;\">\n<td class=\"et3\" style=\"height: 36.00pt;\" height=\"36\">Typ<\/td>\n<td class=\"et5\" style=\"width: 202.95pt;\" width=\"202\">Galvanisiertes Becken, Aufsatzbecken<\/td>\n<\/tr>\n<tr style=\"height: 17.60pt;\">\n<td class=\"et3\" style=\"height: 17.60pt;\" height=\"17\">Form<\/td>\n<td class=\"et3\">Runde Form<\/td>\n<\/tr>\n<tr style=\"height: 18.00pt;\">\n<td class=\"et4\" style=\"height: 18.00pt;\" height=\"18\">Farbe<\/td>\n<td class=\"et5\" style=\"width: 202.95pt;\" width=\"202\">Gold + Grau geb\u00fcrstet<\/td>\n<\/tr>\n<tr style=\"height: 18.00pt;\">\n<td class=\"et3\" style=\"height: 18.00pt;\" height=\"18\">Dimension<\/td>\n<td class=\"et5\" style=\"width: 202.95pt;\" width=\"202\">41*41*12<\/td>\n<\/tr>\n<tr style=\"height: 17.60pt;\">\n<td class=\"et3\" style=\"height: 17.60pt;\" height=\"17\">N.W \/SET<\/td>\n<td class=\"et3\">8KGS\/PCS<\/td>\n<\/tr>\n<tr style=\"height: 17.60pt;\">\n<td class=\"et3\" style=\"height: 17.60pt;\" height=\"17\">MOQ<\/td>\n<td class=\"et3\">20St\u00fcck<\/td>\n<\/tr>\n<tr style=\"height: 17.60pt;\">\n<td class=\"et3\" style=\"height: 17.60pt;\" height=\"17\">Benutzerdefinierte Option<\/td>\n<td class=\"et3\">Farbe\/Muster\/Gr\u00f6\u00dfe\/Logo\/Verpackung<\/td>\n<\/tr>\n<\/tbody>\n<\/table>","protected":false},"featured_media":6765,"comment_status":"closed","ping_status":"closed","template":"","meta":{"_acf_changed":false},"product_brand":[],"product_cat":[50,53],"product_tag":[],"class_list":{"0":"post-6761","1":"product","2":"type-product","3":"status-publish","4":"has-post-thumbnail","6":"product_cat-wholesale-countertop-sinks","7":"product_cat-electroplated-bathroom-sinks","9":"first","10":"instock","11":"shipping-taxable","12":"product-type-simple"},"acf":[],"_links":{"self":[{"href":"https:\/\/www.ceramicbasin.com\/de\/wp-json\/wp\/v2\/product\/6761","targetHints":{"allow":["GET"]}}],"collection":[{"href":"https:\/\/www.ceramicbasin.com\/de\/wp-json\/wp\/v2\/product"}],"about":[{"href":"https:\/\/www.ceramicbasin.com\/de\/wp-json\/wp\/v2\/types\/product"}],"replies":[{"embeddable":true,"href":"https:\/\/www.ceramicbasin.com\/de\/wp-json\/wp\/v2\/comments?post=6761"}],"wp:featuredmedia":[{"embeddable":true,"href":"https:\/\/www.ceramicbasin.com\/de\/wp-json\/wp\/v2\/media\/6765"}],"wp:attachment":[{"href":"https:\/\/www.ceramicbasin.com\/de\/wp-json\/wp\/v2\/media?parent=6761"}],"wp:term":[{"taxonomy":"product_brand","embeddable":true,"href":"https:\/\/www.ceramicbasin.com\/de\/wp-json\/wp\/v2\/product_brand?post=6761"},{"taxonomy":"product_cat","embeddable":true,"href":"https:\/\/www.ceramicbasin.com\/de\/wp-json\/wp\/v2\/product_cat?post=6761"},{"taxonomy":"product_tag","embeddable":true,"href":"https:\/\/www.ceramicbasin.com\/de\/wp-json\/wp\/v2\/product_tag?post=6761"}],"curies":[{"name":"wp","href":"https:\/\/api.w.org\/{rel}","templated":true}]}}