{"id":6776,"date":"2025-05-15T06:40:52","date_gmt":"2025-05-15T06:40:52","guid":{"rendered":"https:\/\/www.ceramicbasin.com\/?post_type=product&#038;p=6776"},"modified":"2025-05-16T08:42:40","modified_gmt":"2025-05-16T08:42:40","slug":"wholesale-ceramic-sink-bowl","status":"publish","type":"product","link":"https:\/\/www.ceramicbasin.com\/de\/produkt\/wholesale-ceramic-sink-bowl\/","title":{"rendered":"Moderne Runde Gro\u00dfhandel Keramik Waschbecken Sch\u00fcssel mit Marmor Farbe"},"content":{"rendered":"<div class=\"wp-block-columns is-layout-flex wp-container-core-columns-is-layout-9d6595d7 wp-block-columns-is-layout-flex\">\n<div class=\"wp-block-column is-layout-flow wp-block-column-is-layout-flow\">\n<h2 class=\"wp-block-heading\">Premium Gro\u00dfhandel Keramik Waschbecken Sch\u00fcssel Merkmale:<\/h2>\n\n\n\n<ul class=\"wp-block-list\">\n<li><strong>Rotbraune Marmorstruktur, einzigartige Textur:<\/strong> Dieser Gro\u00dfhandel Keramik Waschbecken Schalen hat nat\u00fcrlich flie\u00dfenden Marmor Textur, tief und voller Ton, die Schaffung einer ruhigen und High-End-Stil Badezimmer.<\/li>\n\n\n\n<li><strong>Modernes rundes Design, einfach und stimmungsvoll:<\/strong> Dieser Gro\u00dfhandel Keramik Waschbecken ist abgerundet und glatt, die effektiver verbessern das moderne Aussehen und dekorative Sch\u00f6nheit des Raumes.<\/li>\n\n\n\n<li><strong>Hochwertige Keramik, verschlei\u00dffest und bequem zu reinigen: <\/strong>Unsere Gro\u00dfhandels-Keramiksp\u00fclbecken sind aus hochwertigem Porzellan gebrannt, mit einer dichten und glatten Oberfl\u00e4che, die bequemer und problemloser f\u00fcr die t\u00e4gliche Reinigung ist.<\/li>\n\n\n\n<li><strong>Geeignet f\u00fcr Engineering und kundenspezifische Anpassung, schnelle Serienlieferung: <\/strong>Unsere keramischen Waschbecken Gro\u00dfhandel unterst\u00fctzt OEM \/ ODM, die die verschiedenen Bed\u00fcrfnisse der gro\u00dfen technischen Projekten, Hotel Beschaffung und Markenabstimmung erf\u00fcllen k\u00f6nnen.<\/li>\n<\/ul>\n<\/div>\n\n\n\n<div class=\"wp-block-column is-layout-flow wp-block-column-is-layout-flow\">\n<figure class=\"wp-block-image size-full\"><img fetchpriority=\"high\" decoding=\"async\" width=\"827\" height=\"1232\" src=\"https:\/\/www.ceramicbasin.com\/wp-content\/uploads\/2025\/05\/Modern-Round-Wholesale-Ceramic-Sink-Bowl-With-Marble-Color-6.webp\" alt=\"Moderne Runde Gro\u00dfhandel Keramik Waschbecken Sch\u00fcssel mit Marmor Farbe-6\" class=\"wp-image-6834\" srcset=\"https:\/\/www.ceramicbasin.com\/wp-content\/uploads\/2025\/05\/Modern-Round-Wholesale-Ceramic-Sink-Bowl-With-Marble-Color-6.webp 827w, https:\/\/www.ceramicbasin.com\/wp-content\/uploads\/2025\/05\/Modern-Round-Wholesale-Ceramic-Sink-Bowl-With-Marble-Color-6-201x300.webp 201w, https:\/\/www.ceramicbasin.com\/wp-content\/uploads\/2025\/05\/Modern-Round-Wholesale-Ceramic-Sink-Bowl-With-Marble-Color-6-768x1144.webp 768w, https:\/\/www.ceramicbasin.com\/wp-content\/uploads\/2025\/05\/Modern-Round-Wholesale-Ceramic-Sink-Bowl-With-Marble-Color-6-8x12.webp 8w, https:\/\/www.ceramicbasin.com\/wp-content\/uploads\/2025\/05\/Modern-Round-Wholesale-Ceramic-Sink-Bowl-With-Marble-Color-6-285x425.webp 285w, https:\/\/www.ceramicbasin.com\/wp-content\/uploads\/2025\/05\/Modern-Round-Wholesale-Ceramic-Sink-Bowl-With-Marble-Color-6-443x660.webp 443w, https:\/\/www.ceramicbasin.com\/wp-content\/uploads\/2025\/05\/Modern-Round-Wholesale-Ceramic-Sink-Bowl-With-Marble-Color-6-101x150.webp 101w\" sizes=\"(max-width: 827px) 100vw, 827px\" \/><\/figure>\n<\/div>\n<\/div>\n\n\n\n<p><\/p>","protected":false},"excerpt":{"rendered":"<p>Willkommen im Gro\u00dfhandel Keramik Waschbecken Schalen kaufen. Diese moderne runde Keramik Waschbecken Gro\u00dfhandel nimmt rot-braun Marmor Textur Design, reiche Farbe, einzigartige Textur, sowohl nat\u00fcrliche Atmosph\u00e4re und moderne Sch\u00f6nheit, geeignet f\u00fcr High-End-Wohn-, Hotel-Bad und Gewerbefl\u00e4chen.<\/p>\n<table style=\"border-collapse: collapse; width: 311.02pt;\" border=\"0\" width=\"311\" cellspacing=\"0\" cellpadding=\"0\">\n<tbody>\n<tr style=\"height: 17.60pt;\">\n<td class=\"et3\" style=\"height: 17.60pt; width: 108.35pt;\" width=\"108\" height=\"17\">Hersteller<\/td>\n<td class=\"et3\" style=\"width: 202.95pt;\" width=\"202\">HanYu<\/td>\n<\/tr>\n<tr style=\"height: 17.60pt;\">\n<td class=\"et3\" style=\"height: 17.60pt;\" height=\"17\">Modell Nr.<\/td>\n<td class=\"et4\">HY5004D63<\/td>\n<\/tr>\n<tr style=\"height: 17.60pt;\">\n<td class=\"et3\" style=\"height: 17.60pt;\" height=\"17\">Typ<\/td>\n<td class=\"et3\">Aufsatzbecken<\/td>\n<\/tr>\n<tr style=\"height: 17.60pt;\">\n<td class=\"et3\" style=\"height: 17.60pt;\" height=\"17\">Form<\/td>\n<td class=\"et2\">Runde Form<\/td>\n<\/tr>\n<tr style=\"height: 17.60pt;\">\n<td class=\"et4\" style=\"height: 17.60pt;\" height=\"17\">Farbe<\/td>\n<td class=\"et3\">Farbe Marmor<\/td>\n<\/tr>\n<tr style=\"height: 18.00pt;\">\n<td class=\"et3\" style=\"height: 18.00pt;\" height=\"18\">Dimension<\/td>\n<td class=\"et5\" style=\"width: 202.95pt;\" width=\"202\">41*41*15.5<\/td>\n<\/tr>\n<tr style=\"height: 17.60pt;\">\n<td class=\"et3\" style=\"height: 17.60pt;\" height=\"17\">N.W \/SET<\/td>\n<td class=\"et3\">8KGS\/PCS<\/td>\n<\/tr>\n<tr style=\"height: 17.60pt;\">\n<td class=\"et3\" style=\"height: 17.60pt;\" height=\"17\">MOQ<\/td>\n<td class=\"et3\">20St\u00fcck<\/td>\n<\/tr>\n<tr style=\"height: 17.60pt;\">\n<td class=\"et3\" style=\"height: 17.60pt;\" height=\"17\">Benutzerdefinierte Option<\/td>\n<td class=\"et3\">Farbe\/Muster\/Gr\u00f6\u00dfe\/Logo\/Verpackung<\/td>\n<\/tr>\n<\/tbody>\n<\/table>","protected":false},"featured_media":6829,"comment_status":"closed","ping_status":"closed","template":"","meta":{"_acf_changed":false},"product_brand":[],"product_cat":[50,54],"product_tag":[],"class_list":{"0":"post-6776","1":"product","2":"type-product","3":"status-publish","4":"has-post-thumbnail","6":"product_cat-wholesale-countertop-sinks","7":"product_cat-wholesale-marble-sinks","9":"first","10":"instock","11":"shipping-taxable","12":"product-type-simple"},"acf":[],"_links":{"self":[{"href":"https:\/\/www.ceramicbasin.com\/de\/wp-json\/wp\/v2\/product\/6776","targetHints":{"allow":["GET"]}}],"collection":[{"href":"https:\/\/www.ceramicbasin.com\/de\/wp-json\/wp\/v2\/product"}],"about":[{"href":"https:\/\/www.ceramicbasin.com\/de\/wp-json\/wp\/v2\/types\/product"}],"replies":[{"embeddable":true,"href":"https:\/\/www.ceramicbasin.com\/de\/wp-json\/wp\/v2\/comments?post=6776"}],"wp:featuredmedia":[{"embeddable":true,"href":"https:\/\/www.ceramicbasin.com\/de\/wp-json\/wp\/v2\/media\/6829"}],"wp:attachment":[{"href":"https:\/\/www.ceramicbasin.com\/de\/wp-json\/wp\/v2\/media?parent=6776"}],"wp:term":[{"taxonomy":"product_brand","embeddable":true,"href":"https:\/\/www.ceramicbasin.com\/de\/wp-json\/wp\/v2\/product_brand?post=6776"},{"taxonomy":"product_cat","embeddable":true,"href":"https:\/\/www.ceramicbasin.com\/de\/wp-json\/wp\/v2\/product_cat?post=6776"},{"taxonomy":"product_tag","embeddable":true,"href":"https:\/\/www.ceramicbasin.com\/de\/wp-json\/wp\/v2\/product_tag?post=6776"}],"curies":[{"name":"wp","href":"https:\/\/api.w.org\/{rel}","templated":true}]}}