{"id":6790,"date":"2025-05-15T08:16:34","date_gmt":"2025-05-15T08:16:34","guid":{"rendered":"https:\/\/www.ceramicbasin.com\/?post_type=product&#038;p=6790"},"modified":"2025-05-16T08:18:50","modified_gmt":"2025-05-16T08:18:50","slug":"wholesale-porcelain-basin","status":"publish","type":"product","link":"https:\/\/www.ceramicbasin.com\/de\/produkt\/wholesale-porcelain-basin\/","title":{"rendered":"Elegantes Gro\u00dfhandels-Porzellanbecken, Faux-Marmor-Badewannen"},"content":{"rendered":"<div class=\"wp-block-columns is-layout-flex wp-container-core-columns-is-layout-9d6595d7 wp-block-columns-is-layout-flex\">\n<div class=\"wp-block-column is-layout-flow wp-block-column-is-layout-flow\">\n<h2 class=\"wp-block-heading\">Premium-Gro\u00dfhandel Porzellan-Becken Merkmale:<\/h2>\n\n\n\n<ul class=\"wp-block-list\">\n<li><strong>Warme braune Marmorstruktur:<\/strong> Unser Gro\u00dfhandelsporzellanwaschbecken kombiniert die erdige W\u00e4rme und Flie\u00dff\u00e4higkeit von echtem Marmor und verleiht dem Badezimmerambiente einen Hauch von Eleganz und Textur.<\/li>\n\n\n\n<li><strong>Hochsimulierter Wassertransferprozess:<\/strong> Unsere Marmorimitat-Waschbecken f\u00fcr den Gro\u00dfhandel verwenden fortschrittliche Technologie, um einen h\u00f6heren Grad an Realismus in die Textur einzuf\u00fchren, sowie einen Porzellan-Finish-Glanz, der eine perfekte Kombination aus Stein und Keramik bietet.<\/li>\n\n\n\n<li><strong>Hochwertiges Porzellan, langlebig und leicht zu reinigen: <\/strong>Unser Gro\u00dfhandelsporzellanbecken hat einen glatten, zarten Griff, ist flecken- und kratzfest und l\u00e4sst sich jeden Tag leicht und zeitsparend reinigen.<\/li>\n\n\n\n<li><strong>Unterst\u00fctzung der Anpassung und Gro\u00dfhandel, schnelle Lieferung:<\/strong> Diese faux Marmor Badezimmer Waschbecken Gro\u00dfhandel k\u00f6nnte f\u00fcr Engineering-Bau-Projekte oder Marke passenden Bed\u00fcrfnisse mit stabilen Batch-Lieferung und garantierte Lieferzeit verwendet werden.<\/li>\n<\/ul>\n<\/div>\n\n\n\n<div class=\"wp-block-column is-layout-flow wp-block-column-is-layout-flow\">\n<figure class=\"wp-block-image size-full\"><img fetchpriority=\"high\" decoding=\"async\" width=\"1345\" height=\"1787\" src=\"https:\/\/www.ceramicbasin.com\/wp-content\/uploads\/2025\/05\/Elegant-Wholesale-Porcelain-Basin-Faux-Marble-Bathroom-Sinks-5.webp\" alt=\"Elegante Gro\u00dfhandel Porzellan-Becken, Faux Marmor Badezimmer Waschbecken-5\" class=\"wp-image-6818\" srcset=\"https:\/\/www.ceramicbasin.com\/wp-content\/uploads\/2025\/05\/Elegant-Wholesale-Porcelain-Basin-Faux-Marble-Bathroom-Sinks-5.webp 1345w, https:\/\/www.ceramicbasin.com\/wp-content\/uploads\/2025\/05\/Elegant-Wholesale-Porcelain-Basin-Faux-Marble-Bathroom-Sinks-5-226x300.webp 226w, https:\/\/www.ceramicbasin.com\/wp-content\/uploads\/2025\/05\/Elegant-Wholesale-Porcelain-Basin-Faux-Marble-Bathroom-Sinks-5-768x1020.webp 768w, https:\/\/www.ceramicbasin.com\/wp-content\/uploads\/2025\/05\/Elegant-Wholesale-Porcelain-Basin-Faux-Marble-Bathroom-Sinks-5-9x12.webp 9w, https:\/\/www.ceramicbasin.com\/wp-content\/uploads\/2025\/05\/Elegant-Wholesale-Porcelain-Basin-Faux-Marble-Bathroom-Sinks-5-285x379.webp 285w, https:\/\/www.ceramicbasin.com\/wp-content\/uploads\/2025\/05\/Elegant-Wholesale-Porcelain-Basin-Faux-Marble-Bathroom-Sinks-5-497x660.webp 497w, https:\/\/www.ceramicbasin.com\/wp-content\/uploads\/2025\/05\/Elegant-Wholesale-Porcelain-Basin-Faux-Marble-Bathroom-Sinks-5-113x150.webp 113w\" sizes=\"(max-width: 1345px) 100vw, 1345px\" \/><\/figure>\n<\/div>\n<\/div>\n\n\n\n<p><\/p>","protected":false},"excerpt":{"rendered":"<p>Willkommen in faux Marmor Bad Waschbecken in loser Sch\u00fcttung zu kaufen. Diese elegante Gro\u00dfhandel Porzellan Waschbecken nimmt braunen Marmor Textur Design, pr\u00e4sentiert die nat\u00fcrliche und warme Sch\u00f6nheit des Steins. Durch den feinen Wasser\u00fcbertragungsprozess ist die Textur reich und realistisch.<\/p>\n<table style=\"border-collapse: collapse; width: 311.02pt;\" border=\"0\" width=\"311\" cellspacing=\"0\" cellpadding=\"0\">\n<tbody>\n<tr style=\"height: 17.60pt;\">\n<td class=\"et3\" style=\"height: 17.60pt; width: 108.35pt;\" width=\"108\" height=\"17\">Hersteller<\/td>\n<td class=\"et3\" style=\"width: 202.95pt;\" width=\"202\">HanYu<\/td>\n<\/tr>\n<tr style=\"height: 17.60pt;\">\n<td class=\"et3\" style=\"height: 17.60pt;\" height=\"17\">Modell Nr.<\/td>\n<td class=\"et4\">HY-5104D56<\/td>\n<\/tr>\n<tr style=\"height: 36.00pt;\">\n<td class=\"et3\" style=\"height: 36.00pt;\" height=\"36\">Typ<\/td>\n<td class=\"et5\" style=\"width: 202.95pt;\" width=\"202\">Becken in Marmorfarbe, Aufsatzbecken<\/td>\n<\/tr>\n<tr style=\"height: 17.60pt;\">\n<td class=\"et3\" style=\"height: 17.60pt;\" height=\"17\">Form<\/td>\n<td class=\"et3\">Rechteckige Form<\/td>\n<\/tr>\n<tr style=\"height: 18.00pt;\">\n<td class=\"et4\" style=\"height: 18.00pt;\" height=\"18\">Farbe<\/td>\n<td class=\"et5\" style=\"width: 202.95pt;\" width=\"202\">Schwarz und wei\u00df<\/td>\n<\/tr>\n<tr style=\"height: 18.00pt;\">\n<td class=\"et3\" style=\"height: 18.00pt;\" height=\"18\">Dimension<\/td>\n<td class=\"et5\" style=\"width: 202.95pt;\" width=\"202\">45*40*14.5<\/td>\n<\/tr>\n<tr style=\"height: 17.60pt;\">\n<td class=\"et3\" style=\"height: 17.60pt;\" height=\"17\">N.W \/SET<\/td>\n<td class=\"et3\">10 KGS\/PCS<\/td>\n<\/tr>\n<tr style=\"height: 17.60pt;\">\n<td class=\"et3\" style=\"height: 17.60pt;\" height=\"17\">MOQ<\/td>\n<td class=\"et3\">20St\u00fcck<\/td>\n<\/tr>\n<tr style=\"height: 17.60pt;\">\n<td class=\"et3\" style=\"height: 17.60pt;\" height=\"17\">Benutzerdefinierte Option<\/td>\n<td class=\"et3\">Farbe\/Muster\/Gr\u00f6\u00dfe\/Logo\/Verpackung<\/td>\n<\/tr>\n<\/tbody>\n<\/table>","protected":false},"featured_media":6819,"comment_status":"closed","ping_status":"closed","template":"","meta":{"_acf_changed":false},"product_brand":[],"product_cat":[54,50],"product_tag":[],"class_list":{"0":"post-6790","1":"product","2":"type-product","3":"status-publish","4":"has-post-thumbnail","6":"product_cat-wholesale-marble-sinks","7":"product_cat-wholesale-countertop-sinks","9":"first","10":"instock","11":"shipping-taxable","12":"product-type-simple"},"acf":[],"_links":{"self":[{"href":"https:\/\/www.ceramicbasin.com\/de\/wp-json\/wp\/v2\/product\/6790","targetHints":{"allow":["GET"]}}],"collection":[{"href":"https:\/\/www.ceramicbasin.com\/de\/wp-json\/wp\/v2\/product"}],"about":[{"href":"https:\/\/www.ceramicbasin.com\/de\/wp-json\/wp\/v2\/types\/product"}],"replies":[{"embeddable":true,"href":"https:\/\/www.ceramicbasin.com\/de\/wp-json\/wp\/v2\/comments?post=6790"}],"wp:featuredmedia":[{"embeddable":true,"href":"https:\/\/www.ceramicbasin.com\/de\/wp-json\/wp\/v2\/media\/6819"}],"wp:attachment":[{"href":"https:\/\/www.ceramicbasin.com\/de\/wp-json\/wp\/v2\/media?parent=6790"}],"wp:term":[{"taxonomy":"product_brand","embeddable":true,"href":"https:\/\/www.ceramicbasin.com\/de\/wp-json\/wp\/v2\/product_brand?post=6790"},{"taxonomy":"product_cat","embeddable":true,"href":"https:\/\/www.ceramicbasin.com\/de\/wp-json\/wp\/v2\/product_cat?post=6790"},{"taxonomy":"product_tag","embeddable":true,"href":"https:\/\/www.ceramicbasin.com\/de\/wp-json\/wp\/v2\/product_tag?post=6790"}],"curies":[{"name":"wp","href":"https:\/\/api.w.org\/{rel}","templated":true}]}}