{"id":6798,"date":"2025-05-15T08:57:35","date_gmt":"2025-05-15T08:57:35","guid":{"rendered":"https:\/\/www.ceramicbasin.com\/?post_type=product&#038;p=6798"},"modified":"2025-05-16T08:11:22","modified_gmt":"2025-05-16T08:11:22","slug":"wholesale-ceramic-sink-bowls","status":"publish","type":"product","link":"https:\/\/www.ceramicbasin.com\/de\/produkt\/wholesale-ceramic-sink-bowls\/","title":{"rendered":"Luxus Marmor-Look Gro\u00dfhandel keramischen Waschbecken Schalen f\u00fcr Bad"},"content":{"rendered":"<div class=\"wp-block-columns is-layout-flex wp-container-core-columns-is-layout-9d6595d7 wp-block-columns-is-layout-flex\">\n<div class=\"wp-block-column is-layout-flow wp-block-column-is-layout-flow\">\n<h2 class=\"wp-block-heading\">Premium Gro\u00dfhandel Keramik Waschbecken Schalen Merkmale:<\/h2>\n\n\n\n<ul class=\"wp-block-list\">\n<li><strong>Textur der Marmorsimulation: <\/strong>Diese Gro\u00dfhandel Keramik Waschbecken Schalen nehmen schwarz und wei\u00df Marmor Textur Design, das ist elegant und nat\u00fcrlich, die Schaffung eines High-End-Bad Atmosph\u00e4re.<\/li>\n\n\n\n<li><strong>Exquisite Restaurierung der Wassertransfertechnologie: <\/strong>Unser Keramikwaschbecken mit Marmorstruktur verwendet eine hochwertige Wassertransfertechnologie, um die Textur klar und dreidimensional zu machen, mit hohem Realismus, und sowohl Sch\u00f6nheit als auch Haltbarkeit.<\/li>\n\n\n\n<li><strong>Design des Aufsatzbeckens, einfache Installation: <\/strong>Diese Gro\u00dfhandelskeramiksp\u00fclbecken haben eine einfache Arbeitsplattenstruktur, die sich f\u00fcr eine Vielzahl von Arbeitsplatten eignet und das Raumgef\u00fchl insgesamt verbessert.<\/li>\n\n\n\n<li><strong>Schnelle Lieferung, technische Optimierung: <\/strong>Unsere ma\u00dfgefertigten Keramikwaschbecken k\u00f6nnen stabil und schnell geliefert werden, um die Anforderungen von Bauprojekten und Markeninhabern effizient zu erf\u00fcllen.<\/li>\n<\/ul>\n<\/div>\n\n\n\n<div class=\"wp-block-column is-layout-flow wp-block-column-is-layout-flow\">\n<figure class=\"wp-block-image size-full\"><img fetchpriority=\"high\" decoding=\"async\" width=\"980\" height=\"1352\" src=\"https:\/\/www.ceramicbasin.com\/wp-content\/uploads\/2025\/05\/Luxury-Marble-Look-Wholesale-Ceramic-Sink-Bowls-For-Bathroom-6.webp\" alt=\"Luxus Marmor-Look Gro\u00dfhandel keramischen Waschbecken Schalen f\u00fcr Bad-6\" class=\"wp-image-6812\" srcset=\"https:\/\/www.ceramicbasin.com\/wp-content\/uploads\/2025\/05\/Luxury-Marble-Look-Wholesale-Ceramic-Sink-Bowls-For-Bathroom-6.webp 980w, https:\/\/www.ceramicbasin.com\/wp-content\/uploads\/2025\/05\/Luxury-Marble-Look-Wholesale-Ceramic-Sink-Bowls-For-Bathroom-6-217x300.webp 217w, https:\/\/www.ceramicbasin.com\/wp-content\/uploads\/2025\/05\/Luxury-Marble-Look-Wholesale-Ceramic-Sink-Bowls-For-Bathroom-6-768x1060.webp 768w, https:\/\/www.ceramicbasin.com\/wp-content\/uploads\/2025\/05\/Luxury-Marble-Look-Wholesale-Ceramic-Sink-Bowls-For-Bathroom-6-9x12.webp 9w, https:\/\/www.ceramicbasin.com\/wp-content\/uploads\/2025\/05\/Luxury-Marble-Look-Wholesale-Ceramic-Sink-Bowls-For-Bathroom-6-285x393.webp 285w, https:\/\/www.ceramicbasin.com\/wp-content\/uploads\/2025\/05\/Luxury-Marble-Look-Wholesale-Ceramic-Sink-Bowls-For-Bathroom-6-478x660.webp 478w, https:\/\/www.ceramicbasin.com\/wp-content\/uploads\/2025\/05\/Luxury-Marble-Look-Wholesale-Ceramic-Sink-Bowls-For-Bathroom-6-109x150.webp 109w\" sizes=\"(max-width: 980px) 100vw, 980px\" \/><\/figure>\n<\/div>\n<\/div>","protected":false},"excerpt":{"rendered":"<p>Willkommen im Gro\u00dfhandel Keramik Waschbecken Schalen zu kaufen. Diese benutzerdefinierte Arbeitsplatte Keramik Waschbecken pr\u00e4sentiert die nat\u00fcrliche flie\u00dfende Sch\u00f6nheit der schwarzen und wei\u00dfen Texturen durch Wasser-Transferdruck-Technologie. Es hat sowohl modernen Luxus und einfache Wartung, geeignet f\u00fcr verschiedene High-End-Badezimmer R\u00e4ume.<\/p>\n<table style=\"border-collapse: collapse; width: 311.02pt;\" border=\"0\" width=\"311\" cellspacing=\"0\" cellpadding=\"0\">\n<tbody>\n<tr style=\"height: 17.60pt;\">\n<td class=\"et3\" style=\"height: 17.60pt; width: 108.35pt;\" width=\"108\" height=\"17\">Hersteller<\/td>\n<td class=\"et3\" style=\"width: 202.95pt;\" width=\"202\">HanYu<\/td>\n<\/tr>\n<tr style=\"height: 17.60pt;\">\n<td class=\"et3\" style=\"height: 17.60pt;\" height=\"17\">Modell Nr.<\/td>\n<td class=\"et4\">HY-5105D120<\/td>\n<\/tr>\n<tr style=\"height: 17.60pt;\">\n<td class=\"et3\" style=\"height: 17.60pt;\" height=\"17\">Typ<\/td>\n<td class=\"et3\">Aufsatzbecken<\/td>\n<\/tr>\n<tr style=\"height: 17.60pt;\">\n<td class=\"et3\" style=\"height: 17.60pt;\" height=\"17\">Form<\/td>\n<td class=\"et2\">Rechteckige Form<\/td>\n<\/tr>\n<tr style=\"height: 17.60pt;\">\n<td class=\"et4\" style=\"height: 17.60pt;\" height=\"17\">Farbe<\/td>\n<td class=\"et3\">Schwarz<\/td>\n<\/tr>\n<tr style=\"height: 18.00pt;\">\n<td class=\"et3\" style=\"height: 18.00pt;\" height=\"18\">Dimension<\/td>\n<td class=\"et5\" style=\"width: 202.95pt;\" width=\"202\">56*42*14<\/td>\n<\/tr>\n<tr style=\"height: 17.60pt;\">\n<td class=\"et3\" style=\"height: 17.60pt;\" height=\"17\">N.W \/SET<\/td>\n<td class=\"et3\">12KGS\/PCS<\/td>\n<\/tr>\n<tr style=\"height: 17.60pt;\">\n<td class=\"et3\" style=\"height: 17.60pt;\" height=\"17\">MOQ<\/td>\n<td class=\"et3\">20St\u00fcck<\/td>\n<\/tr>\n<tr style=\"height: 17.60pt;\">\n<td class=\"et3\" style=\"height: 17.60pt;\" height=\"17\">Benutzerdefinierte Option<\/td>\n<td class=\"et3\">Farbe\/Muster\/Gr\u00f6\u00dfe\/Logo\/Verpackung<\/td>\n<\/tr>\n<\/tbody>\n<\/table>","protected":false},"featured_media":6807,"comment_status":"closed","ping_status":"closed","template":"","meta":{"_acf_changed":false},"product_brand":[],"product_cat":[50,54],"product_tag":[],"class_list":{"0":"post-6798","1":"product","2":"type-product","3":"status-publish","4":"has-post-thumbnail","6":"product_cat-wholesale-countertop-sinks","7":"product_cat-wholesale-marble-sinks","9":"first","10":"instock","11":"shipping-taxable","12":"product-type-simple"},"acf":[],"_links":{"self":[{"href":"https:\/\/www.ceramicbasin.com\/de\/wp-json\/wp\/v2\/product\/6798","targetHints":{"allow":["GET"]}}],"collection":[{"href":"https:\/\/www.ceramicbasin.com\/de\/wp-json\/wp\/v2\/product"}],"about":[{"href":"https:\/\/www.ceramicbasin.com\/de\/wp-json\/wp\/v2\/types\/product"}],"replies":[{"embeddable":true,"href":"https:\/\/www.ceramicbasin.com\/de\/wp-json\/wp\/v2\/comments?post=6798"}],"wp:featuredmedia":[{"embeddable":true,"href":"https:\/\/www.ceramicbasin.com\/de\/wp-json\/wp\/v2\/media\/6807"}],"wp:attachment":[{"href":"https:\/\/www.ceramicbasin.com\/de\/wp-json\/wp\/v2\/media?parent=6798"}],"wp:term":[{"taxonomy":"product_brand","embeddable":true,"href":"https:\/\/www.ceramicbasin.com\/de\/wp-json\/wp\/v2\/product_brand?post=6798"},{"taxonomy":"product_cat","embeddable":true,"href":"https:\/\/www.ceramicbasin.com\/de\/wp-json\/wp\/v2\/product_cat?post=6798"},{"taxonomy":"product_tag","embeddable":true,"href":"https:\/\/www.ceramicbasin.com\/de\/wp-json\/wp\/v2\/product_tag?post=6798"}],"curies":[{"name":"wp","href":"https:\/\/api.w.org\/{rel}","templated":true}]}}