{"id":6865,"date":"2025-05-22T07:28:00","date_gmt":"2025-05-22T07:28:00","guid":{"rendered":"https:\/\/www.ceramicbasin.com\/?post_type=product&#038;p=6865"},"modified":"2025-05-22T07:28:03","modified_gmt":"2025-05-22T07:28:03","slug":"custom-bathroom-sink-countertops","status":"publish","type":"product","link":"https:\/\/www.ceramicbasin.com\/de\/produkt\/custom-bathroom-sink-countertops\/","title":{"rendered":"Oval Marmor Look benutzerdefinierte Badezimmer Waschbecken Arbeitsplatten Gro\u00dfhandel"},"content":{"rendered":"<div class=\"wp-block-columns is-layout-flex wp-container-core-columns-is-layout-9d6595d7 wp-block-columns-is-layout-flex\">\n<div class=\"wp-block-column is-layout-flow wp-block-column-is-layout-flow\">\n<h2 class=\"wp-block-heading\">Premium Custom Bathroom Sink Countertops Eigenschaften:<\/h2>\n\n\n\n<ul class=\"wp-block-list\">\n<li><strong>Ovales Design, weiche Linien, geeignet f\u00fcr eine Vielzahl von Arbeitsplatten: <\/strong>Die abgerundete Form dieser individuellen Waschbeckenplatte ist eleganter und glatter, was nicht nur Platz spart, sondern auch die optische Sch\u00f6nheit des gesamten Badezimmers erh\u00f6ht.<\/li>\n\n\n\n<li><strong>Marmor Farbe Aussehen, nat\u00fcrliche Textur zeigt ein Gef\u00fchl von Luxus:<\/strong> Unsere Gro\u00dfhandel Keramikbecken nehmen Nachahmung Marmor Farbabstimmung und Textur-Technologie, pr\u00e4sentiert eine einzigartige nat\u00fcrliche Textur, die moderne Licht Luxus und nat\u00fcrlichen Stil Dekoration passt.<\/li>\n\n\n\n<li><strong>Hochwertiges Keramikmaterial, verschlei\u00dffest und kratzfest, leicht zu reinigen: <\/strong>Die Oberfl\u00e4che ist glatt und nicht saugf\u00e4hig, hat eine starke Anti-Fouling-Eigenschaft und ist auch nach langem Gebrauch noch hell und sauber.<\/li>\n\n\n\n<li><strong>Unterst\u00fctzung kundenspezifischer Dienstleistungen zur Erf\u00fcllung pers\u00f6nlicher Projektanforderungen: <\/strong>Wir k\u00f6nnen die Gr\u00f6\u00dfe, Farbe, Textur und Marke LOGO von Gro\u00dfhandel Keramikbecken nach Kundenwunsch anpassen, mit flexiblen MOQ und geeignet f\u00fcr OEM \/ ODM Zusammenarbeit.<\/li>\n<\/ul>\n<\/div>\n\n\n\n<div class=\"wp-block-column is-layout-flow wp-block-column-is-layout-flow\">\n<figure class=\"wp-block-image size-full\"><img fetchpriority=\"high\" decoding=\"async\" width=\"721\" height=\"890\" src=\"https:\/\/www.ceramicbasin.com\/wp-content\/uploads\/2025\/05\/Oval-shape-color-ceramic-basin-factory-cabinet-washbasin-wholesale-1.webp\" alt=\"Marmor-Look benutzerdefinierte Badezimmer Waschbecken Countertops Gro\u00dfhandel-1\" class=\"wp-image-6860\" srcset=\"https:\/\/www.ceramicbasin.com\/wp-content\/uploads\/2025\/05\/Oval-shape-color-ceramic-basin-factory-cabinet-washbasin-wholesale-1.webp 721w, https:\/\/www.ceramicbasin.com\/wp-content\/uploads\/2025\/05\/Oval-shape-color-ceramic-basin-factory-cabinet-washbasin-wholesale-1-243x300.webp 243w, https:\/\/www.ceramicbasin.com\/wp-content\/uploads\/2025\/05\/Oval-shape-color-ceramic-basin-factory-cabinet-washbasin-wholesale-1-10x12.webp 10w, https:\/\/www.ceramicbasin.com\/wp-content\/uploads\/2025\/05\/Oval-shape-color-ceramic-basin-factory-cabinet-washbasin-wholesale-1-285x352.webp 285w, https:\/\/www.ceramicbasin.com\/wp-content\/uploads\/2025\/05\/Oval-shape-color-ceramic-basin-factory-cabinet-washbasin-wholesale-1-535x660.webp 535w, https:\/\/www.ceramicbasin.com\/wp-content\/uploads\/2025\/05\/Oval-shape-color-ceramic-basin-factory-cabinet-washbasin-wholesale-1-122x150.webp 122w\" sizes=\"(max-width: 721px) 100vw, 721px\" \/><\/figure>\n<\/div>\n<\/div>","protected":false},"excerpt":{"rendered":"<p>Willkommen im Gro\u00dfhandel Keramik Waschbecken zu kaufen. Diese ovale benutzerdefinierte Bad Waschbecken Arbeitsplatten nimmt eine elegante Marmor Farbe Design und hochwertige keramische Materialien. Es ist sowohl sch\u00f6n als auch praktisch, geeignet f\u00fcr eine Vielzahl von Badr\u00e4ume.<\/p>\n<table style=\"border-collapse: collapse; width: 358.52pt;\" border=\"0\" width=\"478\" cellspacing=\"0\" cellpadding=\"0\">\n<tbody>\n<tr style=\"height: 17.25pt;\">\n<td class=\"et3\" style=\"height: 17.25pt; width: 125.00pt;\" width=\"166\" height=\"23\">Hersteller<\/td>\n<td class=\"et3\" style=\"width: 234.15pt;\" width=\"312\">HanYu<\/td>\n<\/tr>\n<tr style=\"height: 17.25pt;\">\n<td class=\"et3\" style=\"height: 17.25pt;\" height=\"23\">Modell Nr.<\/td>\n<td class=\"et4\">HY-5056D26<\/td>\n<\/tr>\n<tr style=\"height: 17.25pt;\">\n<td class=\"et3\" style=\"height: 17.25pt;\" height=\"23\">Typ<\/td>\n<td class=\"et5\" style=\"width: 234.15pt;\" width=\"312\">Marmorsp\u00fclen<\/td>\n<\/tr>\n<tr style=\"height: 18.00pt;\">\n<td class=\"et3\" style=\"height: 18.00pt;\" height=\"24\">Form<\/td>\n<td class=\"et3\">Ovale Form<\/td>\n<\/tr>\n<tr style=\"height: 34.50pt;\">\n<td class=\"et4\" style=\"height: 34.50pt;\" height=\"46\">Farbe<\/td>\n<td class=\"et5\" style=\"width: 234.15pt;\" width=\"312\">schwarz\/wei\u00df\/blau\/grau\/rosa\/gr\u00fcn\/braun\/khaki<\/td>\n<\/tr>\n<tr style=\"height: 18.00pt;\">\n<td class=\"et3\" style=\"height: 18.00pt;\" height=\"24\">Dimension<\/td>\n<td class=\"et5\" style=\"width: 234.15pt;\" width=\"312\">60*41.5*11.5<\/td>\n<\/tr>\n<tr style=\"height: 17.25pt;\">\n<td class=\"et3\" style=\"height: 17.25pt;\" height=\"23\">N.W \/SET<\/td>\n<td class=\"et3\">10KGS\/PCS<\/td>\n<\/tr>\n<tr style=\"height: 17.25pt;\">\n<td class=\"et3\" style=\"height: 17.25pt;\" height=\"23\">MOQ<\/td>\n<td class=\"et3\">20St\u00fcck<\/td>\n<\/tr>\n<tr style=\"height: 17.25pt;\">\n<td class=\"et3\" style=\"height: 17.25pt;\" height=\"23\">Benutzerdefinierte Option<\/td>\n<td class=\"et3\">Farbe\/Muster\/Gr\u00f6\u00dfe\/Logo\/Verpackung<\/td>\n<\/tr>\n<\/tbody>\n<\/table>","protected":false},"featured_media":6863,"comment_status":"closed","ping_status":"closed","template":"","meta":{"_acf_changed":false},"product_brand":[],"product_cat":[54,50],"product_tag":[],"class_list":{"0":"post-6865","1":"product","2":"type-product","3":"status-publish","4":"has-post-thumbnail","6":"product_cat-wholesale-marble-sinks","7":"product_cat-wholesale-countertop-sinks","9":"first","10":"instock","11":"shipping-taxable","12":"product-type-simple"},"acf":[],"_links":{"self":[{"href":"https:\/\/www.ceramicbasin.com\/de\/wp-json\/wp\/v2\/product\/6865","targetHints":{"allow":["GET"]}}],"collection":[{"href":"https:\/\/www.ceramicbasin.com\/de\/wp-json\/wp\/v2\/product"}],"about":[{"href":"https:\/\/www.ceramicbasin.com\/de\/wp-json\/wp\/v2\/types\/product"}],"replies":[{"embeddable":true,"href":"https:\/\/www.ceramicbasin.com\/de\/wp-json\/wp\/v2\/comments?post=6865"}],"wp:featuredmedia":[{"embeddable":true,"href":"https:\/\/www.ceramicbasin.com\/de\/wp-json\/wp\/v2\/media\/6863"}],"wp:attachment":[{"href":"https:\/\/www.ceramicbasin.com\/de\/wp-json\/wp\/v2\/media?parent=6865"}],"wp:term":[{"taxonomy":"product_brand","embeddable":true,"href":"https:\/\/www.ceramicbasin.com\/de\/wp-json\/wp\/v2\/product_brand?post=6865"},{"taxonomy":"product_cat","embeddable":true,"href":"https:\/\/www.ceramicbasin.com\/de\/wp-json\/wp\/v2\/product_cat?post=6865"},{"taxonomy":"product_tag","embeddable":true,"href":"https:\/\/www.ceramicbasin.com\/de\/wp-json\/wp\/v2\/product_tag?post=6865"}],"curies":[{"name":"wp","href":"https:\/\/api.w.org\/{rel}","templated":true}]}}