{"id":6866,"date":"2025-05-22T07:21:26","date_gmt":"2025-05-22T07:21:26","guid":{"rendered":"https:\/\/www.ceramicbasin.com\/?post_type=product&#038;p=6866"},"modified":"2025-05-22T07:21:29","modified_gmt":"2025-05-22T07:21:29","slug":"custom-ceramic-bathroom-sinks","status":"publish","type":"product","link":"https:\/\/www.ceramicbasin.com\/de\/produkt\/custom-ceramic-bathroom-sinks\/","title":{"rendered":"Flache Marmor Look benutzerdefinierte keramische Badezimmer Waschbecken Gro\u00dfhandel"},"content":{"rendered":"<div class=\"wp-block-columns is-layout-flex wp-container-core-columns-is-layout-9d6595d7 wp-block-columns-is-layout-flex\">\n<div class=\"wp-block-column is-layout-flow wp-block-column-is-layout-flow\">\n<h2 class=\"wp-block-heading\">Premium Custom Keramik Waschbecken f\u00fcr Badezimmer Merkmale:<\/h2>\n\n\n\n<ul class=\"wp-block-list\">\n<li><strong>Flaches Design, platzsparend und einfach und ordentlich: <\/strong>Das niedrige Design dieser kundenspezifischen Keramikwaschbecken eignet sich f\u00fcr kleine B\u00e4der und multifunktionale R\u00e4ume, ist optisch leicht und flexibel und entspricht der \u00c4sthetik eines modernen Hauses.<\/li>\n\n\n\n<li><strong>Imitierte Marmorstruktur, die eine nat\u00fcrliche, hochwertige Struktur aufweist: <\/strong>Die Oberfl\u00e4che dieser Waschbecken f\u00fcr den Gro\u00dfhandel wird mit einer realistischen Steinmaserungstechnologie bearbeitet, die mit dem zarten Glanz von Keramik kombiniert wird und so eine marmor\u00e4hnliche, hochwertige Atmosph\u00e4re schafft und die Qualit\u00e4t des Raumes erh\u00f6ht.<\/li>\n\n\n\n<li><strong>Hochtemperatur-Keramikbrand, glatt, schmutzabweisend und pflegeleicht: <\/strong>Unsere kundenspezifischen keramischen Waschbecken sind robust und langlebig, und die Oberfl\u00e4che ist nicht leicht, Wasserflecken und Schmutz zu hinterlassen, leicht zu reinigen und geeignet f\u00fcr den t\u00e4glichen h\u00e4ufigen Gebrauch.<\/li>\n\n\n\n<li><strong>Unterst\u00fctzung ma\u00dfgeschneiderter Dienste und Anpassung an eine Vielzahl von Gesch\u00e4ftsanforderungen: <\/strong>Unsere Gro\u00dfhandel Badezimmer Waschbecken haben flexible Mindestbestellmenge, und kann in Farbe, Gr\u00f6\u00dfe, Textur und Markenlogo angepasst werden, besonders geeignet f\u00fcr Projektierung, OEM-Zusammenarbeit und grenz\u00fcberschreitende Verk\u00e4ufer.<\/li>\n<\/ul>\n<\/div>\n\n\n\n<div class=\"wp-block-column is-layout-flow wp-block-column-is-layout-flow\">\n<figure class=\"wp-block-image size-full\"><img fetchpriority=\"high\" decoding=\"async\" width=\"709\" height=\"791\" src=\"https:\/\/www.ceramicbasin.com\/wp-content\/uploads\/2025\/05\/Custom-ceramic-sink-manufacturer-large-size-top-counter-washbasin-1.webp\" alt=\"Flache Marmor Look benutzerdefinierte keramische Badezimmer Waschbecken Gro\u00dfhandel-1\" class=\"wp-image-6854\" srcset=\"https:\/\/www.ceramicbasin.com\/wp-content\/uploads\/2025\/05\/Custom-ceramic-sink-manufacturer-large-size-top-counter-washbasin-1.webp 709w, https:\/\/www.ceramicbasin.com\/wp-content\/uploads\/2025\/05\/Custom-ceramic-sink-manufacturer-large-size-top-counter-washbasin-1-269x300.webp 269w, https:\/\/www.ceramicbasin.com\/wp-content\/uploads\/2025\/05\/Custom-ceramic-sink-manufacturer-large-size-top-counter-washbasin-1-11x12.webp 11w, https:\/\/www.ceramicbasin.com\/wp-content\/uploads\/2025\/05\/Custom-ceramic-sink-manufacturer-large-size-top-counter-washbasin-1-285x318.webp 285w, https:\/\/www.ceramicbasin.com\/wp-content\/uploads\/2025\/05\/Custom-ceramic-sink-manufacturer-large-size-top-counter-washbasin-1-592x660.webp 592w, https:\/\/www.ceramicbasin.com\/wp-content\/uploads\/2025\/05\/Custom-ceramic-sink-manufacturer-large-size-top-counter-washbasin-1-134x150.webp 134w\" sizes=\"(max-width: 709px) 100vw, 709px\" \/><\/figure>\n<\/div>\n<\/div>","protected":false},"excerpt":{"rendered":"<p>Willkommen auf benutzerdefinierte Keramik Bad Waschbecken kaufen. Diese flache Gro\u00dfhandel Waschbecken nimmt realistische Marmor Textur Design, mit nat\u00fcrlichen und eleganten Auftritt, geeignet f\u00fcr moderne einfache und leichte Luxus Badezimmer Raum. Support-Anpassung, weit verbreitet in Wohn-, Gewerbefl\u00e4chen und Gro\u00df-und Einzelhandel Kan\u00e4le verwendet.<\/p>\n<table style=\"border-collapse: collapse; width: 358.52pt;\" border=\"0\" width=\"478\" cellspacing=\"0\" cellpadding=\"0\">\n<tbody>\n<tr style=\"height: 17.25pt;\">\n<td class=\"et3\" style=\"height: 17.25pt; width: 125.00pt;\" width=\"166\" height=\"23\">Hersteller<\/td>\n<td class=\"et3\" style=\"width: 234.15pt;\" width=\"312\">HanYu<\/td>\n<\/tr>\n<tr style=\"height: 17.25pt;\">\n<td class=\"et3\" style=\"height: 17.25pt;\" height=\"23\">Modell Nr.<\/td>\n<td class=\"et4\">HY-5057D54<\/td>\n<\/tr>\n<tr style=\"height: 17.25pt;\">\n<td class=\"et3\" style=\"height: 17.25pt;\" height=\"23\">Typ<\/td>\n<td class=\"et5\" style=\"width: 234.15pt;\" width=\"312\">Marmorsp\u00fclen<\/td>\n<\/tr>\n<tr style=\"height: 18.00pt;\">\n<td class=\"et3\" style=\"height: 18.00pt;\" height=\"24\">Form<\/td>\n<td class=\"et3\">Ovale Form<\/td>\n<\/tr>\n<tr style=\"height: 34.50pt;\">\n<td class=\"et4\" style=\"height: 34.50pt;\" height=\"46\">Farbe<\/td>\n<td class=\"et5\" style=\"width: 234.15pt;\" width=\"312\">schwarz\/wei\u00df\/blau\/grau\/rosa\/gr\u00fcn\/braun\/khaki<\/td>\n<\/tr>\n<tr style=\"height: 18.00pt;\">\n<td class=\"et3\" style=\"height: 18.00pt;\" height=\"24\">Dimension<\/td>\n<td class=\"et5\" style=\"width: 234.15pt;\" width=\"312\">80*42.5*11.5<\/td>\n<\/tr>\n<tr style=\"height: 17.25pt;\">\n<td class=\"et3\" style=\"height: 17.25pt;\" height=\"23\">N.W \/SET<\/td>\n<td class=\"et3\">13KGS\/PCS<\/td>\n<\/tr>\n<tr style=\"height: 17.25pt;\">\n<td class=\"et3\" style=\"height: 17.25pt;\" height=\"23\">MOQ<\/td>\n<td class=\"et3\">20St\u00fcck<\/td>\n<\/tr>\n<tr style=\"height: 17.25pt;\">\n<td class=\"et3\" style=\"height: 17.25pt;\" height=\"23\">Benutzerdefinierte Option<\/td>\n<td class=\"et3\">Farbe\/Muster\/Gr\u00f6\u00dfe\/Logo\/Verpackung<\/td>\n<\/tr>\n<\/tbody>\n<\/table>","protected":false},"featured_media":6858,"comment_status":"closed","ping_status":"closed","template":"","meta":{"_acf_changed":false},"product_brand":[],"product_cat":[54,50],"product_tag":[],"class_list":{"0":"post-6866","1":"product","2":"type-product","3":"status-publish","4":"has-post-thumbnail","6":"product_cat-wholesale-marble-sinks","7":"product_cat-wholesale-countertop-sinks","9":"first","10":"instock","11":"shipping-taxable","12":"product-type-simple"},"acf":[],"_links":{"self":[{"href":"https:\/\/www.ceramicbasin.com\/de\/wp-json\/wp\/v2\/product\/6866","targetHints":{"allow":["GET"]}}],"collection":[{"href":"https:\/\/www.ceramicbasin.com\/de\/wp-json\/wp\/v2\/product"}],"about":[{"href":"https:\/\/www.ceramicbasin.com\/de\/wp-json\/wp\/v2\/types\/product"}],"replies":[{"embeddable":true,"href":"https:\/\/www.ceramicbasin.com\/de\/wp-json\/wp\/v2\/comments?post=6866"}],"wp:featuredmedia":[{"embeddable":true,"href":"https:\/\/www.ceramicbasin.com\/de\/wp-json\/wp\/v2\/media\/6858"}],"wp:attachment":[{"href":"https:\/\/www.ceramicbasin.com\/de\/wp-json\/wp\/v2\/media?parent=6866"}],"wp:term":[{"taxonomy":"product_brand","embeddable":true,"href":"https:\/\/www.ceramicbasin.com\/de\/wp-json\/wp\/v2\/product_brand?post=6866"},{"taxonomy":"product_cat","embeddable":true,"href":"https:\/\/www.ceramicbasin.com\/de\/wp-json\/wp\/v2\/product_cat?post=6866"},{"taxonomy":"product_tag","embeddable":true,"href":"https:\/\/www.ceramicbasin.com\/de\/wp-json\/wp\/v2\/product_tag?post=6866"}],"curies":[{"name":"wp","href":"https:\/\/api.w.org\/{rel}","templated":true}]}}