{"id":6867,"date":"2025-05-22T07:16:16","date_gmt":"2025-05-22T07:16:16","guid":{"rendered":"https:\/\/www.ceramicbasin.com\/?post_type=product&#038;p=6867"},"modified":"2025-05-22T07:16:19","modified_gmt":"2025-05-22T07:16:19","slug":"wholesale-ceramic-vessel-sink","status":"publish","type":"product","link":"https:\/\/www.ceramicbasin.com\/de\/produkt\/wholesale-ceramic-vessel-sink\/","title":{"rendered":"Stein Textur Gro\u00dfhandel keramischen Gef\u00e4\u00df Waschbecken Factory Supply"},"content":{"rendered":"<div class=\"wp-block-columns is-layout-flex wp-container-core-columns-is-layout-9d6595d7 wp-block-columns-is-layout-flex\">\n<div class=\"wp-block-column is-layout-flow wp-block-column-is-layout-flow\">\n<h2 class=\"wp-block-heading\">Premium Gro\u00dfhandel keramischen Gef\u00e4\u00df Waschbecken Feature:<\/h2>\n\n\n\n<ul class=\"wp-block-list\">\n<li><strong>Imitation Stein Textur Design, pr\u00e4sentiert die nat\u00fcrliche und robuste Sch\u00f6nheit: <\/strong>Die Oberfl\u00e4chenstruktur dieses Gro\u00dfhandelskeramikwaschbeckens imitiert die Textur von Naturstein, mit echten visuellen Effekten und zarter Ber\u00fchrung, was die nat\u00fcrliche und rustikale Atmosph\u00e4re des Badezimmers insgesamt verbessert.<\/li>\n\n\n\n<li><strong>Hochwertiges Keramikmaterial, sch\u00f6n und praktisch zugleich:<\/strong> Unsere Gro\u00dfhandel Badezimmer Waschbecken sind aus Hochtemperatur gebrannt Keramik, mit einer harten und dichten Oberfl\u00e4che, kratzfest und verschlei\u00dffest, langlebig wie neu, geeignet f\u00fcr den t\u00e4glichen hochfrequenten Einsatz Szenarien.<\/li>\n\n\n\n<li><strong>Einbau auf der Arbeitsplatte, einfache Installation und hohe Kompatibilit\u00e4t:<\/strong> Dieser Gro\u00dfhandel Keramik Gef\u00e4\u00df Waschbecken nimmt eine Arbeitsplatte Struktur Design, das ist einfach zu installieren und geeignet f\u00fcr verschiedene Material-Arbeitsplatten. Es eignet sich f\u00fcr eine breite Palette von Anwendungen in Hotels, Wohn-und kommerziellen Projekten.<\/li>\n\n\n\n<li><strong>Lieferung in gro\u00dfen Mengen, Unterst\u00fctzung bei der kundenspezifischen Anpassung und Zusammenarbeit mit OEM: <\/strong>Wir bieten eine Vielzahl von Gr\u00f6\u00dfen und Texturen f\u00fcr Badezimmerwaschbecken im Gro\u00dfhandel an, unterst\u00fctzen die Massenanpassung von LOGO- und Verpackungsl\u00f6sungen und erf\u00fcllen die unterschiedlichen Bed\u00fcrfnisse von Markeninhabern und technischen Kunden.<\/li>\n<\/ul>\n<\/div>\n\n\n\n<div class=\"wp-block-column is-layout-flow wp-block-column-is-layout-flow\">\n<figure class=\"wp-block-image size-full\"><img fetchpriority=\"high\" decoding=\"async\" width=\"1346\" height=\"1787\" src=\"https:\/\/www.ceramicbasin.com\/wp-content\/uploads\/2025\/05\/Factory-supplier-washbasin-ceramic-color-face-washing-basin-5.webp\" alt=\"Stein Textur Gro\u00dfhandel keramischen Gef\u00e4\u00df Waschbecken Factory Supply-1\" class=\"wp-image-6853\" srcset=\"https:\/\/www.ceramicbasin.com\/wp-content\/uploads\/2025\/05\/Factory-supplier-washbasin-ceramic-color-face-washing-basin-5.webp 1346w, https:\/\/www.ceramicbasin.com\/wp-content\/uploads\/2025\/05\/Factory-supplier-washbasin-ceramic-color-face-washing-basin-5-226x300.webp 226w, https:\/\/www.ceramicbasin.com\/wp-content\/uploads\/2025\/05\/Factory-supplier-washbasin-ceramic-color-face-washing-basin-5-768x1020.webp 768w, https:\/\/www.ceramicbasin.com\/wp-content\/uploads\/2025\/05\/Factory-supplier-washbasin-ceramic-color-face-washing-basin-5-9x12.webp 9w, https:\/\/www.ceramicbasin.com\/wp-content\/uploads\/2025\/05\/Factory-supplier-washbasin-ceramic-color-face-washing-basin-5-285x378.webp 285w, https:\/\/www.ceramicbasin.com\/wp-content\/uploads\/2025\/05\/Factory-supplier-washbasin-ceramic-color-face-washing-basin-5-497x660.webp 497w, https:\/\/www.ceramicbasin.com\/wp-content\/uploads\/2025\/05\/Factory-supplier-washbasin-ceramic-color-face-washing-basin-5-113x150.webp 113w\" sizes=\"(max-width: 1346px) 100vw, 1346px\" \/><\/figure>\n<\/div>\n<\/div>","protected":false},"excerpt":{"rendered":"<p>Willkommen im Gro\u00dfhandel Bad Waschbecken zu kaufen. Diese Nachahmung Stein Textur Gro\u00dfhandel Keramik Gef\u00e4\u00df Waschbecken kombiniert nat\u00fcrliche Textur mit einem modernen Wasser-Transfer-Prozess, pr\u00e4sentiert eine einfache und geschichtete Design-\u00c4sthetik. Gro\u00dfhandel Versorgung, Unterst\u00fctzung Anpassung und schnelle Lieferung.<\/p>\n<table style=\"border-collapse: collapse; width: 358.52pt;\" border=\"0\" width=\"478\" cellspacing=\"0\" cellpadding=\"0\">\n<tbody>\n<tr style=\"height: 17.25pt;\">\n<td class=\"et3\" style=\"height: 17.25pt; width: 125.00pt;\" width=\"166\" height=\"23\">Hersteller<\/td>\n<td class=\"et3\" style=\"width: 234.15pt;\" width=\"312\">HanYu<\/td>\n<\/tr>\n<tr style=\"height: 17.25pt;\">\n<td class=\"et3\" style=\"height: 17.25pt;\" height=\"23\">Modell Nr.<\/td>\n<td class=\"et4\">HY-8018AD57<\/td>\n<\/tr>\n<tr style=\"height: 17.25pt;\">\n<td class=\"et3\" style=\"height: 17.25pt;\" height=\"23\">Typ<\/td>\n<td class=\"et5\" style=\"width: 234.15pt;\" width=\"312\">Marmorsp\u00fclen<\/td>\n<\/tr>\n<tr style=\"height: 18.00pt;\">\n<td class=\"et3\" style=\"height: 18.00pt;\" height=\"24\">Form<\/td>\n<td class=\"et3\">Rectanglue Form<\/td>\n<\/tr>\n<tr style=\"height: 34.50pt;\">\n<td class=\"et4\" style=\"height: 34.50pt;\" height=\"46\">Farbe<\/td>\n<td class=\"et5\" style=\"width: 234.15pt;\" width=\"312\">schwarz\/wei\u00df\/blau\/grau\/rosa\/gr\u00fcn\/braun\/khaki<\/td>\n<\/tr>\n<tr style=\"height: 18.00pt;\">\n<td class=\"et3\" style=\"height: 18.00pt;\" height=\"24\">Dimension<\/td>\n<td class=\"et5\" style=\"width: 234.15pt;\" width=\"312\">46*32*13.5<\/td>\n<\/tr>\n<tr style=\"height: 17.25pt;\">\n<td class=\"et3\" style=\"height: 17.25pt;\" height=\"23\">N.W \/SET<\/td>\n<td class=\"et3\">7KGS\/PCS<\/td>\n<\/tr>\n<tr style=\"height: 17.25pt;\">\n<td class=\"et3\" style=\"height: 17.25pt;\" height=\"23\">MOQ<\/td>\n<td class=\"et3\">20St\u00fcck<\/td>\n<\/tr>\n<tr style=\"height: 17.25pt;\">\n<td class=\"et3\" style=\"height: 17.25pt;\" height=\"23\">Benutzerdefinierte Option<\/td>\n<td class=\"et3\">Farbe\/Muster\/Gr\u00f6\u00dfe\/Logo\/Verpackung<\/td>\n<\/tr>\n<\/tbody>\n<\/table>","protected":false},"featured_media":6851,"comment_status":"closed","ping_status":"closed","template":"","meta":{"_acf_changed":false},"product_brand":[],"product_cat":[54,50],"product_tag":[],"class_list":{"0":"post-6867","1":"product","2":"type-product","3":"status-publish","4":"has-post-thumbnail","6":"product_cat-wholesale-marble-sinks","7":"product_cat-wholesale-countertop-sinks","9":"first","10":"instock","11":"shipping-taxable","12":"product-type-simple"},"acf":[],"_links":{"self":[{"href":"https:\/\/www.ceramicbasin.com\/de\/wp-json\/wp\/v2\/product\/6867","targetHints":{"allow":["GET"]}}],"collection":[{"href":"https:\/\/www.ceramicbasin.com\/de\/wp-json\/wp\/v2\/product"}],"about":[{"href":"https:\/\/www.ceramicbasin.com\/de\/wp-json\/wp\/v2\/types\/product"}],"replies":[{"embeddable":true,"href":"https:\/\/www.ceramicbasin.com\/de\/wp-json\/wp\/v2\/comments?post=6867"}],"wp:featuredmedia":[{"embeddable":true,"href":"https:\/\/www.ceramicbasin.com\/de\/wp-json\/wp\/v2\/media\/6851"}],"wp:attachment":[{"href":"https:\/\/www.ceramicbasin.com\/de\/wp-json\/wp\/v2\/media?parent=6867"}],"wp:term":[{"taxonomy":"product_brand","embeddable":true,"href":"https:\/\/www.ceramicbasin.com\/de\/wp-json\/wp\/v2\/product_brand?post=6867"},{"taxonomy":"product_cat","embeddable":true,"href":"https:\/\/www.ceramicbasin.com\/de\/wp-json\/wp\/v2\/product_cat?post=6867"},{"taxonomy":"product_tag","embeddable":true,"href":"https:\/\/www.ceramicbasin.com\/de\/wp-json\/wp\/v2\/product_tag?post=6867"}],"curies":[{"name":"wp","href":"https:\/\/api.w.org\/{rel}","templated":true}]}}