{"id":6868,"date":"2025-05-22T07:06:46","date_gmt":"2025-05-22T07:06:46","guid":{"rendered":"https:\/\/www.ceramicbasin.com\/?post_type=product&#038;p=6868"},"modified":"2025-05-22T07:06:49","modified_gmt":"2025-05-22T07:06:49","slug":"wholesale-counter-top-basins","status":"publish","type":"product","link":"https:\/\/www.ceramicbasin.com\/de\/produkt\/wholesale-counter-top-basins\/","title":{"rendered":"Imitation Marmor Gro\u00dfhandel Z\u00e4hler oben Becken Keramik Waschbecken"},"content":{"rendered":"<div class=\"wp-block-columns is-layout-flex wp-container-core-columns-is-layout-9d6595d7 wp-block-columns-is-layout-flex\">\n<div class=\"wp-block-column is-layout-flow wp-block-column-is-layout-flow\">\n<h2 class=\"wp-block-heading\">Premium-Gro\u00dfhandel Counter Top Basins Merkmale:<\/h2>\n\n\n\n<ul class=\"wp-block-list\">\n<li><strong>Simulierte Marmorstruktur, luxuri\u00f6ser und nat\u00fcrlicher Stil: <\/strong>Die Oberfl\u00e4che dieser Gro\u00dfhandelstheke ist mit schwarzem und wei\u00dfem Marmor Textur, mit nat\u00fcrlichen und glatten Textur, realistische visuelle Wirkung, die Schaffung eines High-End-Bad Raum Atmosph\u00e4re.<\/li>\n\n\n\n<li><strong>Hochtemperatur-Keramikbrand, glatte und leicht zu reinigende Oberfl\u00e4che: <\/strong>Unsere Gro\u00dfhandel Keramik Waschbecken sind aus hochwertiger Keramik, die resistent gegen hohe Temperaturen, Flecken und Kratzer, leicht zu reinigen t\u00e4glich, und immer noch hell und sauber nach langem Gebrauch ist.<\/li>\n\n\n\n<li><strong>Einbau von Arbeitsplatten, geeignet f\u00fcr verschiedene Arbeitsplatten und Badstile: <\/strong>Unsere Gro\u00dfhandelswaschbecken sind einfach zu installieren und passen zu einer Vielzahl von Baddekorationsstilen wie moderne Schlichtheit, leichter Luxus, nat\u00fcrlicher Stil usw.<\/li>\n\n\n\n<li><strong>Gro\u00dfhandelsangebot, Unterst\u00fctzung der OEM-Anpassung und schnelle Lieferung: <\/strong>Diese Gro\u00dfhandel Keramik Waschbecken haben flexible Mindestbestellmenge, unterst\u00fctzen LOGO Anpassung und exklusive Verpackung, und bieten One-Stop-Service f\u00fcr Projekt-und Marken-Kunden.<\/li>\n<\/ul>\n<\/div>\n\n\n\n<div class=\"wp-block-column is-layout-flow wp-block-column-is-layout-flow\">\n<figure class=\"wp-block-image size-full\"><img fetchpriority=\"high\" decoding=\"async\" width=\"1345\" height=\"1786\" src=\"https:\/\/www.ceramicbasin.com\/wp-content\/uploads\/2025\/05\/Ceramic-color-basin-supplier-marble-color-hand-washing-basin-with-wholesale-price-5.webp\" alt=\"Nachahmung Marmor Gro\u00dfhandel Z\u00e4hler oben Becken keramischen Waschbecken-1\" class=\"wp-image-6848\" srcset=\"https:\/\/www.ceramicbasin.com\/wp-content\/uploads\/2025\/05\/Ceramic-color-basin-supplier-marble-color-hand-washing-basin-with-wholesale-price-5.webp 1345w, https:\/\/www.ceramicbasin.com\/wp-content\/uploads\/2025\/05\/Ceramic-color-basin-supplier-marble-color-hand-washing-basin-with-wholesale-price-5-226x300.webp 226w, https:\/\/www.ceramicbasin.com\/wp-content\/uploads\/2025\/05\/Ceramic-color-basin-supplier-marble-color-hand-washing-basin-with-wholesale-price-5-768x1020.webp 768w, https:\/\/www.ceramicbasin.com\/wp-content\/uploads\/2025\/05\/Ceramic-color-basin-supplier-marble-color-hand-washing-basin-with-wholesale-price-5-9x12.webp 9w, https:\/\/www.ceramicbasin.com\/wp-content\/uploads\/2025\/05\/Ceramic-color-basin-supplier-marble-color-hand-washing-basin-with-wholesale-price-5-285x378.webp 285w, https:\/\/www.ceramicbasin.com\/wp-content\/uploads\/2025\/05\/Ceramic-color-basin-supplier-marble-color-hand-washing-basin-with-wholesale-price-5-497x660.webp 497w, https:\/\/www.ceramicbasin.com\/wp-content\/uploads\/2025\/05\/Ceramic-color-basin-supplier-marble-color-hand-washing-basin-with-wholesale-price-5-113x150.webp 113w\" sizes=\"(max-width: 1345px) 100vw, 1345px\" \/><\/figure>\n<\/div>\n<\/div>","protected":false},"excerpt":{"rendered":"<p>Willkommen im Gro\u00dfhandel Keramik Waschbecken zu kaufen. Unsere Nachahmung Marmor Gro\u00dfhandel Z\u00e4hler oben Becken pr\u00e4sentieren die High-End-Textur von Naturstein mit schwarzen und wei\u00dfen Marmor Textur, kombiniert mit modernen und einfachen Form, die eine ideale Wahl f\u00fcr Einzelh\u00e4ndler und Engineering-Projekte ist.<\/p>\n<table style=\"border-collapse: collapse; width: 358.52pt;\" border=\"0\" width=\"478\" cellspacing=\"0\" cellpadding=\"0\">\n<tbody>\n<tr style=\"height: 17.25pt;\">\n<td class=\"et3\" style=\"height: 17.25pt; width: 125.00pt;\" width=\"166\" height=\"23\">Hersteller<\/td>\n<td class=\"et3\" style=\"width: 234.15pt;\" width=\"312\">HanYu<\/td>\n<\/tr>\n<tr style=\"height: 17.25pt;\">\n<td class=\"et3\" style=\"height: 17.25pt;\" height=\"23\">Modell Nr.<\/td>\n<td class=\"et4\">HY-8069D66<\/td>\n<\/tr>\n<tr style=\"height: 17.25pt;\">\n<td class=\"et3\" style=\"height: 17.25pt;\" height=\"23\">Typ<\/td>\n<td class=\"et5\" style=\"width: 234.15pt;\" width=\"312\">Marmorsp\u00fclen<\/td>\n<\/tr>\n<tr style=\"height: 18.00pt;\">\n<td class=\"et3\" style=\"height: 18.00pt;\" height=\"24\">Form<\/td>\n<td class=\"et3\">Runde Form<\/td>\n<\/tr>\n<tr style=\"height: 34.50pt;\">\n<td class=\"et4\" style=\"height: 34.50pt;\" height=\"46\">Farbe<\/td>\n<td class=\"et5\" style=\"width: 234.15pt;\" width=\"312\">schwarz\/wei\u00df\/blau\/grau\/rosa\/gr\u00fcn\/braun\/khaki<\/td>\n<\/tr>\n<tr style=\"height: 18.00pt;\">\n<td class=\"et3\" style=\"height: 18.00pt;\" height=\"24\">Dimension<\/td>\n<td class=\"et5\" style=\"width: 234.15pt;\" width=\"312\">41.5*41.5*13.5<\/td>\n<\/tr>\n<tr style=\"height: 17.25pt;\">\n<td class=\"et3\" style=\"height: 17.25pt;\" height=\"23\">N.W \/SET<\/td>\n<td class=\"et3\">7KGS\/PCS<\/td>\n<\/tr>\n<tr style=\"height: 17.25pt;\">\n<td class=\"et3\" style=\"height: 17.25pt;\" height=\"23\">MOQ<\/td>\n<td class=\"et3\">20St\u00fcck<\/td>\n<\/tr>\n<tr style=\"height: 17.25pt;\">\n<td class=\"et3\" style=\"height: 17.25pt;\" height=\"23\">Benutzerdefinierte Option<\/td>\n<td class=\"et3\">Farbe\/Muster\/Gr\u00f6\u00dfe\/Logo\/Verpackung<\/td>\n<\/tr>\n<\/tbody>\n<\/table>","protected":false},"featured_media":6845,"comment_status":"closed","ping_status":"closed","template":"","meta":{"_acf_changed":false},"product_brand":[],"product_cat":[54,50],"product_tag":[],"class_list":{"0":"post-6868","1":"product","2":"type-product","3":"status-publish","4":"has-post-thumbnail","6":"product_cat-wholesale-marble-sinks","7":"product_cat-wholesale-countertop-sinks","9":"first","10":"instock","11":"shipping-taxable","12":"product-type-simple"},"acf":[],"_links":{"self":[{"href":"https:\/\/www.ceramicbasin.com\/de\/wp-json\/wp\/v2\/product\/6868","targetHints":{"allow":["GET"]}}],"collection":[{"href":"https:\/\/www.ceramicbasin.com\/de\/wp-json\/wp\/v2\/product"}],"about":[{"href":"https:\/\/www.ceramicbasin.com\/de\/wp-json\/wp\/v2\/types\/product"}],"replies":[{"embeddable":true,"href":"https:\/\/www.ceramicbasin.com\/de\/wp-json\/wp\/v2\/comments?post=6868"}],"wp:featuredmedia":[{"embeddable":true,"href":"https:\/\/www.ceramicbasin.com\/de\/wp-json\/wp\/v2\/media\/6845"}],"wp:attachment":[{"href":"https:\/\/www.ceramicbasin.com\/de\/wp-json\/wp\/v2\/media?parent=6868"}],"wp:term":[{"taxonomy":"product_brand","embeddable":true,"href":"https:\/\/www.ceramicbasin.com\/de\/wp-json\/wp\/v2\/product_brand?post=6868"},{"taxonomy":"product_cat","embeddable":true,"href":"https:\/\/www.ceramicbasin.com\/de\/wp-json\/wp\/v2\/product_cat?post=6868"},{"taxonomy":"product_tag","embeddable":true,"href":"https:\/\/www.ceramicbasin.com\/de\/wp-json\/wp\/v2\/product_tag?post=6868"}],"curies":[{"name":"wp","href":"https:\/\/api.w.org\/{rel}","templated":true}]}}