{"id":6880,"date":"2025-05-27T08:33:42","date_gmt":"2025-05-27T08:33:42","guid":{"rendered":"https:\/\/www.ceramicbasin.com\/?post_type=product&#038;p=6880"},"modified":"2025-11-03T07:48:47","modified_gmt":"2025-11-03T07:48:47","slug":"white-ceramic-sinks-wholesale","status":"publish","type":"product","link":"https:\/\/www.ceramicbasin.com\/de\/produkt\/white-ceramic-sinks-wholesale\/","title":{"rendered":"Wei\u00dfe keramische Sp\u00fclen Gro\u00dfhandel, benutzerdefinierte gro\u00dfe Arbeitsplatte Sp\u00fclen"},"content":{"rendered":"<div class=\"wp-block-columns is-layout-flex wp-container-core-columns-is-layout-9d6595d7 wp-block-columns-is-layout-flex\">\n<div class=\"wp-block-column is-layout-flow wp-block-column-is-layout-flow\">\n<h2 class=\"wp-block-heading\">Premium White Ceramic Sp\u00fclen Gro\u00dfhandel Features:<\/h2>\n\n\n\n<ul class=\"wp-block-list\">\n<li><strong>Hochwertiges keramisches Material:\u00a0<\/strong>Die wei\u00dfen Keramiksp\u00fclen von HanYu werden aus hochwertigen keramischen Rohstoffen hergestellt, die bei hohen Temperaturen gebrannt werden. Sie haben eine feste Struktur und eine glatte Oberfl\u00e4che, die die Anhaftung von Schmutz wirksam verhindert.<\/li>\n\n\n\n<li><strong>Anpassbare Optionen:<\/strong> HanYu bietet eine Auswahl an wei\u00dfen Keramiksp\u00fclen im Gro\u00dfhandel an, die in verschiedenen Farben, Oberfl\u00e4chenausf\u00fchrungen und individuell gestaltbaren Verpackungen erh\u00e4ltlich sind. Dies gibt Ihnen die Flexibilit\u00e4t, das Produkt an Ihre Marke anzupassen und die Bed\u00fcrfnisse Ihres Zielmarktes zu erf\u00fcllen.<\/li>\n\n\n\n<li><strong>Gro\u00dfes Design: <\/strong>Die wei\u00dfen Keramiksp\u00fclen im Gro\u00dfhandel haben eine gr\u00f6\u00dfere Breite und eine l\u00e4ngere rechteckige Form, was den Waschraum vergr\u00f6\u00dfert und sich besser f\u00fcr den Einsatz in Wohngebieten, Hotels und Gewerbegebieten eignet.<\/li>\n\n\n\n<li><strong>Abgerundete Kanten: <\/strong>Unsere ma\u00dfgefertigten Waschbecken haben abgerundete Kanten, die nicht nur sch\u00f6n, sondern auch sicher sind. Sie verhindern St\u00f6\u00dfe und Druckstellen und strahlen Liebe zum Detail aus.<\/li>\n<\/ul>\n<\/div>\n\n\n\n<div class=\"wp-block-column is-layout-flow wp-block-column-is-layout-flow\">\n<figure class=\"wp-block-image size-full\"><img fetchpriority=\"high\" decoding=\"async\" width=\"800\" height=\"800\" src=\"https:\/\/www.ceramicbasin.com\/wp-content\/uploads\/2025\/05\/bathroom-sinks-vanity\uff0ccountertop-sink\uff0cporcelin-bathroom-sink6.webp\" alt=\"Wei\u00dfe-Keramik-Sp\u00fclen-Gro\u00dfhandel-Sonderanfertigungen-Sp\u00fclen-Gro\u00df-rechteckig-runder-Rand-6\" class=\"wp-image-6886\" srcset=\"https:\/\/www.ceramicbasin.com\/wp-content\/uploads\/2025\/05\/bathroom-sinks-vanity\uff0ccountertop-sink\uff0cporcelin-bathroom-sink6.webp 800w, https:\/\/www.ceramicbasin.com\/wp-content\/uploads\/2025\/05\/bathroom-sinks-vanity\uff0ccountertop-sink\uff0cporcelin-bathroom-sink6-300x300.webp 300w, https:\/\/www.ceramicbasin.com\/wp-content\/uploads\/2025\/05\/bathroom-sinks-vanity\uff0ccountertop-sink\uff0cporcelin-bathroom-sink6-150x150.webp 150w, https:\/\/www.ceramicbasin.com\/wp-content\/uploads\/2025\/05\/bathroom-sinks-vanity\uff0ccountertop-sink\uff0cporcelin-bathroom-sink6-768x768.webp 768w, https:\/\/www.ceramicbasin.com\/wp-content\/uploads\/2025\/05\/bathroom-sinks-vanity\uff0ccountertop-sink\uff0cporcelin-bathroom-sink6-12x12.webp 12w, https:\/\/www.ceramicbasin.com\/wp-content\/uploads\/2025\/05\/bathroom-sinks-vanity\uff0ccountertop-sink\uff0cporcelin-bathroom-sink6-285x285.webp 285w, https:\/\/www.ceramicbasin.com\/wp-content\/uploads\/2025\/05\/bathroom-sinks-vanity\uff0ccountertop-sink\uff0cporcelin-bathroom-sink6-270x270.webp 270w, https:\/\/www.ceramicbasin.com\/wp-content\/uploads\/2025\/05\/bathroom-sinks-vanity\uff0ccountertop-sink\uff0cporcelin-bathroom-sink6-540x540.webp 540w, https:\/\/www.ceramicbasin.com\/wp-content\/uploads\/2025\/05\/bathroom-sinks-vanity\uff0ccountertop-sink\uff0cporcelin-bathroom-sink6-660x660.webp 660w\" sizes=\"(max-width: 800px) 100vw, 800px\" \/><\/figure>\n<\/div>\n<\/div>\n\n\n\n<p><\/p>","protected":false},"excerpt":{"rendered":"<p>Willkommen zum Kauf unserer wei\u00dfen Keramiksp\u00fclen im Gro\u00dfhandel. Diese ger\u00e4umigen, rechteckigen Waschbecken mit abgerundeten Kanten kombinieren eine schlichte, moderne \u00c4sthetik mit Alltagstauglichkeit. Sie sind ideal f\u00fcr Gro\u00dfeink\u00e4ufe und verschiedene Projekte. Jede Sp\u00fcle bietet ein gro\u00dfz\u00fcgiges Becken, abgerundete Ecken f\u00fcr zus\u00e4tzliche Sicherheit und eine hochgl\u00e4nzende Porzellanoberfl\u00e4che, die nicht nur gut aussieht, sondern auch langlebig und leicht zu reinigen ist. Sie sind eine fantastische Wahl, um sowohl gewerbliche als auch private B\u00e4der aufzuwerten.<\/p>\n<table style=\"border-collapse: collapse; width: 358.52pt;\" border=\"0\" width=\"478\" cellspacing=\"0\" cellpadding=\"0\">\n<tbody>\n<tr style=\"height: 17.25pt;\">\n<td class=\"et3\" style=\"height: 17.25pt; width: 125.00pt;\" width=\"166\" height=\"23\">Hersteller<\/td>\n<td class=\"et3\" style=\"width: 234.15pt;\" width=\"312\">HanYu<\/td>\n<\/tr>\n<tr style=\"height: 17.25pt;\">\n<td class=\"et3\" style=\"height: 17.25pt;\" height=\"23\">Modell Nr.<\/td>\n<td class=\"et4\">HY-8247<\/td>\n<\/tr>\n<tr style=\"height: 17.25pt;\">\n<td class=\"et3\" style=\"height: 17.25pt;\" height=\"23\">Typ<\/td>\n<td class=\"et5\" style=\"width: 234.15pt;\" width=\"312\">Arbeitsplatten-Sp\u00fclbecken<\/td>\n<\/tr>\n<tr style=\"height: 18.00pt;\">\n<td class=\"et3\" style=\"height: 18.00pt;\" height=\"24\">Form<\/td>\n<td class=\"et3\">Ovale Form<\/td>\n<\/tr>\n<tr style=\"height: 34.50pt;\">\n<td class=\"et4\" style=\"height: 34.50pt;\" height=\"46\">Farbe<\/td>\n<td class=\"et5\" style=\"width: 234.15pt;\" width=\"312\">schwarz\/wei\u00df\/blau\/grau\/rosa\/gr\u00fcn\/braun\/khaki<\/td>\n<\/tr>\n<tr style=\"height: 18.00pt;\">\n<td class=\"et3\" style=\"height: 18.00pt;\" height=\"24\">Dimension<\/td>\n<td class=\"et5\" style=\"width: 234.15pt;\" width=\"312\">60.5*38*12<\/td>\n<\/tr>\n<tr style=\"height: 17.25pt;\">\n<td class=\"et3\" style=\"height: 17.25pt;\" height=\"23\">N.W \/SET<\/td>\n<td class=\"et3\">18KGS\/PCS<\/td>\n<\/tr>\n<tr style=\"height: 17.25pt;\">\n<td class=\"et3\" style=\"height: 17.25pt;\" height=\"23\">MOQ<\/td>\n<td class=\"et3\">20St\u00fcck<\/td>\n<\/tr>\n<tr style=\"height: 17.25pt;\">\n<td class=\"et3\" style=\"height: 17.25pt;\" height=\"23\">Benutzerdefinierte Option<\/td>\n<td class=\"et3\">Farbe\/Muster\/Gr\u00f6\u00dfe\/Logo\/Verpackung<\/td>\n<\/tr>\n<\/tbody>\n<\/table>","protected":false},"featured_media":6881,"comment_status":"closed","ping_status":"closed","template":"","meta":{"_acf_changed":false},"product_brand":[],"product_cat":[50],"product_tag":[],"class_list":{"0":"post-6880","1":"product","2":"type-product","3":"status-publish","4":"has-post-thumbnail","6":"product_cat-wholesale-countertop-sinks","8":"first","9":"instock","10":"shipping-taxable","11":"product-type-simple"},"acf":[],"_links":{"self":[{"href":"https:\/\/www.ceramicbasin.com\/de\/wp-json\/wp\/v2\/product\/6880","targetHints":{"allow":["GET"]}}],"collection":[{"href":"https:\/\/www.ceramicbasin.com\/de\/wp-json\/wp\/v2\/product"}],"about":[{"href":"https:\/\/www.ceramicbasin.com\/de\/wp-json\/wp\/v2\/types\/product"}],"replies":[{"embeddable":true,"href":"https:\/\/www.ceramicbasin.com\/de\/wp-json\/wp\/v2\/comments?post=6880"}],"wp:featuredmedia":[{"embeddable":true,"href":"https:\/\/www.ceramicbasin.com\/de\/wp-json\/wp\/v2\/media\/6881"}],"wp:attachment":[{"href":"https:\/\/www.ceramicbasin.com\/de\/wp-json\/wp\/v2\/media?parent=6880"}],"wp:term":[{"taxonomy":"product_brand","embeddable":true,"href":"https:\/\/www.ceramicbasin.com\/de\/wp-json\/wp\/v2\/product_brand?post=6880"},{"taxonomy":"product_cat","embeddable":true,"href":"https:\/\/www.ceramicbasin.com\/de\/wp-json\/wp\/v2\/product_cat?post=6880"},{"taxonomy":"product_tag","embeddable":true,"href":"https:\/\/www.ceramicbasin.com\/de\/wp-json\/wp\/v2\/product_tag?post=6880"}],"curies":[{"name":"wp","href":"https:\/\/api.w.org\/{rel}","templated":true}]}}