{"id":6887,"date":"2025-05-27T09:01:02","date_gmt":"2025-05-27T09:01:02","guid":{"rendered":"https:\/\/www.ceramicbasin.com\/?post_type=product&#038;p=6887"},"modified":"2025-06-04T02:03:32","modified_gmt":"2025-06-04T02:03:32","slug":"bathroom-sink-custom","status":"publish","type":"product","link":"https:\/\/www.ceramicbasin.com\/de\/produkt\/bathroom-sink-custom\/","title":{"rendered":"Hochwertige erstklassige Badezimmer Waschbecken, Waschbecken Gro\u00dfhandel"},"content":{"rendered":"<div class=\"wp-block-columns is-layout-flex wp-container-core-columns-is-layout-9d6595d7 wp-block-columns-is-layout-flex\">\n<div class=\"wp-block-column is-layout-flow wp-block-column-is-layout-flow\">\n<h2 class=\"wp-block-heading\">Premium-Badewanne Custom Features:<\/h2>\n\n\n\n<ul class=\"wp-block-list\">\n<li><strong>Leicht zu reinigende Glasurbehandlung:\u00a0<\/strong>Die Oberfl\u00e4che dieser Waschbecken-Sondermodelle ist mit einer speziellen, leicht zu reinigenden Glasur versehen, die glatt und zart ist, so dass Flecken nicht so leicht anhaften und leicht zu reinigen sind.<\/li>\n\n\n\n<li><strong>Hei\u00dfer Verkauf: <\/strong>Diese Waschbecken nach Ma\u00df finden auf dem Markt gro\u00dfe Beachtung. Sie halten lange, behalten ihre Farbe gleichm\u00e4\u00dfig, sind sauber und bieten einen hohen Gegenwert f\u00fcr ihr Geld.<\/li>\n\n\n\n<li><strong>Modernes Aussehen:<\/strong> Unsere Waschbecken f\u00fcr den Gro\u00dfhandel bringen eine Mischung aus Klasse und frischem Look in jedes Badezimmer. Sie bilden einen stilvollen Blickpunkt.<\/li>\n\n\n\n<li><strong>Sichere, anpassbare Verpackung: <\/strong>Unser Waschbecken-Gro\u00dfhandel bietet mehrere Verpackungsm\u00f6glichkeiten, darunter Kartons, Schaumstoff- oder Waben-Innenschutz und individuell bedruckte Kartons f\u00fcr eine sichere Lieferung und Markenbildung.<\/li>\n<\/ul>\n<\/div>\n\n\n\n<div class=\"wp-block-column is-layout-flow wp-block-column-is-layout-flow\">\n<figure class=\"wp-block-image size-full\"><img fetchpriority=\"high\" decoding=\"async\" width=\"800\" height=\"800\" src=\"https:\/\/www.ceramicbasin.com\/wp-content\/uploads\/2025\/05\/white-basin-sink\uff0cceramic-laundry-basin\uff0cabove-counter-sink1.webp\" alt=\"hochwertiges-erstklassiges-bad-waschbecken-nach-ma\u00df-gro\u00dfhandel-1\" class=\"wp-image-6888\" srcset=\"https:\/\/www.ceramicbasin.com\/wp-content\/uploads\/2025\/05\/white-basin-sink\uff0cceramic-laundry-basin\uff0cabove-counter-sink1.webp 800w, https:\/\/www.ceramicbasin.com\/wp-content\/uploads\/2025\/05\/white-basin-sink\uff0cceramic-laundry-basin\uff0cabove-counter-sink1-300x300.webp 300w, https:\/\/www.ceramicbasin.com\/wp-content\/uploads\/2025\/05\/white-basin-sink\uff0cceramic-laundry-basin\uff0cabove-counter-sink1-150x150.webp 150w, https:\/\/www.ceramicbasin.com\/wp-content\/uploads\/2025\/05\/white-basin-sink\uff0cceramic-laundry-basin\uff0cabove-counter-sink1-768x768.webp 768w, https:\/\/www.ceramicbasin.com\/wp-content\/uploads\/2025\/05\/white-basin-sink\uff0cceramic-laundry-basin\uff0cabove-counter-sink1-12x12.webp 12w, https:\/\/www.ceramicbasin.com\/wp-content\/uploads\/2025\/05\/white-basin-sink\uff0cceramic-laundry-basin\uff0cabove-counter-sink1-285x285.webp 285w, https:\/\/www.ceramicbasin.com\/wp-content\/uploads\/2025\/05\/white-basin-sink\uff0cceramic-laundry-basin\uff0cabove-counter-sink1-270x270.webp 270w, https:\/\/www.ceramicbasin.com\/wp-content\/uploads\/2025\/05\/white-basin-sink\uff0cceramic-laundry-basin\uff0cabove-counter-sink1-540x540.webp 540w, https:\/\/www.ceramicbasin.com\/wp-content\/uploads\/2025\/05\/white-basin-sink\uff0cceramic-laundry-basin\uff0cabove-counter-sink1-660x660.webp 660w\" sizes=\"(max-width: 800px) 100vw, 800px\" \/><\/figure>\n<\/div>\n<\/div>\n\n\n\n<p><\/p>","protected":false},"excerpt":{"rendered":"<p>Diese erstklassigen Anpassungen von Waschbecken kommen auf dem Markt gut an, weil sie langlebig sind, eine einheitliche Farbe haben, leicht zu reinigen und zu pflegen sind und ein gutes Preis-Leistungs-Verh\u00e4ltnis bieten. Bei den Produkten wird alles ber\u00fccksichtigt, von Material und Gr\u00f6\u00dfe bis hin zu Aufbau und Verpackung. Jeder Artikel ist so gebaut, dass er lange h\u00e4lt, ansprechend aussieht und Ihren speziellen Anforderungen entspricht. Willkommen bei Hanyu.<\/p>\n<table style=\"border-collapse: collapse; width: 358.52pt;\" border=\"0\" width=\"478\" cellspacing=\"0\" cellpadding=\"0\">\n<tbody>\n<tr style=\"height: 17.25pt;\">\n<td class=\"et3\" style=\"height: 17.25pt; width: 125.00pt;\" width=\"166\" height=\"23\">Hersteller<\/td>\n<td class=\"et3\" style=\"width: 234.15pt;\" width=\"312\">HanYu<\/td>\n<\/tr>\n<tr style=\"height: 17.25pt;\">\n<td class=\"et3\" style=\"height: 17.25pt;\" height=\"23\">Modell Nr.<\/td>\n<td class=\"et4\">HY-8249<\/td>\n<\/tr>\n<tr style=\"height: 17.25pt;\">\n<td class=\"et3\" style=\"height: 17.25pt;\" height=\"23\">Typ<\/td>\n<td class=\"et5\" style=\"width: 234.15pt;\" width=\"312\">Arbeitsplatten-Sp\u00fclbecken<\/td>\n<\/tr>\n<tr style=\"height: 18.00pt;\">\n<td class=\"et3\" style=\"height: 18.00pt;\" height=\"24\">Form<\/td>\n<td class=\"et3\">Ovale Form<\/td>\n<\/tr>\n<tr style=\"height: 34.50pt;\">\n<td class=\"et4\" style=\"height: 34.50pt;\" height=\"46\">Farbe<\/td>\n<td class=\"et5\" style=\"width: 234.15pt;\" width=\"312\">schwarz\/wei\u00df\/blau\/grau\/rosa\/gr\u00fcn\/braun\/khaki<\/td>\n<\/tr>\n<tr style=\"height: 18.00pt;\">\n<td class=\"et3\" style=\"height: 18.00pt;\" height=\"24\">Dimension<\/td>\n<td class=\"et5\" style=\"width: 234.15pt;\" width=\"312\">47*34.5*15<\/td>\n<\/tr>\n<tr style=\"height: 17.25pt;\">\n<td class=\"et3\" style=\"height: 17.25pt;\" height=\"23\">N.W \/SET<\/td>\n<td class=\"et3\">15KGS\/PCS<\/td>\n<\/tr>\n<tr style=\"height: 17.25pt;\">\n<td class=\"et3\" style=\"height: 17.25pt;\" height=\"23\">MOQ<\/td>\n<td class=\"et3\">20St\u00fcck<\/td>\n<\/tr>\n<tr style=\"height: 17.25pt;\">\n<td class=\"et3\" style=\"height: 17.25pt;\" height=\"23\">Benutzerdefinierte Option<\/td>\n<td class=\"et3\">Farbe\/Muster\/Gr\u00f6\u00dfe\/Logo\/Verpackung<\/td>\n<\/tr>\n<\/tbody>\n<\/table>","protected":false},"featured_media":6892,"comment_status":"closed","ping_status":"closed","template":"","meta":{"_acf_changed":false},"product_brand":[],"product_cat":[50],"product_tag":[],"class_list":{"0":"post-6887","1":"product","2":"type-product","3":"status-publish","4":"has-post-thumbnail","6":"product_cat-wholesale-countertop-sinks","8":"first","9":"instock","10":"shipping-taxable","11":"product-type-simple"},"acf":[],"_links":{"self":[{"href":"https:\/\/www.ceramicbasin.com\/de\/wp-json\/wp\/v2\/product\/6887","targetHints":{"allow":["GET"]}}],"collection":[{"href":"https:\/\/www.ceramicbasin.com\/de\/wp-json\/wp\/v2\/product"}],"about":[{"href":"https:\/\/www.ceramicbasin.com\/de\/wp-json\/wp\/v2\/types\/product"}],"replies":[{"embeddable":true,"href":"https:\/\/www.ceramicbasin.com\/de\/wp-json\/wp\/v2\/comments?post=6887"}],"wp:featuredmedia":[{"embeddable":true,"href":"https:\/\/www.ceramicbasin.com\/de\/wp-json\/wp\/v2\/media\/6892"}],"wp:attachment":[{"href":"https:\/\/www.ceramicbasin.com\/de\/wp-json\/wp\/v2\/media?parent=6887"}],"wp:term":[{"taxonomy":"product_brand","embeddable":true,"href":"https:\/\/www.ceramicbasin.com\/de\/wp-json\/wp\/v2\/product_brand?post=6887"},{"taxonomy":"product_cat","embeddable":true,"href":"https:\/\/www.ceramicbasin.com\/de\/wp-json\/wp\/v2\/product_cat?post=6887"},{"taxonomy":"product_tag","embeddable":true,"href":"https:\/\/www.ceramicbasin.com\/de\/wp-json\/wp\/v2\/product_tag?post=6887"}],"curies":[{"name":"wp","href":"https:\/\/api.w.org\/{rel}","templated":true}]}}