{"id":6928,"date":"2025-06-07T03:34:07","date_gmt":"2025-06-07T03:34:07","guid":{"rendered":"https:\/\/www.ceramicbasin.com\/?post_type=product&#038;p=6928"},"modified":"2025-11-03T07:43:30","modified_gmt":"2025-11-03T07:43:30","slug":"wholesale-modern-bathroom-sink-bowl","status":"publish","type":"product","link":"https:\/\/www.ceramicbasin.com\/de\/produkt\/wholesale-modern-bathroom-sink-bowl\/","title":{"rendered":"Gro\u00dfhandel Moderne Badezimmer Waschbecken Sch\u00fcssel mit ovaler Form Design"},"content":{"rendered":"<div class=\"wp-block-columns is-layout-flex wp-container-core-columns-is-layout-9d6595d7 wp-block-columns-is-layout-flex\">\n<div class=\"wp-block-column is-layout-flow wp-block-column-is-layout-flow\">\n<h2 class=\"wp-block-heading\">Premium Gro\u00dfhandel Moderne Badezimmer Waschbecken Sch\u00fcssel Merkmale<\/h2>\n\n\n\n<ul class=\"wp-block-list\">\n<li><strong>Direktverkauf ab Werk:<\/strong>\u00a0HanYu's Gro\u00dfhandel Keramik Waschbecken sind direkt von der Fabrik verkauft, die Beseitigung der Preisunterschied von Zwischenh\u00e4ndlern, und Gro\u00dfeinkauf Bad Waschbecken stellt sicher, dass Sie qualitativ hochwertige Bad Waschbecken in gro\u00dfen Mengen zu den niedrigsten Kosten zu kaufen.<\/li>\n\n\n\n<li><strong>Modernes minimalistisches Design:<\/strong> Der Gro\u00dfhandel modernen Bad Waschbecken Sch\u00fcssel klassische ovale Form mit glatten Linien, perfekt geeignet f\u00fcr moderne Badezimmer Dekor Stile.<\/li>\n\n\n\n<li><strong>Wei\u00dfes Porzellanmaterial von hervorragender Qualit\u00e4t: <\/strong>Wei\u00dfe Keramikwaschbecken werden nach Ma\u00df aus bei hoher Temperatur gebrannter wei\u00dfer Keramik hergestellt und besitzen eine glatte und gut bearbeitete Oberfl\u00e4che, die einfach zu reinigen und langlebig ist.<\/li>\n\n\n\n<li><strong>Multidimensionale Anpassungsdienste:<\/strong> Der Gro\u00dfhandel modernen Bad Waschbecken Sch\u00fcssel unterst\u00fctzt kundenspezifische Personalisierung von Gr\u00f6\u00dfe, Farbe, Logo, Abfluss Position, etc. zu erf\u00fcllen Marke und Projektanforderungen.<\/li>\n<\/ul>\n<\/div>\n\n\n\n<div class=\"wp-block-column is-layout-flow wp-block-column-is-layout-flow\">\n<figure class=\"wp-block-image size-full\"><img fetchpriority=\"high\" decoding=\"async\" width=\"793\" height=\"793\" src=\"https:\/\/www.ceramicbasin.com\/wp-content\/uploads\/2025\/06\/Wholesale-White-Handmade-Sinks-Oval-Shape-Modern-Ceramic-Wash-Hand-Basin-8.webp\" alt=\"gro\u00dfhandel-modernes-badezimmer-waschbecken-in-oval-form-weiss-keramik-waschbecken-custom-8\" class=\"wp-image-6936\" srcset=\"https:\/\/www.ceramicbasin.com\/wp-content\/uploads\/2025\/06\/Wholesale-White-Handmade-Sinks-Oval-Shape-Modern-Ceramic-Wash-Hand-Basin-8.webp 793w, https:\/\/www.ceramicbasin.com\/wp-content\/uploads\/2025\/06\/Wholesale-White-Handmade-Sinks-Oval-Shape-Modern-Ceramic-Wash-Hand-Basin-8-300x300.webp 300w, https:\/\/www.ceramicbasin.com\/wp-content\/uploads\/2025\/06\/Wholesale-White-Handmade-Sinks-Oval-Shape-Modern-Ceramic-Wash-Hand-Basin-8-150x150.webp 150w, https:\/\/www.ceramicbasin.com\/wp-content\/uploads\/2025\/06\/Wholesale-White-Handmade-Sinks-Oval-Shape-Modern-Ceramic-Wash-Hand-Basin-8-768x768.webp 768w, https:\/\/www.ceramicbasin.com\/wp-content\/uploads\/2025\/06\/Wholesale-White-Handmade-Sinks-Oval-Shape-Modern-Ceramic-Wash-Hand-Basin-8-12x12.webp 12w, https:\/\/www.ceramicbasin.com\/wp-content\/uploads\/2025\/06\/Wholesale-White-Handmade-Sinks-Oval-Shape-Modern-Ceramic-Wash-Hand-Basin-8-285x285.webp 285w, https:\/\/www.ceramicbasin.com\/wp-content\/uploads\/2025\/06\/Wholesale-White-Handmade-Sinks-Oval-Shape-Modern-Ceramic-Wash-Hand-Basin-8-270x270.webp 270w, https:\/\/www.ceramicbasin.com\/wp-content\/uploads\/2025\/06\/Wholesale-White-Handmade-Sinks-Oval-Shape-Modern-Ceramic-Wash-Hand-Basin-8-540x540.webp 540w, https:\/\/www.ceramicbasin.com\/wp-content\/uploads\/2025\/06\/Wholesale-White-Handmade-Sinks-Oval-Shape-Modern-Ceramic-Wash-Hand-Basin-8-660x660.webp 660w\" sizes=\"(max-width: 793px) 100vw, 793px\" \/><\/figure>\n<\/div>\n<\/div>","protected":false},"excerpt":{"rendered":"<p>Willkommen in unserem Gro\u00dfhandel modernen Bad Waschbecken Sch\u00fcssel zu kaufen. Gefertigt aus Premium glasierte Keramik, die ovale Drop in Bad Waschbecken verf\u00fcgt \u00fcber eine glatte, pflegeleichte Oberfl\u00e4che und langlebige Leistung. Unsere Gro\u00dfhandel Keramikbecken sind Hochtemperatur gebrannt, hochwertige Keramik-Material. Wir bieten Gro\u00dfhandelsrabatte auf dieses beliebte Design, um die Bed\u00fcrfnisse von kommerziellen Projekten oder gro\u00dfen privaten Renovierungen zu erf\u00fcllen.<\/p>\n<table style=\"border-collapse: collapse; width: 358.52pt;\" border=\"0\" width=\"478\" cellspacing=\"0\" cellpadding=\"0\">\n<tbody>\n<tr style=\"height: 17.25pt;\">\n<td class=\"et3\" style=\"height: 17.25pt; width: 125.00pt;\" width=\"166\" height=\"23\">Hersteller<\/td>\n<td class=\"et3\" style=\"width: 234.15pt;\" width=\"312\">HanYu<\/td>\n<\/tr>\n<tr style=\"height: 17.25pt;\">\n<td class=\"et3\" style=\"height: 17.25pt;\" height=\"23\">Modell Nr.<\/td>\n<td class=\"et4\">HY-5006B<\/td>\n<\/tr>\n<tr style=\"height: 17.25pt;\">\n<td class=\"et3\" style=\"height: 17.25pt;\" height=\"23\">Typ<\/td>\n<td class=\"et5\" style=\"width: 234.15pt;\" width=\"312\">Einfallende Waschbecken<\/td>\n<\/tr>\n<tr style=\"height: 18.00pt;\">\n<td class=\"et3\" style=\"height: 18.00pt;\" height=\"24\">Form<\/td>\n<td class=\"et3\">Ovale Form<\/td>\n<\/tr>\n<tr style=\"height: 34.50pt;\">\n<td class=\"et4\" style=\"height: 34.50pt;\" height=\"46\">Farbe<\/td>\n<td class=\"et5\" style=\"width: 234.15pt;\" width=\"312\">schwarz\/wei\u00df\/blau\/grau\/rosa\/gr\u00fcn\/braun\/khaki<\/td>\n<\/tr>\n<tr style=\"height: 18.00pt;\">\n<td class=\"et3\" style=\"height: 18.00pt;\" height=\"24\">Dimension<\/td>\n<td class=\"et5\" style=\"width: 234.15pt;\" width=\"312\">59*40*16<\/td>\n<\/tr>\n<tr style=\"height: 17.25pt;\">\n<td class=\"et3\" style=\"height: 17.25pt;\" height=\"23\">N.W \/SET<\/td>\n<td class=\"et3\">8KGS\/PCS<\/td>\n<\/tr>\n<tr style=\"height: 17.25pt;\">\n<td class=\"et3\" style=\"height: 17.25pt;\" height=\"23\">MOQ<\/td>\n<td class=\"et3\">20St\u00fcck<\/td>\n<\/tr>\n<tr style=\"height: 17.25pt;\">\n<td class=\"et3\" style=\"height: 17.25pt;\" height=\"23\">Benutzerdefinierte Option<\/td>\n<td class=\"et3\">Farbe\/Muster\/Gr\u00f6\u00dfe\/Logo\/Verpackung<\/td>\n<\/tr>\n<\/tbody>\n<\/table>","protected":false},"featured_media":6929,"comment_status":"closed","ping_status":"closed","template":"","meta":{"_acf_changed":false},"product_brand":[],"product_cat":[51],"product_tag":[],"class_list":{"0":"post-6928","1":"product","2":"type-product","3":"status-publish","4":"has-post-thumbnail","6":"product_cat-wholesale-drop-in-sinks","8":"first","9":"instock","10":"shipping-taxable","11":"product-type-simple"},"acf":[],"_links":{"self":[{"href":"https:\/\/www.ceramicbasin.com\/de\/wp-json\/wp\/v2\/product\/6928","targetHints":{"allow":["GET"]}}],"collection":[{"href":"https:\/\/www.ceramicbasin.com\/de\/wp-json\/wp\/v2\/product"}],"about":[{"href":"https:\/\/www.ceramicbasin.com\/de\/wp-json\/wp\/v2\/types\/product"}],"replies":[{"embeddable":true,"href":"https:\/\/www.ceramicbasin.com\/de\/wp-json\/wp\/v2\/comments?post=6928"}],"wp:featuredmedia":[{"embeddable":true,"href":"https:\/\/www.ceramicbasin.com\/de\/wp-json\/wp\/v2\/media\/6929"}],"wp:attachment":[{"href":"https:\/\/www.ceramicbasin.com\/de\/wp-json\/wp\/v2\/media?parent=6928"}],"wp:term":[{"taxonomy":"product_brand","embeddable":true,"href":"https:\/\/www.ceramicbasin.com\/de\/wp-json\/wp\/v2\/product_brand?post=6928"},{"taxonomy":"product_cat","embeddable":true,"href":"https:\/\/www.ceramicbasin.com\/de\/wp-json\/wp\/v2\/product_cat?post=6928"},{"taxonomy":"product_tag","embeddable":true,"href":"https:\/\/www.ceramicbasin.com\/de\/wp-json\/wp\/v2\/product_tag?post=6928"}],"curies":[{"name":"wp","href":"https:\/\/api.w.org\/{rel}","templated":true}]}}