{"id":6937,"date":"2025-06-07T03:01:22","date_gmt":"2025-06-07T03:01:22","guid":{"rendered":"https:\/\/www.ceramicbasin.com\/?post_type=product&#038;p=6937"},"modified":"2025-06-11T01:15:37","modified_gmt":"2025-06-11T01:15:37","slug":"oval-drop-in-sink-wholesale","status":"publish","type":"product","link":"https:\/\/www.ceramicbasin.com\/de\/produkt\/oval-drop-in-sink-wholesale\/","title":{"rendered":"Oval Drop In Waschbecken Gro\u00dfhandel, benutzerdefinierte Waschbecken f\u00fcr Haushalt"},"content":{"rendered":"<div class=\"wp-block-columns is-layout-flex wp-container-core-columns-is-layout-9d6595d7 wp-block-columns-is-layout-flex\">\n<div class=\"wp-block-column is-layout-flow wp-block-column-is-layout-flow\">\n<h2 class=\"wp-block-heading\">Premium Oval Drop In Sp\u00fcle Gro\u00dfhandel Merkmale<\/h2>\n\n\n\n<ul class=\"wp-block-list\">\n<li><strong>Vielf\u00e4ltig anpassbar:\u00a0<\/strong>Oval Drop in Waschbecken Gro\u00dfhandel ist in verschiedenen Farben und Gr\u00f6\u00dfen erh\u00e4ltlich, und kann nach dem Bad Dekoration Anforderungen der verschiedenen Arten ge\u00e4ndert werden. Von einer modernen minimalistischen Art zu einer k\u00fcnstlerischen Art von Bad, kann dieses Waschbecken leicht aufgenommen werden.<\/li>\n\n\n\n<li><strong>Hochwertige keramische Materialien:<\/strong> Qualitativ hochwertige keramische Rohstoffe, sorgf\u00e4ltig ausgew\u00e4hlt und bei hoher Temperatur gesintert, sorgen daf\u00fcr, dass unser Gro\u00dfhandel Keramikbecken ist stark in der Struktur, glatt und d\u00fcnn in der Oberfl\u00e4che, sanit\u00e4r und bequem in der Reinigung, und wie neu und langlebig.<\/li>\n\n\n\n<li><strong>Modischer Stil: <\/strong>Dieses ovale Waschbecken im Gro\u00dfhandel ist elegant und nimmt einen neuen Modestil an, der modische \u00c4sthetik mit funktionalen Zwecken verbindet und einen einzigartigen visuellen Effekt f\u00fcr das Badezimmer zeigt.<\/li>\n\n\n\n<li><strong>Erschwinglicher Preis:<\/strong> HanYu bietet einen sehr niedrigen Gro\u00dfeinkaufspreis, was bedeutet, dass Sie hochwertige Keramikbecken zu einem erschwinglichen Preis erhalten k\u00f6nnen.<\/li>\n<\/ul>\n<\/div>\n\n\n\n<div class=\"wp-block-column is-layout-flow wp-block-column-is-layout-flow\">\n<figure class=\"wp-block-image size-full\"><img fetchpriority=\"high\" decoding=\"async\" width=\"838\" height=\"838\" src=\"https:\/\/www.ceramicbasin.com\/wp-content\/uploads\/2025\/06\/Sink-Manufacturers-Household-and-Public-Use-Oval-Shape-Ceramic-Drop-In-Sink-5.webp\" alt=\"ovale-einfallende-waschbecken-gro\u00dfhandel-sonderwaschbecken-f\u00fcr-den-haushalt-und-\u00f6ffentlichen-gebrauch-5\" class=\"wp-image-6942\" srcset=\"https:\/\/www.ceramicbasin.com\/wp-content\/uploads\/2025\/06\/Sink-Manufacturers-Household-and-Public-Use-Oval-Shape-Ceramic-Drop-In-Sink-5.webp 838w, https:\/\/www.ceramicbasin.com\/wp-content\/uploads\/2025\/06\/Sink-Manufacturers-Household-and-Public-Use-Oval-Shape-Ceramic-Drop-In-Sink-5-300x300.webp 300w, https:\/\/www.ceramicbasin.com\/wp-content\/uploads\/2025\/06\/Sink-Manufacturers-Household-and-Public-Use-Oval-Shape-Ceramic-Drop-In-Sink-5-150x150.webp 150w, https:\/\/www.ceramicbasin.com\/wp-content\/uploads\/2025\/06\/Sink-Manufacturers-Household-and-Public-Use-Oval-Shape-Ceramic-Drop-In-Sink-5-768x768.webp 768w, https:\/\/www.ceramicbasin.com\/wp-content\/uploads\/2025\/06\/Sink-Manufacturers-Household-and-Public-Use-Oval-Shape-Ceramic-Drop-In-Sink-5-12x12.webp 12w, https:\/\/www.ceramicbasin.com\/wp-content\/uploads\/2025\/06\/Sink-Manufacturers-Household-and-Public-Use-Oval-Shape-Ceramic-Drop-In-Sink-5-285x285.webp 285w, https:\/\/www.ceramicbasin.com\/wp-content\/uploads\/2025\/06\/Sink-Manufacturers-Household-and-Public-Use-Oval-Shape-Ceramic-Drop-In-Sink-5-270x270.webp 270w, https:\/\/www.ceramicbasin.com\/wp-content\/uploads\/2025\/06\/Sink-Manufacturers-Household-and-Public-Use-Oval-Shape-Ceramic-Drop-In-Sink-5-540x540.webp 540w, https:\/\/www.ceramicbasin.com\/wp-content\/uploads\/2025\/06\/Sink-Manufacturers-Household-and-Public-Use-Oval-Shape-Ceramic-Drop-In-Sink-5-660x660.webp 660w\" sizes=\"(max-width: 838px) 100vw, 838px\" \/><\/figure>\n<\/div>\n<\/div>","protected":false},"excerpt":{"rendered":"<p>Willkommen zum Kauf unserer ovalen Drop in Waschbecken Gro\u00dfhandel. Das benutzerdefinierte Keramik-Waschbecken zeichnet sich durch sein elegantes Design und hochwertige Keramik-Materialien, so dass es eine bessere Option f\u00fcr die Dekoration des Badezimmers ist. Das stromlinienf\u00f6rmige Design und die abgerundete Kantenbehandlung demonstrieren eine unvergleichliche k\u00fcnstlerische Sch\u00f6nheit. Mehr Mengen k\u00f6nnen von gr\u00f6\u00dferer Kosteneffizienz profitieren.<\/p>\n<table style=\"border-collapse: collapse; width: 358.52pt;\" border=\"0\" width=\"478\" cellspacing=\"0\" cellpadding=\"0\">\n<tbody>\n<tr style=\"height: 17.25pt;\">\n<td class=\"et3\" style=\"height: 17.25pt; width: 125.00pt;\" width=\"166\" height=\"23\">Hersteller<\/td>\n<td class=\"et3\" style=\"width: 234.15pt;\" width=\"312\">HanYu<\/td>\n<\/tr>\n<tr style=\"height: 17.25pt;\">\n<td class=\"et3\" style=\"height: 17.25pt;\" height=\"23\">Modell Nr.<\/td>\n<td class=\"et4\">HY-5038A<\/td>\n<\/tr>\n<tr style=\"height: 17.25pt;\">\n<td class=\"et3\" style=\"height: 17.25pt;\" height=\"23\">Typ<\/td>\n<td class=\"et5\" style=\"width: 234.15pt;\" width=\"312\">Einfallende Waschbecken<\/td>\n<\/tr>\n<tr style=\"height: 18.00pt;\">\n<td class=\"et3\" style=\"height: 18.00pt;\" height=\"24\">Form<\/td>\n<td class=\"et3\">Ovale Form<\/td>\n<\/tr>\n<tr style=\"height: 34.50pt;\">\n<td class=\"et4\" style=\"height: 34.50pt;\" height=\"46\">Farbe<\/td>\n<td class=\"et5\" style=\"width: 234.15pt;\" width=\"312\">schwarz\/wei\u00df\/blau\/grau\/rosa\/gr\u00fcn\/braun\/khaki<\/td>\n<\/tr>\n<tr style=\"height: 18.00pt;\">\n<td class=\"et3\" style=\"height: 18.00pt;\" height=\"24\">Dimension<\/td>\n<td class=\"et5\" style=\"width: 234.15pt;\" width=\"312\">60*42*16.5<\/td>\n<\/tr>\n<tr style=\"height: 17.25pt;\">\n<td class=\"et3\" style=\"height: 17.25pt;\" height=\"23\">N.W \/SET<\/td>\n<td class=\"et3\">12KGS\/PCS<\/td>\n<\/tr>\n<tr style=\"height: 17.25pt;\">\n<td class=\"et3\" style=\"height: 17.25pt;\" height=\"23\">MOQ<\/td>\n<td class=\"et3\">20St\u00fcck<\/td>\n<\/tr>\n<tr style=\"height: 17.25pt;\">\n<td class=\"et3\" style=\"height: 17.25pt;\" height=\"23\">Benutzerdefinierte Option<\/td>\n<td class=\"et3\">Farbe\/Muster\/Gr\u00f6\u00dfe\/Logo\/Verpackung<\/td>\n<\/tr>\n<\/tbody>\n<\/table>","protected":false},"featured_media":6941,"comment_status":"closed","ping_status":"closed","template":"","meta":{"_acf_changed":false},"product_brand":[],"product_cat":[51],"product_tag":[],"class_list":{"0":"post-6937","1":"product","2":"type-product","3":"status-publish","4":"has-post-thumbnail","6":"product_cat-wholesale-drop-in-sinks","8":"first","9":"instock","10":"shipping-taxable","11":"product-type-simple"},"acf":[],"_links":{"self":[{"href":"https:\/\/www.ceramicbasin.com\/de\/wp-json\/wp\/v2\/product\/6937","targetHints":{"allow":["GET"]}}],"collection":[{"href":"https:\/\/www.ceramicbasin.com\/de\/wp-json\/wp\/v2\/product"}],"about":[{"href":"https:\/\/www.ceramicbasin.com\/de\/wp-json\/wp\/v2\/types\/product"}],"replies":[{"embeddable":true,"href":"https:\/\/www.ceramicbasin.com\/de\/wp-json\/wp\/v2\/comments?post=6937"}],"wp:featuredmedia":[{"embeddable":true,"href":"https:\/\/www.ceramicbasin.com\/de\/wp-json\/wp\/v2\/media\/6941"}],"wp:attachment":[{"href":"https:\/\/www.ceramicbasin.com\/de\/wp-json\/wp\/v2\/media?parent=6937"}],"wp:term":[{"taxonomy":"product_brand","embeddable":true,"href":"https:\/\/www.ceramicbasin.com\/de\/wp-json\/wp\/v2\/product_brand?post=6937"},{"taxonomy":"product_cat","embeddable":true,"href":"https:\/\/www.ceramicbasin.com\/de\/wp-json\/wp\/v2\/product_cat?post=6937"},{"taxonomy":"product_tag","embeddable":true,"href":"https:\/\/www.ceramicbasin.com\/de\/wp-json\/wp\/v2\/product_tag?post=6937"}],"curies":[{"name":"wp","href":"https:\/\/api.w.org\/{rel}","templated":true}]}}