{"id":6943,"date":"2025-06-07T02:36:01","date_gmt":"2025-06-07T02:36:01","guid":{"rendered":"https:\/\/www.ceramicbasin.com\/?post_type=product&#038;p=6943"},"modified":"2025-06-07T02:36:04","modified_gmt":"2025-06-07T02:36:04","slug":"drop-in-vanity-basin-wholesale","status":"publish","type":"product","link":"https:\/\/www.ceramicbasin.com\/de\/produkt\/drop-in-vanity-basin-wholesale\/","title":{"rendered":"Drop In Eitelkeit Becken Gro\u00dfhandel, wei\u00dfe Keramik Gef\u00e4\u00df Waschbecken Rechteck benutzerdefinierte"},"content":{"rendered":"<div class=\"wp-block-columns is-layout-flex wp-container-core-columns-is-layout-9d6595d7 wp-block-columns-is-layout-flex\">\n<div class=\"wp-block-column is-layout-flow wp-block-column-is-layout-flow\">\n<h2 class=\"wp-block-heading\">Premium Drop In Vanity Basin Gro\u00dfhandel Merkmale:<\/h2>\n\n\n\n<ul class=\"wp-block-list\">\n<li><strong>Direkte Lieferung ab Werk:\u00a0<\/strong>Als Hersteller von Waschbecken f\u00fcr das Badezimmer verf\u00fcgen wir \u00fcber jahrelange Erfahrung im Gro\u00dfhandel mit Waschbecken, und wir k\u00f6nnen sicherstellen, dass der Preis der von uns angebotenen Gro\u00dfhandelswaschbecken der wettbewerbsf\u00e4higste auf dem Markt ist. Unabh\u00e4ngig von der Gr\u00f6\u00dfe der Bestellung, k\u00f6nnen wir eine rechtzeitige Lieferung garantieren.<\/li>\n\n\n\n<li><strong>Leicht zu pflegen:\u00a0<\/strong>Die Oberfl\u00e4che des Waschbeckens im Gro\u00dfhandel ist glatt und weich, schimmel- und schmutzabweisend, leicht zu reinigen und einfach zu pflegen wie neu, ohne den t\u00e4glichen Aufwand f\u00fcr Reinigung und Pflege.<\/li>\n\n\n\n<li><strong>Kompatibel mit einer Vielzahl von Wasserh\u00e4hnen und Abflusszubeh\u00f6r:<\/strong> Die Drop-in-Eitelkeit-Becken Gro\u00dfhandel Standard-Schnittstelle Design, hoch kompatibel, einfach zu installieren und zu ersetzen. Wissenschaftliche innere Bogenstruktur effektiv reduziert Wasser spritzen und verbessert die Benutzererfahrung.<\/li>\n\n\n\n<li><strong>Schnelle Lieferf\u00e4higkeit:\u00a0<\/strong>Mit unserem rigorosen Inventar- und Logistiksystem k\u00f6nnen wir rechtzeitig auf Gro\u00dfbestellungen von Waschbecken reagieren, eine p\u00fcnktliche Lieferung anbieten und Ihrem Projekt zu einem reibungslosen Ablauf verhelfen.<\/li>\n<\/ul>\n<\/div>\n\n\n\n<div class=\"wp-block-column is-layout-flow wp-block-column-is-layout-flow\">\n<figure class=\"wp-block-image size-full\"><img fetchpriority=\"high\" decoding=\"async\" width=\"803\" height=\"803\" src=\"https:\/\/www.ceramicbasin.com\/wp-content\/uploads\/2025\/06\/China-Manufacturer-White-Square-Lavabo-Ceramic-Vessel-Sink-Insert-In-Counter-Hand-Wash-Basin-8.webp\" alt=\"Einfall-Waschbecken-Gro\u00dfhandel-Wei\u00df-Keramik-Waschbecken-Rechteck-Custom-8\" class=\"wp-image-6951\" srcset=\"https:\/\/www.ceramicbasin.com\/wp-content\/uploads\/2025\/06\/China-Manufacturer-White-Square-Lavabo-Ceramic-Vessel-Sink-Insert-In-Counter-Hand-Wash-Basin-8.webp 803w, https:\/\/www.ceramicbasin.com\/wp-content\/uploads\/2025\/06\/China-Manufacturer-White-Square-Lavabo-Ceramic-Vessel-Sink-Insert-In-Counter-Hand-Wash-Basin-8-300x300.webp 300w, https:\/\/www.ceramicbasin.com\/wp-content\/uploads\/2025\/06\/China-Manufacturer-White-Square-Lavabo-Ceramic-Vessel-Sink-Insert-In-Counter-Hand-Wash-Basin-8-150x150.webp 150w, https:\/\/www.ceramicbasin.com\/wp-content\/uploads\/2025\/06\/China-Manufacturer-White-Square-Lavabo-Ceramic-Vessel-Sink-Insert-In-Counter-Hand-Wash-Basin-8-768x768.webp 768w, https:\/\/www.ceramicbasin.com\/wp-content\/uploads\/2025\/06\/China-Manufacturer-White-Square-Lavabo-Ceramic-Vessel-Sink-Insert-In-Counter-Hand-Wash-Basin-8-12x12.webp 12w, https:\/\/www.ceramicbasin.com\/wp-content\/uploads\/2025\/06\/China-Manufacturer-White-Square-Lavabo-Ceramic-Vessel-Sink-Insert-In-Counter-Hand-Wash-Basin-8-285x285.webp 285w, https:\/\/www.ceramicbasin.com\/wp-content\/uploads\/2025\/06\/China-Manufacturer-White-Square-Lavabo-Ceramic-Vessel-Sink-Insert-In-Counter-Hand-Wash-Basin-8-270x270.webp 270w, https:\/\/www.ceramicbasin.com\/wp-content\/uploads\/2025\/06\/China-Manufacturer-White-Square-Lavabo-Ceramic-Vessel-Sink-Insert-In-Counter-Hand-Wash-Basin-8-540x540.webp 540w, https:\/\/www.ceramicbasin.com\/wp-content\/uploads\/2025\/06\/China-Manufacturer-White-Square-Lavabo-Ceramic-Vessel-Sink-Insert-In-Counter-Hand-Wash-Basin-8-660x660.webp 660w\" sizes=\"(max-width: 803px) 100vw, 803px\" \/><\/figure>\n<\/div>\n<\/div>","protected":false},"excerpt":{"rendered":"<p>Willkommen zum Kauf unserer Drop-in-Eitelkeit Becken Gro\u00dfhandel. Dieses bei hoher Temperatur gebrannte Keramik-Waschbecken ist der Inbegriff von Haltbarkeit, Fleckenbest\u00e4ndigkeit und m\u00fcheloser Reinigung. Dieses zeitgen\u00f6ssische Design in Form einer schlanken rechteckigen Form ist eine stilistische Erg\u00e4nzung f\u00fcr jedes Badezimmer. Dieses Waschbecken ist ideal f\u00fcr den Gro\u00dfhandel und f\u00fcr Projekte und kann nach Ihren anwendungsspezifischen Anforderungen bestellt werden.<\/p>\n<table style=\"border-collapse: collapse; width: 358.52pt;\" border=\"0\" width=\"478\" cellspacing=\"0\" cellpadding=\"0\">\n<tbody>\n<tr style=\"height: 17.25pt;\">\n<td class=\"et3\" style=\"height: 17.25pt; width: 125.00pt;\" width=\"166\" height=\"23\">Hersteller<\/td>\n<td class=\"et3\" style=\"width: 234.15pt;\" width=\"312\">HanYu<\/td>\n<\/tr>\n<tr style=\"height: 17.25pt;\">\n<td class=\"et3\" style=\"height: 17.25pt;\" height=\"23\">Modell Nr.<\/td>\n<td class=\"et4\">HY-5050<\/td>\n<\/tr>\n<tr style=\"height: 17.25pt;\">\n<td class=\"et3\" style=\"height: 17.25pt;\" height=\"23\">Typ<\/td>\n<td class=\"et5\" style=\"width: 234.15pt;\" width=\"312\">Einfallende Waschbecken<\/td>\n<\/tr>\n<tr style=\"height: 18.00pt;\">\n<td class=\"et3\" style=\"height: 18.00pt;\" height=\"24\">Form<\/td>\n<td class=\"et3\">\u00a0Quadratische Form<\/td>\n<\/tr>\n<tr style=\"height: 34.50pt;\">\n<td class=\"et4\" style=\"height: 34.50pt;\" height=\"46\">Farbe<\/td>\n<td class=\"et5\" style=\"width: 234.15pt;\" width=\"312\">schwarz\/wei\u00df\/blau\/grau\/rosa\/gr\u00fcn\/braun\/khaki<\/td>\n<\/tr>\n<tr style=\"height: 18.00pt;\">\n<td class=\"et3\" style=\"height: 18.00pt;\" height=\"24\">Dimension<\/td>\n<td class=\"et5\" style=\"width: 234.15pt;\" width=\"312\">44*44*15<\/td>\n<\/tr>\n<tr style=\"height: 17.25pt;\">\n<td class=\"et3\" style=\"height: 17.25pt;\" height=\"23\">N.W \/SET<\/td>\n<td class=\"et3\">11.5KGS\/PCS<\/td>\n<\/tr>\n<tr style=\"height: 17.25pt;\">\n<td class=\"et3\" style=\"height: 17.25pt;\" height=\"23\">MOQ<\/td>\n<td class=\"et3\">20St\u00fcck<\/td>\n<\/tr>\n<tr style=\"height: 17.25pt;\">\n<td class=\"et3\" style=\"height: 17.25pt;\" height=\"23\">Benutzerdefinierte Option<\/td>\n<td class=\"et3\">Farbe\/Muster\/Gr\u00f6\u00dfe\/Logo\/Verpackung<\/td>\n<\/tr>\n<\/tbody>\n<\/table>","protected":false},"featured_media":6944,"comment_status":"closed","ping_status":"closed","template":"","meta":{"_acf_changed":false},"product_brand":[],"product_cat":[51],"product_tag":[],"class_list":{"0":"post-6943","1":"product","2":"type-product","3":"status-publish","4":"has-post-thumbnail","6":"product_cat-wholesale-drop-in-sinks","8":"first","9":"instock","10":"shipping-taxable","11":"product-type-simple"},"acf":[],"_links":{"self":[{"href":"https:\/\/www.ceramicbasin.com\/de\/wp-json\/wp\/v2\/product\/6943","targetHints":{"allow":["GET"]}}],"collection":[{"href":"https:\/\/www.ceramicbasin.com\/de\/wp-json\/wp\/v2\/product"}],"about":[{"href":"https:\/\/www.ceramicbasin.com\/de\/wp-json\/wp\/v2\/types\/product"}],"replies":[{"embeddable":true,"href":"https:\/\/www.ceramicbasin.com\/de\/wp-json\/wp\/v2\/comments?post=6943"}],"wp:featuredmedia":[{"embeddable":true,"href":"https:\/\/www.ceramicbasin.com\/de\/wp-json\/wp\/v2\/media\/6944"}],"wp:attachment":[{"href":"https:\/\/www.ceramicbasin.com\/de\/wp-json\/wp\/v2\/media?parent=6943"}],"wp:term":[{"taxonomy":"product_brand","embeddable":true,"href":"https:\/\/www.ceramicbasin.com\/de\/wp-json\/wp\/v2\/product_brand?post=6943"},{"taxonomy":"product_cat","embeddable":true,"href":"https:\/\/www.ceramicbasin.com\/de\/wp-json\/wp\/v2\/product_cat?post=6943"},{"taxonomy":"product_tag","embeddable":true,"href":"https:\/\/www.ceramicbasin.com\/de\/wp-json\/wp\/v2\/product_tag?post=6943"}],"curies":[{"name":"wp","href":"https:\/\/api.w.org\/{rel}","templated":true}]}}