{"id":7002,"date":"2025-06-12T09:57:08","date_gmt":"2025-06-12T09:57:08","guid":{"rendered":"https:\/\/www.ceramicbasin.com\/?post_type=product&#038;p=7002"},"modified":"2025-09-26T07:01:25","modified_gmt":"2025-09-26T07:01:25","slug":"wholesale-color-sink","status":"publish","type":"product","link":"https:\/\/www.ceramicbasin.com\/de\/produkt\/wholesale-color-sink\/","title":{"rendered":"Marmor-Look Keramik Gro\u00dfhandel Farbe Waschbecken mit mattem Finish"},"content":{"rendered":"<div class=\"wp-block-columns is-layout-flex wp-container-core-columns-is-layout-9d6595d7 wp-block-columns-is-layout-flex\">\n<div class=\"wp-block-column is-layout-flow wp-block-column-is-layout-flow\">\n<h2 class=\"wp-block-heading\">Premium Gro\u00dfhandel Farbe Waschbecken Merkmale:<\/h2>\n\n\n\n<ul class=\"wp-block-list\">\n<li><strong>Modedesign:<\/strong> Unsere farbigen Porzellanwaschbecken f\u00fcr Badezimmer im Gro\u00dfhandel zeichnen sich durch ein modernes, stilvolles Aussehen mit abgerundeten Kanten aus, das sich f\u00fcr eine Vielzahl von Badezimmergrundrissen eignet und zum Gesamtbild und zur Abstufung des Raums beitr\u00e4gt.<\/li>\n\n\n\n<li><strong>Einfache Installation: <\/strong>Diese Waschbecken f\u00fcr den Gro\u00dfhandel sind f\u00fcr die Installation \u00fcber der Theke konzipiert und bieten eine bequeme Option f\u00fcr Neubauten oder Badrenovierungen.<\/li>\n\n\n\n<li><strong>Farbenfroh: <\/strong>Die Farbe dieser Gro\u00dfhandel Farbe Waschbecken ist durch Wasser-Transferdruck grundlegend auf normale Keramik-Becken gemacht. Gut aussehend und elegant. Wir haben mehr als 100 Farbauswahlen. Es k\u00f6nnte auf alle Modelle, die wir haben gemacht werden.<\/li>\n\n\n\n<li><strong>Gro\u00dfe Produktionskapazit\u00e4t: <\/strong>Unser gro\u00dfes Lager enth\u00e4lt verschiedene Arten von Porzellan Gro\u00dfhandel Badezimmer Waschbecken. W\u00e4hlen Sie die Artikel, die in der Produktion sind, haben wir genug wei\u00dfe Becken, um Marmor Farbe Becken zu machen, so dass die Versandzeit viel k\u00fcrzer sein w\u00fcrde.<\/li>\n<\/ul>\n<\/div>\n\n\n\n<div class=\"wp-block-column is-layout-flow wp-block-column-is-layout-flow\">\n<figure class=\"wp-block-image size-full\"><img fetchpriority=\"high\" decoding=\"async\" width=\"447\" height=\"614\" src=\"https:\/\/www.ceramicbasin.com\/wp-content\/uploads\/2025\/06\/countertop-art-sink-Fashion-colorful-design-5.webp\" alt=\"Marmor-Look Keramik Gro\u00dfhandel Farbe Waschbecken mit mattem Finish-5\" class=\"wp-image-6981\" srcset=\"https:\/\/www.ceramicbasin.com\/wp-content\/uploads\/2025\/06\/countertop-art-sink-Fashion-colorful-design-5.webp 447w, https:\/\/www.ceramicbasin.com\/wp-content\/uploads\/2025\/06\/countertop-art-sink-Fashion-colorful-design-5-218x300.webp 218w, https:\/\/www.ceramicbasin.com\/wp-content\/uploads\/2025\/06\/countertop-art-sink-Fashion-colorful-design-5-9x12.webp 9w, https:\/\/www.ceramicbasin.com\/wp-content\/uploads\/2025\/06\/countertop-art-sink-Fashion-colorful-design-5-285x391.webp 285w, https:\/\/www.ceramicbasin.com\/wp-content\/uploads\/2025\/06\/countertop-art-sink-Fashion-colorful-design-5-109x150.webp 109w\" sizes=\"(max-width: 447px) 100vw, 447px\" \/><\/figure>\n<\/div>\n<\/div>","protected":false},"excerpt":{"rendered":"<p>Willkommen im Gro\u00dfhandel Farbe Waschbecken zu kaufen. Diese Gro\u00dfhandel Badezimmer Waschbecken sind direkt von unserer Fabrik geliefert, stark reduziert Ihre Einkaufskosten. Die stromlinienf\u00f6rmige Aussehen Design und abgerundeten Rand Behandlung zeigen au\u00dfergew\u00f6hnliche k\u00fcnstlerische Sch\u00f6nheit.<\/p>\n<table style=\"border-collapse: collapse; width: 311.02pt;\" border=\"0\" width=\"311\" cellspacing=\"0\" cellpadding=\"0\">\n<tbody>\n<tr style=\"height: 17.60pt;\">\n<td class=\"et3\" style=\"height: 17.60pt; width: 108.35pt;\" width=\"108\" height=\"17\">Hersteller<\/td>\n<td class=\"et3\" style=\"width: 202.95pt;\" width=\"202\">HanYu<\/td>\n<\/tr>\n<tr style=\"height: 17.60pt;\">\n<td class=\"et3\" style=\"height: 17.60pt;\" height=\"17\">Modell Nr.<\/td>\n<td class=\"et4\">HY8064-45D101<\/td>\n<\/tr>\n<tr style=\"height: 17.60pt;\">\n<td class=\"et3\" style=\"height: 17.60pt;\" height=\"17\">Typ<\/td>\n<td class=\"et3\">Aufsatzbecken<\/td>\n<\/tr>\n<tr style=\"height: 17.60pt;\">\n<td class=\"et3\" style=\"height: 17.60pt;\" height=\"17\">Form<\/td>\n<td class=\"et2\">Rechteckige Form<\/td>\n<\/tr>\n<tr style=\"height: 17.60pt;\">\n<td class=\"et4\" style=\"height: 17.60pt;\" height=\"17\">Farbe<\/td>\n<td class=\"et3\">\u00a0Farbe Marmor<\/td>\n<\/tr>\n<tr style=\"height: 18.00pt;\">\n<td class=\"et3\" style=\"height: 18.00pt;\" height=\"18\">Dimension<\/td>\n<td class=\"et5\" style=\"width: 202.95pt;\" width=\"202\">55*38*11<\/td>\n<\/tr>\n<tr style=\"height: 17.60pt;\">\n<td class=\"et3\" style=\"height: 17.60pt;\" height=\"17\">N.W \/SET<\/td>\n<td class=\"et3\">8.7KGS\/PCS<\/td>\n<\/tr>\n<tr style=\"height: 17.60pt;\">\n<td class=\"et3\" style=\"height: 17.60pt;\" height=\"17\">MOQ<\/td>\n<td class=\"et3\">12 St\u00fcck<\/td>\n<\/tr>\n<tr style=\"height: 17.60pt;\">\n<td class=\"et3\" style=\"height: 17.60pt;\" height=\"17\">Benutzerdefinierte Option<\/td>\n<td class=\"et3\">Farbe\/Muster\/Gr\u00f6\u00dfe\/Logo\/Verpackung<\/td>\n<\/tr>\n<\/tbody>\n<\/table>","protected":false},"featured_media":6977,"comment_status":"closed","ping_status":"closed","template":"","meta":{"_acf_changed":false},"product_brand":[],"product_cat":[50,54],"product_tag":[],"class_list":{"0":"post-7002","1":"product","2":"type-product","3":"status-publish","4":"has-post-thumbnail","6":"product_cat-wholesale-countertop-sinks","7":"product_cat-wholesale-marble-sinks","9":"first","10":"instock","11":"shipping-taxable","12":"product-type-simple"},"acf":[],"_links":{"self":[{"href":"https:\/\/www.ceramicbasin.com\/de\/wp-json\/wp\/v2\/product\/7002","targetHints":{"allow":["GET"]}}],"collection":[{"href":"https:\/\/www.ceramicbasin.com\/de\/wp-json\/wp\/v2\/product"}],"about":[{"href":"https:\/\/www.ceramicbasin.com\/de\/wp-json\/wp\/v2\/types\/product"}],"replies":[{"embeddable":true,"href":"https:\/\/www.ceramicbasin.com\/de\/wp-json\/wp\/v2\/comments?post=7002"}],"wp:featuredmedia":[{"embeddable":true,"href":"https:\/\/www.ceramicbasin.com\/de\/wp-json\/wp\/v2\/media\/6977"}],"wp:attachment":[{"href":"https:\/\/www.ceramicbasin.com\/de\/wp-json\/wp\/v2\/media?parent=7002"}],"wp:term":[{"taxonomy":"product_brand","embeddable":true,"href":"https:\/\/www.ceramicbasin.com\/de\/wp-json\/wp\/v2\/product_brand?post=7002"},{"taxonomy":"product_cat","embeddable":true,"href":"https:\/\/www.ceramicbasin.com\/de\/wp-json\/wp\/v2\/product_cat?post=7002"},{"taxonomy":"product_tag","embeddable":true,"href":"https:\/\/www.ceramicbasin.com\/de\/wp-json\/wp\/v2\/product_tag?post=7002"}],"curies":[{"name":"wp","href":"https:\/\/api.w.org\/{rel}","templated":true}]}}