{"id":7004,"date":"2025-06-13T02:01:40","date_gmt":"2025-06-13T02:01:40","guid":{"rendered":"https:\/\/www.ceramicbasin.com\/?post_type=product&#038;p=7004"},"modified":"2025-09-26T06:59:09","modified_gmt":"2025-09-26T06:59:09","slug":"top-mount-bathroom-basin-wholesale","status":"publish","type":"product","link":"https:\/\/www.ceramicbasin.com\/de\/produkt\/top-mount-bathroom-basin-wholesale\/","title":{"rendered":"Hot Top Mount Badezimmer Waschbecken Gro\u00dfhandel mit eleganten Mustern"},"content":{"rendered":"<div class=\"wp-block-columns is-layout-flex wp-container-core-columns-is-layout-9d6595d7 wp-block-columns-is-layout-flex\">\n<div class=\"wp-block-column is-layout-flow wp-block-column-is-layout-flow\">\n<h2 class=\"wp-block-heading\">Premium Top Mount Badezimmer Waschbecken Gro\u00dfhandel Merkmale:<\/h2>\n\n\n\n<ul class=\"wp-block-list\">\n<li><strong>Hochtemperatur-Porzellan, langlebig und leicht zu reinigen:<\/strong> Dieses Aufsatzwaschbecken f\u00fcr den Gro\u00dfhandel besteht aus bei hoher Temperatur gebranntem keramischem Material mit einer dichten und glatten Oberfl\u00e4che, die das Aufsaugen von Flecken wirksam verhindert, leicht zu reinigen und zu pflegen ist und auch nach langem Gebrauch wei\u00df wie neu bleiben kann. Es eignet sich f\u00fcr den h\u00e4ufigen Gebrauch in privaten und \u00f6ffentlichen Badezimmern.<\/li>\n\n\n\n<li><strong>Elegante Marmor Textur, verbessern den Stil des Raumes: <\/strong>Die Oberfl\u00e4che Marmor Textur Design dieser Gro\u00dfhandel Waschbecken ist nat\u00fcrlich und glatt, und jede Textur ist etwas anders, pr\u00e4sentiert ein einzigartiges Gef\u00fchl der Kunst, so dass das Bad Raum mehr strukturiert und geschichtet, und entspricht modernen \u00c4sthetik.<\/li>\n\n\n\n<li><strong>Top Mount Installationsmethode, bequeme Anpassung: <\/strong>Unser Aufsatzwaschbecken im Gro\u00dfhandel vereinfacht den Bauprozess, passt sich an eine Vielzahl von Arbeitsplattenmaterialien an, erfordert keine komplizierte Voreinbettung, ist bequem f\u00fcr eine schnelle Installation und eignet sich auch f\u00fcr den sp\u00e4teren Austausch und die Wartung, was Baukosten spart.<\/li>\n\n\n\n<li><strong>Unterst\u00fctzung der ma\u00dfgeschneiderten technischen Anpassung an den Gro\u00dfhandel: <\/strong>Unsere Gro\u00dfhandelswaschbecken haben eine einheitliche Gr\u00f6\u00dfe und eine stabile Serienproduktion, die sich f\u00fcr die zentrale Beschaffung durch technische Projekte eignet. Gleichzeitig unterst\u00fctzen wir auch OEM\/ODM-Anpassungsdienste, um die individuellen Bed\u00fcrfnisse verschiedener Kunden zu erf\u00fcllen, wie z. B. Hotels, Einheiten, Gesch\u00e4ftsr\u00e4ume, etc.<\/li>\n<\/ul>\n<\/div>\n\n\n\n<div class=\"wp-block-column is-layout-flow wp-block-column-is-layout-flow\">\n<figure class=\"wp-block-image size-full\"><img fetchpriority=\"high\" decoding=\"async\" width=\"913\" height=\"1214\" src=\"https:\/\/www.ceramicbasin.com\/wp-content\/uploads\/2025\/06\/Good-looking-and-colorful-wash-basin-5.webp\" alt=\"Hot Top Mount Badezimmer Waschbecken Gro\u00dfhandel mit eleganten Muster-1\" class=\"wp-image-6990\" srcset=\"https:\/\/www.ceramicbasin.com\/wp-content\/uploads\/2025\/06\/Good-looking-and-colorful-wash-basin-5.webp 913w, https:\/\/www.ceramicbasin.com\/wp-content\/uploads\/2025\/06\/Good-looking-and-colorful-wash-basin-5-226x300.webp 226w, https:\/\/www.ceramicbasin.com\/wp-content\/uploads\/2025\/06\/Good-looking-and-colorful-wash-basin-5-768x1021.webp 768w, https:\/\/www.ceramicbasin.com\/wp-content\/uploads\/2025\/06\/Good-looking-and-colorful-wash-basin-5-9x12.webp 9w, https:\/\/www.ceramicbasin.com\/wp-content\/uploads\/2025\/06\/Good-looking-and-colorful-wash-basin-5-285x379.webp 285w, https:\/\/www.ceramicbasin.com\/wp-content\/uploads\/2025\/06\/Good-looking-and-colorful-wash-basin-5-496x660.webp 496w, https:\/\/www.ceramicbasin.com\/wp-content\/uploads\/2025\/06\/Good-looking-and-colorful-wash-basin-5-113x150.webp 113w\" sizes=\"(max-width: 913px) 100vw, 913px\" \/><\/figure>\n<\/div>\n<\/div>","protected":false},"excerpt":{"rendered":"<p>Willkommen zum Kauf Gro\u00dfhandel Waschbecken. Dieses Aufsatzwaschbecken Gro\u00dfhandel ist mit weichen hellen wei\u00dfen T\u00f6nen und eleganten Marmor Texturen dekoriert, pr\u00e4sentiert eine nat\u00fcrliche und High-End-visuelle Wirkung. Das oben montierte Design ist f\u00fcr eine Vielzahl von Badezimmer-Arbeitsplatten geeignet.<\/p>\n<table style=\"border-collapse: collapse; width: 311.02pt;\" border=\"0\" width=\"311\" cellspacing=\"0\" cellpadding=\"0\">\n<tbody>\n<tr style=\"height: 17.60pt;\">\n<td class=\"et3\" style=\"height: 17.60pt; width: 108.35pt;\" width=\"108\" height=\"17\">Hersteller<\/td>\n<td class=\"et3\" style=\"width: 202.95pt;\" width=\"202\">HanYu<\/td>\n<\/tr>\n<tr style=\"height: 17.60pt;\">\n<td class=\"et3\" style=\"height: 17.60pt;\" height=\"17\">Modell Nr.<\/td>\n<td class=\"et4\">HY-8069D107<\/td>\n<\/tr>\n<tr style=\"height: 36.00pt;\">\n<td class=\"et3\" style=\"height: 36.00pt;\" height=\"36\">Typ<\/td>\n<td class=\"et5\" style=\"width: 202.95pt;\" width=\"202\">Becken in Marmorfarbe, Aufsatzbecken<\/td>\n<\/tr>\n<tr style=\"height: 17.60pt;\">\n<td class=\"et3\" style=\"height: 17.60pt;\" height=\"17\">Form<\/td>\n<td class=\"et3\">Runde Form<\/td>\n<\/tr>\n<tr style=\"height: 18.00pt;\">\n<td class=\"et4\" style=\"height: 18.00pt;\" height=\"18\">Farbe<\/td>\n<td class=\"et5\" style=\"width: 202.95pt;\" width=\"202\">Marmor<\/td>\n<\/tr>\n<tr style=\"height: 18.00pt;\">\n<td class=\"et3\" style=\"height: 18.00pt;\" height=\"18\">Dimension<\/td>\n<td class=\"et5\" style=\"width: 202.95pt;\" width=\"202\">41.5*41.5*13.5<\/td>\n<\/tr>\n<tr style=\"height: 17.60pt;\">\n<td class=\"et3\" style=\"height: 17.60pt;\" height=\"17\">N.W \/SET<\/td>\n<td class=\"et3\">15 KGS\/PCS<\/td>\n<\/tr>\n<tr style=\"height: 17.60pt;\">\n<td class=\"et3\" style=\"height: 17.60pt;\" height=\"17\">MOQ<\/td>\n<td class=\"et3\">20St\u00fcck<\/td>\n<\/tr>\n<tr style=\"height: 17.60pt;\">\n<td class=\"et3\" style=\"height: 17.60pt;\" height=\"17\">Benutzerdefinierte Option<\/td>\n<td class=\"et3\">Farbe\/Muster\/Gr\u00f6\u00dfe\/Logo\/Verpackung<\/td>\n<\/tr>\n<\/tbody>\n<\/table>","protected":false},"featured_media":6986,"comment_status":"closed","ping_status":"closed","template":"","meta":{"_acf_changed":false},"product_brand":[],"product_cat":[54,50],"product_tag":[],"class_list":{"0":"post-7004","1":"product","2":"type-product","3":"status-publish","4":"has-post-thumbnail","6":"product_cat-wholesale-marble-sinks","7":"product_cat-wholesale-countertop-sinks","9":"first","10":"instock","11":"shipping-taxable","12":"product-type-simple"},"acf":[],"_links":{"self":[{"href":"https:\/\/www.ceramicbasin.com\/de\/wp-json\/wp\/v2\/product\/7004","targetHints":{"allow":["GET"]}}],"collection":[{"href":"https:\/\/www.ceramicbasin.com\/de\/wp-json\/wp\/v2\/product"}],"about":[{"href":"https:\/\/www.ceramicbasin.com\/de\/wp-json\/wp\/v2\/types\/product"}],"replies":[{"embeddable":true,"href":"https:\/\/www.ceramicbasin.com\/de\/wp-json\/wp\/v2\/comments?post=7004"}],"wp:featuredmedia":[{"embeddable":true,"href":"https:\/\/www.ceramicbasin.com\/de\/wp-json\/wp\/v2\/media\/6986"}],"wp:attachment":[{"href":"https:\/\/www.ceramicbasin.com\/de\/wp-json\/wp\/v2\/media?parent=7004"}],"wp:term":[{"taxonomy":"product_brand","embeddable":true,"href":"https:\/\/www.ceramicbasin.com\/de\/wp-json\/wp\/v2\/product_brand?post=7004"},{"taxonomy":"product_cat","embeddable":true,"href":"https:\/\/www.ceramicbasin.com\/de\/wp-json\/wp\/v2\/product_cat?post=7004"},{"taxonomy":"product_tag","embeddable":true,"href":"https:\/\/www.ceramicbasin.com\/de\/wp-json\/wp\/v2\/product_tag?post=7004"}],"curies":[{"name":"wp","href":"https:\/\/api.w.org\/{rel}","templated":true}]}}