{"id":7057,"date":"2025-06-27T09:26:58","date_gmt":"2025-06-27T09:26:58","guid":{"rendered":"https:\/\/www.ceramicbasin.com\/?post_type=product&#038;p=7057"},"modified":"2025-09-26T06:50:29","modified_gmt":"2025-09-26T06:50:29","slug":"black-countertop-basin-wholesale","status":"publish","type":"product","link":"https:\/\/www.ceramicbasin.com\/de\/produkt\/black-countertop-basin-wholesale\/","title":{"rendered":"Marmor-Effekt schwarz Countertop Becken Gro\u00dfhandel, Keramik-Waschtisch Versorgung"},"content":{"rendered":"<div class=\"wp-block-columns is-layout-flex wp-container-core-columns-is-layout-9d6595d7 wp-block-columns-is-layout-flex\">\n<div class=\"wp-block-column is-layout-flow wp-block-column-is-layout-flow\">\n<h2 class=\"wp-block-heading\">Premium Black Countertop Basin Wholesale Eigenschaften:<\/h2>\n\n\n\n<ul class=\"wp-block-list\">\n<li><strong>Atemberaubende Oberfl\u00e4che mit Marmoreffekt:<\/strong> Das schwarze Waschbecken im Gro\u00dfhandel hat ein nat\u00fcrliches Marmor-Finish, das sich hervorragend f\u00fcr luxuri\u00f6se Badezimmer oder Boutique-Hotels eignet, aber auch allgemein f\u00fcr moderne Wohnungen und Innenr\u00e4ume.<\/li>\n\n\n\n<li><strong>Langlebiger glasierter Keramikk\u00f6rper: <\/strong>Das schwarze Aufsatzbecken im Gro\u00dfhandel besteht aus Keramik, die bei hoher Temperatur gebrannt wurde und mit einer glatten, schmutzabweisenden, leicht zu reinigenden Glasur versehen ist, die Kratzern und dem Verblassen widersteht - konzipiert f\u00fcr den jahrelangen gewerblichen Einsatz.<\/li>\n\n\n\n<li><strong>Wassertransferdruckverfahren:&nbsp;<\/strong>Diese Porzellanwaschbecken f\u00fcr den Gro\u00dfhandel verwenden die Wassertransferdrucktechnologie, um die Textur und Farbe von nat\u00fcrlichem Marmor genau nachzubilden und Ihrem hochwertigen Projekt eine unvergleichliche Textur und Sch\u00f6nheit zu verleihen.<\/li>\n\n\n\n<li><strong>Vielf\u00e4ltige Auswahl: <\/strong>Wir bieten eine Vielzahl von Stilen, Gr\u00f6\u00dfen und Farben von Gro\u00dfhandel Keramik Waschbecken zur Auswahl, die die Bed\u00fcrfnisse der verschiedenen Badezimmer Stile und leicht zu integrieren sie in verschiedenen Dekorationen Designs.<\/li>\n<\/ul>\n<\/div>\n\n\n\n<div class=\"wp-block-column is-layout-flow wp-block-column-is-layout-flow\">\n<figure class=\"wp-block-image size-full\"><img fetchpriority=\"high\" decoding=\"async\" width=\"1345\" height=\"1786\" src=\"https:\/\/www.ceramicbasin.com\/wp-content\/uploads\/2025\/06\/Hot-sale-ceramic-washbasin-factorycounter-top-color-sinks-with-wholesale-price-5.webp\" alt=\"marmorierte-schwarze-arbeitsplatte-waschtisch-grosshandel-keramik-waschtisch-supply-5\" class=\"wp-image-7056\" srcset=\"https:\/\/www.ceramicbasin.com\/wp-content\/uploads\/2025\/06\/Hot-sale-ceramic-washbasin-factorycounter-top-color-sinks-with-wholesale-price-5.webp 1345w, https:\/\/www.ceramicbasin.com\/wp-content\/uploads\/2025\/06\/Hot-sale-ceramic-washbasin-factorycounter-top-color-sinks-with-wholesale-price-5-226x300.webp 226w, https:\/\/www.ceramicbasin.com\/wp-content\/uploads\/2025\/06\/Hot-sale-ceramic-washbasin-factorycounter-top-color-sinks-with-wholesale-price-5-768x1020.webp 768w, https:\/\/www.ceramicbasin.com\/wp-content\/uploads\/2025\/06\/Hot-sale-ceramic-washbasin-factorycounter-top-color-sinks-with-wholesale-price-5-9x12.webp 9w, https:\/\/www.ceramicbasin.com\/wp-content\/uploads\/2025\/06\/Hot-sale-ceramic-washbasin-factorycounter-top-color-sinks-with-wholesale-price-5-285x378.webp 285w, https:\/\/www.ceramicbasin.com\/wp-content\/uploads\/2025\/06\/Hot-sale-ceramic-washbasin-factorycounter-top-color-sinks-with-wholesale-price-5-497x660.webp 497w, https:\/\/www.ceramicbasin.com\/wp-content\/uploads\/2025\/06\/Hot-sale-ceramic-washbasin-factorycounter-top-color-sinks-with-wholesale-price-5-113x150.webp 113w\" sizes=\"(max-width: 1345px) 100vw, 1345px\" \/><\/figure>\n<\/div>\n<\/div>\n\n\n\n<p><\/p>","protected":false},"excerpt":{"rendered":"<p>Willkommen zum Kauf unserer schwarzen Arbeitsplatte Waschbecken Gro\u00dfhandel. Aktualisieren Sie Ihr Badezimmer mit unserem schwarzen Waschbecken mit Marmoreffekt, das aus hochwertigem Keramikmaterial f\u00fcr eine dauerhafte Oberfl\u00e4che gefertigt ist. Schwarzer Marmor Design bietet eine beeindruckende und elegante Erscheinung, ideal f\u00fcr Luxushotels, Designer-H\u00e4user und Boutique kommerziellen Eigenschaften. Wir bieten stabile Gro\u00dflieferungen, OEM\/ODM Dienstleistungen.<\/p>\n<table style=\"border-collapse: collapse; width: 358.52pt;\" border=\"0\" width=\"478\" cellspacing=\"0\" cellpadding=\"0\">\n<tbody>\n<tr style=\"height: 17.25pt;\">\n<td class=\"et3\" style=\"height: 17.25pt; width: 125.00pt;\" width=\"166\" height=\"23\">Hersteller<\/td>\n<td class=\"et3\" style=\"width: 234.15pt;\" width=\"312\">HanYu<\/td>\n<\/tr>\n<tr style=\"height: 17.25pt;\">\n<td class=\"et3\" style=\"height: 17.25pt;\" height=\"23\">Modell Nr.<\/td>\n<td class=\"et4\">HY-8064-45D45<\/td>\n<\/tr>\n<tr style=\"height: 17.25pt;\">\n<td class=\"et3\" style=\"height: 17.25pt;\" height=\"23\">Typ<\/td>\n<td class=\"et5\" style=\"width: 234.15pt;\" width=\"312\">Marmorsp\u00fclen<\/td>\n<\/tr>\n<tr style=\"height: 18.00pt;\">\n<td class=\"et3\" style=\"height: 18.00pt;\" height=\"24\">Form<\/td>\n<td class=\"et3\">Rectanglue Form<\/td>\n<\/tr>\n<tr style=\"height: 34.50pt;\">\n<td class=\"et4\" style=\"height: 34.50pt;\" height=\"46\">Farbe<\/td>\n<td class=\"et5\" style=\"width: 234.15pt;\" width=\"312\">schwarz\/wei\u00df\/blau\/grau\/rosa\/gr\u00fcn\/braun\/khaki<\/td>\n<\/tr>\n<tr style=\"height: 18.00pt;\">\n<td class=\"et3\" style=\"height: 18.00pt;\" height=\"24\">Dimension<\/td>\n<td class=\"et5\" style=\"width: 234.15pt;\" width=\"312\">45*38*11<\/td>\n<\/tr>\n<tr style=\"height: 17.25pt;\">\n<td class=\"et3\" style=\"height: 17.25pt;\" height=\"23\">N.W \/SET<\/td>\n<td class=\"et3\">7KGS\/PCS<\/td>\n<\/tr>\n<tr style=\"height: 17.25pt;\">\n<td class=\"et3\" style=\"height: 17.25pt;\" height=\"23\">MOQ<\/td>\n<td class=\"et3\">20St\u00fcck<\/td>\n<\/tr>\n<tr style=\"height: 17.25pt;\">\n<td class=\"et3\" style=\"height: 17.25pt;\" height=\"23\">Benutzerdefinierte Option<\/td>\n<td class=\"et3\">Farbe\/Muster\/Gr\u00f6\u00dfe\/Logo\/Verpackung<\/td>\n<\/tr>\n<\/tbody>\n<\/table>","protected":false},"featured_media":7053,"comment_status":"closed","ping_status":"closed","template":"","meta":{"_acf_changed":false},"product_brand":[],"product_cat":[50,54],"product_tag":[],"class_list":{"0":"post-7057","1":"product","2":"type-product","3":"status-publish","4":"has-post-thumbnail","6":"product_cat-wholesale-countertop-sinks","7":"product_cat-wholesale-marble-sinks","9":"first","10":"instock","11":"shipping-taxable","12":"product-type-simple"},"acf":[],"_links":{"self":[{"href":"https:\/\/www.ceramicbasin.com\/de\/wp-json\/wp\/v2\/product\/7057","targetHints":{"allow":["GET"]}}],"collection":[{"href":"https:\/\/www.ceramicbasin.com\/de\/wp-json\/wp\/v2\/product"}],"about":[{"href":"https:\/\/www.ceramicbasin.com\/de\/wp-json\/wp\/v2\/types\/product"}],"replies":[{"embeddable":true,"href":"https:\/\/www.ceramicbasin.com\/de\/wp-json\/wp\/v2\/comments?post=7057"}],"wp:featuredmedia":[{"embeddable":true,"href":"https:\/\/www.ceramicbasin.com\/de\/wp-json\/wp\/v2\/media\/7053"}],"wp:attachment":[{"href":"https:\/\/www.ceramicbasin.com\/de\/wp-json\/wp\/v2\/media?parent=7057"}],"wp:term":[{"taxonomy":"product_brand","embeddable":true,"href":"https:\/\/www.ceramicbasin.com\/de\/wp-json\/wp\/v2\/product_brand?post=7057"},{"taxonomy":"product_cat","embeddable":true,"href":"https:\/\/www.ceramicbasin.com\/de\/wp-json\/wp\/v2\/product_cat?post=7057"},{"taxonomy":"product_tag","embeddable":true,"href":"https:\/\/www.ceramicbasin.com\/de\/wp-json\/wp\/v2\/product_tag?post=7057"}],"curies":[{"name":"wp","href":"https:\/\/api.w.org\/{rel}","templated":true}]}}