{"id":7058,"date":"2025-06-30T03:55:44","date_gmt":"2025-06-30T03:55:44","guid":{"rendered":"https:\/\/www.ceramicbasin.com\/?post_type=product&#038;p=7058"},"modified":"2025-11-05T03:24:00","modified_gmt":"2025-11-05T03:24:00","slug":"wholesale-square-bathroom-sink-bowls","status":"publish","type":"product","link":"https:\/\/www.ceramicbasin.com\/de\/produkt\/wholesale-square-bathroom-sink-bowls\/","title":{"rendered":"Gro\u00dfhandel Quadrat Bad Waschbecken Schalen mit Marmor Textur"},"content":{"rendered":"<div class=\"wp-block-columns is-layout-flex wp-container-core-columns-is-layout-9d6595d7 wp-block-columns-is-layout-flex\">\n<div class=\"wp-block-column is-layout-flow wp-block-column-is-layout-flow\">\n<h2 class=\"wp-block-heading\">Premium Gro\u00dfhandel Quadrat Bad Waschbecken Schalen Merkmale:<\/h2>\n\n\n\n<ul class=\"wp-block-list\">\n<li><strong>Realistisches Marmormuster:\u00a0<\/strong>Diese luxuri\u00f6sen, marmorfarbenen, quadratischen Waschbecken f\u00fcr den Gro\u00dfhandel verwenden eine fortschrittliche Wasser\u00fcbertragungstechnologie, um die nat\u00fcrliche Textur und Farbe des Marmors genau nachzubilden und dem Becken einen einzigartigen visuellen Charme zu verleihen.<\/li>\n\n\n\n<li><strong>Antifouling und leicht zu reinigen:\u00a0<\/strong>Unsere Porzellansp\u00fcle f\u00fcr den Gro\u00dfhandel ist glatt und dicht an der Oberfl\u00e4che. Daher ist es nicht leicht, viel Wasser oder Schmutz zu absorbieren, was auch der Grund ist, warum die Keramiksp\u00fcle im t\u00e4glichen Gebrauch leicht zu reinigen ist. Normalerweise m\u00fcssen Sie nur sanft mit gew\u00f6hnlichem Reinigungsmittel abwischen, um das Waschbecken sauber und hell zu halten, um Ihren Komfort im Gebrauch zu erleichtern.<\/li>\n\n\n\n<li><strong>Individuelle Farbauswahl:<\/strong>\u00a0Dieses ma\u00dfgefertigte Waschbecken wird mit einer Vielzahl von personalisierten Farboptionen geliefert, um Ihre Bed\u00fcrfnisse bei der Erstellung der perfekten Farbkombination zu erf\u00fcllen und sicherzustellen, dass sich Ihr Badezimmerwaschbecken nahtlos in den Gesamtstil Ihres Hauses einf\u00fcgt und Ihren Geschmack widerspiegelt.<\/li>\n\n\n\n<li><strong>Quadratisches Design:<\/strong> Die quadratischen Waschbecken im Gro\u00dfhandel haben ein quadratisches Design mit klaren Linien und kombinieren Mode mit Funktionalit\u00e4t. Sie passen zu modernen minimalistischen, luxuri\u00f6sen und anderen Badezimmern.<\/li>\n<\/ul>\n<\/div>\n\n\n\n<div class=\"wp-block-column is-layout-flow wp-block-column-is-layout-flow\">\n<figure class=\"wp-block-image size-full\"><img fetchpriority=\"high\" decoding=\"async\" width=\"1345\" height=\"1786\" src=\"https:\/\/www.ceramicbasin.com\/wp-content\/uploads\/2025\/06\/Luxury-design-marble-color-basin-factorybathroom-counter-top-sinks-bowl-5.webp\" alt=\"Gro\u00dfhandel-Quadratisches-Bad-Waschbecken-Schalen-Marmor-Farbe-Waschbecken-Gro\u00dfhandel-5\" class=\"wp-image-7051\" srcset=\"https:\/\/www.ceramicbasin.com\/wp-content\/uploads\/2025\/06\/Luxury-design-marble-color-basin-factorybathroom-counter-top-sinks-bowl-5.webp 1345w, https:\/\/www.ceramicbasin.com\/wp-content\/uploads\/2025\/06\/Luxury-design-marble-color-basin-factorybathroom-counter-top-sinks-bowl-5-226x300.webp 226w, https:\/\/www.ceramicbasin.com\/wp-content\/uploads\/2025\/06\/Luxury-design-marble-color-basin-factorybathroom-counter-top-sinks-bowl-5-768x1020.webp 768w, https:\/\/www.ceramicbasin.com\/wp-content\/uploads\/2025\/06\/Luxury-design-marble-color-basin-factorybathroom-counter-top-sinks-bowl-5-9x12.webp 9w, https:\/\/www.ceramicbasin.com\/wp-content\/uploads\/2025\/06\/Luxury-design-marble-color-basin-factorybathroom-counter-top-sinks-bowl-5-285x378.webp 285w, https:\/\/www.ceramicbasin.com\/wp-content\/uploads\/2025\/06\/Luxury-design-marble-color-basin-factorybathroom-counter-top-sinks-bowl-5-497x660.webp 497w, https:\/\/www.ceramicbasin.com\/wp-content\/uploads\/2025\/06\/Luxury-design-marble-color-basin-factorybathroom-counter-top-sinks-bowl-5-113x150.webp 113w\" sizes=\"(max-width: 1345px) 100vw, 1345px\" \/><\/figure>\n<\/div>\n<\/div>","protected":false},"excerpt":{"rendered":"<p>Willkommen in unserem Gro\u00dfhandel quadratischen Bad Waschbecken Schalen zu kaufen. Diese Marmor-Muster Keramik Arbeitsplatte Becken Gro\u00dfhandel ist nach modernen Luxus-Mode entworfen, die Mischung der Marmor-Muster mit Keramik-Material. Es verf\u00fcgt \u00fcber eine starke und dennoch elegante Erscheinung, die perfekt f\u00fcr High-End-Haus, Hotel und Business-Bad-Umgebungen ist. Es kann in gro\u00dfen Mengen gekauft und angepasst werden, was eine perfekte Option f\u00fcr Projekte und Marken ist.<\/p>\n<table style=\"border-collapse: collapse; width: 358.52pt;\" border=\"0\" width=\"478\" cellspacing=\"0\" cellpadding=\"0\">\n<tbody>\n<tr style=\"height: 17.25pt;\">\n<td class=\"et3\" style=\"height: 17.25pt; width: 125.00pt;\" width=\"166\" height=\"23\">Hersteller<\/td>\n<td class=\"et3\" style=\"width: 234.15pt;\" width=\"312\">HanYu<\/td>\n<\/tr>\n<tr style=\"height: 17.25pt;\">\n<td class=\"et3\" style=\"height: 17.25pt;\" height=\"23\">Modell Nr.<\/td>\n<td class=\"et4\">HY-8064-45D41<\/td>\n<\/tr>\n<tr style=\"height: 17.25pt;\">\n<td class=\"et3\" style=\"height: 17.25pt;\" height=\"23\">Typ<\/td>\n<td class=\"et5\" style=\"width: 234.15pt;\" width=\"312\">Marmorsp\u00fclen<\/td>\n<\/tr>\n<tr style=\"height: 18.00pt;\">\n<td class=\"et3\" style=\"height: 18.00pt;\" height=\"24\">Form<\/td>\n<td class=\"et3\">Rectanglue Form<\/td>\n<\/tr>\n<tr style=\"height: 34.50pt;\">\n<td class=\"et4\" style=\"height: 34.50pt;\" height=\"46\">Farbe<\/td>\n<td class=\"et5\" style=\"width: 234.15pt;\" width=\"312\">schwarz\/wei\u00df\/blau\/grau\/rosa\/gr\u00fcn\/braun\/khaki<\/td>\n<\/tr>\n<tr style=\"height: 18.00pt;\">\n<td class=\"et3\" style=\"height: 18.00pt;\" height=\"24\">Dimension<\/td>\n<td class=\"et5\" style=\"width: 234.15pt;\" width=\"312\">45*38*11<\/td>\n<\/tr>\n<tr style=\"height: 17.25pt;\">\n<td class=\"et3\" style=\"height: 17.25pt;\" height=\"23\">N.W \/SET<\/td>\n<td class=\"et3\">7KGS\/PCS<\/td>\n<\/tr>\n<tr style=\"height: 17.25pt;\">\n<td class=\"et3\" style=\"height: 17.25pt;\" height=\"23\">MOQ<\/td>\n<td class=\"et3\">20St\u00fcck<\/td>\n<\/tr>\n<tr style=\"height: 17.25pt;\">\n<td class=\"et3\" style=\"height: 17.25pt;\" height=\"23\">Benutzerdefinierte Option<\/td>\n<td class=\"et3\">Farbe\/Muster\/Gr\u00f6\u00dfe\/Logo\/Verpackung<\/td>\n<\/tr>\n<\/tbody>\n<\/table>","protected":false},"featured_media":7049,"comment_status":"closed","ping_status":"closed","template":"","meta":{"_acf_changed":false},"product_brand":[],"product_cat":[50,54],"product_tag":[],"class_list":{"0":"post-7058","1":"product","2":"type-product","3":"status-publish","4":"has-post-thumbnail","6":"product_cat-wholesale-countertop-sinks","7":"product_cat-wholesale-marble-sinks","9":"first","10":"instock","11":"shipping-taxable","12":"product-type-simple"},"acf":[],"_links":{"self":[{"href":"https:\/\/www.ceramicbasin.com\/de\/wp-json\/wp\/v2\/product\/7058","targetHints":{"allow":["GET"]}}],"collection":[{"href":"https:\/\/www.ceramicbasin.com\/de\/wp-json\/wp\/v2\/product"}],"about":[{"href":"https:\/\/www.ceramicbasin.com\/de\/wp-json\/wp\/v2\/types\/product"}],"replies":[{"embeddable":true,"href":"https:\/\/www.ceramicbasin.com\/de\/wp-json\/wp\/v2\/comments?post=7058"}],"wp:featuredmedia":[{"embeddable":true,"href":"https:\/\/www.ceramicbasin.com\/de\/wp-json\/wp\/v2\/media\/7049"}],"wp:attachment":[{"href":"https:\/\/www.ceramicbasin.com\/de\/wp-json\/wp\/v2\/media?parent=7058"}],"wp:term":[{"taxonomy":"product_brand","embeddable":true,"href":"https:\/\/www.ceramicbasin.com\/de\/wp-json\/wp\/v2\/product_brand?post=7058"},{"taxonomy":"product_cat","embeddable":true,"href":"https:\/\/www.ceramicbasin.com\/de\/wp-json\/wp\/v2\/product_cat?post=7058"},{"taxonomy":"product_tag","embeddable":true,"href":"https:\/\/www.ceramicbasin.com\/de\/wp-json\/wp\/v2\/product_tag?post=7058"}],"curies":[{"name":"wp","href":"https:\/\/api.w.org\/{rel}","templated":true}]}}