{"id":7060,"date":"2025-06-30T01:14:56","date_gmt":"2025-06-30T01:14:56","guid":{"rendered":"https:\/\/www.ceramicbasin.com\/?post_type=product&#038;p=7060"},"modified":"2025-06-30T01:14:58","modified_gmt":"2025-06-30T01:14:58","slug":"custom-marble-bathroom-sinks","status":"publish","type":"product","link":"https:\/\/www.ceramicbasin.com\/de\/produkt\/custom-marble-bathroom-sinks\/","title":{"rendered":"Benutzerdefinierte Marmor Badezimmer Waschbecken, Wasser Transfer Druck Counter Top Waschbecken Gro\u00dfhandel"},"content":{"rendered":"<div class=\"wp-block-columns is-layout-flex wp-container-core-columns-is-layout-9d6595d7 wp-block-columns-is-layout-flex\">\n<div class=\"wp-block-column is-layout-flow wp-block-column-is-layout-flow\">\n<h2 class=\"wp-block-heading\">Premium Custom Marmor Badezimmer Waschbecken Eigenschaften:<\/h2>\n\n\n\n<ul class=\"wp-block-list\">\n<li><strong>Hochwertiges keramisches Material:\u00a0<\/strong>Unsere Gro\u00dfhandel Badezimmer Waschbecken sind aus Hochtemperatur gebrannt Keramik, mit einer harten und dichten Oberfl\u00e4che, kratzfest und verschlei\u00dffest, langlebig wie neu, geeignet f\u00fcr den t\u00e4glichen hochfrequenten Einsatz Szenarien.<\/li>\n\n\n\n<li><strong>Individuelle Farbauswahl:<\/strong>\u00a0Diese benutzerdefinierten Marmor Waschbecken kommen mit einer Vielzahl von personalisierten Farb-Optionen, um Ihre Bed\u00fcrfnisse bei der Mischung der perfekten Farbe, so dass Ihr Bad Waschbecken kann perfekt mit dem gesamten Stil Ihres Hauses und spiegeln pers\u00f6nliche Eigenschaften.<\/li>\n\n\n\n<li><strong>Wassertransferdruckverfahren:<\/strong> Mit diesem Verfahren werden klare, nat\u00fcrliche Marmormuster auf keramischen Oberfl\u00e4chen erzeugt, die den optischen Reiz mit der Haltbarkeit keramischer Materialien verbinden.<\/li>\n\n\n\n<li><strong>Gro\u00dfe Produktionskapazit\u00e4t:\u00a0<\/strong>Unser gro\u00dfes Lager enth\u00e4lt verschiedene Arten von Marmor Badezimmer Waschbecken Gro\u00dfhandel. W\u00e4hlen Sie die Elemente, die auf Produktion sind, haben wir genug wei\u00dfe Becken, Marmor Farbe Becken zu machen, w\u00fcrde die Versandzeit viel k\u00fcrzer sein.<\/li>\n<\/ul>\n<\/div>\n\n\n\n<div class=\"wp-block-column is-layout-flow wp-block-column-is-layout-flow\">\n<figure class=\"wp-block-image size-full\"><img fetchpriority=\"high\" decoding=\"async\" width=\"721\" height=\"890\" src=\"https:\/\/www.ceramicbasin.com\/wp-content\/uploads\/2025\/06\/Custom-ceramic-color-wash-basin-supplierwholesale-water-transfer-printing-sinks-5.webp\" alt=\"custom-marble-bathroom-sinks-water-transfer-printing-counter-top-sinks-wholesale-5\" class=\"wp-image-7041\" srcset=\"https:\/\/www.ceramicbasin.com\/wp-content\/uploads\/2025\/06\/Custom-ceramic-color-wash-basin-supplierwholesale-water-transfer-printing-sinks-5.webp 721w, https:\/\/www.ceramicbasin.com\/wp-content\/uploads\/2025\/06\/Custom-ceramic-color-wash-basin-supplierwholesale-water-transfer-printing-sinks-5-243x300.webp 243w, https:\/\/www.ceramicbasin.com\/wp-content\/uploads\/2025\/06\/Custom-ceramic-color-wash-basin-supplierwholesale-water-transfer-printing-sinks-5-10x12.webp 10w, https:\/\/www.ceramicbasin.com\/wp-content\/uploads\/2025\/06\/Custom-ceramic-color-wash-basin-supplierwholesale-water-transfer-printing-sinks-5-285x352.webp 285w, https:\/\/www.ceramicbasin.com\/wp-content\/uploads\/2025\/06\/Custom-ceramic-color-wash-basin-supplierwholesale-water-transfer-printing-sinks-5-535x660.webp 535w, https:\/\/www.ceramicbasin.com\/wp-content\/uploads\/2025\/06\/Custom-ceramic-color-wash-basin-supplierwholesale-water-transfer-printing-sinks-5-122x150.webp 122w\" sizes=\"(max-width: 721px) 100vw, 721px\" \/><\/figure>\n<\/div>\n<\/div>","protected":false},"excerpt":{"rendered":"<p>Willkommen zum Kauf unserer benutzerdefinierten Marmor Badezimmer Waschbecken. Diese Waschbecken aus Keramik verwenden die Wassertransferdrucktechnologie, um einen Marmorstruktureffekt voller Reichtum und Natur zu erzielen, der \u00c4sthetik und Praktikabilit\u00e4t kombiniert. Es hat mehrere Farbanpassungsl\u00f6sungen, um verschiedene r\u00e4umliche Designanforderungen zu erf\u00fcllen, so dass es eine gute Wahl f\u00fcr High-End-Wohngeb\u00e4ude, Boutique-Hotels und technische Projekte ist. Kooperationsideen von globalen Partnern sind willkommen.<\/p>\n<table style=\"border-collapse: collapse; width: 358.52pt;\" border=\"0\" width=\"478\" cellspacing=\"0\" cellpadding=\"0\">\n<tbody>\n<tr style=\"height: 17.25pt;\">\n<td class=\"et3\" style=\"height: 17.25pt; width: 125.00pt;\" width=\"166\" height=\"23\">Hersteller<\/td>\n<td class=\"et3\" style=\"width: 234.15pt;\" width=\"312\">HanYu<\/td>\n<\/tr>\n<tr style=\"height: 17.25pt;\">\n<td class=\"et3\" style=\"height: 17.25pt;\" height=\"23\">Modell Nr.<\/td>\n<td class=\"et4\">HY-488AD27<\/td>\n<\/tr>\n<tr style=\"height: 17.25pt;\">\n<td class=\"et3\" style=\"height: 17.25pt;\" height=\"23\">Typ<\/td>\n<td class=\"et5\" style=\"width: 234.15pt;\" width=\"312\">Marmorsp\u00fclen<\/td>\n<\/tr>\n<tr style=\"height: 18.00pt;\">\n<td class=\"et3\" style=\"height: 18.00pt;\" height=\"24\">Form<\/td>\n<td class=\"et3\">Ovale Form<\/td>\n<\/tr>\n<tr style=\"height: 34.50pt;\">\n<td class=\"et4\" style=\"height: 34.50pt;\" height=\"46\">Farbe<\/td>\n<td class=\"et5\" style=\"width: 234.15pt;\" width=\"312\">schwarz\/wei\u00df\/blau\/grau\/rosa\/gr\u00fcn\/braun\/khaki<\/td>\n<\/tr>\n<tr style=\"height: 18.00pt;\">\n<td class=\"et3\" style=\"height: 18.00pt;\" height=\"24\">Dimension<\/td>\n<td class=\"et5\" style=\"width: 234.15pt;\" width=\"312\">68*44*16.5<\/td>\n<\/tr>\n<tr style=\"height: 17.25pt;\">\n<td class=\"et3\" style=\"height: 17.25pt;\" height=\"23\">N.W \/SET<\/td>\n<td class=\"et3\">10KGS\/PCS<\/td>\n<\/tr>\n<tr style=\"height: 17.25pt;\">\n<td class=\"et3\" style=\"height: 17.25pt;\" height=\"23\">MOQ<\/td>\n<td class=\"et3\">20St\u00fcck<\/td>\n<\/tr>\n<tr style=\"height: 17.25pt;\">\n<td class=\"et3\" style=\"height: 17.25pt;\" height=\"23\">Benutzerdefinierte Option<\/td>\n<td class=\"et3\">Farbe\/Muster\/Gr\u00f6\u00dfe\/Logo\/Verpackung<\/td>\n<\/tr>\n<\/tbody>\n<\/table>","protected":false},"featured_media":7037,"comment_status":"closed","ping_status":"closed","template":"","meta":{"_acf_changed":false},"product_brand":[],"product_cat":[50,54],"product_tag":[],"class_list":{"0":"post-7060","1":"product","2":"type-product","3":"status-publish","4":"has-post-thumbnail","6":"product_cat-wholesale-countertop-sinks","7":"product_cat-wholesale-marble-sinks","9":"first","10":"instock","11":"shipping-taxable","12":"product-type-simple"},"acf":[],"_links":{"self":[{"href":"https:\/\/www.ceramicbasin.com\/de\/wp-json\/wp\/v2\/product\/7060","targetHints":{"allow":["GET"]}}],"collection":[{"href":"https:\/\/www.ceramicbasin.com\/de\/wp-json\/wp\/v2\/product"}],"about":[{"href":"https:\/\/www.ceramicbasin.com\/de\/wp-json\/wp\/v2\/types\/product"}],"replies":[{"embeddable":true,"href":"https:\/\/www.ceramicbasin.com\/de\/wp-json\/wp\/v2\/comments?post=7060"}],"wp:featuredmedia":[{"embeddable":true,"href":"https:\/\/www.ceramicbasin.com\/de\/wp-json\/wp\/v2\/media\/7037"}],"wp:attachment":[{"href":"https:\/\/www.ceramicbasin.com\/de\/wp-json\/wp\/v2\/media?parent=7060"}],"wp:term":[{"taxonomy":"product_brand","embeddable":true,"href":"https:\/\/www.ceramicbasin.com\/de\/wp-json\/wp\/v2\/product_brand?post=7060"},{"taxonomy":"product_cat","embeddable":true,"href":"https:\/\/www.ceramicbasin.com\/de\/wp-json\/wp\/v2\/product_cat?post=7060"},{"taxonomy":"product_tag","embeddable":true,"href":"https:\/\/www.ceramicbasin.com\/de\/wp-json\/wp\/v2\/product_tag?post=7060"}],"curies":[{"name":"wp","href":"https:\/\/api.w.org\/{rel}","templated":true}]}}