{"id":7068,"date":"2025-06-25T08:48:14","date_gmt":"2025-06-25T08:48:14","guid":{"rendered":"https:\/\/www.ceramicbasin.com\/?post_type=product&#038;p=7068"},"modified":"2025-11-05T03:29:21","modified_gmt":"2025-11-05T03:29:21","slug":"wholesale-round-bathroom-sink-bowls","status":"publish","type":"product","link":"https:\/\/www.ceramicbasin.com\/de\/produkt\/wholesale-round-bathroom-sink-bowls\/","title":{"rendered":"Gro\u00dfhandel Runde Bad Waschbecken Schalen, matt schwarz Waschbecken"},"content":{"rendered":"<div class=\"wp-block-columns is-layout-flex wp-container-core-columns-is-layout-9d6595d7 wp-block-columns-is-layout-flex\">\n<div class=\"wp-block-column is-layout-flow wp-block-column-is-layout-flow\">\n<h2 class=\"wp-block-heading\">Premium Gro\u00dfhandel Runde Badezimmer Waschbecken Schalen Merkmale:<\/h2>\n\n\n\n<ul class=\"wp-block-list\">\n<li><strong>Hochwertige Keramiken: <\/strong>Diese Gro\u00dfhandel runden Bad Waschbecken Schalen sind aus hochwertigen keramischen Rohstoffen ausgew\u00e4hlt und bei hohen Temperaturen gesintert. Es kann eine solide Struktur des Produkts und eine zarte und glatte Oberfl\u00e4che, leicht zu reinigen und halten es neu zu gew\u00e4hrleisten.<\/li>\n\n\n\n<li><strong>Artistic Matte Glaze Finish: <\/strong>Diese runden Waschbecken f\u00fcr den Gro\u00dfhandel besitzen eine einzigartige matte Keramikglasur. Die Oberfl\u00e4che hat eine weiche, samtartige Haptik und ein elegantes Aussehen und passt daher perfekt zu minimalistisch-modernen und luxuri\u00f6sen Badezimmerdekorationen.<\/li>\n\n\n\n<li><strong>Rundes Design: <\/strong>Das Aufsatzwaschbecken im Gro\u00dfhandel hat eine antike runde Form, einen vollen Umriss und glatte Linien, die sich in viele Badezimmer-Arbeitsplatten einf\u00fcgen und universelle r\u00e4umliche Sch\u00f6nheit bieten.<\/li>\n\n\n\n<li><strong>Spritzwassergesch\u00fctztes Design:<\/strong> Das Gro\u00dfhandelssp\u00fclbecken ist professionell gefertigt, um Wasserspritzer zu minimieren, so dass es sich ideal f\u00fcr den t\u00e4glichen Gebrauch eignet, insbesondere in Hotels und Gewerbeimmobilien.<\/li>\n<\/ul>\n<\/div>\n\n\n\n<div class=\"wp-block-column is-layout-flow wp-block-column-is-layout-flow\">\n<figure class=\"wp-block-image size-full\"><img fetchpriority=\"high\" decoding=\"async\" width=\"800\" height=\"800\" src=\"https:\/\/www.ceramicbasin.com\/wp-content\/uploads\/2025\/06\/wholesale-round-bathroom-sink-bowls-black-counter-top-sinks-wholesale-2.webp\" alt=\"gro\u00dfhandel-runde-badezimmer-waschbecken-schwarz-aufsatzwaschbecken-gro\u00dfhandel-2\" class=\"wp-image-7109\" srcset=\"https:\/\/www.ceramicbasin.com\/wp-content\/uploads\/2025\/06\/wholesale-round-bathroom-sink-bowls-black-counter-top-sinks-wholesale-2.webp 800w, https:\/\/www.ceramicbasin.com\/wp-content\/uploads\/2025\/06\/wholesale-round-bathroom-sink-bowls-black-counter-top-sinks-wholesale-2-300x300.webp 300w, https:\/\/www.ceramicbasin.com\/wp-content\/uploads\/2025\/06\/wholesale-round-bathroom-sink-bowls-black-counter-top-sinks-wholesale-2-150x150.webp 150w, https:\/\/www.ceramicbasin.com\/wp-content\/uploads\/2025\/06\/wholesale-round-bathroom-sink-bowls-black-counter-top-sinks-wholesale-2-768x768.webp 768w, https:\/\/www.ceramicbasin.com\/wp-content\/uploads\/2025\/06\/wholesale-round-bathroom-sink-bowls-black-counter-top-sinks-wholesale-2-12x12.webp 12w, https:\/\/www.ceramicbasin.com\/wp-content\/uploads\/2025\/06\/wholesale-round-bathroom-sink-bowls-black-counter-top-sinks-wholesale-2-285x285.webp 285w, https:\/\/www.ceramicbasin.com\/wp-content\/uploads\/2025\/06\/wholesale-round-bathroom-sink-bowls-black-counter-top-sinks-wholesale-2-270x270.webp 270w, https:\/\/www.ceramicbasin.com\/wp-content\/uploads\/2025\/06\/wholesale-round-bathroom-sink-bowls-black-counter-top-sinks-wholesale-2-540x540.webp 540w, https:\/\/www.ceramicbasin.com\/wp-content\/uploads\/2025\/06\/wholesale-round-bathroom-sink-bowls-black-counter-top-sinks-wholesale-2-660x660.webp 660w\" sizes=\"(max-width: 800px) 100vw, 800px\" \/><\/figure>\n<\/div>\n<\/div>\n\n\n\n<p><\/p>","protected":false},"excerpt":{"rendered":"<p>Willkommen zu erkundigen und geben Sie Ihre Gro\u00dfauftr\u00e4ge. Diese runden Waschbecken f\u00fcr den Gro\u00dfhandel verbinden Schlichtheit mit Luxus, hergestellt aus hochwertiger Keramik durch Brennen bei hoher Temperatur. Die feine, weiche Oberfl\u00e4che und das schwarze Finish schaffen einen raffinierten Badezimmerraum. Es ist geeignet f\u00fcr High-End-Wohn-, Hotel-und Gewerbefl\u00e4chen, die sehr beliebt in der zeitgen\u00f6ssischen Bad-Design geworden sind.<\/p>\n<table style=\"border-collapse: collapse; width: 311.02pt;\" border=\"0\" width=\"311\" cellspacing=\"0\" cellpadding=\"0\">\n<tbody>\n<tr style=\"height: 17.60pt;\">\n<td class=\"et3\" style=\"height: 17.60pt; width: 108.35pt;\" width=\"108\" height=\"17\">Hersteller<\/td>\n<td class=\"et3\" style=\"width: 202.95pt;\" width=\"202\">HanYu<\/td>\n<\/tr>\n<tr style=\"height: 17.60pt;\">\n<td class=\"et3\" style=\"height: 17.60pt;\" height=\"17\">Modell Nr.<\/td>\n<td class=\"et4\">HY-8007MB<\/td>\n<\/tr>\n<tr style=\"height: 17.60pt;\">\n<td class=\"et3\" style=\"height: 17.60pt;\" height=\"17\">Typ<\/td>\n<td class=\"et3\">Mattes Waschbecken, Aufsatzbecken<\/td>\n<\/tr>\n<tr style=\"height: 17.60pt;\">\n<td class=\"et3\" style=\"height: 17.60pt;\" height=\"17\">Form<\/td>\n<td class=\"et3\">Runde Form<\/td>\n<\/tr>\n<tr style=\"height: 36.00pt;\">\n<td class=\"et4\" style=\"height: 36.00pt;\" height=\"36\">Farbe<\/td>\n<td class=\"et5\" style=\"width: 202.95pt;\" width=\"202\">Schwarz\/Wei\u00df\/Blau\/Grau\/Rosa\/Gr\u00fcn\/Braun\/Khaki......<\/td>\n<\/tr>\n<tr style=\"height: 18.00pt;\">\n<td class=\"et3\" style=\"height: 18.00pt;\" height=\"18\">Dimension<\/td>\n<td class=\"et5\" style=\"width: 202.95pt;\" width=\"202\">32.5*32.5*14<\/td>\n<\/tr>\n<tr style=\"height: 17.60pt;\">\n<td class=\"et3\" style=\"height: 17.60pt;\" height=\"17\">N.W \/SET<\/td>\n<td class=\"et3\">7KGS\/PCS<\/td>\n<\/tr>\n<tr style=\"height: 17.60pt;\">\n<td class=\"et3\" style=\"height: 17.60pt;\" height=\"17\">MOQ<\/td>\n<td class=\"et3\">20St\u00fcck<\/td>\n<\/tr>\n<tr style=\"height: 17.60pt;\">\n<td class=\"et3\" style=\"height: 17.60pt;\" height=\"17\">Benutzerdefinierte Option<\/td>\n<td class=\"et3\">Farbe\/Muster\/Gr\u00f6\u00dfe\/Logo\/Verpackung<\/td>\n<\/tr>\n<\/tbody>\n<\/table>","protected":false},"featured_media":7108,"comment_status":"closed","ping_status":"closed","template":"","meta":{"_acf_changed":false},"product_brand":[],"product_cat":[50,55],"product_tag":[],"class_list":{"0":"post-7068","1":"product","2":"type-product","3":"status-publish","4":"has-post-thumbnail","6":"product_cat-wholesale-countertop-sinks","7":"product_cat-wholesale-matte-sinks","9":"first","10":"instock","11":"shipping-taxable","12":"product-type-simple"},"acf":[],"_links":{"self":[{"href":"https:\/\/www.ceramicbasin.com\/de\/wp-json\/wp\/v2\/product\/7068","targetHints":{"allow":["GET"]}}],"collection":[{"href":"https:\/\/www.ceramicbasin.com\/de\/wp-json\/wp\/v2\/product"}],"about":[{"href":"https:\/\/www.ceramicbasin.com\/de\/wp-json\/wp\/v2\/types\/product"}],"replies":[{"embeddable":true,"href":"https:\/\/www.ceramicbasin.com\/de\/wp-json\/wp\/v2\/comments?post=7068"}],"wp:featuredmedia":[{"embeddable":true,"href":"https:\/\/www.ceramicbasin.com\/de\/wp-json\/wp\/v2\/media\/7108"}],"wp:attachment":[{"href":"https:\/\/www.ceramicbasin.com\/de\/wp-json\/wp\/v2\/media?parent=7068"}],"wp:term":[{"taxonomy":"product_brand","embeddable":true,"href":"https:\/\/www.ceramicbasin.com\/de\/wp-json\/wp\/v2\/product_brand?post=7068"},{"taxonomy":"product_cat","embeddable":true,"href":"https:\/\/www.ceramicbasin.com\/de\/wp-json\/wp\/v2\/product_cat?post=7068"},{"taxonomy":"product_tag","embeddable":true,"href":"https:\/\/www.ceramicbasin.com\/de\/wp-json\/wp\/v2\/product_tag?post=7068"}],"curies":[{"name":"wp","href":"https:\/\/api.w.org\/{rel}","templated":true}]}}