{"id":7075,"date":"2025-06-25T08:59:20","date_gmt":"2025-06-25T08:59:20","guid":{"rendered":"https:\/\/www.ceramicbasin.com\/?post_type=product&#038;p=7075"},"modified":"2025-06-27T16:06:21","modified_gmt":"2025-06-27T16:06:21","slug":"matte-black-bathroom-sink-wholesale","status":"publish","type":"product","link":"https:\/\/www.ceramicbasin.com\/de\/produkt\/matte-black-bathroom-sink-wholesale\/","title":{"rendered":"Bester Verk\u00e4ufer Mattschwarzes Bad Waschbecken Gro\u00dfhandel, benutzerdefinierte Arbeitsplatte Waschbecken"},"content":{"rendered":"<div class=\"wp-block-columns is-layout-flex wp-container-core-columns-is-layout-9d6595d7 wp-block-columns-is-layout-flex\">\n<div class=\"wp-block-column is-layout-flow wp-block-column-is-layout-flow\">\n<h2 class=\"wp-block-heading\">Premium Matte Black Badezimmer Waschbecken Gro\u00dfhandel Features:<\/h2>\n\n\n\n<ul class=\"wp-block-list\">\n<li><strong>Minimalistisches, mattschwarzes Design: <\/strong>Mit einer polierten, raffinierten mattschwarzen Oberfl\u00e4che definiert dieses mattschwarze Waschbecken im Gro\u00dfhandel den modernen minimalistischen Stil und unterstreicht ein elit\u00e4res Aussehen, das mit der Gesamtausstattung des Badezimmers kompatibel ist. Es ist in Low-Density-Wohngeb\u00e4ude, Luxus-Boutiquen, Hotels, Gesch\u00e4fte, etc. anwendbar.<\/li>\n\n\n\n<li><strong>Bestseller:<\/strong> Dieses mattschwarze Waschbecken im Gro\u00dfhandel ist in L\u00e4ndern wie Europa, Amerika und dem Nahen Osten nach wie vor ein Verkaufsschlager. Sein klassisches Design und sein regelm\u00e4\u00dfiger Bestand machen es zur ersten Wahl f\u00fcr den Gro\u00dfeinkauf.<\/li>\n\n\n\n<li><strong>Widerstandsf\u00e4hig gegen Kratzer und Fingerabdr\u00fccke:<\/strong> Unsere ma\u00dfgeschneiderte Sp\u00fcle hat ein einzigartiges mattes Glasurverfahren, das eine glatte, aber nicht gl\u00e4nzende Textur ergibt. Die Oberfl\u00e4che ist weniger anf\u00e4llig f\u00fcr Kratzer und Fingerabdr\u00fccke und beh\u00e4lt auch nach intensiver Nutzung ein hochwertiges Aussehen.<\/li>\n\n\n\n<li><strong>Massenanpassung von Gr\u00f6\u00dfen und Markenlogos:<\/strong> Unsere ma\u00dfgefertigten Waschbecken k\u00f6nnen in verschiedenen Gr\u00f6\u00dfen, Formen und mit Logodruck hergestellt werden, um den unterschiedlichen Bed\u00fcrfnissen von Markenherstellern, Bauunternehmen und H\u00e4ndlern gerecht zu werden.<\/li>\n<\/ul>\n<\/div>\n\n\n\n<div class=\"wp-block-column is-layout-flow wp-block-column-is-layout-flow\">\n<figure class=\"wp-block-image size-full\"><img fetchpriority=\"high\" decoding=\"async\" width=\"800\" height=\"800\" src=\"https:\/\/www.ceramicbasin.com\/wp-content\/uploads\/2025\/06\/best-seller-matte-black-bathroom-sink-wholesale-custom-countertop-sink-2.webp\" alt=\"best-seller-matt-schwarz-bad-waschbecken-gro\u00dfhandel-sonderanfertigung-waschbecken-2\" class=\"wp-image-7102\" srcset=\"https:\/\/www.ceramicbasin.com\/wp-content\/uploads\/2025\/06\/best-seller-matte-black-bathroom-sink-wholesale-custom-countertop-sink-2.webp 800w, https:\/\/www.ceramicbasin.com\/wp-content\/uploads\/2025\/06\/best-seller-matte-black-bathroom-sink-wholesale-custom-countertop-sink-2-300x300.webp 300w, https:\/\/www.ceramicbasin.com\/wp-content\/uploads\/2025\/06\/best-seller-matte-black-bathroom-sink-wholesale-custom-countertop-sink-2-150x150.webp 150w, https:\/\/www.ceramicbasin.com\/wp-content\/uploads\/2025\/06\/best-seller-matte-black-bathroom-sink-wholesale-custom-countertop-sink-2-768x768.webp 768w, https:\/\/www.ceramicbasin.com\/wp-content\/uploads\/2025\/06\/best-seller-matte-black-bathroom-sink-wholesale-custom-countertop-sink-2-12x12.webp 12w, https:\/\/www.ceramicbasin.com\/wp-content\/uploads\/2025\/06\/best-seller-matte-black-bathroom-sink-wholesale-custom-countertop-sink-2-285x285.webp 285w, https:\/\/www.ceramicbasin.com\/wp-content\/uploads\/2025\/06\/best-seller-matte-black-bathroom-sink-wholesale-custom-countertop-sink-2-270x270.webp 270w, https:\/\/www.ceramicbasin.com\/wp-content\/uploads\/2025\/06\/best-seller-matte-black-bathroom-sink-wholesale-custom-countertop-sink-2-540x540.webp 540w, https:\/\/www.ceramicbasin.com\/wp-content\/uploads\/2025\/06\/best-seller-matte-black-bathroom-sink-wholesale-custom-countertop-sink-2-660x660.webp 660w\" sizes=\"(max-width: 800px) 100vw, 800px\" \/><\/figure>\n<\/div>\n<\/div>","protected":false},"excerpt":{"rendered":"<p>Willkommen zum Kauf von mattschwarzen Waschbecken im Gro\u00dfhandel. Diese neue Art und Weise matt schwarz Badezimmer Waschbecken kombiniert Hochtemperatur-Keramik-Brenntechnik mit einem modernen minimalistischen Design, bietet eine Kombination aus Textur und Funktionalit\u00e4t, die eine glatte und dennoch funktionale Waschbecken L\u00f6sung bietet. Erh\u00e4ltlich f\u00fcr Gro\u00dfhandel Kauf und Markenanpassung, ist es weit verbreitet in Hotels, Wohnkomplexe und kommerziellen Orten verwendet.<\/p>\n<table style=\"border-collapse: collapse; width: 311.02pt;\" border=\"0\" width=\"311\" cellspacing=\"0\" cellpadding=\"0\">\n<tbody>\n<tr style=\"height: 17.60pt;\">\n<td class=\"et3\" style=\"height: 17.60pt; width: 108.35pt;\" width=\"108\" height=\"17\">Hersteller<\/td>\n<td class=\"et3\" style=\"width: 202.95pt;\" width=\"202\">HanYu<\/td>\n<\/tr>\n<tr style=\"height: 17.60pt;\">\n<td class=\"et3\" style=\"height: 17.60pt;\" height=\"17\">Modell Nr.<\/td>\n<td class=\"et4\">HY-8008MB<\/td>\n<\/tr>\n<tr style=\"height: 17.60pt;\">\n<td class=\"et3\" style=\"height: 17.60pt;\" height=\"17\">Typ<\/td>\n<td class=\"et3\">Mattes Waschbecken, Aufsatzbecken<\/td>\n<\/tr>\n<tr style=\"height: 17.60pt;\">\n<td class=\"et3\" style=\"height: 17.60pt;\" height=\"17\">Form<\/td>\n<td class=\"et3\">Runde Form<\/td>\n<\/tr>\n<tr style=\"height: 36.00pt;\">\n<td class=\"et4\" style=\"height: 36.00pt;\" height=\"36\">Farbe<\/td>\n<td class=\"et5\" style=\"width: 202.95pt;\" width=\"202\">Schwarz\/Wei\u00df\/Blau\/Grau\/Rosa\/Gr\u00fcn\/Braun\/Khaki......<\/td>\n<\/tr>\n<tr style=\"height: 18.00pt;\">\n<td class=\"et3\" style=\"height: 18.00pt;\" height=\"18\">Dimension<\/td>\n<td class=\"et5\" style=\"width: 202.95pt;\" width=\"202\">38.5*38.5*10.5<\/td>\n<\/tr>\n<tr style=\"height: 17.60pt;\">\n<td class=\"et3\" style=\"height: 17.60pt;\" height=\"17\">N.W \/SET<\/td>\n<td class=\"et3\">10KGS\/PCS<\/td>\n<\/tr>\n<tr style=\"height: 17.60pt;\">\n<td class=\"et3\" style=\"height: 17.60pt;\" height=\"17\">MOQ<\/td>\n<td class=\"et3\">20St\u00fcck<\/td>\n<\/tr>\n<tr style=\"height: 17.60pt;\">\n<td class=\"et3\" style=\"height: 17.60pt;\" height=\"17\">Benutzerdefinierte Option<\/td>\n<td class=\"et3\">Farbe\/Muster\/Gr\u00f6\u00dfe\/Logo\/Verpackung<\/td>\n<\/tr>\n<\/tbody>\n<\/table>","protected":false},"featured_media":7101,"comment_status":"closed","ping_status":"closed","template":"","meta":{"_acf_changed":false},"product_brand":[],"product_cat":[50,55],"product_tag":[],"class_list":{"0":"post-7075","1":"product","2":"type-product","3":"status-publish","4":"has-post-thumbnail","6":"product_cat-wholesale-countertop-sinks","7":"product_cat-wholesale-matte-sinks","9":"first","10":"instock","11":"shipping-taxable","12":"product-type-simple"},"acf":[],"_links":{"self":[{"href":"https:\/\/www.ceramicbasin.com\/de\/wp-json\/wp\/v2\/product\/7075","targetHints":{"allow":["GET"]}}],"collection":[{"href":"https:\/\/www.ceramicbasin.com\/de\/wp-json\/wp\/v2\/product"}],"about":[{"href":"https:\/\/www.ceramicbasin.com\/de\/wp-json\/wp\/v2\/types\/product"}],"replies":[{"embeddable":true,"href":"https:\/\/www.ceramicbasin.com\/de\/wp-json\/wp\/v2\/comments?post=7075"}],"wp:featuredmedia":[{"embeddable":true,"href":"https:\/\/www.ceramicbasin.com\/de\/wp-json\/wp\/v2\/media\/7101"}],"wp:attachment":[{"href":"https:\/\/www.ceramicbasin.com\/de\/wp-json\/wp\/v2\/media?parent=7075"}],"wp:term":[{"taxonomy":"product_brand","embeddable":true,"href":"https:\/\/www.ceramicbasin.com\/de\/wp-json\/wp\/v2\/product_brand?post=7075"},{"taxonomy":"product_cat","embeddable":true,"href":"https:\/\/www.ceramicbasin.com\/de\/wp-json\/wp\/v2\/product_cat?post=7075"},{"taxonomy":"product_tag","embeddable":true,"href":"https:\/\/www.ceramicbasin.com\/de\/wp-json\/wp\/v2\/product_tag?post=7075"}],"curies":[{"name":"wp","href":"https:\/\/api.w.org\/{rel}","templated":true}]}}