{"id":7148,"date":"2025-07-07T07:45:57","date_gmt":"2025-07-07T07:45:57","guid":{"rendered":"https:\/\/www.ceramicbasin.com\/?post_type=product&#038;p=7148"},"modified":"2025-11-05T03:21:55","modified_gmt":"2025-11-05T03:21:55","slug":"custom-white-ceramic-bathroom-sink","status":"publish","type":"product","link":"https:\/\/www.ceramicbasin.com\/de\/produkt\/custom-white-ceramic-bathroom-sink\/","title":{"rendered":"Benutzerdefinierte wei\u00dfe keramische Badezimmer Waschbecken, quadratische Becken Gro\u00dfhandel"},"content":{"rendered":"<div class=\"wp-block-columns is-layout-flex wp-container-core-columns-is-layout-9d6595d7 wp-block-columns-is-layout-flex\">\n<div class=\"wp-block-column is-layout-flow wp-block-column-is-layout-flow\">\n<h2 class=\"wp-block-heading\">Premium Custom White Keramik Waschbecken f\u00fcr Badezimmer Eigenschaften:<\/h2>\n\n\n\n<ul class=\"wp-block-list\">\n<li><strong>Modedesign:<\/strong> Unser ma\u00dfgeschneidertes wei\u00dfes Keramik-Waschbecken mit personalisiertem Design hat ein modisches Aussehen mit glatten Linien, ist f\u00fcr verschiedene Badezimmerstile geeignet und bringt Sch\u00f6nheit und Anmut in den gesamten Bereich.<\/li>\n\n\n\n<li><strong>Hochwertiges keramisches Material:<\/strong> Unsere gro\u00dfvolumigen Aufsatzsp\u00fclen sind aus erstklassigem Glas mit hoher Transparenz und feiner Textur gefertigt, das eine hervorragende optische Leistung und ein Gef\u00fchl von Modernit\u00e4t aufweist und die Stabilit\u00e4t und Sch\u00f6nheit des Produkts gew\u00e4hrleistet.<\/li>\n\n\n\n<li><strong>Einfache Installation: <\/strong>Da die ma\u00dfgefertigten wei\u00dfen Keramikwaschbecken speziell f\u00fcr die Montage \u00fcber der Theke entwickelt wurden, sind sie einfach zu installieren und bieten eine problemlose Option f\u00fcr den Neubau und die Renovierung von Badezimmern.<\/li>\n\n\n\n<li><strong>Kompatibel mit verschiedenen Wasserh\u00e4hnen:<\/strong> Die quadratische Arbeitsplatte Sp\u00fclen Gro\u00dfhandel \u00d6ffnung Standard ist anpassungsf\u00e4hig an fast alle Arten von Wasserhahn Stile der Arbeitsplatte Waschbecken Armaturen.<\/li>\n<\/ul>\n<\/div>\n\n\n\n<div class=\"wp-block-column is-layout-flow wp-block-column-is-layout-flow\">\n<figure class=\"wp-block-image size-full\"><img fetchpriority=\"high\" decoding=\"async\" width=\"884\" height=\"883\" src=\"https:\/\/www.ceramicbasin.com\/wp-content\/uploads\/2025\/07\/White-Color-Square-Ceramic-Art-Wash-Basin-Bathroom-Vanities-Counter-Top-Sink-2.webp\" alt=\"custom-white-ceramic-bathroom-sink-square-vanities-counter-top-sink-wholesale-2\" class=\"wp-image-7150\" srcset=\"https:\/\/www.ceramicbasin.com\/wp-content\/uploads\/2025\/07\/White-Color-Square-Ceramic-Art-Wash-Basin-Bathroom-Vanities-Counter-Top-Sink-2.webp 884w, https:\/\/www.ceramicbasin.com\/wp-content\/uploads\/2025\/07\/White-Color-Square-Ceramic-Art-Wash-Basin-Bathroom-Vanities-Counter-Top-Sink-2-300x300.webp 300w, https:\/\/www.ceramicbasin.com\/wp-content\/uploads\/2025\/07\/White-Color-Square-Ceramic-Art-Wash-Basin-Bathroom-Vanities-Counter-Top-Sink-2-150x150.webp 150w, https:\/\/www.ceramicbasin.com\/wp-content\/uploads\/2025\/07\/White-Color-Square-Ceramic-Art-Wash-Basin-Bathroom-Vanities-Counter-Top-Sink-2-768x767.webp 768w, https:\/\/www.ceramicbasin.com\/wp-content\/uploads\/2025\/07\/White-Color-Square-Ceramic-Art-Wash-Basin-Bathroom-Vanities-Counter-Top-Sink-2-12x12.webp 12w, https:\/\/www.ceramicbasin.com\/wp-content\/uploads\/2025\/07\/White-Color-Square-Ceramic-Art-Wash-Basin-Bathroom-Vanities-Counter-Top-Sink-2-285x285.webp 285w, https:\/\/www.ceramicbasin.com\/wp-content\/uploads\/2025\/07\/White-Color-Square-Ceramic-Art-Wash-Basin-Bathroom-Vanities-Counter-Top-Sink-2-270x270.webp 270w, https:\/\/www.ceramicbasin.com\/wp-content\/uploads\/2025\/07\/White-Color-Square-Ceramic-Art-Wash-Basin-Bathroom-Vanities-Counter-Top-Sink-2-540x540.webp 540w, https:\/\/www.ceramicbasin.com\/wp-content\/uploads\/2025\/07\/White-Color-Square-Ceramic-Art-Wash-Basin-Bathroom-Vanities-Counter-Top-Sink-2-660x660.webp 660w\" sizes=\"(max-width: 884px) 100vw, 884px\" \/><\/figure>\n<\/div>\n<\/div>\n\n\n\n<p><\/p>","protected":false},"excerpt":{"rendered":"<p>Willkommen beim Kauf unseres wei\u00dfen Keramik-Waschbeckens. Hergestellt aus hochwertiger Keramik mit einem minimalistischen, stromlinienf\u00f6rmigen Look, ist dieses Waschbecken langlebig, einfach zu installieren und perfekt f\u00fcr moderne B\u00e4der. Es ist eine ideale Wahl f\u00fcr die Badezimmerdekoration. Wir bieten Gro\u00dfhandelsrabatte f\u00fcr dieses beliebte Design an, um den Anforderungen kommerzieller Projekte oder gro\u00dfer Renovierungen im Wohnbereich gerecht zu werden.<\/p>\n<table style=\"border-collapse: collapse; width: 358.52pt;\" border=\"0\" width=\"478\" cellspacing=\"0\" cellpadding=\"0\">\n<tbody>\n<tr style=\"height: 17.25pt;\">\n<td class=\"et3\" style=\"height: 17.25pt; width: 125.00pt;\" width=\"166\" height=\"23\">Hersteller<\/td>\n<td class=\"et3\" style=\"width: 234.15pt;\" width=\"312\">HanYu<\/td>\n<\/tr>\n<tr style=\"height: 17.25pt;\">\n<td class=\"et3\" style=\"height: 17.25pt;\" height=\"23\">Modell Nr.<\/td>\n<td class=\"et4\">HY-403<\/td>\n<\/tr>\n<tr style=\"height: 17.25pt;\">\n<td class=\"et3\" style=\"height: 17.25pt;\" height=\"23\">Typ<\/td>\n<td class=\"et5\" style=\"width: 234.15pt;\" width=\"312\">Arbeitsplatten-Sp\u00fclbecken<\/td>\n<\/tr>\n<tr style=\"height: 18.00pt;\">\n<td class=\"et3\" style=\"height: 18.00pt;\" height=\"24\">Form<\/td>\n<td class=\"et3\">Quadratische Form<\/td>\n<\/tr>\n<tr style=\"height: 34.50pt;\">\n<td class=\"et4\" style=\"height: 34.50pt;\" height=\"46\">Farbe<\/td>\n<td class=\"et5\" style=\"width: 234.15pt;\" width=\"312\">schwarz\/wei\u00df\/blau\/grau\/rosa\/gr\u00fcn\/braun\/khaki<\/td>\n<\/tr>\n<tr style=\"height: 18.00pt;\">\n<td class=\"et3\" style=\"height: 18.00pt;\" height=\"24\">Dimension<\/td>\n<td class=\"et5\" style=\"width: 234.15pt;\" width=\"312\">\n<p>46*46*15.5<\/p>\n<\/td>\n<\/tr>\n<tr style=\"height: 17.25pt;\">\n<td class=\"et3\" style=\"height: 17.25pt;\" height=\"23\">N.W \/SET<\/td>\n<td class=\"et3\">14.5KGS\/PCS<\/td>\n<\/tr>\n<tr style=\"height: 17.25pt;\">\n<td class=\"et3\" style=\"height: 17.25pt;\" height=\"23\">MOQ<\/td>\n<td class=\"et3\">20St\u00fcck<\/td>\n<\/tr>\n<tr style=\"height: 17.25pt;\">\n<td class=\"et3\" style=\"height: 17.25pt;\" height=\"23\">Benutzerdefinierte Option<\/td>\n<td class=\"et3\">Farbe\/Muster\/Gr\u00f6\u00dfe\/Logo\/Verpackung<\/td>\n<\/tr>\n<\/tbody>\n<\/table>","protected":false},"featured_media":7155,"comment_status":"closed","ping_status":"closed","template":"","meta":{"_acf_changed":false},"product_brand":[],"product_cat":[50],"product_tag":[],"class_list":{"0":"post-7148","1":"product","2":"type-product","3":"status-publish","4":"has-post-thumbnail","6":"product_cat-wholesale-countertop-sinks","8":"first","9":"instock","10":"shipping-taxable","11":"product-type-simple"},"acf":[],"_links":{"self":[{"href":"https:\/\/www.ceramicbasin.com\/de\/wp-json\/wp\/v2\/product\/7148","targetHints":{"allow":["GET"]}}],"collection":[{"href":"https:\/\/www.ceramicbasin.com\/de\/wp-json\/wp\/v2\/product"}],"about":[{"href":"https:\/\/www.ceramicbasin.com\/de\/wp-json\/wp\/v2\/types\/product"}],"replies":[{"embeddable":true,"href":"https:\/\/www.ceramicbasin.com\/de\/wp-json\/wp\/v2\/comments?post=7148"}],"wp:featuredmedia":[{"embeddable":true,"href":"https:\/\/www.ceramicbasin.com\/de\/wp-json\/wp\/v2\/media\/7155"}],"wp:attachment":[{"href":"https:\/\/www.ceramicbasin.com\/de\/wp-json\/wp\/v2\/media?parent=7148"}],"wp:term":[{"taxonomy":"product_brand","embeddable":true,"href":"https:\/\/www.ceramicbasin.com\/de\/wp-json\/wp\/v2\/product_brand?post=7148"},{"taxonomy":"product_cat","embeddable":true,"href":"https:\/\/www.ceramicbasin.com\/de\/wp-json\/wp\/v2\/product_cat?post=7148"},{"taxonomy":"product_tag","embeddable":true,"href":"https:\/\/www.ceramicbasin.com\/de\/wp-json\/wp\/v2\/product_tag?post=7148"}],"curies":[{"name":"wp","href":"https:\/\/api.w.org\/{rel}","templated":true}]}}