{"id":7159,"date":"2025-07-07T07:23:18","date_gmt":"2025-07-07T07:23:18","guid":{"rendered":"https:\/\/www.ceramicbasin.com\/?post_type=product&#038;p=7159"},"modified":"2025-07-07T07:23:21","modified_gmt":"2025-07-07T07:23:21","slug":"custom-square-ceramic-bathroom-sink","status":"publish","type":"product","link":"https:\/\/www.ceramicbasin.com\/de\/produkt\/custom-square-ceramic-bathroom-sink\/","title":{"rendered":"Benutzerdefinierte quadratische keramische Badezimmer Waschbecken, Countertop Hand Waschbecken Gro\u00dfhandel"},"content":{"rendered":"<div class=\"wp-block-columns is-layout-flex wp-container-core-columns-is-layout-9d6595d7 wp-block-columns-is-layout-flex\">\n<div class=\"wp-block-column is-layout-flow wp-block-column-is-layout-flow\">\n<h2 class=\"wp-block-heading\">Benutzerdefinierte quadratische keramische Waschbecken f\u00fcr das Badezimmer Merkmale:<\/h2>\n\n\n\n<ul class=\"wp-block-list\">\n<li><strong>Leicht zu reinigende Glasurbehandlung:<\/strong>\u00a0Die Oberfl\u00e4che des quadratischen Keramikwaschbeckens ist mit einer speziellen, leicht zu reinigenden Glasur versehen, die glatt und zart ist, so dass sich Flecken nicht so leicht festsetzen und leicht zu reinigen sind.<\/li>\n\n\n\n<li><strong>Hei\u00dfer Verkauf:<\/strong> Diese benutzerdefinierten quadratischen Keramikwaschbecken f\u00fcr das Badezimmer finden auf dem Markt gro\u00dfe Beachtung. Sie halten lange, verblassen nicht, sind leicht zu reinigen und bieten ein sehr gutes Preis-Leistungs-Verh\u00e4ltnis.<\/li>\n\n\n\n<li><strong>Quadratische Form:<\/strong> Das schlichte, quadratische Aussehen des Waschbeckens im Gro\u00dfhandel wertet den Waschbereich in Bad und Wohnzimmer insgesamt auf und passt zu den meisten Einrichtungsstilen, wie z. B. modern, minimalistisch und nordisch.<\/li>\n\n\n\n<li><strong>Geeignet f\u00fcr viele Zwecke:<\/strong> Gro\u00dfhandel Waschbecken liefert ma\u00dfgeschneiderte Gr\u00f6\u00dfe, Farbe, Logo und Verpackung nach den verschiedenen Anforderungen der Familien, Hotels, Wohnungen, kommerzielle Waschr\u00e4ume, etc., die besser geeignet f\u00fcr Gro\u00dfhandel Bestellungen und Maschinenbau ist.<\/li>\n<\/ul>\n<\/div>\n\n\n\n<div class=\"wp-block-column is-layout-flow wp-block-column-is-layout-flow\">\n<figure class=\"wp-block-image size-full\"><img fetchpriority=\"high\" decoding=\"async\" width=\"1024\" height=\"1024\" src=\"https:\/\/www.ceramicbasin.com\/wp-content\/uploads\/2025\/07\/Porcelain-Home-Living-Room-Bathroom-Use-Hand-Wash-Basin-Square-Ceramic-Vessel-Countertop-Art-Basin-5.webp\" alt=\"custom-square-keramic-bathroom-sink-countertop-hand-wash-basin-wholesale-5\" class=\"wp-image-7164\" srcset=\"https:\/\/www.ceramicbasin.com\/wp-content\/uploads\/2025\/07\/Porcelain-Home-Living-Room-Bathroom-Use-Hand-Wash-Basin-Square-Ceramic-Vessel-Countertop-Art-Basin-5.webp 1024w, https:\/\/www.ceramicbasin.com\/wp-content\/uploads\/2025\/07\/Porcelain-Home-Living-Room-Bathroom-Use-Hand-Wash-Basin-Square-Ceramic-Vessel-Countertop-Art-Basin-5-300x300.webp 300w, https:\/\/www.ceramicbasin.com\/wp-content\/uploads\/2025\/07\/Porcelain-Home-Living-Room-Bathroom-Use-Hand-Wash-Basin-Square-Ceramic-Vessel-Countertop-Art-Basin-5-150x150.webp 150w, https:\/\/www.ceramicbasin.com\/wp-content\/uploads\/2025\/07\/Porcelain-Home-Living-Room-Bathroom-Use-Hand-Wash-Basin-Square-Ceramic-Vessel-Countertop-Art-Basin-5-768x768.webp 768w, https:\/\/www.ceramicbasin.com\/wp-content\/uploads\/2025\/07\/Porcelain-Home-Living-Room-Bathroom-Use-Hand-Wash-Basin-Square-Ceramic-Vessel-Countertop-Art-Basin-5-12x12.webp 12w, https:\/\/www.ceramicbasin.com\/wp-content\/uploads\/2025\/07\/Porcelain-Home-Living-Room-Bathroom-Use-Hand-Wash-Basin-Square-Ceramic-Vessel-Countertop-Art-Basin-5-285x285.webp 285w, https:\/\/www.ceramicbasin.com\/wp-content\/uploads\/2025\/07\/Porcelain-Home-Living-Room-Bathroom-Use-Hand-Wash-Basin-Square-Ceramic-Vessel-Countertop-Art-Basin-5-270x270.webp 270w, https:\/\/www.ceramicbasin.com\/wp-content\/uploads\/2025\/07\/Porcelain-Home-Living-Room-Bathroom-Use-Hand-Wash-Basin-Square-Ceramic-Vessel-Countertop-Art-Basin-5-540x540.webp 540w, https:\/\/www.ceramicbasin.com\/wp-content\/uploads\/2025\/07\/Porcelain-Home-Living-Room-Bathroom-Use-Hand-Wash-Basin-Square-Ceramic-Vessel-Countertop-Art-Basin-5-660x660.webp 660w\" sizes=\"(max-width: 1024px) 100vw, 1024px\" \/><\/figure>\n<\/div>\n<\/div>\n\n\n\n<p><\/p>","protected":false},"excerpt":{"rendered":"<p>Dieses benutzerdefinierte quadratische Keramik-Waschbecken f\u00fcr das Badezimmer ist eine Mischung aus innovativem, minimalistischem Stil und Hochtemperatur-Keramik-Handwerkskunst, St\u00e4rke und einfacher Reinigung. Es ist geeignet f\u00fcr eine Vielzahl von R\u00e4umen, wie Badezimmer und Wohnzimmer Waschbereiche, und unterst\u00fctzt die Anpassung. Es ist ein ideales Gro\u00dfhandels-Keramik-Waschtischprodukt f\u00fcr Heimdekoration und technische Projekte. Wir freuen uns auf eine Partnerschaft mit Ihrer Marke.<\/p>\n<table style=\"border-collapse: collapse; width: 358.52pt;\" border=\"0\" width=\"478\" cellspacing=\"0\" cellpadding=\"0\">\n<tbody>\n<tr style=\"height: 17.25pt;\">\n<td class=\"et3\" style=\"height: 17.25pt; width: 125.00pt;\" width=\"166\" height=\"23\">Hersteller<\/td>\n<td class=\"et3\" style=\"width: 234.15pt;\" width=\"312\">HanYu<\/td>\n<\/tr>\n<tr style=\"height: 17.25pt;\">\n<td class=\"et3\" style=\"height: 17.25pt;\" height=\"23\">Modell Nr.<\/td>\n<td class=\"et4\">HY-8134<\/td>\n<\/tr>\n<tr style=\"height: 17.25pt;\">\n<td class=\"et3\" style=\"height: 17.25pt;\" height=\"23\">Typ<\/td>\n<td class=\"et5\" style=\"width: 234.15pt;\" width=\"312\">Arbeitsplatten-Sp\u00fclbecken<\/td>\n<\/tr>\n<tr style=\"height: 18.00pt;\">\n<td class=\"et3\" style=\"height: 18.00pt;\" height=\"24\">Form<\/td>\n<td class=\"et3\">Rechteckige Form<\/td>\n<\/tr>\n<tr style=\"height: 34.50pt;\">\n<td class=\"et4\" style=\"height: 34.50pt;\" height=\"46\">Farbe<\/td>\n<td class=\"et5\" style=\"width: 234.15pt;\" width=\"312\">schwarz\/wei\u00df\/blau\/grau\/rosa\/gr\u00fcn\/braun\/khaki<\/td>\n<\/tr>\n<tr style=\"height: 18.00pt;\">\n<td class=\"et3\" style=\"height: 18.00pt;\" height=\"24\">Dimension<\/td>\n<td class=\"et5\" style=\"width: 234.15pt;\" width=\"312\">41*36*13<\/td>\n<\/tr>\n<tr style=\"height: 17.25pt;\">\n<td class=\"et3\" style=\"height: 17.25pt;\" height=\"23\">N.W \/SET<\/td>\n<td class=\"et3\">9KGS\/PCS<\/td>\n<\/tr>\n<tr style=\"height: 17.25pt;\">\n<td class=\"et3\" style=\"height: 17.25pt;\" height=\"23\">MOQ<\/td>\n<td class=\"et3\">20St\u00fcck<\/td>\n<\/tr>\n<tr style=\"height: 17.25pt;\">\n<td class=\"et3\" style=\"height: 17.25pt;\" height=\"23\">Benutzerdefinierte Option<\/td>\n<td class=\"et3\">Farbe\/Muster\/Gr\u00f6\u00dfe\/Logo\/Verpackung<\/td>\n<\/tr>\n<\/tbody>\n<\/table>","protected":false},"featured_media":7162,"comment_status":"closed","ping_status":"closed","template":"","meta":{"_acf_changed":false},"product_brand":[],"product_cat":[50],"product_tag":[],"class_list":{"0":"post-7159","1":"product","2":"type-product","3":"status-publish","4":"has-post-thumbnail","6":"product_cat-wholesale-countertop-sinks","8":"first","9":"instock","10":"shipping-taxable","11":"product-type-simple"},"acf":[],"_links":{"self":[{"href":"https:\/\/www.ceramicbasin.com\/de\/wp-json\/wp\/v2\/product\/7159","targetHints":{"allow":["GET"]}}],"collection":[{"href":"https:\/\/www.ceramicbasin.com\/de\/wp-json\/wp\/v2\/product"}],"about":[{"href":"https:\/\/www.ceramicbasin.com\/de\/wp-json\/wp\/v2\/types\/product"}],"replies":[{"embeddable":true,"href":"https:\/\/www.ceramicbasin.com\/de\/wp-json\/wp\/v2\/comments?post=7159"}],"wp:featuredmedia":[{"embeddable":true,"href":"https:\/\/www.ceramicbasin.com\/de\/wp-json\/wp\/v2\/media\/7162"}],"wp:attachment":[{"href":"https:\/\/www.ceramicbasin.com\/de\/wp-json\/wp\/v2\/media?parent=7159"}],"wp:term":[{"taxonomy":"product_brand","embeddable":true,"href":"https:\/\/www.ceramicbasin.com\/de\/wp-json\/wp\/v2\/product_brand?post=7159"},{"taxonomy":"product_cat","embeddable":true,"href":"https:\/\/www.ceramicbasin.com\/de\/wp-json\/wp\/v2\/product_cat?post=7159"},{"taxonomy":"product_tag","embeddable":true,"href":"https:\/\/www.ceramicbasin.com\/de\/wp-json\/wp\/v2\/product_tag?post=7159"}],"curies":[{"name":"wp","href":"https:\/\/api.w.org\/{rel}","templated":true}]}}