{"id":7165,"date":"2025-07-07T10:45:14","date_gmt":"2025-07-07T10:45:14","guid":{"rendered":"https:\/\/www.ceramicbasin.com\/?post_type=product&#038;p=7165"},"modified":"2025-11-03T07:38:11","modified_gmt":"2025-11-03T07:38:11","slug":"wall-hung-bathroom-sink-wholesale-2","status":"publish","type":"product","link":"https:\/\/www.ceramicbasin.com\/de\/produkt\/wall-hung-bathroom-sink-wholesale-2\/","title":{"rendered":"Wandh\u00e4ngendes Bad Waschbecken Gro\u00dfhandel mit Handtuch Regal Design"},"content":{"rendered":"<div class=\"wp-block-columns is-layout-flex wp-container-core-columns-is-layout-9d6595d7 wp-block-columns-is-layout-flex\">\n<div class=\"wp-block-column is-layout-flow wp-block-column-is-layout-flow\">\n<h2 class=\"wp-block-heading\">Premium Wall Hung Badezimmer Waschbecken Gro\u00dfhandel Features:<\/h2>\n\n\n\n<ul class=\"wp-block-list\">\n<li><strong>K\u00fcnstlerische Gestaltung:<\/strong> Das ma\u00dfgefertigte Waschbecken f\u00fcr das Badezimmer verbindet Luxus und k\u00fcnstlerische Sch\u00f6nheit. Der rechteckige Stil ist modisch und raffiniert, und es besitzt eine einzigartige Form und sorgf\u00e4ltige Details, und es gibt ein Gef\u00fchl der zeitgen\u00f6ssischen k\u00fcnstlerischen Verzierung des Bades Raum.<\/li>\n\n\n\n<li><strong>Wandmontierter Typ:<\/strong> Unser wandh\u00e4ngendes Waschbecken im Gro\u00dfhandel ist ein wandmontierter Installationsstil, der keinen Platz auf dem Boden einnimmt und sich f\u00fcr kleine und mittelgro\u00dfe Badezimmer, Hotels und Gesch\u00e4ftsr\u00e4ume eignet.<\/li>\n\n\n\n<li><strong>Funktionaler Handtuchhalter:<\/strong> Unser wandh\u00e4ngendes Waschbecken im Gro\u00dfhandel integriert Handwasch- und Aufbewahrungsfunktionen in perfekter Harmonie und verbessert die Funktionalit\u00e4t und Hygiene im Badezimmer.<\/li>\n\n\n\n<li><strong>Ausgezeichnete Keramik:<\/strong> Die Oberfl\u00e4che ist dicht und glatt, schmutzabweisend, pflegeleicht und hat eine lange Lebensdauer.<\/li>\n<\/ul>\n<\/div>\n\n\n\n<div class=\"wp-block-column is-layout-flow wp-block-column-is-layout-flow\">\n<figure class=\"wp-block-image size-full\"><img fetchpriority=\"high\" decoding=\"async\" width=\"1024\" height=\"1024\" src=\"https:\/\/www.ceramicbasin.com\/wp-content\/uploads\/2025\/07\/China-Factory-Small-Wall-Hung-Rectangular-Basin-With-Towel-Shelf-Luxury-Artistic-Ceramic-Custom-Bathroom-Sink-5.webp\" alt=\"wandh\u00e4ngendes-badezimmer-waschbecken-gro\u00dfhandel-mit-handtuch-ablage-keramik-badezimmer-waschbecken-5\" class=\"wp-image-7170\" srcset=\"https:\/\/www.ceramicbasin.com\/wp-content\/uploads\/2025\/07\/China-Factory-Small-Wall-Hung-Rectangular-Basin-With-Towel-Shelf-Luxury-Artistic-Ceramic-Custom-Bathroom-Sink-5.webp 1024w, https:\/\/www.ceramicbasin.com\/wp-content\/uploads\/2025\/07\/China-Factory-Small-Wall-Hung-Rectangular-Basin-With-Towel-Shelf-Luxury-Artistic-Ceramic-Custom-Bathroom-Sink-5-300x300.webp 300w, https:\/\/www.ceramicbasin.com\/wp-content\/uploads\/2025\/07\/China-Factory-Small-Wall-Hung-Rectangular-Basin-With-Towel-Shelf-Luxury-Artistic-Ceramic-Custom-Bathroom-Sink-5-150x150.webp 150w, https:\/\/www.ceramicbasin.com\/wp-content\/uploads\/2025\/07\/China-Factory-Small-Wall-Hung-Rectangular-Basin-With-Towel-Shelf-Luxury-Artistic-Ceramic-Custom-Bathroom-Sink-5-768x768.webp 768w, https:\/\/www.ceramicbasin.com\/wp-content\/uploads\/2025\/07\/China-Factory-Small-Wall-Hung-Rectangular-Basin-With-Towel-Shelf-Luxury-Artistic-Ceramic-Custom-Bathroom-Sink-5-12x12.webp 12w, https:\/\/www.ceramicbasin.com\/wp-content\/uploads\/2025\/07\/China-Factory-Small-Wall-Hung-Rectangular-Basin-With-Towel-Shelf-Luxury-Artistic-Ceramic-Custom-Bathroom-Sink-5-285x285.webp 285w, https:\/\/www.ceramicbasin.com\/wp-content\/uploads\/2025\/07\/China-Factory-Small-Wall-Hung-Rectangular-Basin-With-Towel-Shelf-Luxury-Artistic-Ceramic-Custom-Bathroom-Sink-5-270x270.webp 270w, https:\/\/www.ceramicbasin.com\/wp-content\/uploads\/2025\/07\/China-Factory-Small-Wall-Hung-Rectangular-Basin-With-Towel-Shelf-Luxury-Artistic-Ceramic-Custom-Bathroom-Sink-5-540x540.webp 540w, https:\/\/www.ceramicbasin.com\/wp-content\/uploads\/2025\/07\/China-Factory-Small-Wall-Hung-Rectangular-Basin-With-Towel-Shelf-Luxury-Artistic-Ceramic-Custom-Bathroom-Sink-5-660x660.webp 660w\" sizes=\"(max-width: 1024px) 100vw, 1024px\" \/><\/figure>\n<\/div>\n<\/div>","protected":false},"excerpt":{"rendered":"<p>Willkommen bei Hanyu, um die perfekte Mischung aus Luxus und Funktion mit unserem wandh\u00e4ngenden Waschbecken im Gro\u00dfhandel zu erwerben. Mit seinem k\u00fcnstlerischen Design und der integrierten Handtuchablage ist dieses platzsparende Waschbecken ideal f\u00fcr moderne B\u00e4der, Hotels und gewerbliche R\u00e4ume. Gro\u00dfhandel und kundenspezifische Anpassung sind verf\u00fcgbar!<\/p>\n<table style=\"border-collapse: collapse; width: 358.52pt;\" border=\"0\" width=\"478\" cellspacing=\"0\" cellpadding=\"0\">\n<tbody>\n<tr style=\"height: 17.25pt;\">\n<td class=\"et3\" style=\"height: 17.25pt; width: 125.00pt;\" width=\"166\" height=\"23\">Hersteller<\/td>\n<td class=\"et3\" style=\"width: 234.15pt;\" width=\"312\">HanYu<\/td>\n<\/tr>\n<tr style=\"height: 17.25pt;\">\n<td class=\"et3\" style=\"height: 17.25pt;\" height=\"23\">Modell Nr.<\/td>\n<td class=\"et4\">HY-8135-S2\/46<\/td>\n<\/tr>\n<tr style=\"height: 17.25pt;\">\n<td class=\"et3\" style=\"height: 17.25pt;\" height=\"23\">Typ<\/td>\n<td class=\"et5\" style=\"width: 234.15pt;\" width=\"312\">Wandh\u00e4ngende Waschbecken<\/td>\n<\/tr>\n<tr style=\"height: 18.00pt;\">\n<td class=\"et3\" style=\"height: 18.00pt;\" height=\"24\">Form<\/td>\n<td class=\"et3\">Rechteckige Form<\/td>\n<\/tr>\n<tr style=\"height: 34.50pt;\">\n<td class=\"et4\" style=\"height: 34.50pt;\" height=\"46\">Farbe<\/td>\n<td class=\"et5\" style=\"width: 234.15pt;\" width=\"312\">schwarz\/wei\u00df\/blau\/grau\/rosa\/gr\u00fcn\/braun\/khaki<\/td>\n<\/tr>\n<tr style=\"height: 18.00pt;\">\n<td class=\"et3\" style=\"height: 18.00pt;\" height=\"24\">Dimension<\/td>\n<td class=\"et5\" style=\"width: 234.15pt;\" width=\"312\">51*36*22.5<\/td>\n<\/tr>\n<tr style=\"height: 17.25pt;\">\n<td class=\"et3\" style=\"height: 17.25pt;\" height=\"23\">N.W \/SET<\/td>\n<td class=\"et3\">14KGS\/PCS<\/td>\n<\/tr>\n<tr style=\"height: 17.25pt;\">\n<td class=\"et3\" style=\"height: 17.25pt;\" height=\"23\">MOQ<\/td>\n<td class=\"et3\">20St\u00fcck<\/td>\n<\/tr>\n<tr style=\"height: 17.25pt;\">\n<td class=\"et3\" style=\"height: 17.25pt;\" height=\"23\">Benutzerdefinierte Option<\/td>\n<td class=\"et3\">Farbe\/Muster\/Gr\u00f6\u00dfe\/Logo\/Verpackung<\/td>\n<\/tr>\n<\/tbody>\n<\/table>","protected":false},"featured_media":7166,"comment_status":"closed","ping_status":"closed","template":"","meta":{"_acf_changed":false},"product_brand":[],"product_cat":[57],"product_tag":[],"class_list":{"0":"post-7165","1":"product","2":"type-product","3":"status-publish","4":"has-post-thumbnail","6":"product_cat-wholesale-wall-mounted-sinks","8":"first","9":"instock","10":"shipping-taxable","11":"product-type-simple"},"acf":[],"_links":{"self":[{"href":"https:\/\/www.ceramicbasin.com\/de\/wp-json\/wp\/v2\/product\/7165","targetHints":{"allow":["GET"]}}],"collection":[{"href":"https:\/\/www.ceramicbasin.com\/de\/wp-json\/wp\/v2\/product"}],"about":[{"href":"https:\/\/www.ceramicbasin.com\/de\/wp-json\/wp\/v2\/types\/product"}],"replies":[{"embeddable":true,"href":"https:\/\/www.ceramicbasin.com\/de\/wp-json\/wp\/v2\/comments?post=7165"}],"wp:featuredmedia":[{"embeddable":true,"href":"https:\/\/www.ceramicbasin.com\/de\/wp-json\/wp\/v2\/media\/7166"}],"wp:attachment":[{"href":"https:\/\/www.ceramicbasin.com\/de\/wp-json\/wp\/v2\/media?parent=7165"}],"wp:term":[{"taxonomy":"product_brand","embeddable":true,"href":"https:\/\/www.ceramicbasin.com\/de\/wp-json\/wp\/v2\/product_brand?post=7165"},{"taxonomy":"product_cat","embeddable":true,"href":"https:\/\/www.ceramicbasin.com\/de\/wp-json\/wp\/v2\/product_cat?post=7165"},{"taxonomy":"product_tag","embeddable":true,"href":"https:\/\/www.ceramicbasin.com\/de\/wp-json\/wp\/v2\/product_tag?post=7165"}],"curies":[{"name":"wp","href":"https:\/\/api.w.org\/{rel}","templated":true}]}}