{"id":7172,"date":"2025-07-07T08:41:00","date_gmt":"2025-07-07T08:41:00","guid":{"rendered":"https:\/\/www.ceramicbasin.com\/?post_type=product&#038;p=7172"},"modified":"2025-11-03T07:40:10","modified_gmt":"2025-11-03T07:40:10","slug":"small-wall-mounted-basin-wholesale","status":"publish","type":"product","link":"https:\/\/www.ceramicbasin.com\/de\/produkt\/small-wall-mounted-basin-wholesale\/","title":{"rendered":"Kleines wandmontiertes Waschbecken im Gro\u00dfhandel mit Handtuchhalter Design"},"content":{"rendered":"<div class=\"wp-block-columns is-layout-flex wp-container-core-columns-is-layout-9d6595d7 wp-block-columns-is-layout-flex\">\n<div class=\"wp-block-column is-layout-flow wp-block-column-is-layout-flow\">\n<h2 class=\"wp-block-heading\">Premium Small Wall Mounted Basin Wholesale Merkmale:<\/h2>\n\n\n\n<ul class=\"wp-block-list\">\n<li><strong>Spezielles Design des Handtuchhalters:<\/strong>\u00a0Dieses kleine, an der Wand befestigte Waschbecken im Gro\u00dfhandel verf\u00fcgt \u00fcber einen eleganten Handtuchhalter und glatte Linien, die dem Raum ein sanftes und modernes Gef\u00fchl verleihen, andere Halterungen einsparen und das Badezimmer besser trocknen lassen.<\/li>\n\n\n\n<li><strong>Wandmontierte Installation: <\/strong>Die wandmontierte Ausf\u00fchrung ist platzsparend und leicht zu reinigen. Die ma\u00dfgefertigten Keramikschalen eignen sich besonders f\u00fcr moderne kleine B\u00e4der und bringen Ordnung und Modernit\u00e4t in den ganzen Raum.<\/li>\n\n\n\n<li><strong>Einfach zu reinigende Glasurbehandlung:<\/strong> Die Au\u00dfenseite dieses kleinen Wandwaschbeckens im Gro\u00dfhandel ist mit einer speziellen, leicht zu reinigenden Glasur versehen, die glatt und weich ist, an der Flecken nur schwer haften bleiben und die leicht zu reinigen ist.<\/li>\n\n\n\n<li><strong>Gro\u00dfeinkauf mit Rabatt: <\/strong>Als professioneller Gro\u00dfh\u00e4ndler und Lieferant von Keramikbecken bieten wir sehr gute Gro\u00dfhandelspreise, die f\u00fcr gro\u00dfe Dekorationsprojekte wie Hotels, Wohnungen, B\u00fcros usw. geeignet sind.<\/li>\n<\/ul>\n<\/div>\n\n\n\n<div class=\"wp-block-column is-layout-flow wp-block-column-is-layout-flow\">\n<figure class=\"wp-block-image size-full\"><img fetchpriority=\"high\" decoding=\"async\" width=\"1024\" height=\"1024\" src=\"https:\/\/www.ceramicbasin.com\/wp-content\/uploads\/2025\/07\/White-Ceramic-Rectangular-Hand-Wash-Wall-Mounted-China-Design-Vessel-Bathroom-Hanging-Towel-Basin-5.webp\" alt=\"kleines-wandmontiertes-waschbecken-gro\u00dfhandel-rechteckig-mit-badezimmer-h\u00e4ngetuch-5\" class=\"wp-image-7177\" srcset=\"https:\/\/www.ceramicbasin.com\/wp-content\/uploads\/2025\/07\/White-Ceramic-Rectangular-Hand-Wash-Wall-Mounted-China-Design-Vessel-Bathroom-Hanging-Towel-Basin-5.webp 1024w, https:\/\/www.ceramicbasin.com\/wp-content\/uploads\/2025\/07\/White-Ceramic-Rectangular-Hand-Wash-Wall-Mounted-China-Design-Vessel-Bathroom-Hanging-Towel-Basin-5-300x300.webp 300w, https:\/\/www.ceramicbasin.com\/wp-content\/uploads\/2025\/07\/White-Ceramic-Rectangular-Hand-Wash-Wall-Mounted-China-Design-Vessel-Bathroom-Hanging-Towel-Basin-5-150x150.webp 150w, https:\/\/www.ceramicbasin.com\/wp-content\/uploads\/2025\/07\/White-Ceramic-Rectangular-Hand-Wash-Wall-Mounted-China-Design-Vessel-Bathroom-Hanging-Towel-Basin-5-768x768.webp 768w, https:\/\/www.ceramicbasin.com\/wp-content\/uploads\/2025\/07\/White-Ceramic-Rectangular-Hand-Wash-Wall-Mounted-China-Design-Vessel-Bathroom-Hanging-Towel-Basin-5-12x12.webp 12w, https:\/\/www.ceramicbasin.com\/wp-content\/uploads\/2025\/07\/White-Ceramic-Rectangular-Hand-Wash-Wall-Mounted-China-Design-Vessel-Bathroom-Hanging-Towel-Basin-5-285x285.webp 285w, https:\/\/www.ceramicbasin.com\/wp-content\/uploads\/2025\/07\/White-Ceramic-Rectangular-Hand-Wash-Wall-Mounted-China-Design-Vessel-Bathroom-Hanging-Towel-Basin-5-270x270.webp 270w, https:\/\/www.ceramicbasin.com\/wp-content\/uploads\/2025\/07\/White-Ceramic-Rectangular-Hand-Wash-Wall-Mounted-China-Design-Vessel-Bathroom-Hanging-Towel-Basin-5-540x540.webp 540w, https:\/\/www.ceramicbasin.com\/wp-content\/uploads\/2025\/07\/White-Ceramic-Rectangular-Hand-Wash-Wall-Mounted-China-Design-Vessel-Bathroom-Hanging-Towel-Basin-5-660x660.webp 660w\" sizes=\"(max-width: 1024px) 100vw, 1024px\" \/><\/figure>\n<\/div>\n<\/div>\n\n\n\n<p><\/p>","protected":false},"excerpt":{"rendered":"<p>F\u00fchlen Sie sich frei, unsere kleinen wandmontierten Waschbecken im Gro\u00dfhandel zu kaufen. Die Gro\u00dfhandels-Wandwaschbecken aus Keramik haben eine klare, rechteckige Form und sind mit einem integrierten Handtuchhalter ausgestattet. Dieses personalisierte Keramikbecken ist f\u00fcr kleine R\u00e4ume geeignet. Gro\u00dfhandel und Personalisierung sind willkommen!<\/p>\n<table style=\"border-collapse: collapse; width: 358.52pt;\" border=\"0\" width=\"478\" cellspacing=\"0\" cellpadding=\"0\">\n<tbody>\n<tr style=\"height: 17.25pt;\">\n<td class=\"et3\" style=\"height: 17.25pt; width: 125.00pt;\" width=\"166\" height=\"23\">Hersteller<\/td>\n<td class=\"et3\" style=\"width: 234.15pt;\" width=\"312\">HanYu<\/td>\n<\/tr>\n<tr style=\"height: 17.25pt;\">\n<td class=\"et3\" style=\"height: 17.25pt;\" height=\"23\">Modell Nr.<\/td>\n<td class=\"et4\">HY-8136-S2\/55<\/td>\n<\/tr>\n<tr style=\"height: 17.25pt;\">\n<td class=\"et3\" style=\"height: 17.25pt;\" height=\"23\">Typ<\/td>\n<td class=\"et5\" style=\"width: 234.15pt;\" width=\"312\">Wandh\u00e4ngende Waschbecken<\/td>\n<\/tr>\n<tr style=\"height: 18.00pt;\">\n<td class=\"et3\" style=\"height: 18.00pt;\" height=\"24\">Form<\/td>\n<td class=\"et3\">Rechteckige Form<\/td>\n<\/tr>\n<tr style=\"height: 34.50pt;\">\n<td class=\"et4\" style=\"height: 34.50pt;\" height=\"46\">Farbe<\/td>\n<td class=\"et5\" style=\"width: 234.15pt;\" width=\"312\">schwarz\/wei\u00df\/blau\/grau\/rosa\/gr\u00fcn\/braun\/khaki<\/td>\n<\/tr>\n<tr style=\"height: 18.00pt;\">\n<td class=\"et3\" style=\"height: 18.00pt;\" height=\"24\">Dimension<\/td>\n<td class=\"et5\" style=\"width: 234.15pt;\" width=\"312\">60.5*36*23.3<\/td>\n<\/tr>\n<tr style=\"height: 17.25pt;\">\n<td class=\"et3\" style=\"height: 17.25pt;\" height=\"23\">N.W \/SET<\/td>\n<td class=\"et3\">16KGS\/PCS<\/td>\n<\/tr>\n<tr style=\"height: 17.25pt;\">\n<td class=\"et3\" style=\"height: 17.25pt;\" height=\"23\">MOQ<\/td>\n<td class=\"et3\">20St\u00fcck<\/td>\n<\/tr>\n<tr style=\"height: 17.25pt;\">\n<td class=\"et3\" style=\"height: 17.25pt;\" height=\"23\">Benutzerdefinierte Option<\/td>\n<td class=\"et3\">Farbe\/Muster\/Gr\u00f6\u00dfe\/Logo\/Verpackung<\/td>\n<\/tr>\n<\/tbody>\n<\/table>","protected":false},"featured_media":7176,"comment_status":"closed","ping_status":"closed","template":"","meta":{"_acf_changed":false},"product_brand":[],"product_cat":[57],"product_tag":[],"class_list":{"0":"post-7172","1":"product","2":"type-product","3":"status-publish","4":"has-post-thumbnail","6":"product_cat-wholesale-wall-mounted-sinks","8":"first","9":"instock","10":"shipping-taxable","11":"product-type-simple"},"acf":[],"_links":{"self":[{"href":"https:\/\/www.ceramicbasin.com\/de\/wp-json\/wp\/v2\/product\/7172","targetHints":{"allow":["GET"]}}],"collection":[{"href":"https:\/\/www.ceramicbasin.com\/de\/wp-json\/wp\/v2\/product"}],"about":[{"href":"https:\/\/www.ceramicbasin.com\/de\/wp-json\/wp\/v2\/types\/product"}],"replies":[{"embeddable":true,"href":"https:\/\/www.ceramicbasin.com\/de\/wp-json\/wp\/v2\/comments?post=7172"}],"wp:featuredmedia":[{"embeddable":true,"href":"https:\/\/www.ceramicbasin.com\/de\/wp-json\/wp\/v2\/media\/7176"}],"wp:attachment":[{"href":"https:\/\/www.ceramicbasin.com\/de\/wp-json\/wp\/v2\/media?parent=7172"}],"wp:term":[{"taxonomy":"product_brand","embeddable":true,"href":"https:\/\/www.ceramicbasin.com\/de\/wp-json\/wp\/v2\/product_brand?post=7172"},{"taxonomy":"product_cat","embeddable":true,"href":"https:\/\/www.ceramicbasin.com\/de\/wp-json\/wp\/v2\/product_cat?post=7172"},{"taxonomy":"product_tag","embeddable":true,"href":"https:\/\/www.ceramicbasin.com\/de\/wp-json\/wp\/v2\/product_tag?post=7172"}],"curies":[{"name":"wp","href":"https:\/\/api.w.org\/{rel}","templated":true}]}}