{"id":7187,"date":"2025-07-11T08:58:34","date_gmt":"2025-07-11T08:58:34","guid":{"rendered":"https:\/\/www.ceramicbasin.com\/?post_type=product&#038;p=7187"},"modified":"2025-11-03T07:36:00","modified_gmt":"2025-11-03T07:36:00","slug":"wholesale-round-sink-bowl-bathroom","status":"publish","type":"product","link":"https:\/\/www.ceramicbasin.com\/de\/produkt\/wholesale-round-sink-bowl-bathroom\/","title":{"rendered":"Fabrik Gro\u00dfhandel Runde Waschbecken Sch\u00fcssel Bad Eitelkeit Becken"},"content":{"rendered":"<div class=\"wp-block-columns is-layout-flex wp-container-core-columns-is-layout-9d6595d7 wp-block-columns-is-layout-flex\">\n<div class=\"wp-block-column is-layout-flow wp-block-column-is-layout-flow\">\n<h2 class=\"wp-block-heading\">Premium Gro\u00dfhandel Runde Waschbecken Sch\u00fcssel Badezimmer Features:<\/h2>\n\n\n\n<ul class=\"wp-block-list\">\n<li><strong>Abgerundete Kanten: <\/strong>Unsere ma\u00dfgefertigten Waschbecken haben abgerundete Kanten, die nicht nur sch\u00f6n, sondern auch sicher sind. Sie verhindern St\u00f6\u00dfe und Druckstellen und strahlen Liebe zum Detail aus.<\/li>\n\n\n\n<li><strong>Einzigartiges Design:<\/strong> Das runde Waschbecken f\u00fcr den Gro\u00dfhandel zeichnet sich durch ein porenfreies, k\u00fcnstlerisches Design aus, das unverwechselbar ist. Dieses Waschbecken verf\u00fcgt \u00fcber ein modernes, elegantes Aussehen, das verschiedene Badstile mit Leichtigkeit erg\u00e4nzt.<\/li>\n\n\n\n<li><strong>Hochwertige Materialien:<\/strong> Der Gro\u00dfhandel runde Waschbecken Sch\u00fcssel Bad ist aus hochwertigen keramischen Materialien hergestellt. Dieses Waschbecken ist haltbar und langlebig, mit einer glatten Oberfl\u00e4che, die leicht zu reinigen und zu pflegen ist.<\/li>\n\n\n\n<li><strong>Vielf\u00e4ltige Einsatzm\u00f6glichkeiten:<\/strong> Keramiksp\u00fclen aus dem Gro\u00dfhandel k\u00f6nnen an verschiedenen Orten wie Wohnungen, Hotels und B\u00fcros verwendet werden und tragen zur Sch\u00f6nheit und Qualit\u00e4t des Ortes bei.<\/li>\n<\/ul>\n<\/div>\n\n\n\n<div class=\"wp-block-column is-layout-flow wp-block-column-is-layout-flow\">\n<figure class=\"wp-block-image size-full\"><img fetchpriority=\"high\" decoding=\"async\" width=\"623\" height=\"819\" src=\"https:\/\/www.ceramicbasin.com\/wp-content\/uploads\/2025\/07\/Wholesale-round-sink-5.webp\" alt=\"Gro\u00dfhandel-Rundes-Waschbecken-Bad-ohne-Loch-Kunst-Waschbecken-Gro\u00dfhandel-5\" class=\"wp-image-7188\" srcset=\"https:\/\/www.ceramicbasin.com\/wp-content\/uploads\/2025\/07\/Wholesale-round-sink-5.webp 623w, https:\/\/www.ceramicbasin.com\/wp-content\/uploads\/2025\/07\/Wholesale-round-sink-5-228x300.webp 228w, https:\/\/www.ceramicbasin.com\/wp-content\/uploads\/2025\/07\/Wholesale-round-sink-5-9x12.webp 9w, https:\/\/www.ceramicbasin.com\/wp-content\/uploads\/2025\/07\/Wholesale-round-sink-5-285x375.webp 285w, https:\/\/www.ceramicbasin.com\/wp-content\/uploads\/2025\/07\/Wholesale-round-sink-5-502x660.webp 502w, https:\/\/www.ceramicbasin.com\/wp-content\/uploads\/2025\/07\/Wholesale-round-sink-5-114x150.webp 114w\" sizes=\"(max-width: 623px) 100vw, 623px\" \/><\/figure>\n<\/div>\n<\/div>\n\n\n\n<p><\/p>","protected":false},"excerpt":{"rendered":"<p>Willkommen in unserem Gro\u00dfhandel runden Waschbecken Sch\u00fcssel Bad zu kaufen. Unsere porenfreie runde Keramik Waschbecken, speziell entwickelt, kombiniert moderne k\u00fcnstlerische Design und Funktion, die Schaffung eines modernen und modischen Bad Umwelt. Hergestellt aus hochwertigem keramischen Material, ist es langlebig und auch leicht zu reinigen, geeignet f\u00fcr den gewerblichen und privaten Gebrauch.<\/p>\n<table style=\"border-collapse: collapse; width: 358.52pt;\" border=\"0\" width=\"478\" cellspacing=\"0\" cellpadding=\"0\">\n<tbody>\n<tr style=\"height: 17.25pt;\">\n<td class=\"et3\" style=\"height: 17.25pt; width: 125.00pt;\" width=\"166\" height=\"23\">Hersteller<\/td>\n<td class=\"et3\" style=\"width: 234.15pt;\" width=\"312\">HanYu<\/td>\n<\/tr>\n<tr style=\"height: 17.25pt;\">\n<td class=\"et3\" style=\"height: 17.25pt;\" height=\"23\">Modell Nr.<\/td>\n<td class=\"et4\">HY-417<\/td>\n<\/tr>\n<tr style=\"height: 17.25pt;\">\n<td class=\"et3\" style=\"height: 17.25pt;\" height=\"23\">Typ<\/td>\n<td class=\"et5\" style=\"width: 234.15pt;\" width=\"312\">Arbeitsplatten-Sp\u00fclbecken<\/td>\n<\/tr>\n<tr style=\"height: 18.00pt;\">\n<td class=\"et3\" style=\"height: 18.00pt;\" height=\"24\">Form<\/td>\n<td class=\"et3\">Runde Form<\/td>\n<\/tr>\n<tr style=\"height: 34.50pt;\">\n<td class=\"et4\" style=\"height: 34.50pt;\" height=\"46\">Farbe<\/td>\n<td class=\"et5\" style=\"width: 234.15pt;\" width=\"312\">schwarz\/wei\u00df\/blau\/grau\/rosa\/gr\u00fcn\/braun\/khaki<\/td>\n<\/tr>\n<tr style=\"height: 18.00pt;\">\n<td class=\"et3\" style=\"height: 18.00pt;\" height=\"24\">Dimension<\/td>\n<td class=\"et5\" style=\"width: 234.15pt;\" width=\"312\">39*39*16.5<\/td>\n<\/tr>\n<tr style=\"height: 17.25pt;\">\n<td class=\"et3\" style=\"height: 17.25pt;\" height=\"23\">N.W \/SET<\/td>\n<td class=\"et3\">10KGS\/PCS<\/td>\n<\/tr>\n<tr style=\"height: 17.25pt;\">\n<td class=\"et3\" style=\"height: 17.25pt;\" height=\"23\">MOQ<\/td>\n<td class=\"et3\">20St\u00fcck<\/td>\n<\/tr>\n<tr style=\"height: 17.25pt;\">\n<td class=\"et3\" style=\"height: 17.25pt;\" height=\"23\">Benutzerdefinierte Option<\/td>\n<td class=\"et3\">Farbe\/Muster\/Gr\u00f6\u00dfe\/Logo\/Verpackung<\/td>\n<\/tr>\n<\/tbody>\n<\/table>","protected":false},"featured_media":7189,"comment_status":"closed","ping_status":"closed","template":"","meta":{"_acf_changed":false},"product_brand":[],"product_cat":[50],"product_tag":[],"class_list":{"0":"post-7187","1":"product","2":"type-product","3":"status-publish","4":"has-post-thumbnail","6":"product_cat-wholesale-countertop-sinks","8":"first","9":"instock","10":"shipping-taxable","11":"product-type-simple"},"acf":[],"_links":{"self":[{"href":"https:\/\/www.ceramicbasin.com\/de\/wp-json\/wp\/v2\/product\/7187","targetHints":{"allow":["GET"]}}],"collection":[{"href":"https:\/\/www.ceramicbasin.com\/de\/wp-json\/wp\/v2\/product"}],"about":[{"href":"https:\/\/www.ceramicbasin.com\/de\/wp-json\/wp\/v2\/types\/product"}],"replies":[{"embeddable":true,"href":"https:\/\/www.ceramicbasin.com\/de\/wp-json\/wp\/v2\/comments?post=7187"}],"wp:featuredmedia":[{"embeddable":true,"href":"https:\/\/www.ceramicbasin.com\/de\/wp-json\/wp\/v2\/media\/7189"}],"wp:attachment":[{"href":"https:\/\/www.ceramicbasin.com\/de\/wp-json\/wp\/v2\/media?parent=7187"}],"wp:term":[{"taxonomy":"product_brand","embeddable":true,"href":"https:\/\/www.ceramicbasin.com\/de\/wp-json\/wp\/v2\/product_brand?post=7187"},{"taxonomy":"product_cat","embeddable":true,"href":"https:\/\/www.ceramicbasin.com\/de\/wp-json\/wp\/v2\/product_cat?post=7187"},{"taxonomy":"product_tag","embeddable":true,"href":"https:\/\/www.ceramicbasin.com\/de\/wp-json\/wp\/v2\/product_tag?post=7187"}],"curies":[{"name":"wp","href":"https:\/\/api.w.org\/{rel}","templated":true}]}}