{"id":7201,"date":"2025-07-11T09:41:37","date_gmt":"2025-07-11T09:41:37","guid":{"rendered":"https:\/\/www.ceramicbasin.com\/?post_type=product&#038;p=7201"},"modified":"2025-11-05T03:17:34","modified_gmt":"2025-11-05T03:17:34","slug":"customized-oval-countertop-sink","status":"publish","type":"product","link":"https:\/\/www.ceramicbasin.com\/de\/produkt\/customized-oval-countertop-sink\/","title":{"rendered":"Kundenspezifische ovale Arbeitsplatte Waschbecken, keramische Waschbecken Bulk-Gro\u00dfhandel"},"content":{"rendered":"<div class=\"wp-block-columns is-layout-flex wp-container-core-columns-is-layout-9d6595d7 wp-block-columns-is-layout-flex\">\n<div class=\"wp-block-column is-layout-flow wp-block-column-is-layout-flow\">\n<h2 class=\"wp-block-heading\">Premium Customized Oval Countertop Sink Features:<\/h2>\n\n\n\n<ul class=\"wp-block-list\">\n<li><strong>Hochwertiges keramisches Material: <\/strong>Die ma\u00dfgeschneiderte ovale Sp\u00fcle ist mit fortschrittlicher Keramiktechnologie ausgestattet, hat eine glatte Oberfl\u00e4che, ist langlebig und sauber und garantiert eine lange Lebensdauer ohne Verschlei\u00dferscheinungen.<\/li>\n\n\n\n<li><strong>Original ovales Design:<\/strong> Das Gro\u00dfhandels-Keramikwaschbecken hat ein raffiniertes und modernes ovales Design, das sich perfekt in verschiedene Badezimmerdekorationen einf\u00fcgt und f\u00fcr allgemeine Sch\u00f6nheit sorgt.<\/li>\n\n\n\n<li><strong>Ein-Loch-Design: <\/strong>Das ma\u00dfgeschneiderte ovale Waschbecken verf\u00fcgt \u00fcber ein Wasserhahnloch, das mit den meisten Badezimmerarmaturen kompatibel ist, und bietet ein modernes, funktionales Aussehen und eine einfache Installation.<\/li>\n\n\n\n<li><strong>Ausgezeichnete schmutzabweisende Eigenschaften:<\/strong> Die Gro\u00dfhandelstechnologie f\u00fcr die Oberfl\u00e4chenbehandlung von Keramiksp\u00fclen zeichnet sich durch hervorragende Fleckenbest\u00e4ndigkeit und antibakterielle Eigenschaften aus, was die Hygiene gew\u00e4hrleistet und die Reinigungszeiten verk\u00fcrzt.<\/li>\n<\/ul>\n<\/div>\n\n\n\n<div class=\"wp-block-column is-layout-flow wp-block-column-is-layout-flow\">\n<figure class=\"wp-block-image size-full\"><img fetchpriority=\"high\" decoding=\"async\" width=\"731\" height=\"927\" src=\"https:\/\/www.ceramicbasin.com\/wp-content\/uploads\/2025\/07\/Single-hole-wholesales-sink-5.webp\" alt=\"Ma\u00dfgeschneiderte-ovale-Arbeitsplatte-Sp\u00fcle-Einzel-Loch-Keramik-Sp\u00fcle-Gro\u00dfhandel-5\" class=\"wp-image-7202\" srcset=\"https:\/\/www.ceramicbasin.com\/wp-content\/uploads\/2025\/07\/Single-hole-wholesales-sink-5.webp 731w, https:\/\/www.ceramicbasin.com\/wp-content\/uploads\/2025\/07\/Single-hole-wholesales-sink-5-237x300.webp 237w, https:\/\/www.ceramicbasin.com\/wp-content\/uploads\/2025\/07\/Single-hole-wholesales-sink-5-9x12.webp 9w, https:\/\/www.ceramicbasin.com\/wp-content\/uploads\/2025\/07\/Single-hole-wholesales-sink-5-285x361.webp 285w, https:\/\/www.ceramicbasin.com\/wp-content\/uploads\/2025\/07\/Single-hole-wholesales-sink-5-520x660.webp 520w, https:\/\/www.ceramicbasin.com\/wp-content\/uploads\/2025\/07\/Single-hole-wholesales-sink-5-118x150.webp 118w\" sizes=\"(max-width: 731px) 100vw, 731px\" \/><\/figure>\n<\/div>\n<\/div>","protected":false},"excerpt":{"rendered":"<p>Willkommen zum Kauf dieser hochwertigen kundenspezifischen ovalen Arbeitsplatte Waschbecken ist eine perfekte Kombination aus hervorragender Leistung und atemberaubender Sch\u00f6nheit. Es besteht aus langlebigem Keramikmaterial, ist schmutzabweisend und leicht zu reinigen. Das Ein-Loch-Design ist einfach zu installieren und l\u00e4sst sich gut mit verschiedenen Stilen kombinieren. Es ist ideal f\u00fcr Luxushotels, Privath\u00e4user und mehr und kann im Gro\u00dfhandel individuell angepasst werden.<\/p>\n<table style=\"border-collapse: collapse; width: 358.52pt;\" border=\"0\" width=\"478\" cellspacing=\"0\" cellpadding=\"0\">\n<tbody>\n<tr style=\"height: 17.25pt;\">\n<td class=\"et3\" style=\"height: 17.25pt; width: 125.00pt;\" width=\"166\" height=\"23\">Hersteller<\/td>\n<td class=\"et3\" style=\"width: 234.15pt;\" width=\"312\">HanYu<\/td>\n<\/tr>\n<tr style=\"height: 17.25pt;\">\n<td class=\"et3\" style=\"height: 17.25pt;\" height=\"23\">Modell Nr.<\/td>\n<td class=\"et4\">HY-8058<\/td>\n<\/tr>\n<tr style=\"height: 17.25pt;\">\n<td class=\"et3\" style=\"height: 17.25pt;\" height=\"23\">Typ<\/td>\n<td class=\"et5\" style=\"width: 234.15pt;\" width=\"312\">wei\u00dfe Waschbecken<\/td>\n<\/tr>\n<tr style=\"height: 18.00pt;\">\n<td class=\"et3\" style=\"height: 18.00pt;\" height=\"24\">Form\u00a0\u00a0<\/td>\n<td class=\"et3\">\u00a0Ovale Form<\/td>\n<\/tr>\n<tr style=\"height: 34.50pt;\">\n<td class=\"et4\" style=\"height: 34.50pt;\" height=\"46\">Farbe<\/td>\n<td class=\"et5\" style=\"width: 234.15pt;\" width=\"312\">schwarz\/wei\u00df\/blau\/grau\/rosa\/gr\u00fcn\/braun\/khaki<\/td>\n<\/tr>\n<tr style=\"height: 18.00pt;\">\n<td class=\"et3\" style=\"height: 18.00pt;\" height=\"24\">Dimension<\/td>\n<td class=\"et5\" style=\"width: 234.15pt;\" width=\"312\">80.5*40.5*13.5<\/td>\n<\/tr>\n<tr style=\"height: 17.25pt;\">\n<td class=\"et3\" style=\"height: 17.25pt;\" height=\"23\">N.W \/SET<\/td>\n<td class=\"et3\">18KGS\/PCS<\/td>\n<\/tr>\n<tr style=\"height: 17.25pt;\">\n<td class=\"et3\" style=\"height: 17.25pt;\" height=\"23\">MOQ<\/td>\n<td class=\"et3\">20St\u00fcck<\/td>\n<\/tr>\n<tr style=\"height: 17.25pt;\">\n<td class=\"et3\" style=\"height: 17.25pt;\" height=\"23\">Benutzerdefinierte Option<\/td>\n<td class=\"et3\">Farbe\/Muster\/Gr\u00f6\u00dfe\/Logo\/Verpackung<\/td>\n<\/tr>\n<\/tbody>\n<\/table>","protected":false},"featured_media":7203,"comment_status":"closed","ping_status":"closed","template":"","meta":{"_acf_changed":false},"product_brand":[],"product_cat":[50],"product_tag":[],"class_list":{"0":"post-7201","1":"product","2":"type-product","3":"status-publish","4":"has-post-thumbnail","6":"product_cat-wholesale-countertop-sinks","8":"first","9":"instock","10":"shipping-taxable","11":"product-type-simple"},"acf":[],"_links":{"self":[{"href":"https:\/\/www.ceramicbasin.com\/de\/wp-json\/wp\/v2\/product\/7201","targetHints":{"allow":["GET"]}}],"collection":[{"href":"https:\/\/www.ceramicbasin.com\/de\/wp-json\/wp\/v2\/product"}],"about":[{"href":"https:\/\/www.ceramicbasin.com\/de\/wp-json\/wp\/v2\/types\/product"}],"replies":[{"embeddable":true,"href":"https:\/\/www.ceramicbasin.com\/de\/wp-json\/wp\/v2\/comments?post=7201"}],"wp:featuredmedia":[{"embeddable":true,"href":"https:\/\/www.ceramicbasin.com\/de\/wp-json\/wp\/v2\/media\/7203"}],"wp:attachment":[{"href":"https:\/\/www.ceramicbasin.com\/de\/wp-json\/wp\/v2\/media?parent=7201"}],"wp:term":[{"taxonomy":"product_brand","embeddable":true,"href":"https:\/\/www.ceramicbasin.com\/de\/wp-json\/wp\/v2\/product_brand?post=7201"},{"taxonomy":"product_cat","embeddable":true,"href":"https:\/\/www.ceramicbasin.com\/de\/wp-json\/wp\/v2\/product_cat?post=7201"},{"taxonomy":"product_tag","embeddable":true,"href":"https:\/\/www.ceramicbasin.com\/de\/wp-json\/wp\/v2\/product_tag?post=7201"}],"curies":[{"name":"wp","href":"https:\/\/api.w.org\/{rel}","templated":true}]}}