{"id":7208,"date":"2025-07-11T09:47:39","date_gmt":"2025-07-11T09:47:39","guid":{"rendered":"https:\/\/www.ceramicbasin.com\/?post_type=product&#038;p=7208"},"modified":"2025-07-19T01:57:54","modified_gmt":"2025-07-19T01:57:54","slug":"basin-custom","status":"publish","type":"product","link":"https:\/\/www.ceramicbasin.com\/de\/produkt\/basin-custom\/","title":{"rendered":"Neues Design Hochglanzbecken Custom, wei\u00dfes Keramikbecken Gro\u00dfhandel"},"content":{"rendered":"<div class=\"wp-block-columns is-layout-flex wp-container-core-columns-is-layout-9d6595d7 wp-block-columns-is-layout-flex\">\n<div class=\"wp-block-column is-layout-flow wp-block-column-is-layout-flow\">\n<h2 class=\"wp-block-heading\">Premium Glossy Basin Custom Features:<\/h2>\n\n\n\n<ul class=\"wp-block-list\">\n<li><strong>Modernes und modisches Design:<\/strong> Das moderne, schlichte und elegante wei\u00dfe Hochglanzdesign passt zu verschiedenen Badstilen.<\/li>\n\n\n\n<li><strong>Druckbest\u00e4ndig und langlebig: <\/strong>Dank der hochwertigen Verarbeitung ist jedes Gro\u00dfhandelssp\u00fclbecken aus Keramik extrem druckfest und langlebig und bleibt auch bei h\u00e4ufigem Gebrauch stabil.<\/li>\n\n\n\n<li><strong>Mehrere Gr\u00f6\u00dfenoptionen: <\/strong>Das gl\u00e4nzende Becken ist in der Gr\u00f6\u00dfe individuell anpassbar, um unterschiedlichen Platzanforderungen gerecht zu werden und den Anforderungen von Gro\u00dfeink\u00e4ufen zu entsprechen.<\/li>\n\n\n\n<li><strong>Preisvorteil: <\/strong>Wir bieten Gro\u00dfhandelsbestellungen f\u00fcr Keramiksp\u00fclen an, die nicht nur erschwinglich sind, sondern auch schnell geliefert werden k\u00f6nnen. Sie eignen sich f\u00fcr kommerzielle Projekte und gro\u00df angelegte Wohndekorationen und erf\u00fcllen die Anforderungen an hohe Effizienz und niedrige Kosten.<\/li>\n<\/ul>\n<\/div>\n\n\n\n<div class=\"wp-block-column is-layout-flow wp-block-column-is-layout-flow\">\n<figure class=\"wp-block-image size-full\"><img fetchpriority=\"high\" decoding=\"async\" width=\"980\" height=\"1352\" src=\"https:\/\/www.ceramicbasin.com\/wp-content\/uploads\/2025\/07\/wholesales-basin-factory-5.webp\" alt=\"new-design-gl\u00e4nzendes-becken-individuell-wei\u00dfes-keramikbecken-gro\u00dfhandel-5\" class=\"wp-image-7209\" srcset=\"https:\/\/www.ceramicbasin.com\/wp-content\/uploads\/2025\/07\/wholesales-basin-factory-5.webp 980w, https:\/\/www.ceramicbasin.com\/wp-content\/uploads\/2025\/07\/wholesales-basin-factory-5-217x300.webp 217w, https:\/\/www.ceramicbasin.com\/wp-content\/uploads\/2025\/07\/wholesales-basin-factory-5-768x1060.webp 768w, https:\/\/www.ceramicbasin.com\/wp-content\/uploads\/2025\/07\/wholesales-basin-factory-5-9x12.webp 9w, https:\/\/www.ceramicbasin.com\/wp-content\/uploads\/2025\/07\/wholesales-basin-factory-5-285x393.webp 285w, https:\/\/www.ceramicbasin.com\/wp-content\/uploads\/2025\/07\/wholesales-basin-factory-5-478x660.webp 478w, https:\/\/www.ceramicbasin.com\/wp-content\/uploads\/2025\/07\/wholesales-basin-factory-5-109x150.webp 109w\" sizes=\"(max-width: 980px) 100vw, 980px\" \/><\/figure>\n<\/div>\n<\/div>","protected":false},"excerpt":{"rendered":"<p>Willkommen zum Kauf des gl\u00e4nzenden Waschbeckens Custom. Dieses attraktive wei\u00dfe Keramikwaschbecken kombiniert fortschrittliches Design und erstklassige Funktionalit\u00e4t, gefertigt aus langlebigem, hochwertigem Keramikmaterial mit einer polierten, gl\u00e4nzenden Oberfl\u00e4che, die leicht zu reinigen ist. Es ist ideal f\u00fcr Heim- und Hotelb\u00e4der, geeignet f\u00fcr Gro\u00dfeink\u00e4ufe.<\/p>\n<table style=\"border-collapse: collapse; width: 311.02pt;\" border=\"0\" width=\"311\" cellspacing=\"0\" cellpadding=\"0\">\n<tbody>\n<tr style=\"height: 17.60pt;\">\n<td class=\"et3\" style=\"height: 17.60pt; width: 108.35pt;\" width=\"108\" height=\"17\">Hersteller<\/td>\n<td class=\"et3\" style=\"width: 202.95pt;\" width=\"202\">HanYu<\/td>\n<\/tr>\n<tr style=\"height: 17.60pt;\">\n<td class=\"et3\" style=\"height: 17.60pt;\" height=\"17\">Modell Nr.<\/td>\n<td class=\"et4\">HY-8025H<\/td>\n<\/tr>\n<tr style=\"height: 17.60pt;\">\n<td class=\"et3\" style=\"height: 17.60pt;\" height=\"17\">Typ<\/td>\n<td class=\"et3\">CounterTop-Becken<\/td>\n<\/tr>\n<tr style=\"height: 17.60pt;\">\n<td class=\"et3\" style=\"height: 17.60pt;\" height=\"17\">Form<\/td>\n<td class=\"et3\">Rechteckige Form<\/td>\n<\/tr>\n<tr style=\"height: 17.60pt;\">\n<td class=\"et4\" style=\"height: 17.60pt;\" height=\"17\">Farbe<\/td>\n<td class=\"et3\">Wei\u00df<\/td>\n<\/tr>\n<tr style=\"height: 18.00pt;\">\n<td class=\"et3\" style=\"height: 18.00pt;\" height=\"18\">Dimension<\/td>\n<td class=\"et5\" style=\"width: 202.95pt;\" width=\"202\">38.5*38.5*13<\/td>\n<\/tr>\n<tr style=\"height: 17.60pt;\">\n<td class=\"et3\" style=\"height: 17.60pt;\" height=\"17\">N.W \/SET<\/td>\n<td class=\"et3\">11KGS\/PCS<\/td>\n<\/tr>\n<tr style=\"height: 17.60pt;\">\n<td class=\"et3\" style=\"height: 17.60pt;\" height=\"17\">MOQ<\/td>\n<td class=\"et3\">20St\u00fcck<\/td>\n<\/tr>\n<tr style=\"height: 17.60pt;\">\n<td class=\"et3\" style=\"height: 17.60pt;\" height=\"17\">Benutzerdefinierte Option<\/td>\n<td class=\"et3\">Farbe\/Muster\/Gr\u00f6\u00dfe\/Logo\/Verpackung<\/td>\n<\/tr>\n<\/tbody>\n<\/table>","protected":false},"featured_media":7210,"comment_status":"closed","ping_status":"closed","template":"","meta":{"_acf_changed":false},"product_brand":[],"product_cat":[50],"product_tag":[],"class_list":{"0":"post-7208","1":"product","2":"type-product","3":"status-publish","4":"has-post-thumbnail","6":"product_cat-wholesale-countertop-sinks","8":"first","9":"instock","10":"shipping-taxable","11":"product-type-simple"},"acf":[],"_links":{"self":[{"href":"https:\/\/www.ceramicbasin.com\/de\/wp-json\/wp\/v2\/product\/7208","targetHints":{"allow":["GET"]}}],"collection":[{"href":"https:\/\/www.ceramicbasin.com\/de\/wp-json\/wp\/v2\/product"}],"about":[{"href":"https:\/\/www.ceramicbasin.com\/de\/wp-json\/wp\/v2\/types\/product"}],"replies":[{"embeddable":true,"href":"https:\/\/www.ceramicbasin.com\/de\/wp-json\/wp\/v2\/comments?post=7208"}],"wp:featuredmedia":[{"embeddable":true,"href":"https:\/\/www.ceramicbasin.com\/de\/wp-json\/wp\/v2\/media\/7210"}],"wp:attachment":[{"href":"https:\/\/www.ceramicbasin.com\/de\/wp-json\/wp\/v2\/media?parent=7208"}],"wp:term":[{"taxonomy":"product_brand","embeddable":true,"href":"https:\/\/www.ceramicbasin.com\/de\/wp-json\/wp\/v2\/product_brand?post=7208"},{"taxonomy":"product_cat","embeddable":true,"href":"https:\/\/www.ceramicbasin.com\/de\/wp-json\/wp\/v2\/product_cat?post=7208"},{"taxonomy":"product_tag","embeddable":true,"href":"https:\/\/www.ceramicbasin.com\/de\/wp-json\/wp\/v2\/product_tag?post=7208"}],"curies":[{"name":"wp","href":"https:\/\/api.w.org\/{rel}","templated":true}]}}