{"id":7258,"date":"2025-07-25T01:20:56","date_gmt":"2025-07-25T01:20:56","guid":{"rendered":"https:\/\/www.ceramicbasin.com\/?post_type=product&#038;p=7258"},"modified":"2025-11-03T07:28:40","modified_gmt":"2025-11-03T07:28:40","slug":"porcelain-bathroom-basins-wholesale","status":"publish","type":"product","link":"https:\/\/www.ceramicbasin.com\/de\/produkt\/porcelain-bathroom-basins-wholesale\/","title":{"rendered":"Porzellan-Badewannen Gro\u00dfhandel mit Marmordruck"},"content":{"rendered":"<div class=\"wp-block-columns is-layout-flex wp-container-core-columns-is-layout-9d6595d7 wp-block-columns-is-layout-flex\">\n<div class=\"wp-block-column is-layout-flow wp-block-column-is-layout-flow\">\n<h2 class=\"wp-block-heading\">Premium-Porzellan-Badewannen Gro\u00dfhandel Merkmale:<\/h2>\n\n\n\n<ul class=\"wp-block-list\">\n<li><strong>Stilvolles Erscheinungsbild: <\/strong>Diese Porzellan-Badewannen Gro\u00dfhandel modernen und einfachen ovalen Design, geeignet f\u00fcr verschiedene Badstile, vor allem mit klassischen T\u00f6nen von Marmor Textur gepaart, das Hinzuf\u00fcgen Eleganz.<\/li>\n\n\n\n<li><strong>Realistisches Marmormuster:<\/strong>&nbsp;Diese Marmor Farbe Gro\u00dfhandel Bad Waschbecken Gef\u00e4\u00df Schalen verwenden fortschrittliche Wasser-Transfer-Technologie, um genau zu replizieren die nat\u00fcrliche Textur und Farbe des Marmors, bringt einen einzigartigen visuellen Charme, um das Becken.<\/li>\n\n\n\n<li><strong>Antifouling und leicht zu reinigen:\u00a0<\/strong>Diese Porzellan-Badewannen sind glatt und dicht auf der Oberfl\u00e4che. Daher ist es nicht leicht, viel Wasser oder Schmutz zu absorbieren, was auch der Grund ist, warum das Keramik-Waschbecken im t\u00e4glichen Gebrauch leicht zu reinigen ist. Normalerweise m\u00fcssen Sie nur sanft wischen mit gew\u00f6hnlichen Reinigungsmittel, um das Waschbecken sauber und hell zu halten, um Ihren Komfort im Einsatz zu erleichtern.<\/li>\n\n\n\n<li><strong>Farbenfroh:&nbsp;<\/strong>Die Marmorfarbe dieser Gro\u00dfhandel Badezimmer Waschbecken ist durch Wasser-Transferdruck auf einem gew\u00f6hnlichen hellen wei\u00dfen Becken, die sch\u00f6n und langlebig ist gemacht. Wir bieten mehr als 100 Farben und Muster zur Auswahl, und alle Waschbecken Gro\u00dfhandel Modelle k\u00f6nnen in Farbe und Textur angepasst werden.<\/li>\n<\/ul>\n<\/div>\n\n\n\n<div class=\"wp-block-column is-layout-flow wp-block-column-is-layout-flow\">\n<figure class=\"wp-block-image size-full\"><img fetchpriority=\"high\" decoding=\"async\" width=\"592\" height=\"798\" src=\"https:\/\/www.ceramicbasin.com\/wp-content\/uploads\/2025\/07\/Oval-shape-porcelain-sink-factorymarble-color-hand-washing-basin-5.webp\" alt=\"ovale-porzellan-badezimmer-waschbecken-gro\u00dfhandel-marmor-farbe-keramik-waschbecken-gro\u00dfhandel-5\" class=\"wp-image-7250\" srcset=\"https:\/\/www.ceramicbasin.com\/wp-content\/uploads\/2025\/07\/Oval-shape-porcelain-sink-factorymarble-color-hand-washing-basin-5.webp 592w, https:\/\/www.ceramicbasin.com\/wp-content\/uploads\/2025\/07\/Oval-shape-porcelain-sink-factorymarble-color-hand-washing-basin-5-223x300.webp 223w, https:\/\/www.ceramicbasin.com\/wp-content\/uploads\/2025\/07\/Oval-shape-porcelain-sink-factorymarble-color-hand-washing-basin-5-9x12.webp 9w, https:\/\/www.ceramicbasin.com\/wp-content\/uploads\/2025\/07\/Oval-shape-porcelain-sink-factorymarble-color-hand-washing-basin-5-285x384.webp 285w, https:\/\/www.ceramicbasin.com\/wp-content\/uploads\/2025\/07\/Oval-shape-porcelain-sink-factorymarble-color-hand-washing-basin-5-490x660.webp 490w, https:\/\/www.ceramicbasin.com\/wp-content\/uploads\/2025\/07\/Oval-shape-porcelain-sink-factorymarble-color-hand-washing-basin-5-111x150.webp 111w\" sizes=\"(max-width: 592px) 100vw, 592px\" \/><\/figure>\n<\/div>\n<\/div>\n\n\n\n<p><\/p>","protected":false},"excerpt":{"rendered":"<p>Willkommen zum Kauf Porzellan Bad Becken Gro\u00dfhandel. Die Marmor-Farbe Handwaschbecken Gro\u00dfhandel wird durch Wasser-Transfer-Druck, der Marmor Textur mit modernen und einfachen Design kombiniert, ist perfekt f\u00fcr verschiedene Bad-Umgebungen, die super Haltbarkeit und Mode Sinn, und ist eine ideale Wahl f\u00fcr Ihr Zuhause und kommerzielle Orte<\/p>\n<table style=\"border-collapse: collapse; width: 358.52pt;\" border=\"0\" width=\"478\" cellspacing=\"0\" cellpadding=\"0\">\n<tbody>\n<tr style=\"height: 17.25pt;\">\n<td class=\"et3\" style=\"height: 17.25pt; width: 125.00pt;\" width=\"166\" height=\"23\">Hersteller<\/td>\n<td class=\"et3\" style=\"width: 234.15pt;\" width=\"312\">HanYu<\/td>\n<\/tr>\n<tr style=\"height: 17.25pt;\">\n<td class=\"et3\" style=\"height: 17.25pt;\" height=\"23\">Modell Nr.<\/td>\n<td class=\"et4\">HY-5006D13<\/td>\n<\/tr>\n<tr style=\"height: 17.25pt;\">\n<td class=\"et3\" style=\"height: 17.25pt;\" height=\"23\">Typ<\/td>\n<td class=\"et5\" style=\"width: 234.15pt;\" width=\"312\">Marmorsp\u00fclen<\/td>\n<\/tr>\n<tr style=\"height: 18.00pt;\">\n<td class=\"et3\" style=\"height: 18.00pt;\" height=\"24\">Form<\/td>\n<td class=\"et3\">Ovale Form<\/td>\n<\/tr>\n<tr style=\"height: 34.50pt;\">\n<td class=\"et4\" style=\"height: 34.50pt;\" height=\"46\">Farbe<\/td>\n<td class=\"et5\" style=\"width: 234.15pt;\" width=\"312\">schwarz\/wei\u00df\/blau\/grau\/rosa\/gr\u00fcn\/braun\/khaki<\/td>\n<\/tr>\n<tr style=\"height: 18.00pt;\">\n<td class=\"et3\" style=\"height: 18.00pt;\" height=\"24\">Dimension<\/td>\n<td class=\"et5\" style=\"width: 234.15pt;\" width=\"312\">59*42*14<\/td>\n<\/tr>\n<tr style=\"height: 17.25pt;\">\n<td class=\"et3\" style=\"height: 17.25pt;\" height=\"23\">N.W \/SET<\/td>\n<td class=\"et3\">9KGS\/PCS<\/td>\n<\/tr>\n<tr style=\"height: 17.25pt;\">\n<td class=\"et3\" style=\"height: 17.25pt;\" height=\"23\">MOQ<\/td>\n<td class=\"et3\">20St\u00fcck<\/td>\n<\/tr>\n<tr style=\"height: 17.25pt;\">\n<td class=\"et3\" style=\"height: 17.25pt;\" height=\"23\">Benutzerdefinierte Option<\/td>\n<td class=\"et3\">Farbe\/Muster\/Gr\u00f6\u00dfe\/Logo\/Verpackung<\/td>\n<\/tr>\n<\/tbody>\n<\/table>","protected":false},"featured_media":7249,"comment_status":"closed","ping_status":"closed","template":"","meta":{"_acf_changed":false},"product_brand":[],"product_cat":[54,50],"product_tag":[],"class_list":{"0":"post-7258","1":"product","2":"type-product","3":"status-publish","4":"has-post-thumbnail","6":"product_cat-wholesale-marble-sinks","7":"product_cat-wholesale-countertop-sinks","9":"first","10":"instock","11":"shipping-taxable","12":"product-type-simple"},"acf":[],"_links":{"self":[{"href":"https:\/\/www.ceramicbasin.com\/de\/wp-json\/wp\/v2\/product\/7258","targetHints":{"allow":["GET"]}}],"collection":[{"href":"https:\/\/www.ceramicbasin.com\/de\/wp-json\/wp\/v2\/product"}],"about":[{"href":"https:\/\/www.ceramicbasin.com\/de\/wp-json\/wp\/v2\/types\/product"}],"replies":[{"embeddable":true,"href":"https:\/\/www.ceramicbasin.com\/de\/wp-json\/wp\/v2\/comments?post=7258"}],"wp:featuredmedia":[{"embeddable":true,"href":"https:\/\/www.ceramicbasin.com\/de\/wp-json\/wp\/v2\/media\/7249"}],"wp:attachment":[{"href":"https:\/\/www.ceramicbasin.com\/de\/wp-json\/wp\/v2\/media?parent=7258"}],"wp:term":[{"taxonomy":"product_brand","embeddable":true,"href":"https:\/\/www.ceramicbasin.com\/de\/wp-json\/wp\/v2\/product_brand?post=7258"},{"taxonomy":"product_cat","embeddable":true,"href":"https:\/\/www.ceramicbasin.com\/de\/wp-json\/wp\/v2\/product_cat?post=7258"},{"taxonomy":"product_tag","embeddable":true,"href":"https:\/\/www.ceramicbasin.com\/de\/wp-json\/wp\/v2\/product_tag?post=7258"}],"curies":[{"name":"wp","href":"https:\/\/api.w.org\/{rel}","templated":true}]}}