{"id":7259,"date":"2025-07-25T02:28:00","date_gmt":"2025-07-25T02:28:00","guid":{"rendered":"https:\/\/www.ceramicbasin.com\/?post_type=product&#038;p=7259"},"modified":"2025-07-25T02:28:53","modified_gmt":"2025-07-25T02:28:53","slug":"oval-bathroom-sink-wholesale","status":"publish","type":"product","link":"https:\/\/www.ceramicbasin.com\/de\/produkt\/oval-bathroom-sink-wholesale\/","title":{"rendered":"Ovales Bad Waschbecken Gro\u00dfhandel, benutzerdefinierte Waschbecken Gro\u00dfhandel"},"content":{"rendered":"<div class=\"wp-block-columns is-layout-flex wp-container-core-columns-is-layout-9d6595d7 wp-block-columns-is-layout-flex\">\n<div class=\"wp-block-column is-layout-flow wp-block-column-is-layout-flow\">\n<h2 class=\"wp-block-heading\">Premium Oval Badezimmer Waschbecken Gro\u00dfhandel Features:<\/h2>\n\n\n\n<ul class=\"wp-block-list\">\n<li><strong>Klassisches Marmormuster:<\/strong> Dieses ovale Waschbecken im Gro\u00dfhandel hat ein einzigartiges Marmordesign; jedes von ihnen ist ein Kunstwerk f\u00fcr sich und strahlt Luxus und nat\u00fcrliche Eleganz aus.<\/li>\n\n\n\n<li><strong>Mode und Komfort:<\/strong> Dieses Waschbecken Gro\u00dfhandel ist modisch oval im Stil, einfach und modern, kann perfekt mit verschiedenen Bad-Umgebungen gepaart werden, sowohl stilvoll und bequem.<\/li>\n\n\n\n<li><strong>Antifouling und langlebig:<\/strong> Dieses ovale Waschbecken ist aus hochwertigem keramischen Material, glatte Oberfl\u00e4che, Anti-Fouling und leicht zu reinigen, halten wie neu f\u00fcr eine lange Zeit.<\/li>\n\n\n\n<li><strong>Gleichm\u00e4\u00dfiger Wasserfluss:<\/strong> Das konkave Design des ma\u00dfgeschneiderten Waschbeckens ist exquisit, der Abfluss ist gleichm\u00e4\u00dfig, vermeidet Wasseransammlungen und verbessert die Benutzerfreundlichkeit.<\/li>\n<\/ul>\n<\/div>\n\n\n\n<div class=\"wp-block-column is-layout-flow wp-block-column-is-layout-flow\">\n<figure class=\"wp-block-image size-full\"><img fetchpriority=\"high\" decoding=\"async\" width=\"700\" height=\"950\" src=\"https:\/\/www.ceramicbasin.com\/wp-content\/uploads\/2025\/07\/Bathroom-ceramic-basin-suppliercustom-washbasin-wholesale-5_\u526f\u672c.jpg\" alt=\"ovales-badezimmer-waschbecken-gro\u00dfhandel-sonderanfertigung-waschbecken-gro\u00dfhandel-5\" class=\"wp-image-7260\" srcset=\"https:\/\/www.ceramicbasin.com\/wp-content\/uploads\/2025\/07\/Bathroom-ceramic-basin-suppliercustom-washbasin-wholesale-5_\u526f\u672c.jpg 700w, https:\/\/www.ceramicbasin.com\/wp-content\/uploads\/2025\/07\/Bathroom-ceramic-basin-suppliercustom-washbasin-wholesale-5_\u526f\u672c-221x300.jpg 221w, https:\/\/www.ceramicbasin.com\/wp-content\/uploads\/2025\/07\/Bathroom-ceramic-basin-suppliercustom-washbasin-wholesale-5_\u526f\u672c-9x12.jpg 9w, https:\/\/www.ceramicbasin.com\/wp-content\/uploads\/2025\/07\/Bathroom-ceramic-basin-suppliercustom-washbasin-wholesale-5_\u526f\u672c-285x387.jpg 285w, https:\/\/www.ceramicbasin.com\/wp-content\/uploads\/2025\/07\/Bathroom-ceramic-basin-suppliercustom-washbasin-wholesale-5_\u526f\u672c-486x660.jpg 486w, https:\/\/www.ceramicbasin.com\/wp-content\/uploads\/2025\/07\/Bathroom-ceramic-basin-suppliercustom-washbasin-wholesale-5_\u526f\u672c-111x150.jpg 111w\" sizes=\"(max-width: 700px) 100vw, 700px\" \/><\/figure>\n<\/div>\n<\/div>\n\n\n\n<p><\/p>","protected":false},"excerpt":{"rendered":"<p>Willkommen zum Kauf unserer ovalen Bad Waschbecken Gro\u00dfhandel. Dieses Keramikwaschbecken mit Marmorstruktur und seinem sch\u00f6nen ovalen Design ist die perfekte Verk\u00f6rperung des modernen und minimalistischen Stils. Der stromlinienf\u00f6rmige Rand und die nat\u00fcrliche Marmorstruktur verleihen dem Badezimmer einen Hauch von Natur und Eleganz. Es kann W\u00fcrde und das Gef\u00fchl von Stil zu Hause Badezimmer sowie Hotel Badezimmer bringen.<\/p>\n<table style=\"border-collapse: collapse; width: 358.52pt;\" border=\"0\" width=\"478\" cellspacing=\"0\" cellpadding=\"0\">\n<tbody>\n<tr style=\"height: 17.25pt;\">\n<td class=\"et3\" style=\"height: 17.25pt; width: 125.00pt;\" width=\"166\" height=\"23\">Hersteller<\/td>\n<td class=\"et3\" style=\"width: 234.15pt;\" width=\"312\">HanYu<\/td>\n<\/tr>\n<tr style=\"height: 17.25pt;\">\n<td class=\"et3\" style=\"height: 17.25pt;\" height=\"23\">Modell Nr.<\/td>\n<td class=\"et4\">HY-5061D62<\/td>\n<\/tr>\n<tr style=\"height: 17.25pt;\">\n<td class=\"et3\" style=\"height: 17.25pt;\" height=\"23\">Typ<\/td>\n<td class=\"et5\" style=\"width: 234.15pt;\" width=\"312\">Marmorsp\u00fclen<\/td>\n<\/tr>\n<tr style=\"height: 18.00pt;\">\n<td class=\"et3\" style=\"height: 18.00pt;\" height=\"24\">Form<\/td>\n<td class=\"et3\">Ovale Form<\/td>\n<\/tr>\n<tr style=\"height: 34.50pt;\">\n<td class=\"et4\" style=\"height: 34.50pt;\" height=\"46\">Farbe<\/td>\n<td class=\"et5\" style=\"width: 234.15pt;\" width=\"312\">schwarz\/wei\u00df\/blau\/grau\/rosa\/gr\u00fcn\/braun\/khaki<\/td>\n<\/tr>\n<tr style=\"height: 18.00pt;\">\n<td class=\"et3\" style=\"height: 18.00pt;\" height=\"24\">Dimension<\/td>\n<td class=\"et5\" style=\"width: 234.15pt;\" width=\"312\">59*41*17<\/td>\n<\/tr>\n<tr style=\"height: 17.25pt;\">\n<td class=\"et3\" style=\"height: 17.25pt;\" height=\"23\">N.W \/SET<\/td>\n<td class=\"et3\">8.5KGS\/PCS<\/td>\n<\/tr>\n<tr style=\"height: 17.25pt;\">\n<td class=\"et3\" style=\"height: 17.25pt;\" height=\"23\">MOQ<\/td>\n<td class=\"et3\">20St\u00fcck<\/td>\n<\/tr>\n<tr style=\"height: 17.25pt;\">\n<td class=\"et3\" style=\"height: 17.25pt;\" height=\"23\">Benutzerdefinierte Option<\/td>\n<td class=\"et3\">Farbe\/Muster\/Gr\u00f6\u00dfe\/Logo\/Verpackung<\/td>\n<\/tr>\n<\/tbody>\n<\/table>","protected":false},"featured_media":7244,"comment_status":"closed","ping_status":"closed","template":"","meta":{"_acf_changed":false},"product_brand":[],"product_cat":[54,50],"product_tag":[],"class_list":{"0":"post-7259","1":"product","2":"type-product","3":"status-publish","4":"has-post-thumbnail","6":"product_cat-wholesale-marble-sinks","7":"product_cat-wholesale-countertop-sinks","9":"first","10":"instock","11":"shipping-taxable","12":"product-type-simple"},"acf":[],"_links":{"self":[{"href":"https:\/\/www.ceramicbasin.com\/de\/wp-json\/wp\/v2\/product\/7259","targetHints":{"allow":["GET"]}}],"collection":[{"href":"https:\/\/www.ceramicbasin.com\/de\/wp-json\/wp\/v2\/product"}],"about":[{"href":"https:\/\/www.ceramicbasin.com\/de\/wp-json\/wp\/v2\/types\/product"}],"replies":[{"embeddable":true,"href":"https:\/\/www.ceramicbasin.com\/de\/wp-json\/wp\/v2\/comments?post=7259"}],"wp:featuredmedia":[{"embeddable":true,"href":"https:\/\/www.ceramicbasin.com\/de\/wp-json\/wp\/v2\/media\/7244"}],"wp:attachment":[{"href":"https:\/\/www.ceramicbasin.com\/de\/wp-json\/wp\/v2\/media?parent=7259"}],"wp:term":[{"taxonomy":"product_brand","embeddable":true,"href":"https:\/\/www.ceramicbasin.com\/de\/wp-json\/wp\/v2\/product_brand?post=7259"},{"taxonomy":"product_cat","embeddable":true,"href":"https:\/\/www.ceramicbasin.com\/de\/wp-json\/wp\/v2\/product_cat?post=7259"},{"taxonomy":"product_tag","embeddable":true,"href":"https:\/\/www.ceramicbasin.com\/de\/wp-json\/wp\/v2\/product_tag?post=7259"}],"curies":[{"name":"wp","href":"https:\/\/api.w.org\/{rel}","templated":true}]}}