{"id":7261,"date":"2025-07-25T06:06:54","date_gmt":"2025-07-25T06:06:54","guid":{"rendered":"https:\/\/www.ceramicbasin.com\/?post_type=product&#038;p=7261"},"modified":"2025-07-25T06:06:59","modified_gmt":"2025-07-25T06:06:59","slug":"custom-marble-color-basin","status":"publish","type":"product","link":"https:\/\/www.ceramicbasin.com\/de\/produkt\/custom-marble-color-basin\/","title":{"rendered":"Benutzerdefinierte Marmor Farbe Becken, gro\u00dfe Gr\u00f6\u00dfe keramische Waschbecken im Bad Gro\u00dfhandel"},"content":{"rendered":"<div class=\"wp-block-columns is-layout-flex wp-container-core-columns-is-layout-9d6595d7 wp-block-columns-is-layout-flex\">\n<div class=\"wp-block-column is-layout-flow wp-block-column-is-layout-flow\">\n<h2 class=\"wp-block-heading\">Premium Custom Marble Color Basin Merkmale:<\/h2>\n\n\n\n<ul class=\"wp-block-list\">\n<li><strong>Farbenfroh:<\/strong>\u00a0Die Marmorfarbe dieser keramischen Waschbecken Gro\u00dfhandel wird durch Wasser-Transferdruck auf der Grundlage eines gew\u00f6hnlichen hellen wei\u00dfen Becken, die sch\u00f6n und langlebig ist gemacht. Wir bieten mehr als 100 Farben und Muster zur Auswahl, und alle Waschbecken Gro\u00dfhandel Modelle k\u00f6nnen in Farbe und Textur angepasst werden.<\/li>\n\n\n\n<li><strong>\u00dcberlegene Langlebigkeit:\u00a0<\/strong>Unsere ma\u00dfgefertigten marmorfarbenen Waschbecken sind aus hochwertigem Keramikmaterial gefertigt, das sich durch hervorragende Kratzfestigkeit und Haltbarkeit auszeichnet. Es hat eine ausgezeichnete chemische Best\u00e4ndigkeit und kann mit jedem Reinigungsmittel gereinigt werden.<\/li>\n\n\n\n<li><strong>Einbau der Arbeitsplatte, einfache Installation:<\/strong>\u00a0Dieses benutzerdefinierte Waschbecken in Marmorfarbe hat eine Arbeitsplattenstruktur, die einfach zu installieren ist und sich f\u00fcr Arbeitsplatten aus verschiedenen Materialien eignet. Es eignet sich f\u00fcr eine breite Palette von Anwendungen in Hotels, Wohn-und kommerziellen Projekten.<\/li>\n\n\n\n<li><strong>Lieferung in gro\u00dfen Mengen, Unterst\u00fctzung bei der kundenspezifischen Anpassung und Zusammenarbeit mit OEM:\u00a0<\/strong>Wir bieten eine Vielzahl von Gr\u00f6\u00dfen und Texturen f\u00fcr Badezimmerwaschbecken im Gro\u00dfhandel an, unterst\u00fctzen die Massenanpassung von LOGO- und Verpackungsl\u00f6sungen und erf\u00fcllen die unterschiedlichen Bed\u00fcrfnisse von Markeninhabern und technischen Kunden.<\/li>\n<\/ul>\n<\/div>\n\n\n\n<div class=\"wp-block-column is-layout-flow wp-block-column-is-layout-flow\">\n<figure class=\"wp-block-image size-full\"><img fetchpriority=\"high\" decoding=\"async\" width=\"826\" height=\"1091\" src=\"https:\/\/www.ceramicbasin.com\/wp-content\/uploads\/2025\/07\/Big-size-ceramic-custom-color-basin-with-wholesale-price-1.webp\" alt=\"custom-marble-color-basin-big-size-keramic-bathroom-sinks-wholesale-1\" class=\"wp-image-7238\" srcset=\"https:\/\/www.ceramicbasin.com\/wp-content\/uploads\/2025\/07\/Big-size-ceramic-custom-color-basin-with-wholesale-price-1.webp 826w, https:\/\/www.ceramicbasin.com\/wp-content\/uploads\/2025\/07\/Big-size-ceramic-custom-color-basin-with-wholesale-price-1-227x300.webp 227w, https:\/\/www.ceramicbasin.com\/wp-content\/uploads\/2025\/07\/Big-size-ceramic-custom-color-basin-with-wholesale-price-1-768x1014.webp 768w, https:\/\/www.ceramicbasin.com\/wp-content\/uploads\/2025\/07\/Big-size-ceramic-custom-color-basin-with-wholesale-price-1-9x12.webp 9w, https:\/\/www.ceramicbasin.com\/wp-content\/uploads\/2025\/07\/Big-size-ceramic-custom-color-basin-with-wholesale-price-1-285x376.webp 285w, https:\/\/www.ceramicbasin.com\/wp-content\/uploads\/2025\/07\/Big-size-ceramic-custom-color-basin-with-wholesale-price-1-500x660.webp 500w, https:\/\/www.ceramicbasin.com\/wp-content\/uploads\/2025\/07\/Big-size-ceramic-custom-color-basin-with-wholesale-price-1-114x150.webp 114w\" sizes=\"(max-width: 826px) 100vw, 826px\" \/><\/figure>\n<\/div>\n<\/div>","protected":false},"excerpt":{"rendered":"<p>Willkommen in unserem benutzerdefinierten Marmor Farbe Becken zu kaufen. Dieses gro\u00dfformatige Gro\u00dfhandel Keramik Gef\u00e4\u00df Waschbecken nimmt eine Arbeitsplatte Struktur Design, und es ist einfach zu installieren. Das einzigartige Marmordesign verleiht dem Badezimmer ein attraktives Aussehen, und mit den modischen Armaturen ist es weitgehend geeignet f\u00fcr den gesamten Stil. Es eignet sich f\u00fcr eine breite Palette von Anwendungen in Hotels, Wohn-und kommerziellen Projekten.<\/p>\n<table style=\"border-collapse: collapse; width: 358.52pt;\" border=\"0\" width=\"478\" cellspacing=\"0\" cellpadding=\"0\">\n<tbody>\n<tr style=\"height: 17.25pt;\">\n<td class=\"et3\" style=\"height: 17.25pt; width: 125.00pt;\" width=\"166\" height=\"23\">Hersteller<\/td>\n<td class=\"et3\" style=\"width: 234.15pt;\" width=\"312\">HanYu<\/td>\n<\/tr>\n<tr style=\"height: 17.25pt;\">\n<td class=\"et3\" style=\"height: 17.25pt;\" height=\"23\">Modell Nr.<\/td>\n<td class=\"et4\">HY-5106D59<\/td>\n<\/tr>\n<tr style=\"height: 17.25pt;\">\n<td class=\"et3\" style=\"height: 17.25pt;\" height=\"23\">Typ<\/td>\n<td class=\"et5\" style=\"width: 234.15pt;\" width=\"312\">Marmorsp\u00fclen<\/td>\n<\/tr>\n<tr style=\"height: 18.00pt;\">\n<td class=\"et3\" style=\"height: 18.00pt;\" height=\"24\">Form<\/td>\n<td class=\"et3\">Rechteckige Form<\/td>\n<\/tr>\n<tr style=\"height: 34.50pt;\">\n<td class=\"et4\" style=\"height: 34.50pt;\" height=\"46\">Farbe<\/td>\n<td class=\"et5\" style=\"width: 234.15pt;\" width=\"312\">schwarz\/wei\u00df\/blau\/grau\/rosa\/gr\u00fcn\/braun\/khaki<\/td>\n<\/tr>\n<tr style=\"height: 18.00pt;\">\n<td class=\"et3\" style=\"height: 18.00pt;\" height=\"24\">Dimension<\/td>\n<td class=\"et5\" style=\"width: 234.15pt;\" width=\"312\">71.5*41*14.5<\/td>\n<\/tr>\n<tr style=\"height: 17.25pt;\">\n<td class=\"et3\" style=\"height: 17.25pt;\" height=\"23\">N.W \/SET<\/td>\n<td class=\"et3\">12KGS\/PCS<\/td>\n<\/tr>\n<tr style=\"height: 17.25pt;\">\n<td class=\"et3\" style=\"height: 17.25pt;\" height=\"23\">MOQ<\/td>\n<td class=\"et3\">20St\u00fcck<\/td>\n<\/tr>\n<tr style=\"height: 17.25pt;\">\n<td class=\"et3\" style=\"height: 17.25pt;\" height=\"23\">Benutzerdefinierte Option<\/td>\n<td class=\"et3\">Farbe\/Muster\/Gr\u00f6\u00dfe\/Logo\/Verpackung<\/td>\n<\/tr>\n<\/tbody>\n<\/table>","protected":false},"featured_media":7262,"comment_status":"closed","ping_status":"closed","template":"","meta":{"_acf_changed":false},"product_brand":[],"product_cat":[54,50],"product_tag":[],"class_list":{"0":"post-7261","1":"product","2":"type-product","3":"status-publish","4":"has-post-thumbnail","6":"product_cat-wholesale-marble-sinks","7":"product_cat-wholesale-countertop-sinks","9":"first","10":"instock","11":"shipping-taxable","12":"product-type-simple"},"acf":[],"_links":{"self":[{"href":"https:\/\/www.ceramicbasin.com\/de\/wp-json\/wp\/v2\/product\/7261","targetHints":{"allow":["GET"]}}],"collection":[{"href":"https:\/\/www.ceramicbasin.com\/de\/wp-json\/wp\/v2\/product"}],"about":[{"href":"https:\/\/www.ceramicbasin.com\/de\/wp-json\/wp\/v2\/types\/product"}],"replies":[{"embeddable":true,"href":"https:\/\/www.ceramicbasin.com\/de\/wp-json\/wp\/v2\/comments?post=7261"}],"wp:featuredmedia":[{"embeddable":true,"href":"https:\/\/www.ceramicbasin.com\/de\/wp-json\/wp\/v2\/media\/7262"}],"wp:attachment":[{"href":"https:\/\/www.ceramicbasin.com\/de\/wp-json\/wp\/v2\/media?parent=7261"}],"wp:term":[{"taxonomy":"product_brand","embeddable":true,"href":"https:\/\/www.ceramicbasin.com\/de\/wp-json\/wp\/v2\/product_brand?post=7261"},{"taxonomy":"product_cat","embeddable":true,"href":"https:\/\/www.ceramicbasin.com\/de\/wp-json\/wp\/v2\/product_cat?post=7261"},{"taxonomy":"product_tag","embeddable":true,"href":"https:\/\/www.ceramicbasin.com\/de\/wp-json\/wp\/v2\/product_tag?post=7261"}],"curies":[{"name":"wp","href":"https:\/\/api.w.org\/{rel}","templated":true}]}}