{"id":7263,"date":"2025-07-25T06:37:59","date_gmt":"2025-07-25T06:37:59","guid":{"rendered":"https:\/\/www.ceramicbasin.com\/?post_type=product&#038;p=7263"},"modified":"2025-11-03T07:26:46","modified_gmt":"2025-11-03T07:26:46","slug":"custom-ceramic-counter-top-basin","status":"publish","type":"product","link":"https:\/\/www.ceramicbasin.com\/de\/produkt\/custom-ceramic-counter-top-basin\/","title":{"rendered":"Individuelles Keramikbecken mit Marmormustern"},"content":{"rendered":"<div class=\"wp-block-columns is-layout-flex wp-container-core-columns-is-layout-9d6595d7 wp-block-columns-is-layout-flex\">\n<div class=\"wp-block-column is-layout-flow wp-block-column-is-layout-flow\">\n<h2 class=\"wp-block-heading\">Premium Custom Ceramic Counter Top Basin Feature:<\/h2>\n\n\n\n<ul class=\"wp-block-list\">\n<li><strong>Einzigartige Marmortextur: <\/strong>Die ma\u00dfgefertigte keramische Arbeitsplatte mit klassischer schwarzer Marmorstruktur sorgt f\u00fcr ein hochwertiges Gef\u00fchl und einen visuellen Eindruck, der sich perfekt in das moderne Baddesign einf\u00fcgt.<\/li>\n\n\n\n<li><strong>Hochwertiges keramisches Material: <\/strong>Das kundenspezifische Keramikbecken ist aus hochwertiger Keramik gefertigt, hat eine glatte Oberfl\u00e4che, eine lange Lebensdauer, eine ausgezeichnete Fleckenbest\u00e4ndigkeit und ist leicht zu reinigen.<\/li>\n\n\n\n<li><strong>Exquisites rechteckiges Design:<\/strong> Die Marmor Farbe Bad Waschbecken Gro\u00dfhandel stromlinienf\u00f6rmige rechteckige Aussehen ist einfach und gro\u00dfz\u00fcgig, und das konkave Design effektiv verbessert die Entw\u00e4sserung Geschwindigkeit und vermeidet Wasseransammlungen Probleme, geeignet f\u00fcr verschiedene Badezimmer Stile.<\/li>\n\n\n\n<li><strong>Multifunktionale Anwendung:<\/strong> Die Bad Waschbecken Gro\u00dfhandel eignen sich f\u00fcr Haus, Hotel, kommerzielle Toiletten und andere Orte, um verschiedene Platzbedarf zu erf\u00fcllen.<\/li>\n<\/ul>\n<\/div>\n\n\n\n<div class=\"wp-block-column is-layout-flow wp-block-column-is-layout-flow\">\n<figure class=\"wp-block-image size-full\"><img fetchpriority=\"high\" decoding=\"async\" width=\"733\" height=\"981\" src=\"https:\/\/www.ceramicbasin.com\/wp-content\/uploads\/2025\/07\/Customized-color-ceramic-basin-manufacturerhigh-quality-coiuntertop-sink-bowl-5.webp\" alt=\"ma\u00dfgefertigte-keramische-arbeitsplatte-becken-marmor-farbe-bad-waschbecken-grosshandel-5\" class=\"wp-image-7237\" srcset=\"https:\/\/www.ceramicbasin.com\/wp-content\/uploads\/2025\/07\/Customized-color-ceramic-basin-manufacturerhigh-quality-coiuntertop-sink-bowl-5.webp 733w, https:\/\/www.ceramicbasin.com\/wp-content\/uploads\/2025\/07\/Customized-color-ceramic-basin-manufacturerhigh-quality-coiuntertop-sink-bowl-5-224x300.webp 224w, https:\/\/www.ceramicbasin.com\/wp-content\/uploads\/2025\/07\/Customized-color-ceramic-basin-manufacturerhigh-quality-coiuntertop-sink-bowl-5-9x12.webp 9w, https:\/\/www.ceramicbasin.com\/wp-content\/uploads\/2025\/07\/Customized-color-ceramic-basin-manufacturerhigh-quality-coiuntertop-sink-bowl-5-285x381.webp 285w, https:\/\/www.ceramicbasin.com\/wp-content\/uploads\/2025\/07\/Customized-color-ceramic-basin-manufacturerhigh-quality-coiuntertop-sink-bowl-5-493x660.webp 493w, https:\/\/www.ceramicbasin.com\/wp-content\/uploads\/2025\/07\/Customized-color-ceramic-basin-manufacturerhigh-quality-coiuntertop-sink-bowl-5-112x150.webp 112w\" sizes=\"(max-width: 733px) 100vw, 733px\" \/><\/figure>\n<\/div>\n<\/div>\n\n\n\n<p><\/p>","protected":false},"excerpt":{"rendered":"<p>Willkommen zum Kauf unserer benutzerdefinierten Keramik-Arbeitsplatte Waschbecken. Dieses Keramikwaschbecken mit schwarzer Marmorstruktur hat ein elegantes und modernes rechteckiges Design und ist aus hochwertigem Keramikmaterial gefertigt, das sich ideal f\u00fcr jede gehobene Badumgebung eignet. Es ist schmutzabweisend und verf\u00fcgt \u00fcber eine effiziente Drainage, die es f\u00fcr den Einsatz in privaten und gewerblichen Waschbecken qualifiziert.<\/p>\n<table style=\"border-collapse: collapse; width: 358.52pt;\" border=\"0\" width=\"478\" cellspacing=\"0\" cellpadding=\"0\">\n<tbody>\n<tr style=\"height: 17.25pt;\">\n<td class=\"et3\" style=\"height: 17.25pt; width: 125.00pt;\" width=\"166\" height=\"23\">Hersteller<\/td>\n<td class=\"et3\" style=\"width: 234.15pt;\" width=\"312\">HanYu<\/td>\n<\/tr>\n<tr style=\"height: 17.25pt;\">\n<td class=\"et3\" style=\"height: 17.25pt;\" height=\"23\">Modell Nr.<\/td>\n<td class=\"et4\">HY-8064-65D91<\/td>\n<\/tr>\n<tr style=\"height: 17.25pt;\">\n<td class=\"et3\" style=\"height: 17.25pt;\" height=\"23\">Typ<\/td>\n<td class=\"et5\" style=\"width: 234.15pt;\" width=\"312\">Marmorsp\u00fclen<\/td>\n<\/tr>\n<tr style=\"height: 18.00pt;\">\n<td class=\"et3\" style=\"height: 18.00pt;\" height=\"24\">Form<\/td>\n<td class=\"et3\">Rectanglue Form<\/td>\n<\/tr>\n<tr style=\"height: 34.50pt;\">\n<td class=\"et4\" style=\"height: 34.50pt;\" height=\"46\">Farbe<\/td>\n<td class=\"et5\" style=\"width: 234.15pt;\" width=\"312\">schwarz\/wei\u00df\/blau\/grau\/rosa\/gr\u00fcn\/braun\/khaki<\/td>\n<\/tr>\n<tr style=\"height: 18.00pt;\">\n<td class=\"et3\" style=\"height: 18.00pt;\" height=\"24\">Dimension<\/td>\n<td class=\"et5\" style=\"width: 234.15pt;\" width=\"312\">65*38*11<\/td>\n<\/tr>\n<tr style=\"height: 17.25pt;\">\n<td class=\"et3\" style=\"height: 17.25pt;\" height=\"23\">N.W \/SET<\/td>\n<td class=\"et3\">10KGS\/PCS<\/td>\n<\/tr>\n<tr style=\"height: 17.25pt;\">\n<td class=\"et3\" style=\"height: 17.25pt;\" height=\"23\">MOQ<\/td>\n<td class=\"et3\">20St\u00fcck<\/td>\n<\/tr>\n<tr style=\"height: 17.25pt;\">\n<td class=\"et3\" style=\"height: 17.25pt;\" height=\"23\">Benutzerdefinierte Option<\/td>\n<td class=\"et3\">Farbe\/Muster\/Gr\u00f6\u00dfe\/Logo\/Verpackung<\/td>\n<\/tr>\n<\/tbody>\n<\/table>","protected":false},"featured_media":7236,"comment_status":"closed","ping_status":"closed","template":"","meta":{"_acf_changed":false},"product_brand":[],"product_cat":[54,50],"product_tag":[],"class_list":{"0":"post-7263","1":"product","2":"type-product","3":"status-publish","4":"has-post-thumbnail","6":"product_cat-wholesale-marble-sinks","7":"product_cat-wholesale-countertop-sinks","9":"first","10":"instock","11":"shipping-taxable","12":"product-type-simple"},"acf":[],"_links":{"self":[{"href":"https:\/\/www.ceramicbasin.com\/de\/wp-json\/wp\/v2\/product\/7263","targetHints":{"allow":["GET"]}}],"collection":[{"href":"https:\/\/www.ceramicbasin.com\/de\/wp-json\/wp\/v2\/product"}],"about":[{"href":"https:\/\/www.ceramicbasin.com\/de\/wp-json\/wp\/v2\/types\/product"}],"replies":[{"embeddable":true,"href":"https:\/\/www.ceramicbasin.com\/de\/wp-json\/wp\/v2\/comments?post=7263"}],"wp:featuredmedia":[{"embeddable":true,"href":"https:\/\/www.ceramicbasin.com\/de\/wp-json\/wp\/v2\/media\/7236"}],"wp:attachment":[{"href":"https:\/\/www.ceramicbasin.com\/de\/wp-json\/wp\/v2\/media?parent=7263"}],"wp:term":[{"taxonomy":"product_brand","embeddable":true,"href":"https:\/\/www.ceramicbasin.com\/de\/wp-json\/wp\/v2\/product_brand?post=7263"},{"taxonomy":"product_cat","embeddable":true,"href":"https:\/\/www.ceramicbasin.com\/de\/wp-json\/wp\/v2\/product_cat?post=7263"},{"taxonomy":"product_tag","embeddable":true,"href":"https:\/\/www.ceramicbasin.com\/de\/wp-json\/wp\/v2\/product_tag?post=7263"}],"curies":[{"name":"wp","href":"https:\/\/api.w.org\/{rel}","templated":true}]}}