{"id":7271,"date":"2025-07-23T08:39:25","date_gmt":"2025-07-23T08:39:25","guid":{"rendered":"https:\/\/www.ceramicbasin.com\/?post_type=product&#038;p=7271"},"modified":"2025-11-05T03:15:23","modified_gmt":"2025-11-05T03:15:23","slug":"wholesale-square-bowl-bathroom-sink","status":"publish","type":"product","link":"https:\/\/www.ceramicbasin.com\/de\/produkt\/wholesale-square-bowl-bathroom-sink\/","title":{"rendered":"Gro\u00dfhandel quadratische Sch\u00fcssel Badezimmer Waschbecken, Matte Keramik-Becken"},"content":{"rendered":"<div class=\"wp-block-columns is-layout-flex wp-container-core-columns-is-layout-9d6595d7 wp-block-columns-is-layout-flex\">\n<div class=\"wp-block-column is-layout-flow wp-block-column-is-layout-flow\">\n<h2 class=\"wp-block-heading\">Premium Gro\u00dfhandel quadratische Sch\u00fcssel Badezimmer Waschbecken Features:<\/h2>\n\n\n\n<ul class=\"wp-block-list\">\n<li><strong>Mattes dunkelgraues Design:<\/strong> Mit seinem modernen, dunkelgrauen Aussehen ist das quadratische Waschbecken aus dem Gro\u00dfhandel unaufdringlich und luxuri\u00f6s und l\u00e4sst sich perfekt in verschiedene Badezimmerdekorationsstile integrieren.<\/li>\n\n\n\n<li><strong>Einfache quadratische Form: <\/strong>Die schlichte quadratische Form der matten Gro\u00dfhandelsbecken ist mit ihren minimalistischen Linien und ihrem schlanken Aussehen sehr modern und passt zu vielen Badezimmerstilen, da sie dem Raum allgemeine Raffinesse und Klasse verleiht.<\/li>\n\n\n\n<li><strong>Hochwertiges keramisches Material:<\/strong> Der Gro\u00dfhandel quadratische Sch\u00fcssel Waschbecken ist von ausgew\u00e4hlten Top-Qualit\u00e4t Keramik, die eine glatte und ebene Oberfl\u00e4che hat und ist verschlei\u00dffest und schmutzabweisend gemacht. Es ist leicht zu reinigen und zu pflegen, mit einer langen Lebensdauer.<\/li>\n\n\n\n<li><strong>Effizientes Entw\u00e4sserungssystem:<\/strong> Das konkave Gro\u00dfhandelsdesign der matten Becken erm\u00f6glicht einen schnellen Wasserabfluss, um Wasseransammlungen zu vermeiden und Komfort und Bequemlichkeit zu gew\u00e4hrleisten.<\/li>\n<\/ul>\n<\/div>\n\n\n\n<div class=\"wp-block-column is-layout-flow wp-block-column-is-layout-flow\">\n<figure class=\"wp-block-image size-full\"><img fetchpriority=\"high\" decoding=\"async\" width=\"800\" height=\"800\" src=\"https:\/\/www.ceramicbasin.com\/wp-content\/uploads\/2025\/07\/bathroom-sink-wholesale\uff0ccustom-bath-vanity-top\uff0cporcelin-bathroom-sink6.webp\" alt=\"gro\u00dfhandel-viereckige-bad-waschbecken-modern-dunkel-grau-matt-waschtische-gro\u00dfhandel-6\" class=\"wp-image-7277\" srcset=\"https:\/\/www.ceramicbasin.com\/wp-content\/uploads\/2025\/07\/bathroom-sink-wholesale\uff0ccustom-bath-vanity-top\uff0cporcelin-bathroom-sink6.webp 800w, https:\/\/www.ceramicbasin.com\/wp-content\/uploads\/2025\/07\/bathroom-sink-wholesale\uff0ccustom-bath-vanity-top\uff0cporcelin-bathroom-sink6-300x300.webp 300w, https:\/\/www.ceramicbasin.com\/wp-content\/uploads\/2025\/07\/bathroom-sink-wholesale\uff0ccustom-bath-vanity-top\uff0cporcelin-bathroom-sink6-150x150.webp 150w, https:\/\/www.ceramicbasin.com\/wp-content\/uploads\/2025\/07\/bathroom-sink-wholesale\uff0ccustom-bath-vanity-top\uff0cporcelin-bathroom-sink6-768x768.webp 768w, https:\/\/www.ceramicbasin.com\/wp-content\/uploads\/2025\/07\/bathroom-sink-wholesale\uff0ccustom-bath-vanity-top\uff0cporcelin-bathroom-sink6-12x12.webp 12w, https:\/\/www.ceramicbasin.com\/wp-content\/uploads\/2025\/07\/bathroom-sink-wholesale\uff0ccustom-bath-vanity-top\uff0cporcelin-bathroom-sink6-285x285.webp 285w, https:\/\/www.ceramicbasin.com\/wp-content\/uploads\/2025\/07\/bathroom-sink-wholesale\uff0ccustom-bath-vanity-top\uff0cporcelin-bathroom-sink6-270x270.webp 270w, https:\/\/www.ceramicbasin.com\/wp-content\/uploads\/2025\/07\/bathroom-sink-wholesale\uff0ccustom-bath-vanity-top\uff0cporcelin-bathroom-sink6-540x540.webp 540w, https:\/\/www.ceramicbasin.com\/wp-content\/uploads\/2025\/07\/bathroom-sink-wholesale\uff0ccustom-bath-vanity-top\uff0cporcelin-bathroom-sink6-660x660.webp 660w\" sizes=\"(max-width: 800px) 100vw, 800px\" \/><\/figure>\n<\/div>\n<\/div>","protected":false},"excerpt":{"rendered":"<div class=\"highlights-border-container\" data-v-df95d256=\"\"><span class=\"highlights\" data-v-df95d256=\"\">Willkommen zum Kauf unserer matten Waschbecken im Gro\u00dfhandel. Diese matte dunkelgrau Gro\u00dfhandel quadratische Sch\u00fcssel Waschbecken, mit seiner einfachen und modernen quadratischen Design und hochwertige Keramik-Material, zeigt die ultimative Funktionalit\u00e4t und \u00c4sthetik. Die matte Oberfl\u00e4che ist nicht nur optisch moderner, so dass es eine ideale Wahl f\u00fcr private und gewerbliche Orte. <\/span><\/div>\n<div class=\"text-stats\" data-v-df95d256=\"\">\u00a0<\/div>\n<table style=\"border-collapse: collapse; width: 311.02pt;\" border=\"0\" width=\"311\" cellspacing=\"0\" cellpadding=\"0\">\n<tbody>\n<tr style=\"height: 17.60pt;\">\n<td class=\"et3\" style=\"height: 17.60pt; width: 108.35pt;\" width=\"108\" height=\"17\">Hersteller<\/td>\n<td class=\"et3\" style=\"width: 202.95pt;\" width=\"202\">HanYu<\/td>\n<\/tr>\n<tr style=\"height: 17.60pt;\">\n<td class=\"et3\" style=\"height: 17.60pt;\" height=\"17\">Modell Nr.<\/td>\n<td class=\"et4\">HY-8012AMH<\/td>\n<\/tr>\n<tr style=\"height: 18.00pt;\">\n<td class=\"et3\" style=\"height: 18.00pt;\" height=\"18\">Typ<\/td>\n<td class=\"et5\" style=\"width: 202.95pt;\" width=\"202\">Mattes Waschbecken, Aufsatzbecken<\/td>\n<\/tr>\n<tr style=\"height: 17.60pt;\">\n<td class=\"et3\" style=\"height: 17.60pt;\" height=\"17\">Form<\/td>\n<td class=\"et3\">Rechteckige Form<\/td>\n<\/tr>\n<tr style=\"height: 36.00pt;\">\n<td class=\"et4\" style=\"height: 36.00pt;\" height=\"36\">Farbe<\/td>\n<td class=\"et5\" style=\"width: 202.95pt;\" width=\"202\">Schwarz\/Wei\u00df\/Blau\/Grau\/Rosa\/Gr\u00fcn\/Braun\/Khaki......<\/td>\n<\/tr>\n<tr style=\"height: 18.00pt;\">\n<td class=\"et3\" style=\"height: 18.00pt;\" height=\"18\">Dimension<\/td>\n<td class=\"et5\" style=\"width: 202.95pt;\" width=\"202\">37*37*13<\/td>\n<\/tr>\n<tr style=\"height: 17.60pt;\">\n<td class=\"et3\" style=\"height: 17.60pt;\" height=\"17\">N.W \/SET<\/td>\n<td class=\"et3\">9KGS\/PCS<\/td>\n<\/tr>\n<tr style=\"height: 17.60pt;\">\n<td class=\"et3\" style=\"height: 17.60pt;\" height=\"17\">MOQ<\/td>\n<td class=\"et3\">20St\u00fcck<\/td>\n<\/tr>\n<tr style=\"height: 17.60pt;\">\n<td class=\"et3\" style=\"height: 17.60pt;\" height=\"17\">Benutzerdefinierte Option<\/td>\n<td class=\"et3\">Farbe\/Muster\/Gr\u00f6\u00dfe\/Logo\/Verpackung<\/td>\n<\/tr>\n<\/tbody>\n<\/table>","protected":false},"featured_media":7274,"comment_status":"closed","ping_status":"closed","template":"","meta":{"_acf_changed":false},"product_brand":[],"product_cat":[55,50],"product_tag":[],"class_list":{"0":"post-7271","1":"product","2":"type-product","3":"status-publish","4":"has-post-thumbnail","6":"product_cat-wholesale-matte-sinks","7":"product_cat-wholesale-countertop-sinks","9":"first","10":"instock","11":"shipping-taxable","12":"product-type-simple"},"acf":[],"_links":{"self":[{"href":"https:\/\/www.ceramicbasin.com\/de\/wp-json\/wp\/v2\/product\/7271","targetHints":{"allow":["GET"]}}],"collection":[{"href":"https:\/\/www.ceramicbasin.com\/de\/wp-json\/wp\/v2\/product"}],"about":[{"href":"https:\/\/www.ceramicbasin.com\/de\/wp-json\/wp\/v2\/types\/product"}],"replies":[{"embeddable":true,"href":"https:\/\/www.ceramicbasin.com\/de\/wp-json\/wp\/v2\/comments?post=7271"}],"wp:featuredmedia":[{"embeddable":true,"href":"https:\/\/www.ceramicbasin.com\/de\/wp-json\/wp\/v2\/media\/7274"}],"wp:attachment":[{"href":"https:\/\/www.ceramicbasin.com\/de\/wp-json\/wp\/v2\/media?parent=7271"}],"wp:term":[{"taxonomy":"product_brand","embeddable":true,"href":"https:\/\/www.ceramicbasin.com\/de\/wp-json\/wp\/v2\/product_brand?post=7271"},{"taxonomy":"product_cat","embeddable":true,"href":"https:\/\/www.ceramicbasin.com\/de\/wp-json\/wp\/v2\/product_cat?post=7271"},{"taxonomy":"product_tag","embeddable":true,"href":"https:\/\/www.ceramicbasin.com\/de\/wp-json\/wp\/v2\/product_tag?post=7271"}],"curies":[{"name":"wp","href":"https:\/\/api.w.org\/{rel}","templated":true}]}}