{"id":7278,"date":"2025-07-23T08:55:11","date_gmt":"2025-07-23T08:55:11","guid":{"rendered":"https:\/\/www.ceramicbasin.com\/?post_type=product&#038;p=7278"},"modified":"2025-11-03T07:33:49","modified_gmt":"2025-11-03T07:33:49","slug":"wholesale-modern-bathroom-bowl-sink","status":"publish","type":"product","link":"https:\/\/www.ceramicbasin.com\/de\/produkt\/wholesale-modern-bathroom-bowl-sink\/","title":{"rendered":"Gro\u00dfhandel Moderne Bad Sch\u00fcssel Waschbecken, Luxus Schwarz Becken"},"content":{"rendered":"<div class=\"wp-block-columns is-layout-flex wp-container-core-columns-is-layout-9d6595d7 wp-block-columns-is-layout-flex\">\n<div class=\"wp-block-column is-layout-flow wp-block-column-is-layout-flow\">\n<h2 class=\"wp-block-heading\">Premium-Gro\u00dfhandel moderne Bad Sch\u00fcssel Waschbecken Features:<\/h2>\n\n\n\n<ul class=\"wp-block-list\">\n<li><strong>Oben montierte Ausf\u00fchrung:<\/strong> Die einzigartige, von oben montierte Methode des modernen Waschbeckens im Gro\u00dfhandel ist stabil und zuverl\u00e4ssig, was nicht nur Platz spart, sondern auch dem Badezimmer ein modernes Gef\u00fchl verleiht und sich an verschiedene Einrichtungsstile anpasst.<\/li>\n\n\n\n<li><strong>Durchdachte Details:<\/strong> Die Kanten des modernen Waschbeckens im Gro\u00dfhandel k\u00f6nnen abgerundet sein, um St\u00f6\u00dfe und Verletzungen bei der Benutzung zu vermeiden und gleichzeitig die \u00c4sthetik des Produkts zu verbessern.<\/li>\n\n\n\n<li><strong>Zarte, matte Glasur:<\/strong> Die zarte schwarze, matte Glasurschicht liegt auf diesem Keramikbecken aus dem Gro\u00dfhandel,<strong> <\/strong>nicht nur die optische Wirkung unserer Gro\u00dfhandelssp\u00fcle, sondern auch die Oberfl\u00e4che, die leichter zu reinigen und einfach zu pflegen ist.<\/li>\n\n\n\n<li><strong>Ausgezeichnete Leistung: <\/strong>Wir verwenden f\u00fcr unsere Porzellanwaschbecken im Gro\u00dfhandel hochwertige keramische Materialien, so dass die Waschbecken eine ausgezeichnete Haltbarkeit und Kratzfestigkeit aufweisen und auch nach langem Gebrauch in einem guten Zustand bleiben k\u00f6nnen.<\/li>\n<\/ul>\n<\/div>\n\n\n\n<div class=\"wp-block-column is-layout-flow wp-block-column-is-layout-flow\">\n<figure class=\"wp-block-image size-full\"><img fetchpriority=\"high\" decoding=\"async\" width=\"800\" height=\"800\" src=\"https:\/\/www.ceramicbasin.com\/wp-content\/uploads\/2025\/07\/european-style-wholesale-modern-bathroom-bowl-sink-ceramic-countertop-sink-wholesale-5.webp\" alt=\"european-style-wholesale-modernes-badezimmer-becken-keramiksp\u00fcle-wholesale-5\" class=\"wp-image-7325\" srcset=\"https:\/\/www.ceramicbasin.com\/wp-content\/uploads\/2025\/07\/european-style-wholesale-modern-bathroom-bowl-sink-ceramic-countertop-sink-wholesale-5.webp 800w, https:\/\/www.ceramicbasin.com\/wp-content\/uploads\/2025\/07\/european-style-wholesale-modern-bathroom-bowl-sink-ceramic-countertop-sink-wholesale-5-300x300.webp 300w, https:\/\/www.ceramicbasin.com\/wp-content\/uploads\/2025\/07\/european-style-wholesale-modern-bathroom-bowl-sink-ceramic-countertop-sink-wholesale-5-150x150.webp 150w, https:\/\/www.ceramicbasin.com\/wp-content\/uploads\/2025\/07\/european-style-wholesale-modern-bathroom-bowl-sink-ceramic-countertop-sink-wholesale-5-768x768.webp 768w, https:\/\/www.ceramicbasin.com\/wp-content\/uploads\/2025\/07\/european-style-wholesale-modern-bathroom-bowl-sink-ceramic-countertop-sink-wholesale-5-12x12.webp 12w, https:\/\/www.ceramicbasin.com\/wp-content\/uploads\/2025\/07\/european-style-wholesale-modern-bathroom-bowl-sink-ceramic-countertop-sink-wholesale-5-285x285.webp 285w, https:\/\/www.ceramicbasin.com\/wp-content\/uploads\/2025\/07\/european-style-wholesale-modern-bathroom-bowl-sink-ceramic-countertop-sink-wholesale-5-270x270.webp 270w, https:\/\/www.ceramicbasin.com\/wp-content\/uploads\/2025\/07\/european-style-wholesale-modern-bathroom-bowl-sink-ceramic-countertop-sink-wholesale-5-540x540.webp 540w, https:\/\/www.ceramicbasin.com\/wp-content\/uploads\/2025\/07\/european-style-wholesale-modern-bathroom-bowl-sink-ceramic-countertop-sink-wholesale-5-660x660.webp 660w\" sizes=\"(max-width: 800px) 100vw, 800px\" \/><\/figure>\n<\/div>\n<\/div>","protected":false},"excerpt":{"rendered":"<p>Willkommen in unserem Gro\u00dfhandel modernen Bad Sch\u00fcssel Waschbecken zu kaufen. Das klassische schwarze, quadratische Waschbecken ist glatt und leicht zu reinigen. Seine einfache Form eignet sich f\u00fcr verschiedene Dekorationen und ist einfach zu installieren. Es schafft eine modische und k\u00fcnstlerische Atmosph\u00e4re f\u00fcr das Badezimmer und ist eine praktische Wahl, um den Stil des Badezimmers zu verbessern.<\/p>\n<table style=\"border-collapse: collapse; width: 311.02pt;\" border=\"0\" width=\"311\" cellspacing=\"0\" cellpadding=\"0\">\n<tbody>\n<tr style=\"height: 17.60pt;\">\n<td class=\"et3\" style=\"height: 17.60pt; width: 108.35pt;\" width=\"108\" height=\"17\">Hersteller<\/td>\n<td class=\"et3\" style=\"width: 202.95pt;\" width=\"202\">HanYu<\/td>\n<\/tr>\n<tr style=\"height: 17.60pt;\">\n<td class=\"et3\" style=\"height: 17.60pt;\" height=\"17\">Modell Nr.<\/td>\n<td class=\"et4\">HY8018AMB<\/td>\n<\/tr>\n<tr style=\"height: 18.00pt;\">\n<td class=\"et3\" style=\"height: 18.00pt;\" height=\"18\">Typ<\/td>\n<td class=\"et5\" style=\"width: 202.95pt;\" width=\"202\">Mattes Waschbecken, Aufsatzbecken<\/td>\n<\/tr>\n<tr style=\"height: 17.60pt;\">\n<td class=\"et3\" style=\"height: 17.60pt;\" height=\"17\">Form<\/td>\n<td class=\"et3\">Rechteckige Form<\/td>\n<\/tr>\n<tr style=\"height: 36.00pt;\">\n<td class=\"et4\" style=\"height: 36.00pt;\" height=\"36\">Farbe<\/td>\n<td class=\"et5\" style=\"width: 202.95pt;\" width=\"202\">Schwarz\/Wei\u00df\/Blau\/Grau\/Rosa\/Gr\u00fcn\/Braun\/Khaki......<\/td>\n<\/tr>\n<tr style=\"height: 18.00pt;\">\n<td class=\"et3\" style=\"height: 18.00pt;\" height=\"18\">Dimension<\/td>\n<td class=\"et5\" style=\"width: 202.95pt;\" width=\"202\">46*32*13.5<\/td>\n<\/tr>\n<tr style=\"height: 17.60pt;\">\n<td class=\"et3\" style=\"height: 17.60pt;\" height=\"17\">N.W \/SET<\/td>\n<td class=\"et3\">8.5KGS\/PCS<\/td>\n<\/tr>\n<tr style=\"height: 17.60pt;\">\n<td class=\"et3\" style=\"height: 17.60pt;\" height=\"17\">MOQ<\/td>\n<td class=\"et3\">20St\u00fcck<\/td>\n<\/tr>\n<tr style=\"height: 17.60pt;\">\n<td class=\"et3\" style=\"height: 17.60pt;\" height=\"17\">Benutzerdefinierte Option<\/td>\n<td class=\"et3\">Farbe\/Muster\/Gr\u00f6\u00dfe\/Logo\/Verpackung<\/td>\n<\/tr>\n<\/tbody>\n<\/table>","protected":false},"featured_media":7322,"comment_status":"closed","ping_status":"closed","template":"","meta":{"_acf_changed":false},"product_brand":[],"product_cat":[55,50],"product_tag":[],"class_list":{"0":"post-7278","1":"product","2":"type-product","3":"status-publish","4":"has-post-thumbnail","6":"product_cat-wholesale-matte-sinks","7":"product_cat-wholesale-countertop-sinks","9":"first","10":"instock","11":"shipping-taxable","12":"product-type-simple"},"acf":[],"_links":{"self":[{"href":"https:\/\/www.ceramicbasin.com\/de\/wp-json\/wp\/v2\/product\/7278","targetHints":{"allow":["GET"]}}],"collection":[{"href":"https:\/\/www.ceramicbasin.com\/de\/wp-json\/wp\/v2\/product"}],"about":[{"href":"https:\/\/www.ceramicbasin.com\/de\/wp-json\/wp\/v2\/types\/product"}],"replies":[{"embeddable":true,"href":"https:\/\/www.ceramicbasin.com\/de\/wp-json\/wp\/v2\/comments?post=7278"}],"wp:featuredmedia":[{"embeddable":true,"href":"https:\/\/www.ceramicbasin.com\/de\/wp-json\/wp\/v2\/media\/7322"}],"wp:attachment":[{"href":"https:\/\/www.ceramicbasin.com\/de\/wp-json\/wp\/v2\/media?parent=7278"}],"wp:term":[{"taxonomy":"product_brand","embeddable":true,"href":"https:\/\/www.ceramicbasin.com\/de\/wp-json\/wp\/v2\/product_brand?post=7278"},{"taxonomy":"product_cat","embeddable":true,"href":"https:\/\/www.ceramicbasin.com\/de\/wp-json\/wp\/v2\/product_cat?post=7278"},{"taxonomy":"product_tag","embeddable":true,"href":"https:\/\/www.ceramicbasin.com\/de\/wp-json\/wp\/v2\/product_tag?post=7278"}],"curies":[{"name":"wp","href":"https:\/\/api.w.org\/{rel}","templated":true}]}}