{"id":7293,"date":"2025-07-23T09:46:04","date_gmt":"2025-07-23T09:46:04","guid":{"rendered":"https:\/\/www.ceramicbasin.com\/?post_type=product&#038;p=7293"},"modified":"2025-11-03T07:30:43","modified_gmt":"2025-11-03T07:30:43","slug":"custom-bathroom-sink-bowls","status":"publish","type":"product","link":"https:\/\/www.ceramicbasin.com\/de\/produkt\/custom-bathroom-sink-bowls\/","title":{"rendered":"Benutzerdefinierte Badezimmer Waschbecken Schalen, matt schwarz Becken Gro\u00dfhandel"},"content":{"rendered":"<div class=\"wp-block-columns is-layout-flex wp-container-core-columns-is-layout-9d6595d7 wp-block-columns-is-layout-flex\">\n<div class=\"wp-block-column is-layout-flow wp-block-column-is-layout-flow\">\n<h2 class=\"wp-block-heading\">Premium Custom Bathroom Sink Bowls Merkmale<\/h2>\n\n\n\n<ul class=\"wp-block-list\">\n<li><strong>Hochwertiges keramisches Material:<\/strong> Der Gro\u00dfhandel Arbeitsplatte Waschbecken ist aus hochwertiger Keramik, die nicht leicht verschmutzt werden und ist langlebig f\u00fcr eine lange Zeit verwenden, ohne seine Farbe zu verlieren, und ist einfach zu reinigen.<\/li>\n\n\n\n<li><strong>Modedesign:<\/strong> Unsere ma\u00dfgefertigten Waschbecken haben ein modernes und modisches Design mit glatten Linien, eignen sich f\u00fcr verschiedene Badezimmergrundrisse und verbessern die allgemeine Sch\u00f6nheit und Qualit\u00e4t des Raums.<\/li>\n\n\n\n<li><strong>Gro\u00dfes Fassungsverm\u00f6gen:<\/strong> Diese ma\u00dfgefertigten Waschbecken f\u00fcr Badezimmer bieten einen gr\u00f6\u00dferen Waschraum. Die Tiefe des Beckens ist wissenschaftlich konzipiert und eignet sich sowohl f\u00fcr den privaten als auch f\u00fcr den kommerziellen Gebrauch und verhindert effektiv das Verspritzen von Wasser.<\/li>\n\n\n\n<li><strong>Ma\u00dfgeschneiderter High-End-Service:\u00a0<\/strong>Geben Sie benutzerdefinierte Keramik Gef\u00e4\u00df Waschbecken Gro\u00dfhandel Service, um sicherzustellen, dass jedes Bad Waschbecken entspricht Ihrem Bad Design und schafft einen exklusiven Stil.<\/li>\n<\/ul>\n<\/div>\n\n\n\n<div class=\"wp-block-column is-layout-flow wp-block-column-is-layout-flow\">\n<figure class=\"wp-block-image size-full\"><img fetchpriority=\"high\" decoding=\"async\" width=\"800\" height=\"800\" src=\"https:\/\/www.ceramicbasin.com\/wp-content\/uploads\/2025\/07\/sink-matte-finish\uff0cmatte-black-bathroom-sink\uff0cbathroom-sink-in-countertop5.webp\" alt=\"schwarzes-badezimmer-waschbecken-gro\u00dfes-keramik-becken-gro\u00dfhandel-5\" class=\"wp-image-7298\" srcset=\"https:\/\/www.ceramicbasin.com\/wp-content\/uploads\/2025\/07\/sink-matte-finish\uff0cmatte-black-bathroom-sink\uff0cbathroom-sink-in-countertop5.webp 800w, https:\/\/www.ceramicbasin.com\/wp-content\/uploads\/2025\/07\/sink-matte-finish\uff0cmatte-black-bathroom-sink\uff0cbathroom-sink-in-countertop5-300x300.webp 300w, https:\/\/www.ceramicbasin.com\/wp-content\/uploads\/2025\/07\/sink-matte-finish\uff0cmatte-black-bathroom-sink\uff0cbathroom-sink-in-countertop5-150x150.webp 150w, https:\/\/www.ceramicbasin.com\/wp-content\/uploads\/2025\/07\/sink-matte-finish\uff0cmatte-black-bathroom-sink\uff0cbathroom-sink-in-countertop5-768x768.webp 768w, https:\/\/www.ceramicbasin.com\/wp-content\/uploads\/2025\/07\/sink-matte-finish\uff0cmatte-black-bathroom-sink\uff0cbathroom-sink-in-countertop5-12x12.webp 12w, https:\/\/www.ceramicbasin.com\/wp-content\/uploads\/2025\/07\/sink-matte-finish\uff0cmatte-black-bathroom-sink\uff0cbathroom-sink-in-countertop5-285x285.webp 285w, https:\/\/www.ceramicbasin.com\/wp-content\/uploads\/2025\/07\/sink-matte-finish\uff0cmatte-black-bathroom-sink\uff0cbathroom-sink-in-countertop5-270x270.webp 270w, https:\/\/www.ceramicbasin.com\/wp-content\/uploads\/2025\/07\/sink-matte-finish\uff0cmatte-black-bathroom-sink\uff0cbathroom-sink-in-countertop5-540x540.webp 540w, https:\/\/www.ceramicbasin.com\/wp-content\/uploads\/2025\/07\/sink-matte-finish\uff0cmatte-black-bathroom-sink\uff0cbathroom-sink-in-countertop5-660x660.webp 660w\" sizes=\"(max-width: 800px) 100vw, 800px\" \/><\/figure>\n<\/div>\n<\/div>\n\n\n\n<p><\/p>","protected":false},"excerpt":{"rendered":"<div class=\"highlights-border-container\" data-v-df95d256=\"\"><span class=\"highlights\" data-v-df95d256=\"\">Willkommen in unserem benutzerdefinierten Bad Waschbecken Schalen zu kaufen. Hanyu Fabrik Direktverkauf von schwarzen benutzerdefinierten Keramik Bad Arbeitsplatte Becken ist aus hochwertigem keramischem Material, langlebig und leicht zu reinigen. Geeignet f\u00fcr private und gewerbliche Nutzung, unterst\u00fctzt kundenspezifisches Design, und bietet Gro\u00dfhandel Vorzugspreise.<\/span><\/div>\n<div class=\"text-stats\" data-v-df95d256=\"\">\u00a0<\/div>\n<table style=\"border-collapse: collapse; width: 311.02pt;\" border=\"0\" width=\"311\" cellspacing=\"0\" cellpadding=\"0\">\n<tbody>\n<tr style=\"height: 17.60pt;\">\n<td class=\"et3\" style=\"height: 17.60pt; width: 108.35pt;\" width=\"108\" height=\"17\">Hersteller<\/td>\n<td class=\"et3\" style=\"width: 202.95pt;\" width=\"202\">HanYu<\/td>\n<\/tr>\n<tr style=\"height: 17.60pt;\">\n<td class=\"et3\" style=\"height: 17.60pt;\" height=\"17\">Modell Nr.<\/td>\n<td class=\"et4\">HY8058MB<\/td>\n<\/tr>\n<tr style=\"height: 36.00pt;\">\n<td class=\"et3\" style=\"height: 36.00pt;\" height=\"36\">Typ<\/td>\n<td class=\"et5\" style=\"width: 202.95pt;\" width=\"202\">\u00a0Mattes Waschbecken, Aufsatzbecken<\/td>\n<\/tr>\n<tr style=\"height: 17.60pt;\">\n<td class=\"et3\" style=\"height: 17.60pt;\" height=\"17\">Form<\/td>\n<td class=\"et3\">Ovale Form<\/td>\n<\/tr>\n<tr style=\"height: 18.00pt;\">\n<td class=\"et4\" style=\"height: 18.00pt;\" height=\"18\">Farbe<\/td>\n<td class=\"et5\" style=\"width: 202.95pt;\" width=\"202\">Mattschwarz<\/td>\n<\/tr>\n<tr style=\"height: 18.00pt;\">\n<td class=\"et3\" style=\"height: 18.00pt;\" height=\"18\">Dimension<\/td>\n<td class=\"et5\" style=\"width: 202.95pt;\" width=\"202\">80.5*40.5*13.5<\/td>\n<\/tr>\n<tr style=\"height: 17.60pt;\">\n<td class=\"et3\" style=\"height: 17.60pt;\" height=\"17\">N.W \/SET<\/td>\n<td class=\"et3\">20KGS\/PCS<\/td>\n<\/tr>\n<tr style=\"height: 17.60pt;\">\n<td class=\"et3\" style=\"height: 17.60pt;\" height=\"17\">MOQ<\/td>\n<td class=\"et3\">20St\u00fcck<\/td>\n<\/tr>\n<tr style=\"height: 17.60pt;\">\n<td class=\"et3\" style=\"height: 17.60pt;\" height=\"17\">Benutzerdefinierte Option<\/td>\n<td class=\"et3\">Farbe\/Muster\/Gr\u00f6\u00dfe\/Logo\/Verpackung<\/td>\n<\/tr>\n<\/tbody>\n<\/table>","protected":false},"featured_media":7297,"comment_status":"closed","ping_status":"closed","template":"","meta":{"_acf_changed":false},"product_brand":[],"product_cat":[50,55],"product_tag":[],"class_list":{"0":"post-7293","1":"product","2":"type-product","3":"status-publish","4":"has-post-thumbnail","6":"product_cat-wholesale-countertop-sinks","7":"product_cat-wholesale-matte-sinks","9":"first","10":"instock","11":"shipping-taxable","12":"product-type-simple"},"acf":[],"_links":{"self":[{"href":"https:\/\/www.ceramicbasin.com\/de\/wp-json\/wp\/v2\/product\/7293","targetHints":{"allow":["GET"]}}],"collection":[{"href":"https:\/\/www.ceramicbasin.com\/de\/wp-json\/wp\/v2\/product"}],"about":[{"href":"https:\/\/www.ceramicbasin.com\/de\/wp-json\/wp\/v2\/types\/product"}],"replies":[{"embeddable":true,"href":"https:\/\/www.ceramicbasin.com\/de\/wp-json\/wp\/v2\/comments?post=7293"}],"wp:featuredmedia":[{"embeddable":true,"href":"https:\/\/www.ceramicbasin.com\/de\/wp-json\/wp\/v2\/media\/7297"}],"wp:attachment":[{"href":"https:\/\/www.ceramicbasin.com\/de\/wp-json\/wp\/v2\/media?parent=7293"}],"wp:term":[{"taxonomy":"product_brand","embeddable":true,"href":"https:\/\/www.ceramicbasin.com\/de\/wp-json\/wp\/v2\/product_brand?post=7293"},{"taxonomy":"product_cat","embeddable":true,"href":"https:\/\/www.ceramicbasin.com\/de\/wp-json\/wp\/v2\/product_cat?post=7293"},{"taxonomy":"product_tag","embeddable":true,"href":"https:\/\/www.ceramicbasin.com\/de\/wp-json\/wp\/v2\/product_tag?post=7293"}],"curies":[{"name":"wp","href":"https:\/\/api.w.org\/{rel}","templated":true}]}}